{"id":967,"date":"2018-09-12T09:42:14","date_gmt":"2018-09-12T09:42:14","guid":{"rendered":"http:\/\/www.powermepronto.com\/?page_id=967"},"modified":"2022-12-21T05:54:12","modified_gmt":"2022-12-21T11:54:12","slug":"want-the-cheapest-electricity-in-houston","status":"publish","type":"page","link":"https:\/\/powermepronto.com\/es\/want-the-cheapest-electricity-in-houston\/","title":{"rendered":"\u00bfQuieres la electricidad m\u00e1s barata en Houston?"},"content":{"rendered":"<p><img loading=\"lazy\" decoding=\"async\" src=\"\/wp-content\/uploads\/2018\/08\/bigstock-162843596-300x225.jpg\" alt=\"\" width=\"300\" height=\"225\" class=\"alignright size-medium wp-image-863\" srcset=\"https:\/\/powermepronto.com\/wp-content\/uploads\/2018\/08\/bigstock-162843596-300x225.jpg 300w, https:\/\/powermepronto.com\/wp-content\/uploads\/2018\/08\/bigstock-162843596-768x576.jpg 768w, https:\/\/powermepronto.com\/wp-content\/uploads\/2018\/08\/bigstock-162843596.jpg 1000w\" sizes=\"auto, (max-width: 300px) 100vw, 300px\" \/>Pronto Power le ofrece la electricidad m\u00e1s barata en Houston.<\/p>\n<p>&#8230;\u00a1Espera un minuto!<\/p>\n<p>Ha visto tarifas anunciadas mucho m\u00e1s bajas a trav\u00e9s de otras compa\u00f1\u00edas. Incluso podr\u00edan decir que pagas solo 2, 3, 4 o 5 centavos por kWh.<\/p>\n<p>Te sentir\u00e1s emocionado y listo para saltar a su oferta.<\/p>\n<p>Pero detente ah\u00ed!<\/p>\n<p>Primero debes entender su oferta completa.<\/p>\n<p>Mientras te dicen que eso es todo lo que pagar\u00e1s, es una gran mentira.<\/p>\n<p>Porque, cuando examinas su oferta completa, encontrar\u00e1s que la cargan con tarifas ocultas y todo tipo de trampas dise\u00f1adas para obtener m\u00e1s de tu dinero.<\/p>\n<p>Tasas de conexi\u00f3n y desconexi\u00f3n, dep\u00f3sitos, tarifas por pagar por tel\u00e9fono, cargos estimados, etc.<\/p>\n<p>Algunas compa\u00f1\u00edas incluso le dan una bofetada con una rid\u00edcula tarifa de $ 200 a $ 250 cuando usa m\u00e1s de 1,000 kWh por mes.<\/p>\n<p>Entonces, si est\u00e1 pagando unos pocos centavos por kWh para comenzar, eso supera su costo real de 20 a 25 centavos por kWh.<\/p>\n<p>Eso, cuando la tasa promedio nacional ronda los 12 centavos por kWh.<\/p>\n<p>Vea c\u00f3mo juegan con usted mientras estas compa\u00f1\u00edas se r\u00eden de usted todo el camino hasta el banco.<\/p>\n<p>Estudie su oferta completa y comp\u00e1rela con nuestras tarifas para ver la verdad.<\/p>\n<h2>Pronto Power le ofrece la electricidad m\u00e1s barata en Houston. Sin cuotas escondidas. Sin trucos. Sin molestias.<\/h2>\n<p>Mire, no estamos tratando de destruir la reputaci\u00f3n de nuestro competidor solo para que nos veamos bien solo para que compre de nosotros.<\/p>\n<p>Es importante comprender los hechos y darse cuenta de lo que est\u00e1 sucediendo en el mercado.<\/p>\n<p>Siga adelante e investigue estas otras compa\u00f1\u00edas para que usted las vea.<\/p>\n<p>Somos diferentes a cualquier otra compa\u00f1\u00eda de electricidad en Houston.<\/p>\n<p>Eso es porque obtienes las tarifas m\u00e1s econ\u00f3micas por adelantado. Y, no hay tarifas ocultas. De hecho, no hay tarifas en ning\u00fan otro lugar de ning\u00fan tipo.<\/p>\n<p>Usted simplemente paga la tarifa que ve. Eso es todo.<\/p>\n<p>Adem\u00e1s:<\/p>\n<ul>\n<li>Sin contrato<\/li>\n<li>Sin dep\u00f3sito<\/li>\n<li>Sin verificaci\u00f3n de identificaci\u00f3n<\/li>\n<li>Sin tarifas de conexi\u00f3n \/ desconexi\u00f3n<\/li>\n<li>Sin cargo por pagar por tel\u00e9fono<\/li>\n<\/ul>\n<p>&#8230; Suena demasiado bueno para ser verdad, \u00bfno?<\/p>\n<p>Bueno, no lo es.<\/p>\n<p>Luego, simplemente paga por adelantado, sin embargo, funciona mejor para usted (mensualmente, semanalmente o diariamente si es necesario).<\/p>\n<p>Recuerde, usted no firma un contrato. Entonces, si se siente inc\u00f3modo con su servicio de alguna manera, simplemente puede dejarnos cuando sea necesario.<\/p>\n<p>\u00a1Incluso puedes irte por una raz\u00f3n que no es nuestra culpa! \u00bfNo te gusta el clima afuera hoy? Adelante, s\u00e1calo con nosotros.<\/p>\n<h2>Ponga Pronto Power a prueba<\/h2>\n<p>Entonces, despu\u00e9s de escuchar esa tentadora oferta, todo lo que queda es experimentarlo.<\/p>\n<p>Obtenga las tarifas m\u00e1s econ\u00f3micas. Sin tarifas ocultas. Y sin problemas de ning\u00fan tipo con Pronto Power.<\/p>\n<p>Simplemente llame al <span class=\"affiliatecode\">844.621.2852<\/span> para unirse en una hora (si su casa tiene un medidor inteligente).<\/p>","protected":false},"excerpt":{"rendered":"<p>Pronto Power le ofrece la electricidad m\u00e1s barata en Houston. &#8230;\u00a1Espera un minuto! Ha visto tarifas anunciadas mucho m\u00e1s bajas a trav\u00e9s de otras compa\u00f1\u00edas. Incluso podr\u00edan decir que pagas solo 2, 3, 4 o 5 centavos por kWh. Te sentir\u00e1s emocionado y listo para saltar a su oferta. Pero detente ah\u00ed! Primero debes entender &hellip; <a href=\"https:\/\/powermepronto.com\/es\/want-the-cheapest-electricity-in-houston\/\" class=\"more-link\">Continue reading <span class=\"screen-reader-text\">\u00bfQuieres la electricidad m\u00e1s barata en Houston?<\/span><\/a><\/p>\n","protected":false},"author":1,"featured_media":0,"parent":0,"menu_order":0,"comment_status":"closed","ping_status":"closed","template":"","meta":{"_acf_changed":false,"_glsr_average":0,"_glsr_ranking":0,"_glsr_reviews":0,"footnotes":"","_links_to":"","_links_to_target":""},"class_list":["post-967","page","type-page","status-publish","hentry"],"acf":[],"yoast_head":"<!-- This site is optimized with the Yoast SEO plugin v27.4 - https:\/\/yoast.com\/product\/yoast-seo-wordpress\/ -->\n<title>\u00bfQuieres la electricidad m\u00e1s barata en Houston?<\/title>\n<meta name=\"description\" content=\"[:en]Get the cheapest electricity in Houston with Pronto Power. No hidden fees mean what you see is what you pay. And no contract means you have no risk. Cancel anytime. No questions asked. Connect for free within the hour if you have a smart meter. 844.621.2852.[:es]Obtenga la electricidad m\u00e1s barata en Houston con Pronto Power. Sin cargos ocultos significa que lo que ve es lo que paga. Y ning\u00fan contrato significa que no tienes ning\u00fan riesgo. Cancele en cualquier momento No se hicieron preguntas. Con\u00e9ctese gratis dentro de una hora si tiene un medidor inteligente. 844.621.2852.[:]\" \/>\n<meta name=\"robots\" content=\"index, follow, max-snippet:-1, max-image-preview:large, max-video-preview:-1\" \/>\n<link rel=\"canonical\" href=\"https:\/\/powermepronto.com\/want-the-cheapest-electricity-in-houston\/\" \/>\n<meta property=\"og:locale\" content=\"es_ES\" \/>\n<meta property=\"og:type\" content=\"article\" \/>\n<meta property=\"og:title\" content=\"[:en]Want the Cheapest Electricity in Houston?[:es]\u00bfQuieres la electricidad m\u00e1s barata en Houston?[:]\" \/>\n<meta property=\"og:description\" content=\"[:en]Get the cheapest electricity in Houston with Pronto Power. No hidden fees mean what you see is what you pay. And no contract means you have no risk. Cancel anytime. No questions asked. Connect for free within the hour if you have a smart meter. 844.621.2852.[:es]Obtenga la electricidad m\u00e1s barata en Houston con Pronto Power. Sin cargos ocultos significa que lo que ve es lo que paga. Y ning\u00fan contrato significa que no tienes ning\u00fan riesgo. Cancele en cualquier momento No se hicieron preguntas. Con\u00e9ctese gratis dentro de una hora si tiene un medidor inteligente. 844.621.2852.[:]\" \/>\n<meta property=\"og:url\" content=\"https:\/\/powermepronto.com\/want-the-cheapest-electricity-in-houston\/\" \/>\n<meta property=\"og:site_name\" content=\"Pronto Power\" \/>\n<meta property=\"article:modified_time\" content=\"2022-12-21T11:54:12+00:00\" \/>\n<meta name=\"twitter:card\" content=\"summary_large_image\" \/>\n<meta name=\"twitter:label1\" content=\"Tiempo de lectura\" \/>\n\t<meta name=\"twitter:data1\" content=\"5 minutos\" \/>\n<script type=\"application\/ld+json\" class=\"yoast-schema-graph\">{\"@context\":\"https:\\\/\\\/schema.org\",\"@graph\":[{\"@type\":\"WebPage\",\"@id\":\"https:\\\/\\\/powermepronto.com\\\/want-the-cheapest-electricity-in-houston\\\/\",\"url\":\"https:\\\/\\\/powermepronto.com\\\/want-the-cheapest-electricity-in-houston\\\/\",\"name\":\"[:en]Want the Cheapest Electricity in Houston?[:es]\u00bfQuieres la electricidad m\u00e1s barata en Houston?[:]\",\"isPartOf\":{\"@id\":\"https:\\\/\\\/powermepronto.com\\\/en\\\/#website\"},\"datePublished\":\"2018-09-12T09:42:14+00:00\",\"dateModified\":\"2022-12-21T11:54:12+00:00\",\"description\":\"[:en]Get the cheapest electricity in Houston with Pronto Power. No hidden fees mean what you see is what you pay. And no contract means you have no risk. Cancel anytime. No questions asked. Connect for free within the hour if you have a smart meter. 844.621.2852.[:es]Obtenga la electricidad m\u00e1s barata en Houston con Pronto Power. Sin cargos ocultos significa que lo que ve es lo que paga. Y ning\u00fan contrato significa que no tienes ning\u00fan riesgo. Cancele en cualquier momento No se hicieron preguntas. Con\u00e9ctese gratis dentro de una hora si tiene un medidor inteligente. 844.621.2852.[:]\",\"breadcrumb\":{\"@id\":\"https:\\\/\\\/powermepronto.com\\\/want-the-cheapest-electricity-in-houston\\\/#breadcrumb\"},\"inLanguage\":\"es\",\"potentialAction\":[{\"@type\":\"ReadAction\",\"target\":[\"https:\\\/\\\/powermepronto.com\\\/want-the-cheapest-electricity-in-houston\\\/\"]}]},{\"@type\":\"BreadcrumbList\",\"@id\":\"https:\\\/\\\/powermepronto.com\\\/want-the-cheapest-electricity-in-houston\\\/#breadcrumb\",\"itemListElement\":[{\"@type\":\"ListItem\",\"position\":1,\"name\":\"Home\",\"item\":\"https:\\\/\\\/powermepronto.com\\\/en\\\/\"},{\"@type\":\"ListItem\",\"position\":2,\"name\":\"Want the Cheapest Electricity in Houston?\"}]},{\"@type\":\"WebSite\",\"@id\":\"https:\\\/\\\/powermepronto.com\\\/en\\\/#website\",\"url\":\"https:\\\/\\\/powermepronto.com\\\/en\\\/\",\"name\":\"Pronto Power\",\"description\":\"\",\"potentialAction\":[{\"@type\":\"SearchAction\",\"target\":{\"@type\":\"EntryPoint\",\"urlTemplate\":\"https:\\\/\\\/powermepronto.com\\\/en\\\/?s={search_term_string}\"},\"query-input\":{\"@type\":\"PropertyValueSpecification\",\"valueRequired\":true,\"valueName\":\"search_term_string\"}}],\"inLanguage\":\"es\"}]}<\/script>\n<!-- \/ Yoast SEO plugin. -->","yoast_head_json":{"title":"[:en]Want the Cheapest Electricity in Houston?[:es]\u00bfQuieres la electricidad m\u00e1s barata en Houston?[:]","description":"[:en]Get the cheapest electricity in Houston with Pronto Power. No hidden fees mean what you see is what you pay. And no contract means you have no risk. Cancel anytime. No questions asked. Connect for free within the hour if you have a smart meter. 844.621.2852.[:es]Obtenga la electricidad m\u00e1s barata en Houston con Pronto Power. Sin cargos ocultos significa que lo que ve es lo que paga. Y ning\u00fan contrato significa que no tienes ning\u00fan riesgo. Cancele en cualquier momento No se hicieron preguntas. Con\u00e9ctese gratis dentro de una hora si tiene un medidor inteligente. 844.621.2852.[:]","robots":{"index":"index","follow":"follow","max-snippet":"max-snippet:-1","max-image-preview":"max-image-preview:large","max-video-preview":"max-video-preview:-1"},"canonical":"https:\/\/powermepronto.com\/want-the-cheapest-electricity-in-houston\/","og_locale":"es_ES","og_type":"article","og_title":"[:en]Want the Cheapest Electricity in Houston?[:es]\u00bfQuieres la electricidad m\u00e1s barata en Houston?[:]","og_description":"[:en]Get the cheapest electricity in Houston with Pronto Power. No hidden fees mean what you see is what you pay. And no contract means you have no risk. Cancel anytime. No questions asked. Connect for free within the hour if you have a smart meter. 844.621.2852.[:es]Obtenga la electricidad m\u00e1s barata en Houston con Pronto Power. Sin cargos ocultos significa que lo que ve es lo que paga. Y ning\u00fan contrato significa que no tienes ning\u00fan riesgo. Cancele en cualquier momento No se hicieron preguntas. Con\u00e9ctese gratis dentro de una hora si tiene un medidor inteligente. 844.621.2852.[:]","og_url":"https:\/\/powermepronto.com\/want-the-cheapest-electricity-in-houston\/","og_site_name":"Pronto Power","article_modified_time":"2022-12-21T11:54:12+00:00","twitter_card":"summary_large_image","twitter_misc":{"Tiempo de lectura":"5 minutos"},"schema":{"@context":"https:\/\/schema.org","@graph":[{"@type":"WebPage","@id":"https:\/\/powermepronto.com\/want-the-cheapest-electricity-in-houston\/","url":"https:\/\/powermepronto.com\/want-the-cheapest-electricity-in-houston\/","name":"[:en]Want the Cheapest Electricity in Houston?[:es]\u00bfQuieres la electricidad m\u00e1s barata en Houston?[:]","isPartOf":{"@id":"https:\/\/powermepronto.com\/en\/#website"},"datePublished":"2018-09-12T09:42:14+00:00","dateModified":"2022-12-21T11:54:12+00:00","description":"[:en]Get the cheapest electricity in Houston with Pronto Power. No hidden fees mean what you see is what you pay. And no contract means you have no risk. Cancel anytime. No questions asked. Connect for free within the hour if you have a smart meter. 844.621.2852.[:es]Obtenga la electricidad m\u00e1s barata en Houston con Pronto Power. Sin cargos ocultos significa que lo que ve es lo que paga. Y ning\u00fan contrato significa que no tienes ning\u00fan riesgo. Cancele en cualquier momento No se hicieron preguntas. Con\u00e9ctese gratis dentro de una hora si tiene un medidor inteligente. 844.621.2852.[:]","breadcrumb":{"@id":"https:\/\/powermepronto.com\/want-the-cheapest-electricity-in-houston\/#breadcrumb"},"inLanguage":"es","potentialAction":[{"@type":"ReadAction","target":["https:\/\/powermepronto.com\/want-the-cheapest-electricity-in-houston\/"]}]},{"@type":"BreadcrumbList","@id":"https:\/\/powermepronto.com\/want-the-cheapest-electricity-in-houston\/#breadcrumb","itemListElement":[{"@type":"ListItem","position":1,"name":"Home","item":"https:\/\/powermepronto.com\/en\/"},{"@type":"ListItem","position":2,"name":"Want the Cheapest Electricity in Houston?"}]},{"@type":"WebSite","@id":"https:\/\/powermepronto.com\/en\/#website","url":"https:\/\/powermepronto.com\/en\/","name":"Pronto Power","description":"","potentialAction":[{"@type":"SearchAction","target":{"@type":"EntryPoint","urlTemplate":"https:\/\/powermepronto.com\/en\/?s={search_term_string}"},"query-input":{"@type":"PropertyValueSpecification","valueRequired":true,"valueName":"search_term_string"}}],"inLanguage":"es"}]}},"_links":{"self":[{"href":"https:\/\/powermepronto.com\/es\/wp-json\/wp\/v2\/pages\/967","targetHints":{"allow":["GET"]}}],"collection":[{"href":"https:\/\/powermepronto.com\/es\/wp-json\/wp\/v2\/pages"}],"about":[{"href":"https:\/\/powermepronto.com\/es\/wp-json\/wp\/v2\/types\/page"}],"author":[{"embeddable":true,"href":"https:\/\/powermepronto.com\/es\/wp-json\/wp\/v2\/users\/1"}],"replies":[{"embeddable":true,"href":"https:\/\/powermepronto.com\/es\/wp-json\/wp\/v2\/comments?post=967"}],"version-history":[{"count":2,"href":"https:\/\/powermepronto.com\/es\/wp-json\/wp\/v2\/pages\/967\/revisions"}],"predecessor-version":[{"id":3588,"href":"https:\/\/powermepronto.com\/es\/wp-json\/wp\/v2\/pages\/967\/revisions\/3588"}],"wp:attachment":[{"href":"https:\/\/powermepronto.com\/es\/wp-json\/wp\/v2\/media?parent=967"}],"curies":[{"name":"wp","href":"https:\/\/api.w.org\/{rel}","templated":true}]}}