{"id":964,"date":"2018-09-12T09:29:12","date_gmt":"2018-09-12T09:29:12","guid":{"rendered":"http:\/\/www.powermepronto.com\/?page_id=964"},"modified":"2022-12-21T05:34:43","modified_gmt":"2022-12-21T11:34:43","slug":"the-cheapest-month-to-month-electricity-with-no-deposit","status":"publish","type":"page","link":"https:\/\/powermepronto.com\/es\/the-cheapest-month-to-month-electricity-with-no-deposit\/","title":{"rendered":"la electricidad m\u00e1s barata de mes a mes sin dep\u00f3sito"},"content":{"rendered":"<p><img loading=\"lazy\" decoding=\"async\" src=\"\/wp-content\/uploads\/2018\/08\/bigstock-149576789-300x200.jpg\" alt=\"\" width=\"300\" height=\"200\" class=\"alignright size-medium wp-image-851\" srcset=\"https:\/\/powermepronto.com\/wp-content\/uploads\/2018\/08\/bigstock-149576789-300x200.jpg 300w, https:\/\/powermepronto.com\/wp-content\/uploads\/2018\/08\/bigstock-149576789-768x512.jpg 768w, https:\/\/powermepronto.com\/wp-content\/uploads\/2018\/08\/bigstock-149576789.jpg 1000w\" sizes=\"auto, (max-width: 300px) 100vw, 300px\" \/>\u00bfEl precio que est\u00e1s viendo realmente es el precio que terminas pagando?<\/p>\n<p>Podr\u00eda ser. Si tienes suerte.<\/p>\n<p>Pero, a decir verdad, muchas compa\u00f1\u00edas el\u00e9ctricas lo atrapan en contratos dise\u00f1ados solo para beneficiarlos a ellos.<\/p>\n<p>Por ejemplo, anuncian tarifas tan bajas como 2-3 centavos por kWh. Luego, establecen un l\u00edmite que saben que es probable que rompa: alrededor de 1.000 kWh. Una vez que pase 1,000 kWh por mes, acumular\u00e1 una tarifa de $ 200 a $ 250, lo que eleva sus tarifas hasta 23 centavos por kWh.<\/p>\n<p>Y, en lugar de solo cobrarle 23 centavos por kWh por cualquier uso de energ\u00eda superior a 1.000 kWh, le cobran esa tasa por todo el consumo de energ\u00eda del mes.<\/p>\n<p>\u00a1El consumidor t\u00edpico paga alrededor de 12 centavos por kWh por su electricidad!<\/p>\n<p>Entonces&#8230; puede ver para qui\u00e9n est\u00e1n dise\u00f1ados estos contratos a beneficiar.<\/p>\n<p>Debe comprender c\u00f3mo funciona el arreglo para hacer una comparaci\u00f3n justa y precisa con otras compa\u00f1\u00edas el\u00e9ctricas.<\/p>\n<p>No estamos diciendo que todas las otras compa\u00f1\u00edas el\u00e9ctricas quieran aprovecharse de usted. Pero muchos lo hacen. As\u00ed que hay que tener cuidado.<\/p>\n<h2>\u00bfQu\u00e9 pasa si pudiera obtener las tarifas m\u00e1s baratas en electricidad de mes a mes sin dep\u00f3sito, sin verificaci\u00f3n de cr\u00e9dito, sin verificaci\u00f3n de identidad y sin contrato?<\/h2>\n<p>Lo creas o no, puedes obtener todo eso con Pronto Power.<\/p>\n<p>De hecho, puede pagar su electricidad de d\u00eda a d\u00eda si lo desea.<\/p>\n<p>Y si incluso eso se vuelve demasiado dif\u00edcil para usted debido a dificultades financieras extremas, llame a nuestro equipo de servicio al cliente. Nos complace ayudarle a elaborar un acuerdo de pago diferido que lo ayude a superar los desaf\u00edos financieros m\u00e1s dif\u00edciles.<\/p>\n<p>Y s\u00ed, no hay un dep\u00f3sito absurdamente grande, sin verificaci\u00f3n de cr\u00e9dito, sin verificaci\u00f3n de identidad y sin contrato para firmar.<\/p>\n<p>Adem\u00e1s, obtienes las tarifas m\u00e1s econ\u00f3micas sin cargos ocultos.<\/p>\n<p>\u00bfQue tienes que hacer?<\/p>\n<p>Solo una peque\u00f1a cosa: pagar por adelantado su electricidad, pero solo en sus propios t\u00e9rminos. <\/p>\n<p>Solo guarde un solo centavo en su cuenta para que su saldo permanezca positivo antes de la 1 PM cada d\u00eda y su electricidad permanezca encendida.<\/p>\n<p>Y eso es todo.<\/p>\n<p>Despu\u00e9s de haber demostrado el prepago confiable, tambi\u00e9n puede cambiar al pago tradicional posterior.<\/p>\n<p>Adem\u00e1s, te permite acceder a las tarifas m\u00e1s econ\u00f3micas en Texas. Y no es necesario que firme un contrato.<\/p>\n<p>Llame al <span class=\"affiliatecode\">844.621.2852<\/span> para conectarse a las tarifas m\u00e1s econ\u00f3micas en Texas en una hora (\u00a1si su casa tiene un medidor inteligente!)<\/p>","protected":false},"excerpt":{"rendered":"<p>\u00bfEl precio que est\u00e1s viendo realmente es el precio que terminas pagando? Podr\u00eda ser. Si tienes suerte. Pero, a decir verdad, muchas compa\u00f1\u00edas el\u00e9ctricas lo atrapan en contratos dise\u00f1ados solo para beneficiarlos a ellos. Por ejemplo, anuncian tarifas tan bajas como 2-3 centavos por kWh. Luego, establecen un l\u00edmite que saben que es probable que &hellip; <a href=\"https:\/\/powermepronto.com\/es\/the-cheapest-month-to-month-electricity-with-no-deposit\/\" class=\"more-link\">Continue reading <span class=\"screen-reader-text\">la electricidad m\u00e1s barata de mes a mes sin dep\u00f3sito<\/span><\/a><\/p>\n","protected":false},"author":1,"featured_media":0,"parent":0,"menu_order":0,"comment_status":"closed","ping_status":"closed","template":"","meta":{"_acf_changed":false,"_glsr_average":0,"_glsr_ranking":0,"_glsr_reviews":0,"footnotes":"","_links_to":"","_links_to_target":""},"class_list":["post-964","page","type-page","status-publish","hentry"],"acf":[],"yoast_head":"<!-- This site is optimized with the Yoast SEO plugin v27.5 - https:\/\/yoast.com\/product\/yoast-seo-wordpress\/ -->\n<title>la electricidad m\u00e1s barata de mes a mes sin dep\u00f3sito<\/title>\n<meta name=\"description\" content=\"Need to pay month-to-month, or even day-to-day? Don\u2019t like big, unaffordable deposits? Well, you\u2019re in the right place. And it gets even better with Pronto Power - with no hidden fees or obnoxious contract to sign. No joke. Just call 844.621.2852 to join today!\" \/>\n<meta name=\"robots\" content=\"index, follow, max-snippet:-1, max-image-preview:large, max-video-preview:-1\" \/>\n<link rel=\"canonical\" href=\"https:\/\/powermepronto.com\/the-cheapest-month-to-month-electricity-with-no-deposit\/\" \/>\n<meta property=\"og:locale\" content=\"es_ES\" \/>\n<meta property=\"og:type\" content=\"article\" \/>\n<meta property=\"og:title\" content=\"[:en]The Cheapest Month-to-Month Electricity with No Deposit[:es]la electricidad m\u00e1s barata de mes a mes sin dep\u00f3sito[:]\" \/>\n<meta property=\"og:description\" content=\"Need to pay month-to-month, or even day-to-day? Don\u2019t like big, unaffordable deposits? Well, you\u2019re in the right place. And it gets even better with Pronto Power - with no hidden fees or obnoxious contract to sign. No joke. Just call 844.621.2852 to join today!\" \/>\n<meta property=\"og:url\" content=\"https:\/\/powermepronto.com\/the-cheapest-month-to-month-electricity-with-no-deposit\/\" \/>\n<meta property=\"og:site_name\" content=\"Pronto Power\" \/>\n<meta property=\"article:modified_time\" content=\"2022-12-21T11:34:43+00:00\" \/>\n<meta name=\"twitter:card\" content=\"summary_large_image\" \/>\n<meta name=\"twitter:label1\" content=\"Tiempo de lectura\" \/>\n\t<meta name=\"twitter:data1\" content=\"4 minutos\" \/>\n<script type=\"application\/ld+json\" class=\"yoast-schema-graph\">{\"@context\":\"https:\\\/\\\/schema.org\",\"@graph\":[{\"@type\":\"WebPage\",\"@id\":\"https:\\\/\\\/powermepronto.com\\\/the-cheapest-month-to-month-electricity-with-no-deposit\\\/\",\"url\":\"https:\\\/\\\/powermepronto.com\\\/the-cheapest-month-to-month-electricity-with-no-deposit\\\/\",\"name\":\"[:en]The Cheapest Month-to-Month Electricity with No Deposit[:es]la electricidad m\u00e1s barata de mes a mes sin dep\u00f3sito[:]\",\"isPartOf\":{\"@id\":\"https:\\\/\\\/powermepronto.com\\\/en\\\/#website\"},\"datePublished\":\"2018-09-12T09:29:12+00:00\",\"dateModified\":\"2022-12-21T11:34:43+00:00\",\"description\":\"Need to pay month-to-month, or even day-to-day? Don\u2019t like big, unaffordable deposits? Well, you\u2019re in the right place. And it gets even better with Pronto Power - with no hidden fees or obnoxious contract to sign. No joke. Just call 844.621.2852 to join today!\",\"breadcrumb\":{\"@id\":\"https:\\\/\\\/powermepronto.com\\\/the-cheapest-month-to-month-electricity-with-no-deposit\\\/#breadcrumb\"},\"inLanguage\":\"es\",\"potentialAction\":[{\"@type\":\"ReadAction\",\"target\":[\"https:\\\/\\\/powermepronto.com\\\/the-cheapest-month-to-month-electricity-with-no-deposit\\\/\"]}]},{\"@type\":\"BreadcrumbList\",\"@id\":\"https:\\\/\\\/powermepronto.com\\\/the-cheapest-month-to-month-electricity-with-no-deposit\\\/#breadcrumb\",\"itemListElement\":[{\"@type\":\"ListItem\",\"position\":1,\"name\":\"Home\",\"item\":\"https:\\\/\\\/powermepronto.com\\\/en\\\/\"},{\"@type\":\"ListItem\",\"position\":2,\"name\":\"The Cheapest Month-to-Month Electricity with No Deposit\"}]},{\"@type\":\"WebSite\",\"@id\":\"https:\\\/\\\/powermepronto.com\\\/en\\\/#website\",\"url\":\"https:\\\/\\\/powermepronto.com\\\/en\\\/\",\"name\":\"Pronto Power\",\"description\":\"\",\"potentialAction\":[{\"@type\":\"SearchAction\",\"target\":{\"@type\":\"EntryPoint\",\"urlTemplate\":\"https:\\\/\\\/powermepronto.com\\\/en\\\/?s={search_term_string}\"},\"query-input\":{\"@type\":\"PropertyValueSpecification\",\"valueRequired\":true,\"valueName\":\"search_term_string\"}}],\"inLanguage\":\"es\"}]}<\/script>\n<!-- \/ Yoast SEO plugin. -->","yoast_head_json":{"title":"[:en]The Cheapest Month-to-Month Electricity with No Deposit[:es]la electricidad m\u00e1s barata de mes a mes sin dep\u00f3sito[:]","description":"Need to pay month-to-month, or even day-to-day? Don\u2019t like big, unaffordable deposits? Well, you\u2019re in the right place. And it gets even better with Pronto Power - with no hidden fees or obnoxious contract to sign. No joke. Just call 844.621.2852 to join today!","robots":{"index":"index","follow":"follow","max-snippet":"max-snippet:-1","max-image-preview":"max-image-preview:large","max-video-preview":"max-video-preview:-1"},"canonical":"https:\/\/powermepronto.com\/the-cheapest-month-to-month-electricity-with-no-deposit\/","og_locale":"es_ES","og_type":"article","og_title":"[:en]The Cheapest Month-to-Month Electricity with No Deposit[:es]la electricidad m\u00e1s barata de mes a mes sin dep\u00f3sito[:]","og_description":"Need to pay month-to-month, or even day-to-day? Don\u2019t like big, unaffordable deposits? Well, you\u2019re in the right place. And it gets even better with Pronto Power - with no hidden fees or obnoxious contract to sign. No joke. Just call 844.621.2852 to join today!","og_url":"https:\/\/powermepronto.com\/the-cheapest-month-to-month-electricity-with-no-deposit\/","og_site_name":"Pronto Power","article_modified_time":"2022-12-21T11:34:43+00:00","twitter_card":"summary_large_image","twitter_misc":{"Tiempo de lectura":"4 minutos"},"schema":{"@context":"https:\/\/schema.org","@graph":[{"@type":"WebPage","@id":"https:\/\/powermepronto.com\/the-cheapest-month-to-month-electricity-with-no-deposit\/","url":"https:\/\/powermepronto.com\/the-cheapest-month-to-month-electricity-with-no-deposit\/","name":"[:en]The Cheapest Month-to-Month Electricity with No Deposit[:es]la electricidad m\u00e1s barata de mes a mes sin dep\u00f3sito[:]","isPartOf":{"@id":"https:\/\/powermepronto.com\/en\/#website"},"datePublished":"2018-09-12T09:29:12+00:00","dateModified":"2022-12-21T11:34:43+00:00","description":"Need to pay month-to-month, or even day-to-day? Don\u2019t like big, unaffordable deposits? Well, you\u2019re in the right place. And it gets even better with Pronto Power - with no hidden fees or obnoxious contract to sign. No joke. Just call 844.621.2852 to join today!","breadcrumb":{"@id":"https:\/\/powermepronto.com\/the-cheapest-month-to-month-electricity-with-no-deposit\/#breadcrumb"},"inLanguage":"es","potentialAction":[{"@type":"ReadAction","target":["https:\/\/powermepronto.com\/the-cheapest-month-to-month-electricity-with-no-deposit\/"]}]},{"@type":"BreadcrumbList","@id":"https:\/\/powermepronto.com\/the-cheapest-month-to-month-electricity-with-no-deposit\/#breadcrumb","itemListElement":[{"@type":"ListItem","position":1,"name":"Home","item":"https:\/\/powermepronto.com\/en\/"},{"@type":"ListItem","position":2,"name":"The Cheapest Month-to-Month Electricity with No Deposit"}]},{"@type":"WebSite","@id":"https:\/\/powermepronto.com\/en\/#website","url":"https:\/\/powermepronto.com\/en\/","name":"Pronto Power","description":"","potentialAction":[{"@type":"SearchAction","target":{"@type":"EntryPoint","urlTemplate":"https:\/\/powermepronto.com\/en\/?s={search_term_string}"},"query-input":{"@type":"PropertyValueSpecification","valueRequired":true,"valueName":"search_term_string"}}],"inLanguage":"es"}]}},"_links":{"self":[{"href":"https:\/\/powermepronto.com\/es\/wp-json\/wp\/v2\/pages\/964","targetHints":{"allow":["GET"]}}],"collection":[{"href":"https:\/\/powermepronto.com\/es\/wp-json\/wp\/v2\/pages"}],"about":[{"href":"https:\/\/powermepronto.com\/es\/wp-json\/wp\/v2\/types\/page"}],"author":[{"embeddable":true,"href":"https:\/\/powermepronto.com\/es\/wp-json\/wp\/v2\/users\/1"}],"replies":[{"embeddable":true,"href":"https:\/\/powermepronto.com\/es\/wp-json\/wp\/v2\/comments?post=964"}],"version-history":[{"count":4,"href":"https:\/\/powermepronto.com\/es\/wp-json\/wp\/v2\/pages\/964\/revisions"}],"predecessor-version":[{"id":3567,"href":"https:\/\/powermepronto.com\/es\/wp-json\/wp\/v2\/pages\/964\/revisions\/3567"}],"wp:attachment":[{"href":"https:\/\/powermepronto.com\/es\/wp-json\/wp\/v2\/media?parent=964"}],"curies":[{"name":"wp","href":"https:\/\/api.w.org\/{rel}","templated":true}]}}