{"id":648,"date":"2018-07-31T19:22:17","date_gmt":"2018-07-31T19:22:17","guid":{"rendered":"\/?page_id=648"},"modified":"2022-12-21T05:45:15","modified_gmt":"2022-12-21T11:45:15","slug":"the-lowest-electricity-quotes-in-texas-period","status":"publish","type":"page","link":"https:\/\/powermepronto.com\/es\/the-lowest-electricity-quotes-in-texas-period\/","title":{"rendered":"Las cotizaciones de electricidad m\u00e1s bajas en Texas"},"content":{"rendered":"<p>Lo bueno del capitalismo son todas las elecciones que obtienes.<\/p>\n<p>Lo malo del capitalismo son todas las elecciones que obtienes.<\/p>\n<p>Funciona en ambos sentidos, \u00bfno?<\/p>\n<p>Se supon\u00eda que la desregulaci\u00f3n energ\u00e9tica reducir\u00eda los precios de la electricidad para los consumidores de Texas. Pero, la evidencia muestra que en realidad pueden haber subido.<\/p>\n<p>Sin embargo, aunque el precio promedio puede ser m\u00e1s alto desde la desregulaci\u00f3n en 2001, la verdad es que no todas las compa\u00f1\u00edas te cobran caro.<\/p>\n<p>Pero, una vez m\u00e1s, hay que tener cuidado al evaluar las tarifas de electricidad porque se ingresan todo tipo de tarifas confusas y ocultas. No todas las empresas lo hacen. Pero muchos lo hacen.<\/p>\n<p>Entonces, lo que parece ser un buen precio de etiqueta puede convertirse en tu peor pesadilla. En lugar de pagar 13 centavos por kWh, puede terminar entre 22 y 25. \u00a1Eso es el doble de la tasa del mercado nacional!<\/p>\n<h2>Pronto Power le ofrece las cotizaciones de electricidad m\u00e1s bajas en Texas. Sin trucos. Sin trucos. Sin problemas.<\/h2>\n<p>\u00bfPor qu\u00e9 hacemos esto? \u00bfPor qu\u00e9 no hacemos lo que hacen las otras compa\u00f1\u00edas y hacemos que las reglas de un contrato sean confusas, por lo que no entiendes lo que obtienes hasta que pagas?<\/p>\n<p>&#8230; Porque entendemos que ganar su negocio es una relaci\u00f3n a largo plazo.<\/p>\n<p>A otras compa\u00f1\u00edas no les importa si vas a alguna otra compa\u00f1\u00eda porque han obtenido su dinero de ti.<\/p>\n<p>Sin embargo, sabemos que podemos mantenerte como cliente durante a\u00f1os al darte exactamente lo que esperas (y deseas).<\/p>\n<p>Entonces con eso en mente, esto es lo que obtienes:<\/p>\n<ul>\n<li>Las cotizaciones de electricidad m\u00e1s bajas en Texas (aseg\u00farese de comparar los cargos adicionales que cobran los competidores)<\/li>\n<li>Absolutamente no hay tarifas ocultas adicionales ni tarifas de ning\u00fan tipo. Paga exactamente el precio que est\u00e1s cotizando.<\/li>\n<li>Sin verificaci\u00f3n de cr\u00e9dito.<\/li>\n<li>No se requiere identificaci\u00f3n.<\/li>\n<li>Sin contrato.<\/li>\n<li>Sin riesgo. Cancele y salte cuando quieras.<\/li>\n<\/ul>\n<p>&#8230; Pero debe haber una trampa, \u00bfverdad?<\/p>\n<p>Bueno en realidad no. Todo lo que pedimos es que pague por adelantado su electricidad. Sin embargo, puede prepagar como lo desee: mensual, semanal o incluso diariamente si lo desea.<\/p>\n<p>Recibes una notificaci\u00f3n por mensaje de texto o correo electr\u00f3nico a las 7 a.m. todos los d\u00edas que te dice cu\u00e1nto tienes en tu cuenta. Siempre y cuando mantenga el saldo de su cuenta positivo con solo un centavo, su electricidad permanecer\u00e1.<\/p>\n<p>No hay tarifas de conexi\u00f3n para comenzar, y no hay tarifas de desconexi\u00f3n si decide irse.<\/p>\n<p>Eso es todo. Claro, honesto, simple y directo. Negocio como deber\u00eda ser. Y como cualquier otro d\u00eda aqu\u00ed en Pronto Power.<\/p>\n<p>\u00a1Llame al <span class=\"affiliatecode\">844.621.2852<\/span> para conectarse (y tener acceso a las cotizaciones de electricidad m\u00e1s bajas) dentro de una hora!<\/p>","protected":false},"excerpt":{"rendered":"<p>Lo bueno del capitalismo son todas las elecciones que obtienes. Lo malo del capitalismo son todas las elecciones que obtienes. Funciona en ambos sentidos, \u00bfno? Se supon\u00eda que la desregulaci\u00f3n energ\u00e9tica reducir\u00eda los precios de la electricidad para los consumidores de Texas. Pero, la evidencia muestra que en realidad pueden haber subido. Sin embargo, aunque &hellip; <a href=\"https:\/\/powermepronto.com\/es\/the-lowest-electricity-quotes-in-texas-period\/\" class=\"more-link\">Continue reading <span class=\"screen-reader-text\">Las cotizaciones de electricidad m\u00e1s bajas en Texas<\/span><\/a><\/p>\n","protected":false},"author":1,"featured_media":0,"parent":0,"menu_order":0,"comment_status":"closed","ping_status":"closed","template":"","meta":{"_acf_changed":false,"_glsr_average":0,"_glsr_ranking":0,"_glsr_reviews":0,"footnotes":"","_links_to":"","_links_to_target":""},"class_list":["post-648","page","type-page","status-publish","hentry"],"acf":[],"yoast_head":"<!-- This site is optimized with the Yoast SEO plugin v27.4 - https:\/\/yoast.com\/product\/yoast-seo-wordpress\/ -->\n<title>Las cotizaciones de electricidad m\u00e1s bajas en Texas - Pronto Power<\/title>\n<meta name=\"description\" content=\"{:en}Find the lowest electricity quotes in all of Texas at Pronto Power. No hidden fees. No hassles. And no contract. No risk. Cancel anytime. No disconnection fee. It truly works as advertised. - without any contract or credit check. Call 844.621.2852 to sign up free today! {:es}Encuentra las cotizaciones de electricidad m\u00e1s bajas en todo Texas con Pronto Power. Sin cuotas escondidas. Sin molestias. Y sin contrato Sin riesgo. Cancele en cualquier momento Sin tarifa de desconexi\u00f3n. Realmente funciona como se anuncia. - sin ning\u00fan contrato o verificaci\u00f3n de cr\u00e9dito. \u00a1Llama al 844.621.2852 para registrarte gratis hoy!{:}\" \/>\n<meta name=\"robots\" content=\"index, follow, max-snippet:-1, max-image-preview:large, max-video-preview:-1\" \/>\n<link rel=\"canonical\" href=\"https:\/\/powermepronto.com\/the-lowest-electricity-quotes-in-texas-period\/\" \/>\n<meta property=\"og:locale\" content=\"es_ES\" \/>\n<meta property=\"og:type\" content=\"article\" \/>\n<meta property=\"og:title\" content=\"[:en]The Lowest Electricity Quotes in Texas. Period. [:es]Las cotizaciones de electricidad m\u00e1s bajas en Texas[:] - Pronto Power\" \/>\n<meta property=\"og:description\" content=\"{:en}Find the lowest electricity quotes in all of Texas at Pronto Power. No hidden fees. No hassles. And no contract. No risk. Cancel anytime. No disconnection fee. It truly works as advertised. - without any contract or credit check. Call 844.621.2852 to sign up free today! {:es}Encuentra las cotizaciones de electricidad m\u00e1s bajas en todo Texas con Pronto Power. Sin cuotas escondidas. Sin molestias. Y sin contrato Sin riesgo. Cancele en cualquier momento Sin tarifa de desconexi\u00f3n. Realmente funciona como se anuncia. - sin ning\u00fan contrato o verificaci\u00f3n de cr\u00e9dito. \u00a1Llama al 844.621.2852 para registrarte gratis hoy!{:}\" \/>\n<meta property=\"og:url\" content=\"https:\/\/powermepronto.com\/the-lowest-electricity-quotes-in-texas-period\/\" \/>\n<meta property=\"og:site_name\" content=\"Pronto Power\" \/>\n<meta property=\"article:modified_time\" content=\"2022-12-21T11:45:15+00:00\" \/>\n<meta name=\"twitter:card\" content=\"summary_large_image\" \/>\n<meta name=\"twitter:label1\" content=\"Tiempo de lectura\" \/>\n\t<meta name=\"twitter:data1\" content=\"4 minutos\" \/>\n<script type=\"application\/ld+json\" class=\"yoast-schema-graph\">{\"@context\":\"https:\\\/\\\/schema.org\",\"@graph\":[{\"@type\":\"WebPage\",\"@id\":\"https:\\\/\\\/powermepronto.com\\\/the-lowest-electricity-quotes-in-texas-period\\\/\",\"url\":\"https:\\\/\\\/powermepronto.com\\\/the-lowest-electricity-quotes-in-texas-period\\\/\",\"name\":\"[:en]The Lowest Electricity Quotes in Texas. Period. [:es]Las cotizaciones de electricidad m\u00e1s bajas en Texas[:] - Pronto Power\",\"isPartOf\":{\"@id\":\"https:\\\/\\\/powermepronto.com\\\/en\\\/#website\"},\"datePublished\":\"2018-07-31T19:22:17+00:00\",\"dateModified\":\"2022-12-21T11:45:15+00:00\",\"description\":\"{:en}Find the lowest electricity quotes in all of Texas at Pronto Power. No hidden fees. No hassles. And no contract. No risk. Cancel anytime. No disconnection fee. It truly works as advertised. - without any contract or credit check. Call 844.621.2852 to sign up free today! {:es}Encuentra las cotizaciones de electricidad m\u00e1s bajas en todo Texas con Pronto Power. Sin cuotas escondidas. Sin molestias. Y sin contrato Sin riesgo. Cancele en cualquier momento Sin tarifa de desconexi\u00f3n. Realmente funciona como se anuncia. - sin ning\u00fan contrato o verificaci\u00f3n de cr\u00e9dito. \u00a1Llama al 844.621.2852 para registrarte gratis hoy!{:}\",\"breadcrumb\":{\"@id\":\"https:\\\/\\\/powermepronto.com\\\/the-lowest-electricity-quotes-in-texas-period\\\/#breadcrumb\"},\"inLanguage\":\"es\",\"potentialAction\":[{\"@type\":\"ReadAction\",\"target\":[\"https:\\\/\\\/powermepronto.com\\\/the-lowest-electricity-quotes-in-texas-period\\\/\"]}]},{\"@type\":\"BreadcrumbList\",\"@id\":\"https:\\\/\\\/powermepronto.com\\\/the-lowest-electricity-quotes-in-texas-period\\\/#breadcrumb\",\"itemListElement\":[{\"@type\":\"ListItem\",\"position\":1,\"name\":\"Home\",\"item\":\"https:\\\/\\\/powermepronto.com\\\/en\\\/\"},{\"@type\":\"ListItem\",\"position\":2,\"name\":\"The Lowest Electricity Quotes in Texas. Period.\"}]},{\"@type\":\"WebSite\",\"@id\":\"https:\\\/\\\/powermepronto.com\\\/en\\\/#website\",\"url\":\"https:\\\/\\\/powermepronto.com\\\/en\\\/\",\"name\":\"Pronto Power\",\"description\":\"\",\"potentialAction\":[{\"@type\":\"SearchAction\",\"target\":{\"@type\":\"EntryPoint\",\"urlTemplate\":\"https:\\\/\\\/powermepronto.com\\\/en\\\/?s={search_term_string}\"},\"query-input\":{\"@type\":\"PropertyValueSpecification\",\"valueRequired\":true,\"valueName\":\"search_term_string\"}}],\"inLanguage\":\"es\"}]}<\/script>\n<!-- \/ Yoast SEO plugin. -->","yoast_head_json":{"title":"[:en]The Lowest Electricity Quotes in Texas. Period. [:es]Las cotizaciones de electricidad m\u00e1s bajas en Texas[:] - Pronto Power","description":"{:en}Find the lowest electricity quotes in all of Texas at Pronto Power. No hidden fees. No hassles. And no contract. No risk. Cancel anytime. No disconnection fee. It truly works as advertised. - without any contract or credit check. Call 844.621.2852 to sign up free today! {:es}Encuentra las cotizaciones de electricidad m\u00e1s bajas en todo Texas con Pronto Power. Sin cuotas escondidas. Sin molestias. Y sin contrato Sin riesgo. Cancele en cualquier momento Sin tarifa de desconexi\u00f3n. Realmente funciona como se anuncia. - sin ning\u00fan contrato o verificaci\u00f3n de cr\u00e9dito. \u00a1Llama al 844.621.2852 para registrarte gratis hoy!{:}","robots":{"index":"index","follow":"follow","max-snippet":"max-snippet:-1","max-image-preview":"max-image-preview:large","max-video-preview":"max-video-preview:-1"},"canonical":"https:\/\/powermepronto.com\/the-lowest-electricity-quotes-in-texas-period\/","og_locale":"es_ES","og_type":"article","og_title":"[:en]The Lowest Electricity Quotes in Texas. Period. [:es]Las cotizaciones de electricidad m\u00e1s bajas en Texas[:] - Pronto Power","og_description":"{:en}Find the lowest electricity quotes in all of Texas at Pronto Power. No hidden fees. No hassles. And no contract. No risk. Cancel anytime. No disconnection fee. It truly works as advertised. - without any contract or credit check. Call 844.621.2852 to sign up free today! {:es}Encuentra las cotizaciones de electricidad m\u00e1s bajas en todo Texas con Pronto Power. Sin cuotas escondidas. Sin molestias. Y sin contrato Sin riesgo. Cancele en cualquier momento Sin tarifa de desconexi\u00f3n. Realmente funciona como se anuncia. - sin ning\u00fan contrato o verificaci\u00f3n de cr\u00e9dito. \u00a1Llama al 844.621.2852 para registrarte gratis hoy!{:}","og_url":"https:\/\/powermepronto.com\/the-lowest-electricity-quotes-in-texas-period\/","og_site_name":"Pronto Power","article_modified_time":"2022-12-21T11:45:15+00:00","twitter_card":"summary_large_image","twitter_misc":{"Tiempo de lectura":"4 minutos"},"schema":{"@context":"https:\/\/schema.org","@graph":[{"@type":"WebPage","@id":"https:\/\/powermepronto.com\/the-lowest-electricity-quotes-in-texas-period\/","url":"https:\/\/powermepronto.com\/the-lowest-electricity-quotes-in-texas-period\/","name":"[:en]The Lowest Electricity Quotes in Texas. Period. [:es]Las cotizaciones de electricidad m\u00e1s bajas en Texas[:] - Pronto Power","isPartOf":{"@id":"https:\/\/powermepronto.com\/en\/#website"},"datePublished":"2018-07-31T19:22:17+00:00","dateModified":"2022-12-21T11:45:15+00:00","description":"{:en}Find the lowest electricity quotes in all of Texas at Pronto Power. No hidden fees. No hassles. And no contract. No risk. Cancel anytime. No disconnection fee. It truly works as advertised. - without any contract or credit check. Call 844.621.2852 to sign up free today! {:es}Encuentra las cotizaciones de electricidad m\u00e1s bajas en todo Texas con Pronto Power. Sin cuotas escondidas. Sin molestias. Y sin contrato Sin riesgo. Cancele en cualquier momento Sin tarifa de desconexi\u00f3n. Realmente funciona como se anuncia. - sin ning\u00fan contrato o verificaci\u00f3n de cr\u00e9dito. \u00a1Llama al 844.621.2852 para registrarte gratis hoy!{:}","breadcrumb":{"@id":"https:\/\/powermepronto.com\/the-lowest-electricity-quotes-in-texas-period\/#breadcrumb"},"inLanguage":"es","potentialAction":[{"@type":"ReadAction","target":["https:\/\/powermepronto.com\/the-lowest-electricity-quotes-in-texas-period\/"]}]},{"@type":"BreadcrumbList","@id":"https:\/\/powermepronto.com\/the-lowest-electricity-quotes-in-texas-period\/#breadcrumb","itemListElement":[{"@type":"ListItem","position":1,"name":"Home","item":"https:\/\/powermepronto.com\/en\/"},{"@type":"ListItem","position":2,"name":"The Lowest Electricity Quotes in Texas. Period."}]},{"@type":"WebSite","@id":"https:\/\/powermepronto.com\/en\/#website","url":"https:\/\/powermepronto.com\/en\/","name":"Pronto Power","description":"","potentialAction":[{"@type":"SearchAction","target":{"@type":"EntryPoint","urlTemplate":"https:\/\/powermepronto.com\/en\/?s={search_term_string}"},"query-input":{"@type":"PropertyValueSpecification","valueRequired":true,"valueName":"search_term_string"}}],"inLanguage":"es"}]}},"_links":{"self":[{"href":"https:\/\/powermepronto.com\/es\/wp-json\/wp\/v2\/pages\/648","targetHints":{"allow":["GET"]}}],"collection":[{"href":"https:\/\/powermepronto.com\/es\/wp-json\/wp\/v2\/pages"}],"about":[{"href":"https:\/\/powermepronto.com\/es\/wp-json\/wp\/v2\/types\/page"}],"author":[{"embeddable":true,"href":"https:\/\/powermepronto.com\/es\/wp-json\/wp\/v2\/users\/1"}],"replies":[{"embeddable":true,"href":"https:\/\/powermepronto.com\/es\/wp-json\/wp\/v2\/comments?post=648"}],"version-history":[{"count":3,"href":"https:\/\/powermepronto.com\/es\/wp-json\/wp\/v2\/pages\/648\/revisions"}],"predecessor-version":[{"id":3583,"href":"https:\/\/powermepronto.com\/es\/wp-json\/wp\/v2\/pages\/648\/revisions\/3583"}],"wp:attachment":[{"href":"https:\/\/powermepronto.com\/es\/wp-json\/wp\/v2\/media?parent=648"}],"curies":[{"name":"wp","href":"https:\/\/api.w.org\/{rel}","templated":true}]}}