{"id":646,"date":"2018-07-31T19:19:15","date_gmt":"2018-07-31T19:19:15","guid":{"rendered":"\/?page_id=646"},"modified":"2022-12-21T05:28:52","modified_gmt":"2022-12-21T11:28:52","slug":"the-cheapest-electricity-in-houston-bar-none","status":"publish","type":"page","link":"https:\/\/powermepronto.com\/es\/the-cheapest-electricity-in-houston-bar-none\/","title":{"rendered":"La electricidad m\u00e1s barata en Houston. \u00a1Sin excepci\u00f3n!"},"content":{"rendered":"<p>\u00bfPaga realmente menos por electricidad con su compa\u00f1\u00eda el\u00e9ctrica actual?<\/p>\n<p>&#8230; \u00bfO han cargado su contrato con trampas para que en el momento en que algo salga mal, se beneficien?<\/p>\n<p>Algunas empresas anuncian un precio que no puede superar. \u00a1Pero luego le cobra todo tipo de tarifas por un sinf\u00edn de razones, y termina pagando 25 centavos por kWh!<\/p>\n<p>Eso es m\u00e1s del doble de lo que sol\u00eda pagar, incluso cuando ten\u00edamos el antiguo sistema de poder monop\u00f3lico.<\/p>\n<p>Supusiste que la desregulaci\u00f3n energ\u00e9tica reducir\u00eda los precios. Pero hay datos que sugieren que en realidad podr\u00eda estar pagando m\u00e1s ahora que antes de la desregulaci\u00f3n.<\/p>\n<p>\u00a1Que desastre!<\/p>\n<h2>La soluci\u00f3n simple: obtenga la electricidad m\u00e1s barata en Houston. Sin firmar un contrato. Sin cuotas escondidas. Y sin molestias.<\/h2>\n<p>Pronto Power le ofrece exactamente lo que desea: precios simples y directos (\u00a1lo m\u00e1s barato que puede obtener en Houston!), Sin ning\u00fan tipo de tarifa. Nunca.<\/p>\n<p>\u00bfPor qu\u00e9 hacemos esto?<\/p>\n<p>Bueno, tenemos un modelo de negocios diferente al de otras compa\u00f1\u00edas el\u00e9ctricas. Muchos te atraen felizmente con los bajos precios que anuncian. Luego te ponen bajo contrato con tarifas absurdas en el momento en que algo sale mal. Te vas. Y luego atraen a su pr\u00f3ximo grupo de clientes. Y el proceso se repite.<\/p>\n<p>Es un modelo de negocio com\u00fan utilizado en muchas industrias.<\/p>\n<p>Pero en esas industrias, y aqu\u00ed en el mercado el\u00e9ctrico de Texas, las compa\u00f1\u00edas como Pronto Power lo combaten manteniendo los precios bajos y directos. Eso significa que clientes como usted se quedan con nosotros mucho m\u00e1s tiempo. Y eso mantiene nuestro negocio exitoso.<\/p>\n<p>Entonces se convierte en una doble victoria. Obtenemos m\u00e1s ganancias y crecimiento a largo plazo. Usted obtiene los precios m\u00e1s bajos en Houston.<\/p>\n<p>Excelente!<\/p>\n<h2>Entonces, \u00bfc\u00f3mo funciona?<\/h2>\n<p>No es un dep\u00f3sito para la electricidad. Ni es una tarifa adicional de ning\u00fan tipo. Va solo hacia su costo de electricidad.<\/p>\n<p>Luego, simplemente agregue m\u00e1s a su cuenta prepaga todo lo que pueda (mensual, semanal o diariamente). Siempre y cuando mantenga el saldo de su cuenta positivo con solo un centavo por 1 PM cada d\u00eda, su electricidad permanecer\u00e1 encendida. Recibes mensajes de texto o recordatorios por correo electr\u00f3nico a diario (o ambos) que te informan el saldo de tu cuenta a las 7 a. M.<\/p>\n<p>Y si realmente no tiene el dinero, llame a nuestro equipo de servicio al cliente para obtener ayuda. Est\u00e1n felices de ayudarte a superar los tiempos m\u00e1s dif\u00edciles<\/p>\n<p>Todo esto &#8230; y no hay contrato para firmar. Entonces, si no le gusta nada por alg\u00fan motivo, puede cancelarlo en cualquier momento. Usted no paga una tarifa de desconexi\u00f3n tampoco <\/p>\n<p>\u00a1No tienes ning\u00fan riesgo!<\/p>\n<p>Entonces, \u00bfqu\u00e9 est\u00e1s esperando?<\/p>\n<p>Simplemente llame al <span class=\"affiliatecode\">844.621.2852<\/span> para obtener los precios m\u00e1s bajos de la electricidad en Houston en una hora (si su casa tiene un medidor inteligente).<\/p>\n<p>Con el inicio del servicio esto sin problemas, \u00bfpor qu\u00e9 hacerlo m\u00e1s dif\u00edcil en otro lugar?<\/p>","protected":false},"excerpt":{"rendered":"<p>\u00bfPaga realmente menos por electricidad con su compa\u00f1\u00eda el\u00e9ctrica actual? &#8230; \u00bfO han cargado su contrato con trampas para que en el momento en que algo salga mal, se beneficien? Algunas empresas anuncian un precio que no puede superar. \u00a1Pero luego le cobra todo tipo de tarifas por un sinf\u00edn de razones, y termina pagando &hellip; <a href=\"https:\/\/powermepronto.com\/es\/the-cheapest-electricity-in-houston-bar-none\/\" class=\"more-link\">Continue reading <span class=\"screen-reader-text\">La electricidad m\u00e1s barata en Houston. \u00a1Sin excepci\u00f3n!<\/span><\/a><\/p>\n","protected":false},"author":1,"featured_media":0,"parent":0,"menu_order":0,"comment_status":"closed","ping_status":"closed","template":"","meta":{"_acf_changed":false,"_glsr_average":0,"_glsr_ranking":0,"_glsr_reviews":0,"footnotes":"","_links_to":"","_links_to_target":""},"class_list":["post-646","page","type-page","status-publish","hentry"],"acf":[],"yoast_head":"<!-- This site is optimized with the Yoast SEO plugin v27.4 - https:\/\/yoast.com\/product\/yoast-seo-wordpress\/ -->\n<title>La electricidad m\u00e1s barata en Houston. \u00a1Sin excepci\u00f3n!<\/title>\n<meta name=\"description\" content=\"{:en}Get the cheapest electricity in Houston from Pronto Power. No tricks. No gimmicks. No hassles. Pay the price you see - without a contract! Cancel anytime and for any reason. No risk. Call 844.621.2852 today!{:es}Obtenga la electricidad m\u00e1s barata en Houston con Pronto Power. Sin trucos y sin molestias. Pague el precio que ve, \u00a1sin contrato! Cancele en cualquier momento y por cualquier motivo. Sin riesgo. \u00a1Llama hoy al 844.621.2852!{:}\" \/>\n<meta name=\"robots\" content=\"index, follow, max-snippet:-1, max-image-preview:large, max-video-preview:-1\" \/>\n<link rel=\"canonical\" href=\"https:\/\/powermepronto.com\/the-cheapest-electricity-in-houston-bar-none\/\" \/>\n<meta property=\"og:locale\" content=\"es_ES\" \/>\n<meta property=\"og:type\" content=\"article\" \/>\n<meta property=\"og:title\" content=\"[:en]The Cheapest Electricity in Houston. Bar None! [:es]La electricidad m\u00e1s barata en Houston. \u00a1Sin excepci\u00f3n![:]\" \/>\n<meta property=\"og:description\" content=\"{:en}Get the cheapest electricity in Houston from Pronto Power. No tricks. No gimmicks. No hassles. Pay the price you see - without a contract! Cancel anytime and for any reason. No risk. Call 844.621.2852 today!{:es}Obtenga la electricidad m\u00e1s barata en Houston con Pronto Power. Sin trucos y sin molestias. Pague el precio que ve, \u00a1sin contrato! Cancele en cualquier momento y por cualquier motivo. Sin riesgo. \u00a1Llama hoy al 844.621.2852!{:}\" \/>\n<meta property=\"og:url\" content=\"https:\/\/powermepronto.com\/the-cheapest-electricity-in-houston-bar-none\/\" \/>\n<meta property=\"og:site_name\" content=\"Pronto Power\" \/>\n<meta property=\"article:modified_time\" content=\"2022-12-21T11:28:52+00:00\" \/>\n<meta name=\"twitter:card\" content=\"summary_large_image\" \/>\n<meta name=\"twitter:label1\" content=\"Tiempo de lectura\" \/>\n\t<meta name=\"twitter:data1\" content=\"5 minutos\" \/>\n<script type=\"application\/ld+json\" class=\"yoast-schema-graph\">{\"@context\":\"https:\\\/\\\/schema.org\",\"@graph\":[{\"@type\":\"WebPage\",\"@id\":\"https:\\\/\\\/powermepronto.com\\\/the-cheapest-electricity-in-houston-bar-none\\\/\",\"url\":\"https:\\\/\\\/powermepronto.com\\\/the-cheapest-electricity-in-houston-bar-none\\\/\",\"name\":\"[:en]The Cheapest Electricity in Houston. Bar None! [:es]La electricidad m\u00e1s barata en Houston. \u00a1Sin excepci\u00f3n![:]\",\"isPartOf\":{\"@id\":\"https:\\\/\\\/powermepronto.com\\\/en\\\/#website\"},\"datePublished\":\"2018-07-31T19:19:15+00:00\",\"dateModified\":\"2022-12-21T11:28:52+00:00\",\"description\":\"{:en}Get the cheapest electricity in Houston from Pronto Power. No tricks. No gimmicks. No hassles. Pay the price you see - without a contract! Cancel anytime and for any reason. No risk. Call 844.621.2852 today!{:es}Obtenga la electricidad m\u00e1s barata en Houston con Pronto Power. Sin trucos y sin molestias. Pague el precio que ve, \u00a1sin contrato! Cancele en cualquier momento y por cualquier motivo. Sin riesgo. \u00a1Llama hoy al 844.621.2852!{:}\",\"breadcrumb\":{\"@id\":\"https:\\\/\\\/powermepronto.com\\\/the-cheapest-electricity-in-houston-bar-none\\\/#breadcrumb\"},\"inLanguage\":\"es\",\"potentialAction\":[{\"@type\":\"ReadAction\",\"target\":[\"https:\\\/\\\/powermepronto.com\\\/the-cheapest-electricity-in-houston-bar-none\\\/\"]}]},{\"@type\":\"BreadcrumbList\",\"@id\":\"https:\\\/\\\/powermepronto.com\\\/the-cheapest-electricity-in-houston-bar-none\\\/#breadcrumb\",\"itemListElement\":[{\"@type\":\"ListItem\",\"position\":1,\"name\":\"Home\",\"item\":\"https:\\\/\\\/powermepronto.com\\\/en\\\/\"},{\"@type\":\"ListItem\",\"position\":2,\"name\":\"The Cheapest Electricity in Houston. Bar None!\"}]},{\"@type\":\"WebSite\",\"@id\":\"https:\\\/\\\/powermepronto.com\\\/en\\\/#website\",\"url\":\"https:\\\/\\\/powermepronto.com\\\/en\\\/\",\"name\":\"Pronto Power\",\"description\":\"\",\"potentialAction\":[{\"@type\":\"SearchAction\",\"target\":{\"@type\":\"EntryPoint\",\"urlTemplate\":\"https:\\\/\\\/powermepronto.com\\\/en\\\/?s={search_term_string}\"},\"query-input\":{\"@type\":\"PropertyValueSpecification\",\"valueRequired\":true,\"valueName\":\"search_term_string\"}}],\"inLanguage\":\"es\"}]}<\/script>\n<!-- \/ Yoast SEO plugin. -->","yoast_head_json":{"title":"[:en]The Cheapest Electricity in Houston. Bar None! [:es]La electricidad m\u00e1s barata en Houston. \u00a1Sin excepci\u00f3n![:]","description":"{:en}Get the cheapest electricity in Houston from Pronto Power. No tricks. No gimmicks. No hassles. Pay the price you see - without a contract! Cancel anytime and for any reason. No risk. Call 844.621.2852 today!{:es}Obtenga la electricidad m\u00e1s barata en Houston con Pronto Power. Sin trucos y sin molestias. Pague el precio que ve, \u00a1sin contrato! Cancele en cualquier momento y por cualquier motivo. Sin riesgo. \u00a1Llama hoy al 844.621.2852!{:}","robots":{"index":"index","follow":"follow","max-snippet":"max-snippet:-1","max-image-preview":"max-image-preview:large","max-video-preview":"max-video-preview:-1"},"canonical":"https:\/\/powermepronto.com\/the-cheapest-electricity-in-houston-bar-none\/","og_locale":"es_ES","og_type":"article","og_title":"[:en]The Cheapest Electricity in Houston. Bar None! [:es]La electricidad m\u00e1s barata en Houston. \u00a1Sin excepci\u00f3n![:]","og_description":"{:en}Get the cheapest electricity in Houston from Pronto Power. No tricks. No gimmicks. No hassles. Pay the price you see - without a contract! Cancel anytime and for any reason. No risk. Call 844.621.2852 today!{:es}Obtenga la electricidad m\u00e1s barata en Houston con Pronto Power. Sin trucos y sin molestias. Pague el precio que ve, \u00a1sin contrato! Cancele en cualquier momento y por cualquier motivo. Sin riesgo. \u00a1Llama hoy al 844.621.2852!{:}","og_url":"https:\/\/powermepronto.com\/the-cheapest-electricity-in-houston-bar-none\/","og_site_name":"Pronto Power","article_modified_time":"2022-12-21T11:28:52+00:00","twitter_card":"summary_large_image","twitter_misc":{"Tiempo de lectura":"5 minutos"},"schema":{"@context":"https:\/\/schema.org","@graph":[{"@type":"WebPage","@id":"https:\/\/powermepronto.com\/the-cheapest-electricity-in-houston-bar-none\/","url":"https:\/\/powermepronto.com\/the-cheapest-electricity-in-houston-bar-none\/","name":"[:en]The Cheapest Electricity in Houston. Bar None! [:es]La electricidad m\u00e1s barata en Houston. \u00a1Sin excepci\u00f3n![:]","isPartOf":{"@id":"https:\/\/powermepronto.com\/en\/#website"},"datePublished":"2018-07-31T19:19:15+00:00","dateModified":"2022-12-21T11:28:52+00:00","description":"{:en}Get the cheapest electricity in Houston from Pronto Power. No tricks. No gimmicks. No hassles. Pay the price you see - without a contract! Cancel anytime and for any reason. No risk. Call 844.621.2852 today!{:es}Obtenga la electricidad m\u00e1s barata en Houston con Pronto Power. Sin trucos y sin molestias. Pague el precio que ve, \u00a1sin contrato! Cancele en cualquier momento y por cualquier motivo. Sin riesgo. \u00a1Llama hoy al 844.621.2852!{:}","breadcrumb":{"@id":"https:\/\/powermepronto.com\/the-cheapest-electricity-in-houston-bar-none\/#breadcrumb"},"inLanguage":"es","potentialAction":[{"@type":"ReadAction","target":["https:\/\/powermepronto.com\/the-cheapest-electricity-in-houston-bar-none\/"]}]},{"@type":"BreadcrumbList","@id":"https:\/\/powermepronto.com\/the-cheapest-electricity-in-houston-bar-none\/#breadcrumb","itemListElement":[{"@type":"ListItem","position":1,"name":"Home","item":"https:\/\/powermepronto.com\/en\/"},{"@type":"ListItem","position":2,"name":"The Cheapest Electricity in Houston. Bar None!"}]},{"@type":"WebSite","@id":"https:\/\/powermepronto.com\/en\/#website","url":"https:\/\/powermepronto.com\/en\/","name":"Pronto Power","description":"","potentialAction":[{"@type":"SearchAction","target":{"@type":"EntryPoint","urlTemplate":"https:\/\/powermepronto.com\/en\/?s={search_term_string}"},"query-input":{"@type":"PropertyValueSpecification","valueRequired":true,"valueName":"search_term_string"}}],"inLanguage":"es"}]}},"_links":{"self":[{"href":"https:\/\/powermepronto.com\/es\/wp-json\/wp\/v2\/pages\/646","targetHints":{"allow":["GET"]}}],"collection":[{"href":"https:\/\/powermepronto.com\/es\/wp-json\/wp\/v2\/pages"}],"about":[{"href":"https:\/\/powermepronto.com\/es\/wp-json\/wp\/v2\/types\/page"}],"author":[{"embeddable":true,"href":"https:\/\/powermepronto.com\/es\/wp-json\/wp\/v2\/users\/1"}],"replies":[{"embeddable":true,"href":"https:\/\/powermepronto.com\/es\/wp-json\/wp\/v2\/comments?post=646"}],"version-history":[{"count":2,"href":"https:\/\/powermepronto.com\/es\/wp-json\/wp\/v2\/pages\/646\/revisions"}],"predecessor-version":[{"id":3559,"href":"https:\/\/powermepronto.com\/es\/wp-json\/wp\/v2\/pages\/646\/revisions\/3559"}],"wp:attachment":[{"href":"https:\/\/powermepronto.com\/es\/wp-json\/wp\/v2\/media?parent=646"}],"curies":[{"name":"wp","href":"https:\/\/api.w.org\/{rel}","templated":true}]}}