{"id":6,"date":"2017-06-14T01:56:37","date_gmt":"2017-06-14T01:56:37","guid":{"rendered":"\/?page_id=6"},"modified":"2026-01-21T14:44:33","modified_gmt":"2026-01-21T20:44:33","slug":"residential-electric-power","status":"publish","type":"page","link":"https:\/\/powermepronto.com\/es\/residential-electric-power\/","title":{"rendered":"Energ\u00eda el\u00e9ctrica residencial: prepago, sin dep\u00f3sito, y sin verificaci\u00f3n de cr\u00e9dito"},"content":{"rendered":"<p><\/p>\n<h2 style=\"text-align: center;\">\u00a1Mejor Electricidad Prepaga de Texas!<\/h2>\n<p style=\"text-align: center;\"><strong>Texas tiene muchas compa\u00f1\u00edas prepagas compitiendo por clientes, \u00a1pero solo hay UNA compa\u00f1\u00eda prepaga con pautas simples y much\u00edsimos beneficios!<\/strong><\/p>\n<p><\/p>","protected":false},"excerpt":{"rendered":"<p>\u00a1Mejor Electricidad Prepaga de Texas! Texas tiene muchas compa\u00f1\u00edas prepagas compitiendo por clientes, \u00a1pero solo hay UNA compa\u00f1\u00eda prepaga con pautas simples y much\u00edsimos beneficios!<\/p>\n","protected":false},"author":1,"featured_media":906,"parent":0,"menu_order":0,"comment_status":"closed","ping_status":"closed","template":"image-blocks.php","meta":{"_acf_changed":false,"_glsr_average":0,"_glsr_ranking":0,"_glsr_reviews":0,"footnotes":"","_links_to":"","_links_to_target":""},"class_list":["post-6","page","type-page","status-publish","has-post-thumbnail","hentry"],"acf":[],"yoast_head":"<!-- This site is optimized with the Yoast SEO plugin v27.4 - https:\/\/yoast.com\/product\/yoast-seo-wordpress\/ -->\n<title>Texas Residential Prepay Energy | Residential Cheap Energy Houston<\/title>\n<meta name=\"description\" content=\"Pronto Power&#039;s Prepaid Electricity puts you in control of your electricity costs and pay as often and as much as you need. Call Today 1-844-621-2852!\" \/>\n<meta name=\"robots\" content=\"index, follow, max-snippet:-1, max-image-preview:large, max-video-preview:-1\" \/>\n<link rel=\"canonical\" href=\"https:\/\/powermepronto.com\/residential-electric-power\/\" \/>\n<meta property=\"og:locale\" content=\"es_ES\" \/>\n<meta property=\"og:type\" content=\"article\" \/>\n<meta property=\"og:title\" content=\"Texas Residential Prepay Energy | Residential Cheap Energy Houston\" \/>\n<meta property=\"og:description\" content=\"Pronto Power&#039;s Prepaid Electricity puts you in control of your electricity costs and pay as often and as much as you need. Call Today 1-844-621-2852!\" \/>\n<meta property=\"og:url\" content=\"https:\/\/powermepronto.com\/residential-electric-power\/\" \/>\n<meta property=\"og:site_name\" content=\"Pronto Power\" \/>\n<meta property=\"article:modified_time\" content=\"2026-01-21T20:44:33+00:00\" \/>\n<meta property=\"og:image\" content=\"https:\/\/powermepronto.com\/wp-content\/uploads\/2018\/09\/residential.jpg\" \/>\n\t<meta property=\"og:image:width\" content=\"2000\" \/>\n\t<meta property=\"og:image:height\" content=\"500\" \/>\n\t<meta property=\"og:image:type\" content=\"image\/jpeg\" \/>\n<meta name=\"twitter:card\" content=\"summary_large_image\" \/>\n<meta name=\"twitter:label1\" content=\"Tiempo de lectura\" \/>\n\t<meta name=\"twitter:data1\" content=\"1 minuto\" \/>\n<script type=\"application\/ld+json\" class=\"yoast-schema-graph\">{\"@context\":\"https:\\\/\\\/schema.org\",\"@graph\":[{\"@type\":\"WebPage\",\"@id\":\"https:\\\/\\\/powermepronto.com\\\/residential-electric-power\\\/\",\"url\":\"https:\\\/\\\/powermepronto.com\\\/residential-electric-power\\\/\",\"name\":\"Texas Residential Prepay Energy | Residential Cheap Energy Houston\",\"isPartOf\":{\"@id\":\"https:\\\/\\\/powermepronto.com\\\/en\\\/#website\"},\"primaryImageOfPage\":{\"@id\":\"https:\\\/\\\/powermepronto.com\\\/residential-electric-power\\\/#primaryimage\"},\"image\":{\"@id\":\"https:\\\/\\\/powermepronto.com\\\/residential-electric-power\\\/#primaryimage\"},\"thumbnailUrl\":\"https:\\\/\\\/powermepronto.com\\\/wp-content\\\/uploads\\\/2018\\\/09\\\/residential.jpg\",\"datePublished\":\"2017-06-14T01:56:37+00:00\",\"dateModified\":\"2026-01-21T20:44:33+00:00\",\"description\":\"Pronto Power's Prepaid Electricity puts you in control of your electricity costs and pay as often and as much as you need. Call Today 1-844-621-2852!\",\"breadcrumb\":{\"@id\":\"https:\\\/\\\/powermepronto.com\\\/residential-electric-power\\\/#breadcrumb\"},\"inLanguage\":\"es\",\"potentialAction\":[{\"@type\":\"ReadAction\",\"target\":[\"https:\\\/\\\/powermepronto.com\\\/residential-electric-power\\\/\"]}]},{\"@type\":\"ImageObject\",\"inLanguage\":\"es\",\"@id\":\"https:\\\/\\\/powermepronto.com\\\/residential-electric-power\\\/#primaryimage\",\"url\":\"https:\\\/\\\/powermepronto.com\\\/wp-content\\\/uploads\\\/2018\\\/09\\\/residential.jpg\",\"contentUrl\":\"https:\\\/\\\/powermepronto.com\\\/wp-content\\\/uploads\\\/2018\\\/09\\\/residential.jpg\",\"width\":2000,\"height\":500,\"caption\":\"Children Playing On Garden Swing And Scooter Outside House\"},{\"@type\":\"BreadcrumbList\",\"@id\":\"https:\\\/\\\/powermepronto.com\\\/residential-electric-power\\\/#breadcrumb\",\"itemListElement\":[{\"@type\":\"ListItem\",\"position\":1,\"name\":\"Home\",\"item\":\"https:\\\/\\\/powermepronto.com\\\/en\\\/\"},{\"@type\":\"ListItem\",\"position\":2,\"name\":\"Residential Electric Power &#8211; Prepaid, No Deposit, No Credit Check\"}]},{\"@type\":\"WebSite\",\"@id\":\"https:\\\/\\\/powermepronto.com\\\/en\\\/#website\",\"url\":\"https:\\\/\\\/powermepronto.com\\\/en\\\/\",\"name\":\"Pronto Power\",\"description\":\"\",\"potentialAction\":[{\"@type\":\"SearchAction\",\"target\":{\"@type\":\"EntryPoint\",\"urlTemplate\":\"https:\\\/\\\/powermepronto.com\\\/en\\\/?s={search_term_string}\"},\"query-input\":{\"@type\":\"PropertyValueSpecification\",\"valueRequired\":true,\"valueName\":\"search_term_string\"}}],\"inLanguage\":\"es\"}]}<\/script>\n<!-- \/ Yoast SEO plugin. -->","yoast_head_json":{"title":"Texas Residential Prepay Energy | Residential Cheap Energy Houston","description":"Pronto Power's Prepaid Electricity puts you in control of your electricity costs and pay as often and as much as you need. Call Today 1-844-621-2852!","robots":{"index":"index","follow":"follow","max-snippet":"max-snippet:-1","max-image-preview":"max-image-preview:large","max-video-preview":"max-video-preview:-1"},"canonical":"https:\/\/powermepronto.com\/residential-electric-power\/","og_locale":"es_ES","og_type":"article","og_title":"Texas Residential Prepay Energy | Residential Cheap Energy Houston","og_description":"Pronto Power's Prepaid Electricity puts you in control of your electricity costs and pay as often and as much as you need. Call Today 1-844-621-2852!","og_url":"https:\/\/powermepronto.com\/residential-electric-power\/","og_site_name":"Pronto Power","article_modified_time":"2026-01-21T20:44:33+00:00","og_image":[{"width":2000,"height":500,"url":"https:\/\/powermepronto.com\/wp-content\/uploads\/2018\/09\/residential.jpg","type":"image\/jpeg"}],"twitter_card":"summary_large_image","twitter_misc":{"Tiempo de lectura":"1 minuto"},"schema":{"@context":"https:\/\/schema.org","@graph":[{"@type":"WebPage","@id":"https:\/\/powermepronto.com\/residential-electric-power\/","url":"https:\/\/powermepronto.com\/residential-electric-power\/","name":"Texas Residential Prepay Energy | Residential Cheap Energy Houston","isPartOf":{"@id":"https:\/\/powermepronto.com\/en\/#website"},"primaryImageOfPage":{"@id":"https:\/\/powermepronto.com\/residential-electric-power\/#primaryimage"},"image":{"@id":"https:\/\/powermepronto.com\/residential-electric-power\/#primaryimage"},"thumbnailUrl":"https:\/\/powermepronto.com\/wp-content\/uploads\/2018\/09\/residential.jpg","datePublished":"2017-06-14T01:56:37+00:00","dateModified":"2026-01-21T20:44:33+00:00","description":"Pronto Power's Prepaid Electricity puts you in control of your electricity costs and pay as often and as much as you need. Call Today 1-844-621-2852!","breadcrumb":{"@id":"https:\/\/powermepronto.com\/residential-electric-power\/#breadcrumb"},"inLanguage":"es","potentialAction":[{"@type":"ReadAction","target":["https:\/\/powermepronto.com\/residential-electric-power\/"]}]},{"@type":"ImageObject","inLanguage":"es","@id":"https:\/\/powermepronto.com\/residential-electric-power\/#primaryimage","url":"https:\/\/powermepronto.com\/wp-content\/uploads\/2018\/09\/residential.jpg","contentUrl":"https:\/\/powermepronto.com\/wp-content\/uploads\/2018\/09\/residential.jpg","width":2000,"height":500,"caption":"Children Playing On Garden Swing And Scooter Outside House"},{"@type":"BreadcrumbList","@id":"https:\/\/powermepronto.com\/residential-electric-power\/#breadcrumb","itemListElement":[{"@type":"ListItem","position":1,"name":"Home","item":"https:\/\/powermepronto.com\/en\/"},{"@type":"ListItem","position":2,"name":"Residential Electric Power &#8211; Prepaid, No Deposit, No Credit Check"}]},{"@type":"WebSite","@id":"https:\/\/powermepronto.com\/en\/#website","url":"https:\/\/powermepronto.com\/en\/","name":"Pronto Power","description":"","potentialAction":[{"@type":"SearchAction","target":{"@type":"EntryPoint","urlTemplate":"https:\/\/powermepronto.com\/en\/?s={search_term_string}"},"query-input":{"@type":"PropertyValueSpecification","valueRequired":true,"valueName":"search_term_string"}}],"inLanguage":"es"}]}},"_links":{"self":[{"href":"https:\/\/powermepronto.com\/es\/wp-json\/wp\/v2\/pages\/6","targetHints":{"allow":["GET"]}}],"collection":[{"href":"https:\/\/powermepronto.com\/es\/wp-json\/wp\/v2\/pages"}],"about":[{"href":"https:\/\/powermepronto.com\/es\/wp-json\/wp\/v2\/types\/page"}],"author":[{"embeddable":true,"href":"https:\/\/powermepronto.com\/es\/wp-json\/wp\/v2\/users\/1"}],"replies":[{"embeddable":true,"href":"https:\/\/powermepronto.com\/es\/wp-json\/wp\/v2\/comments?post=6"}],"version-history":[{"count":44,"href":"https:\/\/powermepronto.com\/es\/wp-json\/wp\/v2\/pages\/6\/revisions"}],"predecessor-version":[{"id":4419,"href":"https:\/\/powermepronto.com\/es\/wp-json\/wp\/v2\/pages\/6\/revisions\/4419"}],"wp:featuredmedia":[{"embeddable":true,"href":"https:\/\/powermepronto.com\/es\/wp-json\/wp\/v2\/media\/906"}],"wp:attachment":[{"href":"https:\/\/powermepronto.com\/es\/wp-json\/wp\/v2\/media?parent=6"}],"curies":[{"name":"wp","href":"https:\/\/api.w.org\/{rel}","templated":true}]}}