{"id":582,"date":"2018-06-20T23:22:02","date_gmt":"2018-06-20T23:22:02","guid":{"rendered":"\/?page_id=582"},"modified":"2019-03-12T00:23:19","modified_gmt":"2019-03-12T00:23:19","slug":"pronto-powers-newest-feature-auto-pay","status":"publish","type":"page","link":"https:\/\/powermepronto.com\/es\/pronto-powers-newest-feature-auto-pay\/","title":{"rendered":"Funci\u00f3n de pago autom\u00e1tico de Pronto Power"},"content":{"rendered":"<p>Estamos orgullosos de anunciar nuestra nueva funci\u00f3n, Auto Pay! Si su cuenta alcanza los $10 d\u00f3lares o menos, nuestro sistema cargar\u00e1 autom\u00e1ticamente un monto preestablecido de su tarjeta de cr\u00e9dito o d\u00e9bito. \u00a1No m\u00e1s preocuparse por pagar su factura! Ll\u00e1menos hoy para configurar el pago autom\u00e1tico y \u00a1mantenga su tranquilidad!<\/p>\n<p>reamos funciones y planificamos beneficios teniendo en cuenta a nuestros clientes.<\/p>\n<h2>\u00a1Gracias por elegir a la compa\u00f1\u00eda n\u00famero 1 en tarifas bajas, Pronto Power, como su compa\u00f1\u00eda el\u00e9ctrica!<\/h2>\n<p><\/p>","protected":false},"excerpt":{"rendered":"<p>Estamos orgullosos de anunciar nuestra nueva funci\u00f3n, Auto Pay! Si su cuenta alcanza los $10 d\u00f3lares o menos, nuestro sistema cargar\u00e1 autom\u00e1ticamente un monto preestablecido de su tarjeta de cr\u00e9dito o d\u00e9bito. \u00a1No m\u00e1s preocuparse por pagar su factura! Ll\u00e1menos hoy para configurar el pago autom\u00e1tico y \u00a1mantenga su tranquilidad! reamos funciones y planificamos beneficios &hellip; <a href=\"https:\/\/powermepronto.com\/es\/pronto-powers-newest-feature-auto-pay\/\" class=\"more-link\">Continue reading <span class=\"screen-reader-text\">Funci\u00f3n de pago autom\u00e1tico de Pronto Power<\/span><\/a><\/p>\n","protected":false},"author":1,"featured_media":0,"parent":0,"menu_order":0,"comment_status":"closed","ping_status":"closed","template":"","meta":{"_acf_changed":false,"_glsr_average":0,"_glsr_ranking":0,"_glsr_reviews":0,"footnotes":"","_links_to":"","_links_to_target":""},"class_list":["post-582","page","type-page","status-publish","hentry"],"acf":[],"yoast_head":"<!-- This site is optimized with the Yoast SEO plugin v27.4 - https:\/\/yoast.com\/product\/yoast-seo-wordpress\/ -->\n<title>Funci\u00f3n de pago autom\u00e1tico de Pronto Power - Pronto Power<\/title>\n<meta name=\"robots\" content=\"index, follow, max-snippet:-1, max-image-preview:large, max-video-preview:-1\" \/>\n<link rel=\"canonical\" href=\"https:\/\/powermepronto.com\/en\/pronto-powers-newest-feature-auto-pay\/\" \/>\n<meta property=\"og:locale\" content=\"es_ES\" \/>\n<meta property=\"og:type\" content=\"article\" \/>\n<meta property=\"og:title\" content=\"[:en]Pronto Power\u2019s EZ Pay Feature[:es]Funci\u00f3n de pago autom\u00e1tico de Pronto Power[:] - Pronto Power\" \/>\n<meta property=\"og:description\" content=\"Estamos orgullosos de anunciar nuestra nueva funci\u00f3n, Auto Pay! Si su cuenta alcanza los $10 d\u00f3lares o menos, nuestro sistema cargar\u00e1 autom\u00e1ticamente un monto preestablecido de su tarjeta de cr\u00e9dito o d\u00e9bito. \u00a1No m\u00e1s preocuparse por pagar su factura! Ll\u00e1menos hoy para configurar el pago autom\u00e1tico y \u00a1mantenga su tranquilidad! reamos funciones y planificamos beneficios &hellip; Continue reading Funci\u00f3n de pago autom\u00e1tico de Pronto Power\" \/>\n<meta property=\"og:url\" content=\"https:\/\/powermepronto.com\/en\/pronto-powers-newest-feature-auto-pay\/\" \/>\n<meta property=\"og:site_name\" content=\"Pronto Power\" \/>\n<meta property=\"article:modified_time\" content=\"2019-03-12T00:23:19+00:00\" \/>\n<meta name=\"twitter:card\" content=\"summary_large_image\" \/>\n<meta name=\"twitter:label1\" content=\"Tiempo de lectura\" \/>\n\t<meta name=\"twitter:data1\" content=\"1 minuto\" \/>\n<script type=\"application\/ld+json\" class=\"yoast-schema-graph\">{\"@context\":\"https:\\\/\\\/schema.org\",\"@graph\":[{\"@type\":\"WebPage\",\"@id\":\"https:\\\/\\\/powermepronto.com\\\/en\\\/pronto-powers-newest-feature-auto-pay\\\/\",\"url\":\"https:\\\/\\\/powermepronto.com\\\/en\\\/pronto-powers-newest-feature-auto-pay\\\/\",\"name\":\"[:en]Pronto Power\u2019s EZ Pay Feature[:es]Funci\u00f3n de pago autom\u00e1tico de Pronto Power[:] - Pronto Power\",\"isPartOf\":{\"@id\":\"https:\\\/\\\/powermepronto.com\\\/en\\\/#website\"},\"datePublished\":\"2018-06-20T23:22:02+00:00\",\"dateModified\":\"2019-03-12T00:23:19+00:00\",\"breadcrumb\":{\"@id\":\"https:\\\/\\\/powermepronto.com\\\/en\\\/pronto-powers-newest-feature-auto-pay\\\/#breadcrumb\"},\"inLanguage\":\"es\",\"potentialAction\":[{\"@type\":\"ReadAction\",\"target\":[\"https:\\\/\\\/powermepronto.com\\\/en\\\/pronto-powers-newest-feature-auto-pay\\\/\"]}]},{\"@type\":\"BreadcrumbList\",\"@id\":\"https:\\\/\\\/powermepronto.com\\\/en\\\/pronto-powers-newest-feature-auto-pay\\\/#breadcrumb\",\"itemListElement\":[{\"@type\":\"ListItem\",\"position\":1,\"name\":\"Home\",\"item\":\"https:\\\/\\\/powermepronto.com\\\/en\\\/\"},{\"@type\":\"ListItem\",\"position\":2,\"name\":\"Pronto Power\u2019s EZ Pay Feature\"}]},{\"@type\":\"WebSite\",\"@id\":\"https:\\\/\\\/powermepronto.com\\\/en\\\/#website\",\"url\":\"https:\\\/\\\/powermepronto.com\\\/en\\\/\",\"name\":\"Pronto Power\",\"description\":\"\",\"potentialAction\":[{\"@type\":\"SearchAction\",\"target\":{\"@type\":\"EntryPoint\",\"urlTemplate\":\"https:\\\/\\\/powermepronto.com\\\/en\\\/?s={search_term_string}\"},\"query-input\":{\"@type\":\"PropertyValueSpecification\",\"valueRequired\":true,\"valueName\":\"search_term_string\"}}],\"inLanguage\":\"es\"}]}<\/script>\n<!-- \/ Yoast SEO plugin. -->","yoast_head_json":{"title":"[:en]Pronto Power\u2019s EZ Pay Feature[:es]Funci\u00f3n de pago autom\u00e1tico de Pronto Power[:] - Pronto Power","robots":{"index":"index","follow":"follow","max-snippet":"max-snippet:-1","max-image-preview":"max-image-preview:large","max-video-preview":"max-video-preview:-1"},"canonical":"https:\/\/powermepronto.com\/en\/pronto-powers-newest-feature-auto-pay\/","og_locale":"es_ES","og_type":"article","og_title":"[:en]Pronto Power\u2019s EZ Pay Feature[:es]Funci\u00f3n de pago autom\u00e1tico de Pronto Power[:] - Pronto Power","og_description":"Estamos orgullosos de anunciar nuestra nueva funci\u00f3n, Auto Pay! Si su cuenta alcanza los $10 d\u00f3lares o menos, nuestro sistema cargar\u00e1 autom\u00e1ticamente un monto preestablecido de su tarjeta de cr\u00e9dito o d\u00e9bito. \u00a1No m\u00e1s preocuparse por pagar su factura! Ll\u00e1menos hoy para configurar el pago autom\u00e1tico y \u00a1mantenga su tranquilidad! reamos funciones y planificamos beneficios &hellip; Continue reading Funci\u00f3n de pago autom\u00e1tico de Pronto Power","og_url":"https:\/\/powermepronto.com\/en\/pronto-powers-newest-feature-auto-pay\/","og_site_name":"Pronto Power","article_modified_time":"2019-03-12T00:23:19+00:00","twitter_card":"summary_large_image","twitter_misc":{"Tiempo de lectura":"1 minuto"},"schema":{"@context":"https:\/\/schema.org","@graph":[{"@type":"WebPage","@id":"https:\/\/powermepronto.com\/en\/pronto-powers-newest-feature-auto-pay\/","url":"https:\/\/powermepronto.com\/en\/pronto-powers-newest-feature-auto-pay\/","name":"[:en]Pronto Power\u2019s EZ Pay Feature[:es]Funci\u00f3n de pago autom\u00e1tico de Pronto Power[:] - Pronto Power","isPartOf":{"@id":"https:\/\/powermepronto.com\/en\/#website"},"datePublished":"2018-06-20T23:22:02+00:00","dateModified":"2019-03-12T00:23:19+00:00","breadcrumb":{"@id":"https:\/\/powermepronto.com\/en\/pronto-powers-newest-feature-auto-pay\/#breadcrumb"},"inLanguage":"es","potentialAction":[{"@type":"ReadAction","target":["https:\/\/powermepronto.com\/en\/pronto-powers-newest-feature-auto-pay\/"]}]},{"@type":"BreadcrumbList","@id":"https:\/\/powermepronto.com\/en\/pronto-powers-newest-feature-auto-pay\/#breadcrumb","itemListElement":[{"@type":"ListItem","position":1,"name":"Home","item":"https:\/\/powermepronto.com\/en\/"},{"@type":"ListItem","position":2,"name":"Pronto Power\u2019s EZ Pay Feature"}]},{"@type":"WebSite","@id":"https:\/\/powermepronto.com\/en\/#website","url":"https:\/\/powermepronto.com\/en\/","name":"Pronto Power","description":"","potentialAction":[{"@type":"SearchAction","target":{"@type":"EntryPoint","urlTemplate":"https:\/\/powermepronto.com\/en\/?s={search_term_string}"},"query-input":{"@type":"PropertyValueSpecification","valueRequired":true,"valueName":"search_term_string"}}],"inLanguage":"es"}]}},"_links":{"self":[{"href":"https:\/\/powermepronto.com\/es\/wp-json\/wp\/v2\/pages\/582","targetHints":{"allow":["GET"]}}],"collection":[{"href":"https:\/\/powermepronto.com\/es\/wp-json\/wp\/v2\/pages"}],"about":[{"href":"https:\/\/powermepronto.com\/es\/wp-json\/wp\/v2\/types\/page"}],"author":[{"embeddable":true,"href":"https:\/\/powermepronto.com\/es\/wp-json\/wp\/v2\/users\/1"}],"replies":[{"embeddable":true,"href":"https:\/\/powermepronto.com\/es\/wp-json\/wp\/v2\/comments?post=582"}],"version-history":[{"count":9,"href":"https:\/\/powermepronto.com\/es\/wp-json\/wp\/v2\/pages\/582\/revisions"}],"predecessor-version":[{"id":1295,"href":"https:\/\/powermepronto.com\/es\/wp-json\/wp\/v2\/pages\/582\/revisions\/1295"}],"wp:attachment":[{"href":"https:\/\/powermepronto.com\/es\/wp-json\/wp\/v2\/media?parent=582"}],"curies":[{"name":"wp","href":"https:\/\/api.w.org\/{rel}","templated":true}]}}