{"id":4361,"date":"2025-06-25T10:04:07","date_gmt":"2025-06-25T15:04:07","guid":{"rendered":"https:\/\/powermepronto.com\/?page_id=4361"},"modified":"2025-06-25T10:04:07","modified_gmt":"2025-06-25T15:04:07","slug":"enjoy-no-commitments-with-austins-no-contract-electricity-provider","status":"publish","type":"page","link":"https:\/\/powermepronto.com\/es\/enjoy-no-commitments-with-austins-no-contract-electricity-provider\/","title":{"rendered":"Disfrute sin compromisos con el proveedor de electricidad sin contrato de Austin"},"content":{"rendered":"<p>Si eres nuevo en Austin, o si recientemente cambiaste de direcci\u00f3n en Austin, sabes lo costoso que es agregar o transferir todos tus servicios p\u00fablicos. La mayor\u00eda de las compa\u00f1\u00edas requieren que pague un dep\u00f3sito y firme un contrato para comenzar el servicio. Pero, \u00bfqui\u00e9n sabe lo que nos depara el futuro? \u00bfY si tienes que mudarte en unos meses? \u00bfO tiene que cancelar o transferir el servicio por otro motivo?<\/p>\n<p>Afortunadamente, tu electricidad puede estar exenta de todo el estr\u00e9s de tus otros servicios p\u00fablicos cuando te inscribes en energ\u00eda prepagada con Pronto Power. Este plan de electricidad sin contrato de Austin le permite mantener el servicio sin contratos a largo plazo ni tarifas elevadas.<\/p>\n<h2>Planes prepagados de Pronto Power<\/h2>\n<p>El servicio prepagado es un plan flexible para estudiantes, personas mayores, hogares de bajos ingresos y cualquier persona con un cr\u00e9dito menos que perfecto, porque Pronto Power nunca realiza una verificaci\u00f3n de cr\u00e9dito. En la mayor\u00eda de los casos, una verificaci\u00f3n de cr\u00e9dito determina el dep\u00f3sito requerido para comenzar el servicio. Debido a que la energ\u00eda prepagada se paga por adelantado, nunca se necesita un dep\u00f3sito. Es la soluci\u00f3n perfecta para las personas que no tienen un n\u00famero de seguro social o tienen un puntaje de cr\u00e9dito bajo.<\/p>\n<h2>C\u00f3mo funciona el servicio prepagado<\/h2>\n<p>El d\u00eda que comiences el servicio, agregar\u00e1s una peque\u00f1a cantidad de dinero a tu cuenta prepagada. A medida que use electricidad, el saldo de su cuenta disminuir\u00e1. Siempre puedes comprobar cu\u00e1nto dinero te queda en tu cuenta a trav\u00e9s de la aplicaci\u00f3n m\u00f3vil. Siempre y cuando haya al menos 1\u00a2 disponible, la electricidad permanece encendida.<\/p>\n<p>La aplicaci\u00f3n tiene otra gran caracter\u00edstica: se conecta a su medidor inteligente, lo que le permite monitorear su uso en tiempo real. Esto significa que puede observar inmediatamente c\u00f3mo sus acciones afectan a su consumo. Los estudios han demostrado que los clientes que controlan su uso de energ\u00eda tienden a usar menos, lo que les ayuda a ahorrar dinero.<\/p>\n<h2>Que no haya contrato no significa que sea m\u00e1s caro<\/h2>\n<p>Muchos proveedores de electricidad afirman ofrecer tarifas bajas, pero a menudo se adjunta letra peque\u00f1a. En otras palabras, pueden cobrar una tarifa m\u00e1s baja por energ\u00eda por kilovatio-hora durante los primeros meses cuando firma un contrato de un a\u00f1o. Despu\u00e9s de esos meses iniciales, a menudo aumentan las tarifas, dej\u00e1ndolo atrapado en un compromiso a largo plazo, pagando tarifas m\u00e1s altas.<\/p>\n<p>Pronto Power tiene las tarifas prepagas m\u00e1s bajas no solo en Austin sino en todo Texas, porque no hay letra peque\u00f1a ni trucos. Nunca est\u00e1 obligado a firmar un contrato cuando se cambia al l\u00edder de electricidad sin contrato de Austin.<\/p>\n<p>\u00bfListo para comenzar el mejor servicio de prepago a los precios m\u00e1s justos? \u00a1Llame al proveedor de electricidad sin contrato de Austin, Pronto Power, al (844) 621-2852 para comenzar a ahorrar dinero en el servicio prepago hoy!<\/p>","protected":false},"excerpt":{"rendered":"<p>Si eres nuevo en Austin, o si recientemente cambiaste de direcci\u00f3n en Austin, sabes lo costoso que es agregar o transferir todos tus servicios p\u00fablicos. La mayor\u00eda de las compa\u00f1\u00edas requieren que pague un dep\u00f3sito y firme un contrato para comenzar el servicio. Pero, \u00bfqui\u00e9n sabe lo que nos depara el futuro? \u00bfY si tienes &hellip; <a href=\"https:\/\/powermepronto.com\/es\/enjoy-no-commitments-with-austins-no-contract-electricity-provider\/\" class=\"more-link\">Continue reading <span class=\"screen-reader-text\">Disfrute sin compromisos con el proveedor de electricidad sin contrato de Austin<\/span><\/a><\/p>\n","protected":false},"author":1,"featured_media":0,"parent":0,"menu_order":0,"comment_status":"closed","ping_status":"closed","template":"","meta":{"_acf_changed":false,"_glsr_average":0,"_glsr_ranking":0,"_glsr_reviews":0,"footnotes":"","_links_to":"","_links_to_target":""},"class_list":["post-4361","page","type-page","status-publish","hentry"],"acf":[],"yoast_head":"<!-- This site is optimized with the Yoast SEO plugin v27.4 - https:\/\/yoast.com\/product\/yoast-seo-wordpress\/ -->\n<title>Disfrute sin compromisos con el proveedor de electricidad sin contrato de Austin - Pronto Power<\/title>\n<meta name=\"robots\" content=\"index, follow, max-snippet:-1, max-image-preview:large, max-video-preview:-1\" \/>\n<link rel=\"canonical\" href=\"https:\/\/powermepronto.com\/enjoy-no-commitments-with-austins-no-contract-electricity-provider\/\" \/>\n<meta property=\"og:locale\" content=\"es_ES\" \/>\n<meta property=\"og:type\" content=\"article\" \/>\n<meta property=\"og:title\" content=\"[:en] Enjoy No Commitments with Austin\u2019s No Contract Electricity Provider [:es] Disfrute sin compromisos con el proveedor de electricidad sin contrato de Austin[:] - Pronto Power\" \/>\n<meta property=\"og:description\" content=\"Si eres nuevo en Austin, o si recientemente cambiaste de direcci\u00f3n en Austin, sabes lo costoso que es agregar o transferir todos tus servicios p\u00fablicos. La mayor\u00eda de las compa\u00f1\u00edas requieren que pague un dep\u00f3sito y firme un contrato para comenzar el servicio. Pero, \u00bfqui\u00e9n sabe lo que nos depara el futuro? \u00bfY si tienes &hellip; Continue reading Disfrute sin compromisos con el proveedor de electricidad sin contrato de Austin\" \/>\n<meta property=\"og:url\" content=\"https:\/\/powermepronto.com\/enjoy-no-commitments-with-austins-no-contract-electricity-provider\/\" \/>\n<meta property=\"og:site_name\" content=\"Pronto Power\" \/>\n<meta name=\"twitter:card\" content=\"summary_large_image\" \/>\n<meta name=\"twitter:label1\" content=\"Tiempo de lectura\" \/>\n\t<meta name=\"twitter:data1\" content=\"4 minutos\" \/>\n<script type=\"application\/ld+json\" class=\"yoast-schema-graph\">{\"@context\":\"https:\\\/\\\/schema.org\",\"@graph\":[{\"@type\":\"WebPage\",\"@id\":\"https:\\\/\\\/powermepronto.com\\\/enjoy-no-commitments-with-austins-no-contract-electricity-provider\\\/\",\"url\":\"https:\\\/\\\/powermepronto.com\\\/enjoy-no-commitments-with-austins-no-contract-electricity-provider\\\/\",\"name\":\"[:en] Enjoy No Commitments with Austin\u2019s No Contract Electricity Provider [:es] Disfrute sin compromisos con el proveedor de electricidad sin contrato de Austin[:] - Pronto Power\",\"isPartOf\":{\"@id\":\"https:\\\/\\\/powermepronto.com\\\/en\\\/#website\"},\"datePublished\":\"2025-06-25T15:04:07+00:00\",\"breadcrumb\":{\"@id\":\"https:\\\/\\\/powermepronto.com\\\/enjoy-no-commitments-with-austins-no-contract-electricity-provider\\\/#breadcrumb\"},\"inLanguage\":\"es\",\"potentialAction\":[{\"@type\":\"ReadAction\",\"target\":[\"https:\\\/\\\/powermepronto.com\\\/enjoy-no-commitments-with-austins-no-contract-electricity-provider\\\/\"]}]},{\"@type\":\"BreadcrumbList\",\"@id\":\"https:\\\/\\\/powermepronto.com\\\/enjoy-no-commitments-with-austins-no-contract-electricity-provider\\\/#breadcrumb\",\"itemListElement\":[{\"@type\":\"ListItem\",\"position\":1,\"name\":\"Home\",\"item\":\"https:\\\/\\\/powermepronto.com\\\/en\\\/\"},{\"@type\":\"ListItem\",\"position\":2,\"name\":\"Enjoy No Commitments with Austin\u2019s No Contract Electricity Provider\"}]},{\"@type\":\"WebSite\",\"@id\":\"https:\\\/\\\/powermepronto.com\\\/en\\\/#website\",\"url\":\"https:\\\/\\\/powermepronto.com\\\/en\\\/\",\"name\":\"Pronto Power\",\"description\":\"\",\"potentialAction\":[{\"@type\":\"SearchAction\",\"target\":{\"@type\":\"EntryPoint\",\"urlTemplate\":\"https:\\\/\\\/powermepronto.com\\\/en\\\/?s={search_term_string}\"},\"query-input\":{\"@type\":\"PropertyValueSpecification\",\"valueRequired\":true,\"valueName\":\"search_term_string\"}}],\"inLanguage\":\"es\"}]}<\/script>\n<!-- \/ Yoast SEO plugin. -->","yoast_head_json":{"title":"[:en] Enjoy No Commitments with Austin\u2019s No Contract Electricity Provider [:es] Disfrute sin compromisos con el proveedor de electricidad sin contrato de Austin[:] - Pronto Power","robots":{"index":"index","follow":"follow","max-snippet":"max-snippet:-1","max-image-preview":"max-image-preview:large","max-video-preview":"max-video-preview:-1"},"canonical":"https:\/\/powermepronto.com\/enjoy-no-commitments-with-austins-no-contract-electricity-provider\/","og_locale":"es_ES","og_type":"article","og_title":"[:en] Enjoy No Commitments with Austin\u2019s No Contract Electricity Provider [:es] Disfrute sin compromisos con el proveedor de electricidad sin contrato de Austin[:] - Pronto Power","og_description":"Si eres nuevo en Austin, o si recientemente cambiaste de direcci\u00f3n en Austin, sabes lo costoso que es agregar o transferir todos tus servicios p\u00fablicos. La mayor\u00eda de las compa\u00f1\u00edas requieren que pague un dep\u00f3sito y firme un contrato para comenzar el servicio. Pero, \u00bfqui\u00e9n sabe lo que nos depara el futuro? \u00bfY si tienes &hellip; Continue reading Disfrute sin compromisos con el proveedor de electricidad sin contrato de Austin","og_url":"https:\/\/powermepronto.com\/enjoy-no-commitments-with-austins-no-contract-electricity-provider\/","og_site_name":"Pronto Power","twitter_card":"summary_large_image","twitter_misc":{"Tiempo de lectura":"4 minutos"},"schema":{"@context":"https:\/\/schema.org","@graph":[{"@type":"WebPage","@id":"https:\/\/powermepronto.com\/enjoy-no-commitments-with-austins-no-contract-electricity-provider\/","url":"https:\/\/powermepronto.com\/enjoy-no-commitments-with-austins-no-contract-electricity-provider\/","name":"[:en] Enjoy No Commitments with Austin\u2019s No Contract Electricity Provider [:es] Disfrute sin compromisos con el proveedor de electricidad sin contrato de Austin[:] - Pronto Power","isPartOf":{"@id":"https:\/\/powermepronto.com\/en\/#website"},"datePublished":"2025-06-25T15:04:07+00:00","breadcrumb":{"@id":"https:\/\/powermepronto.com\/enjoy-no-commitments-with-austins-no-contract-electricity-provider\/#breadcrumb"},"inLanguage":"es","potentialAction":[{"@type":"ReadAction","target":["https:\/\/powermepronto.com\/enjoy-no-commitments-with-austins-no-contract-electricity-provider\/"]}]},{"@type":"BreadcrumbList","@id":"https:\/\/powermepronto.com\/enjoy-no-commitments-with-austins-no-contract-electricity-provider\/#breadcrumb","itemListElement":[{"@type":"ListItem","position":1,"name":"Home","item":"https:\/\/powermepronto.com\/en\/"},{"@type":"ListItem","position":2,"name":"Enjoy No Commitments with Austin\u2019s No Contract Electricity Provider"}]},{"@type":"WebSite","@id":"https:\/\/powermepronto.com\/en\/#website","url":"https:\/\/powermepronto.com\/en\/","name":"Pronto Power","description":"","potentialAction":[{"@type":"SearchAction","target":{"@type":"EntryPoint","urlTemplate":"https:\/\/powermepronto.com\/en\/?s={search_term_string}"},"query-input":{"@type":"PropertyValueSpecification","valueRequired":true,"valueName":"search_term_string"}}],"inLanguage":"es"}]}},"_links":{"self":[{"href":"https:\/\/powermepronto.com\/es\/wp-json\/wp\/v2\/pages\/4361","targetHints":{"allow":["GET"]}}],"collection":[{"href":"https:\/\/powermepronto.com\/es\/wp-json\/wp\/v2\/pages"}],"about":[{"href":"https:\/\/powermepronto.com\/es\/wp-json\/wp\/v2\/types\/page"}],"author":[{"embeddable":true,"href":"https:\/\/powermepronto.com\/es\/wp-json\/wp\/v2\/users\/1"}],"replies":[{"embeddable":true,"href":"https:\/\/powermepronto.com\/es\/wp-json\/wp\/v2\/comments?post=4361"}],"version-history":[{"count":1,"href":"https:\/\/powermepronto.com\/es\/wp-json\/wp\/v2\/pages\/4361\/revisions"}],"predecessor-version":[{"id":4362,"href":"https:\/\/powermepronto.com\/es\/wp-json\/wp\/v2\/pages\/4361\/revisions\/4362"}],"wp:attachment":[{"href":"https:\/\/powermepronto.com\/es\/wp-json\/wp\/v2\/media?parent=4361"}],"curies":[{"name":"wp","href":"https:\/\/api.w.org\/{rel}","templated":true}]}}