{"id":4359,"date":"2025-06-25T10:02:59","date_gmt":"2025-06-25T15:02:59","guid":{"rendered":"https:\/\/powermepronto.com\/?page_id=4359"},"modified":"2025-06-25T10:02:59","modified_gmt":"2025-06-25T15:02:59","slug":"switch-to-pronto-powers-affordable-prepaid-electricity-plan-in-fairview","status":"publish","type":"page","link":"https:\/\/powermepronto.com\/es\/switch-to-pronto-powers-affordable-prepaid-electricity-plan-in-fairview\/","title":{"rendered":"C\u00e1mbiate al asequible plan de electricidad prepagada de Pronto Power en Fairview"},"content":{"rendered":"<p>La temperatura est\u00e1 subiendo en Fairview, y ahora es la oportunidad perfecta para reducir su factura de electricidad con Pronto Power, la electricidad prepaga m\u00e1s barata de Fairview.<\/p>\n<p>Probablemente est\u00e9s pensando que has escuchado esa l\u00ednea antes: la mayor\u00eda de los proveedores afirman tener las tarifas de electricidad m\u00e1s baratas. A menudo, cuando ves que una empresa anuncia tarifas bajas, solo son bajas por un corto tiempo cuando firmas un contrato. Una vez firmado el contrato, esas empresas pueden subir la tarifa que pagas por kilovatio-hora cuando lo deseen. Esto lo deja atrapado pagando m\u00e1s por la energ\u00eda sin la opci\u00f3n de cambiar porque incurrir\u00e1 en tarifas elevadas por romper su contrato. Todo esto suele estar oculto en la letra peque\u00f1a.<\/p>\n<p>Cuando compare otros proveedores con Pronto Power, ver\u00e1 que Pronto Power realmente tiene las mejores tarifas en todo el estado de Texas, sin contratos, sin letra peque\u00f1a y sin trucos.<\/p>\n<h2>Excelentes tarifas deben significar un mal servicio, \u00bfverdad?<\/h2>\n<p>No con Pronto Power. Las excelentes tarifas vienen con un fant\u00e1stico equipo de servicio al cliente que brinda soporte para cualquier inquietud. A\u00fan mejor, cuando est\u00e9 listo para suscribirse al servicio de Pronto Power, puede comenzar a disfrutarlo en 60 minutos. Es la promesa de \u00abenerg\u00eda en una hora\u00bb (siempre que su hogar est\u00e9 equipado con un medidor inteligente). Dado que no se necesita ning\u00fan t\u00e9cnico para conectar el servicio, no tiene que ausentarse del trabajo ni esperar. Con solo una simple llamada telef\u00f3nica, puede tener electricidad fluyendo a trav\u00e9s de su hogar sin problemas.<\/p>\n<h2>\u00bfQu\u00e9 pasa con todas las tarifas que tengo que pagar por adelantado?<\/h2>\n<p>Con la mayor\u00eda de las compa\u00f1\u00edas de servicios p\u00fablicos, debe pagar un dep\u00f3sito de seguridad, un mes por adelantado, una tarifa de activaci\u00f3n y m\u00e1s solo para que comience su servicio. El servicio prepago de Pronto Power es diferente. Debido a que paga por adelantado, su cuenta nunca est\u00e1 atrasada. Esto significa que nunca se necesita dep\u00f3sito, por lo que nunca tendr\u00e1 que revelar su n\u00famero de seguro social ni verificar su cr\u00e9dito.<\/p>\n<p>El \u00fanico dinero que necesita para ser el pr\u00f3ximo cliente de Pronto Power es una peque\u00f1a cantidad que agregue a su cuenta que alimente su hogar. Esto no es una tarifa de instalaci\u00f3n ni un dep\u00f3sito. A trav\u00e9s de la aplicaci\u00f3n m\u00f3vil, puede monitorear este dinero y cualquier fondo adicional que agregue a su cuenta en cualquier momento. Tambi\u00e9n puede realizar un seguimiento de su uso en tiempo real y ver c\u00f3mo sus acciones afectan el medidor de su hogar, lo que le permite identificar oportunidades para ahorrar energ\u00eda y dinero.<\/p>\n<h2>\u00bfListo para cambiar?<\/h2>\n<p>Ahora que sabes que Pronto Power no te pide tu n\u00famero de seguro social, no requiere dep\u00f3sito y ofrece las mejores tarifas en Texas, \u00bfest\u00e1s listo para cambiarte? Llame al (844) 621-2852 para obtener las mejores tarifas de electricidad prepagada en Fairview.<\/p>","protected":false},"excerpt":{"rendered":"<p>La temperatura est\u00e1 subiendo en Fairview, y ahora es la oportunidad perfecta para reducir su factura de electricidad con Pronto Power, la electricidad prepaga m\u00e1s barata de Fairview. Probablemente est\u00e9s pensando que has escuchado esa l\u00ednea antes: la mayor\u00eda de los proveedores afirman tener las tarifas de electricidad m\u00e1s baratas. A menudo, cuando ves que &hellip; <a href=\"https:\/\/powermepronto.com\/es\/switch-to-pronto-powers-affordable-prepaid-electricity-plan-in-fairview\/\" class=\"more-link\">Continue reading <span class=\"screen-reader-text\">C\u00e1mbiate al asequible plan de electricidad prepagada de Pronto Power en Fairview<\/span><\/a><\/p>\n","protected":false},"author":1,"featured_media":0,"parent":0,"menu_order":0,"comment_status":"closed","ping_status":"closed","template":"","meta":{"_acf_changed":false,"_glsr_average":0,"_glsr_ranking":0,"_glsr_reviews":0,"footnotes":"","_links_to":"","_links_to_target":""},"class_list":["post-4359","page","type-page","status-publish","hentry"],"acf":[],"yoast_head":"<!-- This site is optimized with the Yoast SEO plugin v27.5 - https:\/\/yoast.com\/product\/yoast-seo-wordpress\/ -->\n<title>C\u00e1mbiate al asequible plan de electricidad prepagada de Pronto Power en Fairview - Pronto Power<\/title>\n<meta name=\"robots\" content=\"index, follow, max-snippet:-1, max-image-preview:large, max-video-preview:-1\" \/>\n<link rel=\"canonical\" href=\"https:\/\/powermepronto.com\/switch-to-pronto-powers-affordable-prepaid-electricity-plan-in-fairview\/\" \/>\n<meta property=\"og:locale\" content=\"es_ES\" \/>\n<meta property=\"og:type\" content=\"article\" \/>\n<meta property=\"og:title\" content=\"[:en] Switch to Pronto Power\u2019s Affordable Prepaid Electricity Plan in Fairview [:es] C\u00e1mbiate al asequible plan de electricidad prepagada de Pronto Power en Fairview[:] - Pronto Power\" \/>\n<meta property=\"og:description\" content=\"La temperatura est\u00e1 subiendo en Fairview, y ahora es la oportunidad perfecta para reducir su factura de electricidad con Pronto Power, la electricidad prepaga m\u00e1s barata de Fairview. Probablemente est\u00e9s pensando que has escuchado esa l\u00ednea antes: la mayor\u00eda de los proveedores afirman tener las tarifas de electricidad m\u00e1s baratas. A menudo, cuando ves que &hellip; Continue reading C\u00e1mbiate al asequible plan de electricidad prepagada de Pronto Power en Fairview\" \/>\n<meta property=\"og:url\" content=\"https:\/\/powermepronto.com\/switch-to-pronto-powers-affordable-prepaid-electricity-plan-in-fairview\/\" \/>\n<meta property=\"og:site_name\" content=\"Pronto Power\" \/>\n<meta name=\"twitter:card\" content=\"summary_large_image\" \/>\n<meta name=\"twitter:label1\" content=\"Tiempo de lectura\" \/>\n\t<meta name=\"twitter:data1\" content=\"5 minutos\" \/>\n<script type=\"application\/ld+json\" class=\"yoast-schema-graph\">{\"@context\":\"https:\\\/\\\/schema.org\",\"@graph\":[{\"@type\":\"WebPage\",\"@id\":\"https:\\\/\\\/powermepronto.com\\\/switch-to-pronto-powers-affordable-prepaid-electricity-plan-in-fairview\\\/\",\"url\":\"https:\\\/\\\/powermepronto.com\\\/switch-to-pronto-powers-affordable-prepaid-electricity-plan-in-fairview\\\/\",\"name\":\"[:en] Switch to Pronto Power\u2019s Affordable Prepaid Electricity Plan in Fairview [:es] C\u00e1mbiate al asequible plan de electricidad prepagada de Pronto Power en Fairview[:] - Pronto Power\",\"isPartOf\":{\"@id\":\"https:\\\/\\\/powermepronto.com\\\/en\\\/#website\"},\"datePublished\":\"2025-06-25T15:02:59+00:00\",\"breadcrumb\":{\"@id\":\"https:\\\/\\\/powermepronto.com\\\/switch-to-pronto-powers-affordable-prepaid-electricity-plan-in-fairview\\\/#breadcrumb\"},\"inLanguage\":\"es\",\"potentialAction\":[{\"@type\":\"ReadAction\",\"target\":[\"https:\\\/\\\/powermepronto.com\\\/switch-to-pronto-powers-affordable-prepaid-electricity-plan-in-fairview\\\/\"]}]},{\"@type\":\"BreadcrumbList\",\"@id\":\"https:\\\/\\\/powermepronto.com\\\/switch-to-pronto-powers-affordable-prepaid-electricity-plan-in-fairview\\\/#breadcrumb\",\"itemListElement\":[{\"@type\":\"ListItem\",\"position\":1,\"name\":\"Home\",\"item\":\"https:\\\/\\\/powermepronto.com\\\/en\\\/\"},{\"@type\":\"ListItem\",\"position\":2,\"name\":\"Switch to Pronto Power\u2019s Affordable Prepaid Electricity Plan in Fairview\"}]},{\"@type\":\"WebSite\",\"@id\":\"https:\\\/\\\/powermepronto.com\\\/en\\\/#website\",\"url\":\"https:\\\/\\\/powermepronto.com\\\/en\\\/\",\"name\":\"Pronto Power\",\"description\":\"\",\"potentialAction\":[{\"@type\":\"SearchAction\",\"target\":{\"@type\":\"EntryPoint\",\"urlTemplate\":\"https:\\\/\\\/powermepronto.com\\\/en\\\/?s={search_term_string}\"},\"query-input\":{\"@type\":\"PropertyValueSpecification\",\"valueRequired\":true,\"valueName\":\"search_term_string\"}}],\"inLanguage\":\"es\"}]}<\/script>\n<!-- \/ Yoast SEO plugin. -->","yoast_head_json":{"title":"[:en] Switch to Pronto Power\u2019s Affordable Prepaid Electricity Plan in Fairview [:es] C\u00e1mbiate al asequible plan de electricidad prepagada de Pronto Power en Fairview[:] - Pronto Power","robots":{"index":"index","follow":"follow","max-snippet":"max-snippet:-1","max-image-preview":"max-image-preview:large","max-video-preview":"max-video-preview:-1"},"canonical":"https:\/\/powermepronto.com\/switch-to-pronto-powers-affordable-prepaid-electricity-plan-in-fairview\/","og_locale":"es_ES","og_type":"article","og_title":"[:en] Switch to Pronto Power\u2019s Affordable Prepaid Electricity Plan in Fairview [:es] C\u00e1mbiate al asequible plan de electricidad prepagada de Pronto Power en Fairview[:] - Pronto Power","og_description":"La temperatura est\u00e1 subiendo en Fairview, y ahora es la oportunidad perfecta para reducir su factura de electricidad con Pronto Power, la electricidad prepaga m\u00e1s barata de Fairview. Probablemente est\u00e9s pensando que has escuchado esa l\u00ednea antes: la mayor\u00eda de los proveedores afirman tener las tarifas de electricidad m\u00e1s baratas. A menudo, cuando ves que &hellip; Continue reading C\u00e1mbiate al asequible plan de electricidad prepagada de Pronto Power en Fairview","og_url":"https:\/\/powermepronto.com\/switch-to-pronto-powers-affordable-prepaid-electricity-plan-in-fairview\/","og_site_name":"Pronto Power","twitter_card":"summary_large_image","twitter_misc":{"Tiempo de lectura":"5 minutos"},"schema":{"@context":"https:\/\/schema.org","@graph":[{"@type":"WebPage","@id":"https:\/\/powermepronto.com\/switch-to-pronto-powers-affordable-prepaid-electricity-plan-in-fairview\/","url":"https:\/\/powermepronto.com\/switch-to-pronto-powers-affordable-prepaid-electricity-plan-in-fairview\/","name":"[:en] Switch to Pronto Power\u2019s Affordable Prepaid Electricity Plan in Fairview [:es] C\u00e1mbiate al asequible plan de electricidad prepagada de Pronto Power en Fairview[:] - Pronto Power","isPartOf":{"@id":"https:\/\/powermepronto.com\/en\/#website"},"datePublished":"2025-06-25T15:02:59+00:00","breadcrumb":{"@id":"https:\/\/powermepronto.com\/switch-to-pronto-powers-affordable-prepaid-electricity-plan-in-fairview\/#breadcrumb"},"inLanguage":"es","potentialAction":[{"@type":"ReadAction","target":["https:\/\/powermepronto.com\/switch-to-pronto-powers-affordable-prepaid-electricity-plan-in-fairview\/"]}]},{"@type":"BreadcrumbList","@id":"https:\/\/powermepronto.com\/switch-to-pronto-powers-affordable-prepaid-electricity-plan-in-fairview\/#breadcrumb","itemListElement":[{"@type":"ListItem","position":1,"name":"Home","item":"https:\/\/powermepronto.com\/en\/"},{"@type":"ListItem","position":2,"name":"Switch to Pronto Power\u2019s Affordable Prepaid Electricity Plan in Fairview"}]},{"@type":"WebSite","@id":"https:\/\/powermepronto.com\/en\/#website","url":"https:\/\/powermepronto.com\/en\/","name":"Pronto Power","description":"","potentialAction":[{"@type":"SearchAction","target":{"@type":"EntryPoint","urlTemplate":"https:\/\/powermepronto.com\/en\/?s={search_term_string}"},"query-input":{"@type":"PropertyValueSpecification","valueRequired":true,"valueName":"search_term_string"}}],"inLanguage":"es"}]}},"_links":{"self":[{"href":"https:\/\/powermepronto.com\/es\/wp-json\/wp\/v2\/pages\/4359","targetHints":{"allow":["GET"]}}],"collection":[{"href":"https:\/\/powermepronto.com\/es\/wp-json\/wp\/v2\/pages"}],"about":[{"href":"https:\/\/powermepronto.com\/es\/wp-json\/wp\/v2\/types\/page"}],"author":[{"embeddable":true,"href":"https:\/\/powermepronto.com\/es\/wp-json\/wp\/v2\/users\/1"}],"replies":[{"embeddable":true,"href":"https:\/\/powermepronto.com\/es\/wp-json\/wp\/v2\/comments?post=4359"}],"version-history":[{"count":1,"href":"https:\/\/powermepronto.com\/es\/wp-json\/wp\/v2\/pages\/4359\/revisions"}],"predecessor-version":[{"id":4360,"href":"https:\/\/powermepronto.com\/es\/wp-json\/wp\/v2\/pages\/4359\/revisions\/4360"}],"wp:attachment":[{"href":"https:\/\/powermepronto.com\/es\/wp-json\/wp\/v2\/media?parent=4359"}],"curies":[{"name":"wp","href":"https:\/\/api.w.org\/{rel}","templated":true}]}}