{"id":4355,"date":"2025-06-25T09:52:55","date_gmt":"2025-06-25T14:52:55","guid":{"rendered":"https:\/\/powermepronto.com\/?page_id=4355"},"modified":"2025-06-25T09:52:55","modified_gmt":"2025-06-25T14:52:55","slug":"choose-convenience-the-benefits-of-celina-no-deposit-electricity","status":"publish","type":"page","link":"https:\/\/powermepronto.com\/es\/choose-convenience-the-benefits-of-celina-no-deposit-electricity\/","title":{"rendered":"Elija la comodidad: los beneficios de la electricidad sin dep\u00f3sito de Celina"},"content":{"rendered":"<p>Cuando se inscribe para recibir el servicio en casi cualquier compa\u00f1\u00eda de servicios p\u00fablicos, a menudo se le exige que revele su n\u00famero de seguro social para que puedan realizar una verificaci\u00f3n de cr\u00e9dito. Esto se hace para determinar cu\u00e1nto dep\u00f3sito se requiere para comenzar el servicio. Esto no solo puede parecer invasivo, sino que tambi\u00e9n puede ser un desaf\u00edo para aquellos con puntajes de cr\u00e9dito bajos o aquellos que no tienen el dinero para pagar un dep\u00f3sito.<\/p>\n<p>\u00a1Afortunadamente, Pronto Power tiene una soluci\u00f3n! Su servicio de prepago te permite pagar por adelantado la electricidad que consumes, lo que significa que tu cuenta nunca estar\u00e1 atrasada. Dado que un dep\u00f3sito es una garant\u00eda contra el atraso en sus pagos, Pronto Power nunca tiene que cobrar un dep\u00f3sito. Es por eso que Pronto Power es el l\u00edder en electricidad sin dep\u00f3sito de Celina.<\/p>\n<h2>\u00a1Pronto Power para la victoria!<\/h2>\n<p>Si Pronto Power no requiere que los clientes de prepago paguen un dep\u00f3sito, seguramente las tarifas deben estar por las nubes, \u00bfverdad? \u00a1No! De hecho, las tarifas de Pronto Power no solo son las tarifas prepagas m\u00e1s bajas de Celina, sino de todo Texas.<\/p>\n<p>Las tarifas de los competidores pueden parecer m\u00e1s bajas a primera vista, pero esto se debe a que a menudo optan por \u00abcebar y cambiar\u00bb a sus clientes. Atraen a los clientes con tarifas bajas y, unos meses despu\u00e9s, aumentan las tarifas inesperadamente. Cuando llama para cancelar, le dicen que firm\u00f3 un contrato, y romper ese contrato le costar\u00e1 cientos de d\u00f3lares. \u00bfTe suena familiar?<\/p>\n<h2>Sin verificaciones de cr\u00e9dito, sin dep\u00f3sitos.<\/h2>\n<p>Con el servicio prepago de Pronto Power, no hay verificaciones de cr\u00e9dito, ni dep\u00f3sitos, ni cargos innecesarios. El \u00fanico costo de bolsillo es el dinero que agrega a su cuenta para comenzar a usar la electricidad. No se trata de una cuota de activaci\u00f3n, sino de dinero que se utiliza para alimentar tu casa.<\/p>\n<h2>Seguimiento del uso en tiempo real.<\/h2>\n<p>La aplicaci\u00f3n interactiva de Pronto Power le permite rastrear el medidor inteligente de su hogar en tiempo real. Cuando encienda el lavavajillas, observe c\u00f3mo el medidor se mueve m\u00e1s r\u00e1pido. Cuando apague el aire acondicionado, observe c\u00f3mo se mueve m\u00e1s lentamente. Cuando est\u00e1s a cargo de tu uso de energ\u00eda, tiendes a usar menos, lo que te ayuda a ahorrar dinero.<\/p>\n<p>La aplicaci\u00f3n tiene otra ventaja \u00fanica: puede usarla para cargar m\u00e1s fondos en su cuenta en cualquier momento. Ya sea que prefiera agregar dinero una vez al d\u00eda, una vez a la semana o una vez al mes, tiene la libertad y flexibilidad con Pronto Power. Siempre que su cuenta muestre un saldo positivo, incluso si es solo un centavo, su electricidad permanece encendida.<\/p>\n<h2>Si caes en tiempos dif\u00edciles\u2026<\/h2>\n<p>La vida pasa. A veces, su cuenta de Pronto Power se est\u00e1 agotando y falta una semana para el d\u00eda de pago. Simplemente llame al amable equipo de servicio al cliente de Pronto Power y ellos aplazar\u00e1n la facturaci\u00f3n hasta su pr\u00f3ximo cheque de pago para mantener su electricidad encendida. Es una ventaja m\u00e1s por ser cliente de Pronto Power.<\/p>\n<p>\u00bfEst\u00e1 listo para convertirse en el pr\u00f3ximo cliente satisfecho de Pronto Power y disfrutar de la electricidad sin dep\u00f3sito de Celina? \u00a1Llame al (844) 621-2852 hoy!<\/p>","protected":false},"excerpt":{"rendered":"<p>Cuando se inscribe para recibir el servicio en casi cualquier compa\u00f1\u00eda de servicios p\u00fablicos, a menudo se le exige que revele su n\u00famero de seguro social para que puedan realizar una verificaci\u00f3n de cr\u00e9dito. Esto se hace para determinar cu\u00e1nto dep\u00f3sito se requiere para comenzar el servicio. Esto no solo puede parecer invasivo, sino que &hellip; <a href=\"https:\/\/powermepronto.com\/es\/choose-convenience-the-benefits-of-celina-no-deposit-electricity\/\" class=\"more-link\">Continue reading <span class=\"screen-reader-text\">Elija la comodidad: los beneficios de la electricidad sin dep\u00f3sito de Celina<\/span><\/a><\/p>\n","protected":false},"author":1,"featured_media":0,"parent":0,"menu_order":0,"comment_status":"closed","ping_status":"closed","template":"","meta":{"_acf_changed":false,"_glsr_average":0,"_glsr_ranking":0,"_glsr_reviews":0,"footnotes":"","_links_to":"","_links_to_target":""},"class_list":["post-4355","page","type-page","status-publish","hentry"],"acf":[],"yoast_head":"<!-- This site is optimized with the Yoast SEO plugin v27.5 - https:\/\/yoast.com\/product\/yoast-seo-wordpress\/ -->\n<title>Elija la comodidad: los beneficios de la electricidad sin dep\u00f3sito de Celina - Pronto Power<\/title>\n<meta name=\"robots\" content=\"index, follow, max-snippet:-1, max-image-preview:large, max-video-preview:-1\" \/>\n<link rel=\"canonical\" href=\"https:\/\/powermepronto.com\/choose-convenience-the-benefits-of-celina-no-deposit-electricity\/\" \/>\n<meta property=\"og:locale\" content=\"es_ES\" \/>\n<meta property=\"og:type\" content=\"article\" \/>\n<meta property=\"og:title\" content=\"[:en] Choose Convenience: The Benefits of Celina No Deposit Electricity [:es] Elija la comodidad: los beneficios de la electricidad sin dep\u00f3sito de Celina[:] - Pronto Power\" \/>\n<meta property=\"og:description\" content=\"Cuando se inscribe para recibir el servicio en casi cualquier compa\u00f1\u00eda de servicios p\u00fablicos, a menudo se le exige que revele su n\u00famero de seguro social para que puedan realizar una verificaci\u00f3n de cr\u00e9dito. Esto se hace para determinar cu\u00e1nto dep\u00f3sito se requiere para comenzar el servicio. Esto no solo puede parecer invasivo, sino que &hellip; Continue reading Elija la comodidad: los beneficios de la electricidad sin dep\u00f3sito de Celina\" \/>\n<meta property=\"og:url\" content=\"https:\/\/powermepronto.com\/choose-convenience-the-benefits-of-celina-no-deposit-electricity\/\" \/>\n<meta property=\"og:site_name\" content=\"Pronto Power\" \/>\n<meta name=\"twitter:card\" content=\"summary_large_image\" \/>\n<meta name=\"twitter:label1\" content=\"Tiempo de lectura\" \/>\n\t<meta name=\"twitter:data1\" content=\"5 minutos\" \/>\n<script type=\"application\/ld+json\" class=\"yoast-schema-graph\">{\"@context\":\"https:\\\/\\\/schema.org\",\"@graph\":[{\"@type\":\"WebPage\",\"@id\":\"https:\\\/\\\/powermepronto.com\\\/choose-convenience-the-benefits-of-celina-no-deposit-electricity\\\/\",\"url\":\"https:\\\/\\\/powermepronto.com\\\/choose-convenience-the-benefits-of-celina-no-deposit-electricity\\\/\",\"name\":\"[:en] Choose Convenience: The Benefits of Celina No Deposit Electricity [:es] Elija la comodidad: los beneficios de la electricidad sin dep\u00f3sito de Celina[:] - Pronto Power\",\"isPartOf\":{\"@id\":\"https:\\\/\\\/powermepronto.com\\\/en\\\/#website\"},\"datePublished\":\"2025-06-25T14:52:55+00:00\",\"breadcrumb\":{\"@id\":\"https:\\\/\\\/powermepronto.com\\\/choose-convenience-the-benefits-of-celina-no-deposit-electricity\\\/#breadcrumb\"},\"inLanguage\":\"es\",\"potentialAction\":[{\"@type\":\"ReadAction\",\"target\":[\"https:\\\/\\\/powermepronto.com\\\/choose-convenience-the-benefits-of-celina-no-deposit-electricity\\\/\"]}]},{\"@type\":\"BreadcrumbList\",\"@id\":\"https:\\\/\\\/powermepronto.com\\\/choose-convenience-the-benefits-of-celina-no-deposit-electricity\\\/#breadcrumb\",\"itemListElement\":[{\"@type\":\"ListItem\",\"position\":1,\"name\":\"Home\",\"item\":\"https:\\\/\\\/powermepronto.com\\\/en\\\/\"},{\"@type\":\"ListItem\",\"position\":2,\"name\":\"Choose Convenience: The Benefits of Celina No Deposit Electricity\"}]},{\"@type\":\"WebSite\",\"@id\":\"https:\\\/\\\/powermepronto.com\\\/en\\\/#website\",\"url\":\"https:\\\/\\\/powermepronto.com\\\/en\\\/\",\"name\":\"Pronto Power\",\"description\":\"\",\"potentialAction\":[{\"@type\":\"SearchAction\",\"target\":{\"@type\":\"EntryPoint\",\"urlTemplate\":\"https:\\\/\\\/powermepronto.com\\\/en\\\/?s={search_term_string}\"},\"query-input\":{\"@type\":\"PropertyValueSpecification\",\"valueRequired\":true,\"valueName\":\"search_term_string\"}}],\"inLanguage\":\"es\"}]}<\/script>\n<!-- \/ Yoast SEO plugin. -->","yoast_head_json":{"title":"[:en] Choose Convenience: The Benefits of Celina No Deposit Electricity [:es] Elija la comodidad: los beneficios de la electricidad sin dep\u00f3sito de Celina[:] - Pronto Power","robots":{"index":"index","follow":"follow","max-snippet":"max-snippet:-1","max-image-preview":"max-image-preview:large","max-video-preview":"max-video-preview:-1"},"canonical":"https:\/\/powermepronto.com\/choose-convenience-the-benefits-of-celina-no-deposit-electricity\/","og_locale":"es_ES","og_type":"article","og_title":"[:en] Choose Convenience: The Benefits of Celina No Deposit Electricity [:es] Elija la comodidad: los beneficios de la electricidad sin dep\u00f3sito de Celina[:] - Pronto Power","og_description":"Cuando se inscribe para recibir el servicio en casi cualquier compa\u00f1\u00eda de servicios p\u00fablicos, a menudo se le exige que revele su n\u00famero de seguro social para que puedan realizar una verificaci\u00f3n de cr\u00e9dito. Esto se hace para determinar cu\u00e1nto dep\u00f3sito se requiere para comenzar el servicio. Esto no solo puede parecer invasivo, sino que &hellip; Continue reading Elija la comodidad: los beneficios de la electricidad sin dep\u00f3sito de Celina","og_url":"https:\/\/powermepronto.com\/choose-convenience-the-benefits-of-celina-no-deposit-electricity\/","og_site_name":"Pronto Power","twitter_card":"summary_large_image","twitter_misc":{"Tiempo de lectura":"5 minutos"},"schema":{"@context":"https:\/\/schema.org","@graph":[{"@type":"WebPage","@id":"https:\/\/powermepronto.com\/choose-convenience-the-benefits-of-celina-no-deposit-electricity\/","url":"https:\/\/powermepronto.com\/choose-convenience-the-benefits-of-celina-no-deposit-electricity\/","name":"[:en] Choose Convenience: The Benefits of Celina No Deposit Electricity [:es] Elija la comodidad: los beneficios de la electricidad sin dep\u00f3sito de Celina[:] - Pronto Power","isPartOf":{"@id":"https:\/\/powermepronto.com\/en\/#website"},"datePublished":"2025-06-25T14:52:55+00:00","breadcrumb":{"@id":"https:\/\/powermepronto.com\/choose-convenience-the-benefits-of-celina-no-deposit-electricity\/#breadcrumb"},"inLanguage":"es","potentialAction":[{"@type":"ReadAction","target":["https:\/\/powermepronto.com\/choose-convenience-the-benefits-of-celina-no-deposit-electricity\/"]}]},{"@type":"BreadcrumbList","@id":"https:\/\/powermepronto.com\/choose-convenience-the-benefits-of-celina-no-deposit-electricity\/#breadcrumb","itemListElement":[{"@type":"ListItem","position":1,"name":"Home","item":"https:\/\/powermepronto.com\/en\/"},{"@type":"ListItem","position":2,"name":"Choose Convenience: The Benefits of Celina No Deposit Electricity"}]},{"@type":"WebSite","@id":"https:\/\/powermepronto.com\/en\/#website","url":"https:\/\/powermepronto.com\/en\/","name":"Pronto Power","description":"","potentialAction":[{"@type":"SearchAction","target":{"@type":"EntryPoint","urlTemplate":"https:\/\/powermepronto.com\/en\/?s={search_term_string}"},"query-input":{"@type":"PropertyValueSpecification","valueRequired":true,"valueName":"search_term_string"}}],"inLanguage":"es"}]}},"_links":{"self":[{"href":"https:\/\/powermepronto.com\/es\/wp-json\/wp\/v2\/pages\/4355","targetHints":{"allow":["GET"]}}],"collection":[{"href":"https:\/\/powermepronto.com\/es\/wp-json\/wp\/v2\/pages"}],"about":[{"href":"https:\/\/powermepronto.com\/es\/wp-json\/wp\/v2\/types\/page"}],"author":[{"embeddable":true,"href":"https:\/\/powermepronto.com\/es\/wp-json\/wp\/v2\/users\/1"}],"replies":[{"embeddable":true,"href":"https:\/\/powermepronto.com\/es\/wp-json\/wp\/v2\/comments?post=4355"}],"version-history":[{"count":1,"href":"https:\/\/powermepronto.com\/es\/wp-json\/wp\/v2\/pages\/4355\/revisions"}],"predecessor-version":[{"id":4356,"href":"https:\/\/powermepronto.com\/es\/wp-json\/wp\/v2\/pages\/4355\/revisions\/4356"}],"wp:attachment":[{"href":"https:\/\/powermepronto.com\/es\/wp-json\/wp\/v2\/media?parent=4355"}],"curies":[{"name":"wp","href":"https:\/\/api.w.org\/{rel}","templated":true}]}}