{"id":4352,"date":"2025-06-24T12:51:32","date_gmt":"2025-06-24T17:51:32","guid":{"rendered":"https:\/\/powermepronto.com\/?page_id=4352"},"modified":"2025-06-24T12:51:32","modified_gmt":"2025-06-24T17:51:32","slug":"choose-affordable-austin-prepaid-power-from-pronto-power","status":"publish","type":"page","link":"https:\/\/powermepronto.com\/es\/choose-affordable-austin-prepaid-power-from-pronto-power\/","title":{"rendered":"Elija la energ\u00eda prepagada asequible de Austin de Pronto Power"},"content":{"rendered":"<p>Mudarse de casa en Austin no es barato, especialmente cuando se trata de elegir un proveedor de electricidad. La mayor\u00eda de las compa\u00f1\u00edas de servicios p\u00fablicos solicitan su n\u00famero de seguro social para realizar una verificaci\u00f3n de cr\u00e9dito y requieren que pague un dep\u00f3sito junto con varias otras tarifas para comenzar el servicio. A menudo es bastante molesto, y costoso. Afortunadamente, tienes otra opci\u00f3n: \u00a1energ\u00eda prepaga Austin de Pronto Power!<\/p>\n<h2>\u00bfAustin tiene energ\u00eda prepaga?<\/h2>\n<p>Gracias al mercado de electricidad desregulado en Texas, puedes elegir entre energ\u00eda tradicional y prepaga. El plan prepago de Pronto Power es una manera fant\u00e1stica de disfrutar del servicio el\u00e9ctrico sin tener que pagar tarifas por adelantado. Debido a que paga por adelantado por el servicio que utiliza, su cuenta de Pronto Power nunca estar\u00e1 atrasada, y eso significa que no se requieren verificaciones de cr\u00e9dito ni dep\u00f3sitos.<\/p>\n<p>Para comenzar el servicio, todo lo que necesita es un tel\u00e9fono. El equipo de servicio al cliente de Pronto Power lo guiar\u00e1 a trav\u00e9s del proceso de descargar la aplicaci\u00f3n m\u00f3vil en su tel\u00e9fono y conectarla al medidor inteligente de su hogar. Una vez que la aplicaci\u00f3n est\u00e1 conectada, puede monitorear su uso de energ\u00eda desde cualquier lugar. Tambi\u00e9n puede cargar fondos en su cuenta desde su tel\u00e9fono en cualquier momento, de d\u00eda o de noche.<\/p>\n<h2>\u00bfPor qu\u00e9 elegir Pronto Power en lugar de otros proveedores?<\/h2>\n<p>Ahora que entiendes c\u00f3mo funciona la energ\u00eda prepaga, hablemos de las tarifas. Podr\u00eda suponer que el conveniente servicio sin dep\u00f3sito de Pronto Power significa tarifas m\u00e1s altas por kilovatio-hora, pero este no es el caso. Pronto Power ofrece algunas de las tarifas de electricidad prepagada m\u00e1s bajas no solo en Austin, sino en todo el estado de Texas.<\/p>\n<h2>El tiempo est\u00e1 de tu lado<\/h2>\n<p>A diferencia de otras compa\u00f1\u00edas de servicios p\u00fablicos, registrarse para el servicio con Pronto Power es r\u00e1pido y f\u00e1cil. Si su hogar es uno del 98% de los hogares en Texas equipados con un medidor inteligente, conectar su servicio toma menos de 60 minutos. Es la promesa de \u00abpotencia en una hora\u00bb de Pronto Power. Esto significa que desde el momento en que hable con un representante de servicio al cliente hasta el momento en que su hogar tenga electricidad, solo habr\u00e1 pasado una hora.<\/p>\n<p>\u00bfEst\u00e1 listo para ser el pr\u00f3ximo cliente satisfecho de Pronto Power? \u00a1Llame a su l\u00edder de energ\u00eda prepagada de Austin, Pronto Power, hoy al (888) 234-1373 y disfrute de la comodidad y flexibilidad de la electricidad asequible!<\/p>","protected":false},"excerpt":{"rendered":"<p>Mudarse de casa en Austin no es barato, especialmente cuando se trata de elegir un proveedor de electricidad. La mayor\u00eda de las compa\u00f1\u00edas de servicios p\u00fablicos solicitan su n\u00famero de seguro social para realizar una verificaci\u00f3n de cr\u00e9dito y requieren que pague un dep\u00f3sito junto con varias otras tarifas para comenzar el servicio. A menudo &hellip; <a href=\"https:\/\/powermepronto.com\/es\/choose-affordable-austin-prepaid-power-from-pronto-power\/\" class=\"more-link\">Continue reading <span class=\"screen-reader-text\">Elija la energ\u00eda prepagada asequible de Austin de Pronto Power<\/span><\/a><\/p>\n","protected":false},"author":1,"featured_media":0,"parent":0,"menu_order":0,"comment_status":"closed","ping_status":"closed","template":"","meta":{"_acf_changed":false,"_glsr_average":0,"_glsr_ranking":0,"_glsr_reviews":0,"footnotes":"","_links_to":"","_links_to_target":""},"class_list":["post-4352","page","type-page","status-publish","hentry"],"acf":[],"yoast_head":"<!-- This site is optimized with the Yoast SEO plugin v27.4 - https:\/\/yoast.com\/product\/yoast-seo-wordpress\/ -->\n<title>Elija la energ\u00eda prepagada asequible de Austin de Pronto Power - Pronto Power<\/title>\n<meta name=\"robots\" content=\"index, follow, max-snippet:-1, max-image-preview:large, max-video-preview:-1\" \/>\n<link rel=\"canonical\" href=\"https:\/\/powermepronto.com\/choose-affordable-austin-prepaid-power-from-pronto-power\/\" \/>\n<meta property=\"og:locale\" content=\"es_ES\" \/>\n<meta property=\"og:type\" content=\"article\" \/>\n<meta property=\"og:title\" content=\"[:en] Choose Affordable Austin Prepaid Power from Pronto Power [:es] Elija la energ\u00eda prepagada asequible de Austin de Pronto Power[:] - Pronto Power\" \/>\n<meta property=\"og:description\" content=\"Mudarse de casa en Austin no es barato, especialmente cuando se trata de elegir un proveedor de electricidad. La mayor\u00eda de las compa\u00f1\u00edas de servicios p\u00fablicos solicitan su n\u00famero de seguro social para realizar una verificaci\u00f3n de cr\u00e9dito y requieren que pague un dep\u00f3sito junto con varias otras tarifas para comenzar el servicio. A menudo &hellip; Continue reading Elija la energ\u00eda prepagada asequible de Austin de Pronto Power\" \/>\n<meta property=\"og:url\" content=\"https:\/\/powermepronto.com\/choose-affordable-austin-prepaid-power-from-pronto-power\/\" \/>\n<meta property=\"og:site_name\" content=\"Pronto Power\" \/>\n<meta name=\"twitter:card\" content=\"summary_large_image\" \/>\n<meta name=\"twitter:label1\" content=\"Tiempo de lectura\" \/>\n\t<meta name=\"twitter:data1\" content=\"4 minutos\" \/>\n<script type=\"application\/ld+json\" class=\"yoast-schema-graph\">{\"@context\":\"https:\\\/\\\/schema.org\",\"@graph\":[{\"@type\":\"WebPage\",\"@id\":\"https:\\\/\\\/powermepronto.com\\\/choose-affordable-austin-prepaid-power-from-pronto-power\\\/\",\"url\":\"https:\\\/\\\/powermepronto.com\\\/choose-affordable-austin-prepaid-power-from-pronto-power\\\/\",\"name\":\"[:en] Choose Affordable Austin Prepaid Power from Pronto Power [:es] Elija la energ\u00eda prepagada asequible de Austin de Pronto Power[:] - Pronto Power\",\"isPartOf\":{\"@id\":\"https:\\\/\\\/powermepronto.com\\\/en\\\/#website\"},\"datePublished\":\"2025-06-24T17:51:32+00:00\",\"breadcrumb\":{\"@id\":\"https:\\\/\\\/powermepronto.com\\\/choose-affordable-austin-prepaid-power-from-pronto-power\\\/#breadcrumb\"},\"inLanguage\":\"es\",\"potentialAction\":[{\"@type\":\"ReadAction\",\"target\":[\"https:\\\/\\\/powermepronto.com\\\/choose-affordable-austin-prepaid-power-from-pronto-power\\\/\"]}]},{\"@type\":\"BreadcrumbList\",\"@id\":\"https:\\\/\\\/powermepronto.com\\\/choose-affordable-austin-prepaid-power-from-pronto-power\\\/#breadcrumb\",\"itemListElement\":[{\"@type\":\"ListItem\",\"position\":1,\"name\":\"Home\",\"item\":\"https:\\\/\\\/powermepronto.com\\\/en\\\/\"},{\"@type\":\"ListItem\",\"position\":2,\"name\":\"Choose Affordable Austin Prepaid Power from Pronto Power\"}]},{\"@type\":\"WebSite\",\"@id\":\"https:\\\/\\\/powermepronto.com\\\/en\\\/#website\",\"url\":\"https:\\\/\\\/powermepronto.com\\\/en\\\/\",\"name\":\"Pronto Power\",\"description\":\"\",\"potentialAction\":[{\"@type\":\"SearchAction\",\"target\":{\"@type\":\"EntryPoint\",\"urlTemplate\":\"https:\\\/\\\/powermepronto.com\\\/en\\\/?s={search_term_string}\"},\"query-input\":{\"@type\":\"PropertyValueSpecification\",\"valueRequired\":true,\"valueName\":\"search_term_string\"}}],\"inLanguage\":\"es\"}]}<\/script>\n<!-- \/ Yoast SEO plugin. -->","yoast_head_json":{"title":"[:en] Choose Affordable Austin Prepaid Power from Pronto Power [:es] Elija la energ\u00eda prepagada asequible de Austin de Pronto Power[:] - Pronto Power","robots":{"index":"index","follow":"follow","max-snippet":"max-snippet:-1","max-image-preview":"max-image-preview:large","max-video-preview":"max-video-preview:-1"},"canonical":"https:\/\/powermepronto.com\/choose-affordable-austin-prepaid-power-from-pronto-power\/","og_locale":"es_ES","og_type":"article","og_title":"[:en] Choose Affordable Austin Prepaid Power from Pronto Power [:es] Elija la energ\u00eda prepagada asequible de Austin de Pronto Power[:] - Pronto Power","og_description":"Mudarse de casa en Austin no es barato, especialmente cuando se trata de elegir un proveedor de electricidad. La mayor\u00eda de las compa\u00f1\u00edas de servicios p\u00fablicos solicitan su n\u00famero de seguro social para realizar una verificaci\u00f3n de cr\u00e9dito y requieren que pague un dep\u00f3sito junto con varias otras tarifas para comenzar el servicio. A menudo &hellip; Continue reading Elija la energ\u00eda prepagada asequible de Austin de Pronto Power","og_url":"https:\/\/powermepronto.com\/choose-affordable-austin-prepaid-power-from-pronto-power\/","og_site_name":"Pronto Power","twitter_card":"summary_large_image","twitter_misc":{"Tiempo de lectura":"4 minutos"},"schema":{"@context":"https:\/\/schema.org","@graph":[{"@type":"WebPage","@id":"https:\/\/powermepronto.com\/choose-affordable-austin-prepaid-power-from-pronto-power\/","url":"https:\/\/powermepronto.com\/choose-affordable-austin-prepaid-power-from-pronto-power\/","name":"[:en] Choose Affordable Austin Prepaid Power from Pronto Power [:es] Elija la energ\u00eda prepagada asequible de Austin de Pronto Power[:] - Pronto Power","isPartOf":{"@id":"https:\/\/powermepronto.com\/en\/#website"},"datePublished":"2025-06-24T17:51:32+00:00","breadcrumb":{"@id":"https:\/\/powermepronto.com\/choose-affordable-austin-prepaid-power-from-pronto-power\/#breadcrumb"},"inLanguage":"es","potentialAction":[{"@type":"ReadAction","target":["https:\/\/powermepronto.com\/choose-affordable-austin-prepaid-power-from-pronto-power\/"]}]},{"@type":"BreadcrumbList","@id":"https:\/\/powermepronto.com\/choose-affordable-austin-prepaid-power-from-pronto-power\/#breadcrumb","itemListElement":[{"@type":"ListItem","position":1,"name":"Home","item":"https:\/\/powermepronto.com\/en\/"},{"@type":"ListItem","position":2,"name":"Choose Affordable Austin Prepaid Power from Pronto Power"}]},{"@type":"WebSite","@id":"https:\/\/powermepronto.com\/en\/#website","url":"https:\/\/powermepronto.com\/en\/","name":"Pronto Power","description":"","potentialAction":[{"@type":"SearchAction","target":{"@type":"EntryPoint","urlTemplate":"https:\/\/powermepronto.com\/en\/?s={search_term_string}"},"query-input":{"@type":"PropertyValueSpecification","valueRequired":true,"valueName":"search_term_string"}}],"inLanguage":"es"}]}},"_links":{"self":[{"href":"https:\/\/powermepronto.com\/es\/wp-json\/wp\/v2\/pages\/4352","targetHints":{"allow":["GET"]}}],"collection":[{"href":"https:\/\/powermepronto.com\/es\/wp-json\/wp\/v2\/pages"}],"about":[{"href":"https:\/\/powermepronto.com\/es\/wp-json\/wp\/v2\/types\/page"}],"author":[{"embeddable":true,"href":"https:\/\/powermepronto.com\/es\/wp-json\/wp\/v2\/users\/1"}],"replies":[{"embeddable":true,"href":"https:\/\/powermepronto.com\/es\/wp-json\/wp\/v2\/comments?post=4352"}],"version-history":[{"count":1,"href":"https:\/\/powermepronto.com\/es\/wp-json\/wp\/v2\/pages\/4352\/revisions"}],"predecessor-version":[{"id":4353,"href":"https:\/\/powermepronto.com\/es\/wp-json\/wp\/v2\/pages\/4352\/revisions\/4353"}],"wp:attachment":[{"href":"https:\/\/powermepronto.com\/es\/wp-json\/wp\/v2\/media?parent=4352"}],"curies":[{"name":"wp","href":"https:\/\/api.w.org\/{rel}","templated":true}]}}