{"id":4347,"date":"2025-06-24T12:48:18","date_gmt":"2025-06-24T17:48:18","guid":{"rendered":"https:\/\/powermepronto.com\/?page_id=4347"},"modified":"2025-06-24T12:50:26","modified_gmt":"2025-06-24T17:50:26","slug":"the-convenience-of-electricity-in-anna-with-no-credit-checks","status":"publish","type":"page","link":"https:\/\/powermepronto.com\/es\/the-convenience-of-electricity-in-anna-with-no-credit-checks\/","title":{"rendered":"La comodidad de la electricidad en Anna sin verificaciones de cr\u00e9dito"},"content":{"rendered":"<p>Casi todas las compa\u00f1\u00edas de servicios p\u00fablicos tienen la misma f\u00f3rmula: registrarse, dar su nformaci\u00f3n personal, averiguar cu\u00e1nto es su dep\u00f3sito, pagar una tarifa de conexi\u00f3n y esperar una semana a que un t\u00e9cnico visite su hogar para conectar su servicio. No siempre es el proceso m\u00e1s conveniente.<\/p>\n<p>El proveedor de electricidad sin verificaci\u00f3n de cr\u00e9dito en Anna, Pronto Power, tiene una filosof\u00eda diferente: pague por adelantado por su servicio y elimine las tarifas de conexi\u00f3n, las verificaciones de cr\u00e9dito y los dep\u00f3sitos. Con la energ\u00eda prepagada de Pronto Power, disfrutar\u00e1s de una conexi\u00f3n de servicio en 60 minutos, siempre y cuando tu hogar tenga un medidor inteligente. Esa es la \u00abPromesa de energ\u00eda dentro de la hora\u00bb para el 98% de los hogares de Texas con un medidor inteligente.<\/p>\n<h2>Unas palabras sobre las verificaciones de cr\u00e9dito<\/h2>\n<p>Las compa\u00f1\u00edas de servicios p\u00fablicos utilizan las verificaciones de cr\u00e9dito para determinar si sus clientes tendr\u00e1n que pagar un dep\u00f3sito, lo que significa que tendr\u00e1s que revelar tu n\u00famero de seguro social. Si su cr\u00e9dito es bajo o limitado, el dep\u00f3sito puede ser elevado. Como cliente prepagado de Pronto Power, no hay verificaciones de cr\u00e9dito ni dep\u00f3sitos porque pagas por adelantado la electricidad que consumes. Dado que su cuenta nunca est\u00e1 en mora, no es necesario un dep\u00f3sito para garantizar contra el incumplimiento.<\/p>\n<h2>C\u00f3mo funciona el servicio<\/h2>\n<p>A las 7:00 de la ma\u00f1ana, recibir\u00e1s un mensaje de texto o un correo electr\u00f3nico avis\u00e1ndote de los fondos que quedan en tu cuenta. Es su decisi\u00f3n si desea agregar m\u00e1s fondos en ese momento o esperar hasta una fecha posterior. Mientras tenga al menos un centavo en su cuenta, su servicio permanece activo. Esto significa que puede agregar fondos diariamente, semanalmente o mensualmente, cuando sea m\u00e1s conveniente para usted.<\/p>\n<p>Algunos meses son m\u00e1s dif\u00edciles que otros, y su cuenta bancaria puede ser m\u00e1s baja que su saldo de Pronto Power. Si no puedes pagar tu servicio cuando se est\u00e1 agotando, llama a nuestro amable equipo de atenci\u00f3n al cliente y pide que se aplace tu pago. Este servicio es gratuito y le permite mantener el flujo de energ\u00eda en su hogar hasta que llegue su pr\u00f3ximo cheque de pago. \u00a1Es otra ventaja de ser cliente de Pronto Power!<\/p>\n<p>\u00bfEst\u00e1s listo para cambiar tu servicio a electricidad sin verificaci\u00f3n de cr\u00e9dito en Anna inscribi\u00e9ndote en Pronto Power? Ll\u00e1menos hoy al (888) 234-1373 y disfrute de un servicio conveniente a las tarifas m\u00e1s bajas de Texas.<\/p>","protected":false},"excerpt":{"rendered":"<p>Casi todas las compa\u00f1\u00edas de servicios p\u00fablicos tienen la misma f\u00f3rmula: registrarse, dar su nformaci\u00f3n personal, averiguar cu\u00e1nto es su dep\u00f3sito, pagar una tarifa de conexi\u00f3n y esperar una semana a que un t\u00e9cnico visite su hogar para conectar su servicio. No siempre es el proceso m\u00e1s conveniente. El proveedor de electricidad sin verificaci\u00f3n de &hellip; <a href=\"https:\/\/powermepronto.com\/es\/the-convenience-of-electricity-in-anna-with-no-credit-checks\/\" class=\"more-link\">Continue reading <span class=\"screen-reader-text\">La comodidad de la electricidad en Anna sin verificaciones de cr\u00e9dito<\/span><\/a><\/p>\n","protected":false},"author":1,"featured_media":0,"parent":0,"menu_order":0,"comment_status":"closed","ping_status":"closed","template":"","meta":{"_acf_changed":false,"_glsr_average":0,"_glsr_ranking":0,"_glsr_reviews":0,"footnotes":"","_links_to":"","_links_to_target":""},"class_list":["post-4347","page","type-page","status-publish","hentry"],"acf":[],"yoast_head":"<!-- This site is optimized with the Yoast SEO plugin v27.4 - https:\/\/yoast.com\/product\/yoast-seo-wordpress\/ -->\n<title>La comodidad de la electricidad en Anna sin verificaciones de cr\u00e9dito - Pronto Power<\/title>\n<meta name=\"robots\" content=\"index, follow, max-snippet:-1, max-image-preview:large, max-video-preview:-1\" \/>\n<link rel=\"canonical\" href=\"https:\/\/powermepronto.com\/the-convenience-of-electricity-in-anna-with-no-credit-checks\/\" \/>\n<meta property=\"og:locale\" content=\"es_ES\" \/>\n<meta property=\"og:type\" content=\"article\" \/>\n<meta property=\"og:title\" content=\"[:en] The Convenience of Electricity in Anna With No Credit Checks [:es] La comodidad de la electricidad en Anna sin verificaciones de cr\u00e9dito[:] - Pronto Power\" \/>\n<meta property=\"og:description\" content=\"Casi todas las compa\u00f1\u00edas de servicios p\u00fablicos tienen la misma f\u00f3rmula: registrarse, dar su nformaci\u00f3n personal, averiguar cu\u00e1nto es su dep\u00f3sito, pagar una tarifa de conexi\u00f3n y esperar una semana a que un t\u00e9cnico visite su hogar para conectar su servicio. No siempre es el proceso m\u00e1s conveniente. El proveedor de electricidad sin verificaci\u00f3n de &hellip; Continue reading La comodidad de la electricidad en Anna sin verificaciones de cr\u00e9dito\" \/>\n<meta property=\"og:url\" content=\"https:\/\/powermepronto.com\/the-convenience-of-electricity-in-anna-with-no-credit-checks\/\" \/>\n<meta property=\"og:site_name\" content=\"Pronto Power\" \/>\n<meta property=\"article:modified_time\" content=\"2025-06-24T17:50:26+00:00\" \/>\n<meta name=\"twitter:card\" content=\"summary_large_image\" \/>\n<meta name=\"twitter:label1\" content=\"Tiempo de lectura\" \/>\n\t<meta name=\"twitter:data1\" content=\"4 minutos\" \/>\n<script type=\"application\/ld+json\" class=\"yoast-schema-graph\">{\"@context\":\"https:\\\/\\\/schema.org\",\"@graph\":[{\"@type\":\"WebPage\",\"@id\":\"https:\\\/\\\/powermepronto.com\\\/the-convenience-of-electricity-in-anna-with-no-credit-checks\\\/\",\"url\":\"https:\\\/\\\/powermepronto.com\\\/the-convenience-of-electricity-in-anna-with-no-credit-checks\\\/\",\"name\":\"[:en] The Convenience of Electricity in Anna With No Credit Checks [:es] La comodidad de la electricidad en Anna sin verificaciones de cr\u00e9dito[:] - Pronto Power\",\"isPartOf\":{\"@id\":\"https:\\\/\\\/powermepronto.com\\\/en\\\/#website\"},\"datePublished\":\"2025-06-24T17:48:18+00:00\",\"dateModified\":\"2025-06-24T17:50:26+00:00\",\"breadcrumb\":{\"@id\":\"https:\\\/\\\/powermepronto.com\\\/the-convenience-of-electricity-in-anna-with-no-credit-checks\\\/#breadcrumb\"},\"inLanguage\":\"es\",\"potentialAction\":[{\"@type\":\"ReadAction\",\"target\":[\"https:\\\/\\\/powermepronto.com\\\/the-convenience-of-electricity-in-anna-with-no-credit-checks\\\/\"]}]},{\"@type\":\"BreadcrumbList\",\"@id\":\"https:\\\/\\\/powermepronto.com\\\/the-convenience-of-electricity-in-anna-with-no-credit-checks\\\/#breadcrumb\",\"itemListElement\":[{\"@type\":\"ListItem\",\"position\":1,\"name\":\"Home\",\"item\":\"https:\\\/\\\/powermepronto.com\\\/en\\\/\"},{\"@type\":\"ListItem\",\"position\":2,\"name\":\"The Convenience of Electricity in Anna With No Credit Checks\"}]},{\"@type\":\"WebSite\",\"@id\":\"https:\\\/\\\/powermepronto.com\\\/en\\\/#website\",\"url\":\"https:\\\/\\\/powermepronto.com\\\/en\\\/\",\"name\":\"Pronto Power\",\"description\":\"\",\"potentialAction\":[{\"@type\":\"SearchAction\",\"target\":{\"@type\":\"EntryPoint\",\"urlTemplate\":\"https:\\\/\\\/powermepronto.com\\\/en\\\/?s={search_term_string}\"},\"query-input\":{\"@type\":\"PropertyValueSpecification\",\"valueRequired\":true,\"valueName\":\"search_term_string\"}}],\"inLanguage\":\"es\"}]}<\/script>\n<!-- \/ Yoast SEO plugin. -->","yoast_head_json":{"title":"[:en] The Convenience of Electricity in Anna With No Credit Checks [:es] La comodidad de la electricidad en Anna sin verificaciones de cr\u00e9dito[:] - Pronto Power","robots":{"index":"index","follow":"follow","max-snippet":"max-snippet:-1","max-image-preview":"max-image-preview:large","max-video-preview":"max-video-preview:-1"},"canonical":"https:\/\/powermepronto.com\/the-convenience-of-electricity-in-anna-with-no-credit-checks\/","og_locale":"es_ES","og_type":"article","og_title":"[:en] The Convenience of Electricity in Anna With No Credit Checks [:es] La comodidad de la electricidad en Anna sin verificaciones de cr\u00e9dito[:] - Pronto Power","og_description":"Casi todas las compa\u00f1\u00edas de servicios p\u00fablicos tienen la misma f\u00f3rmula: registrarse, dar su nformaci\u00f3n personal, averiguar cu\u00e1nto es su dep\u00f3sito, pagar una tarifa de conexi\u00f3n y esperar una semana a que un t\u00e9cnico visite su hogar para conectar su servicio. No siempre es el proceso m\u00e1s conveniente. El proveedor de electricidad sin verificaci\u00f3n de &hellip; Continue reading La comodidad de la electricidad en Anna sin verificaciones de cr\u00e9dito","og_url":"https:\/\/powermepronto.com\/the-convenience-of-electricity-in-anna-with-no-credit-checks\/","og_site_name":"Pronto Power","article_modified_time":"2025-06-24T17:50:26+00:00","twitter_card":"summary_large_image","twitter_misc":{"Tiempo de lectura":"4 minutos"},"schema":{"@context":"https:\/\/schema.org","@graph":[{"@type":"WebPage","@id":"https:\/\/powermepronto.com\/the-convenience-of-electricity-in-anna-with-no-credit-checks\/","url":"https:\/\/powermepronto.com\/the-convenience-of-electricity-in-anna-with-no-credit-checks\/","name":"[:en] The Convenience of Electricity in Anna With No Credit Checks [:es] La comodidad de la electricidad en Anna sin verificaciones de cr\u00e9dito[:] - Pronto Power","isPartOf":{"@id":"https:\/\/powermepronto.com\/en\/#website"},"datePublished":"2025-06-24T17:48:18+00:00","dateModified":"2025-06-24T17:50:26+00:00","breadcrumb":{"@id":"https:\/\/powermepronto.com\/the-convenience-of-electricity-in-anna-with-no-credit-checks\/#breadcrumb"},"inLanguage":"es","potentialAction":[{"@type":"ReadAction","target":["https:\/\/powermepronto.com\/the-convenience-of-electricity-in-anna-with-no-credit-checks\/"]}]},{"@type":"BreadcrumbList","@id":"https:\/\/powermepronto.com\/the-convenience-of-electricity-in-anna-with-no-credit-checks\/#breadcrumb","itemListElement":[{"@type":"ListItem","position":1,"name":"Home","item":"https:\/\/powermepronto.com\/en\/"},{"@type":"ListItem","position":2,"name":"The Convenience of Electricity in Anna With No Credit Checks"}]},{"@type":"WebSite","@id":"https:\/\/powermepronto.com\/en\/#website","url":"https:\/\/powermepronto.com\/en\/","name":"Pronto Power","description":"","potentialAction":[{"@type":"SearchAction","target":{"@type":"EntryPoint","urlTemplate":"https:\/\/powermepronto.com\/en\/?s={search_term_string}"},"query-input":{"@type":"PropertyValueSpecification","valueRequired":true,"valueName":"search_term_string"}}],"inLanguage":"es"}]}},"_links":{"self":[{"href":"https:\/\/powermepronto.com\/es\/wp-json\/wp\/v2\/pages\/4347","targetHints":{"allow":["GET"]}}],"collection":[{"href":"https:\/\/powermepronto.com\/es\/wp-json\/wp\/v2\/pages"}],"about":[{"href":"https:\/\/powermepronto.com\/es\/wp-json\/wp\/v2\/types\/page"}],"author":[{"embeddable":true,"href":"https:\/\/powermepronto.com\/es\/wp-json\/wp\/v2\/users\/1"}],"replies":[{"embeddable":true,"href":"https:\/\/powermepronto.com\/es\/wp-json\/wp\/v2\/comments?post=4347"}],"version-history":[{"count":2,"href":"https:\/\/powermepronto.com\/es\/wp-json\/wp\/v2\/pages\/4347\/revisions"}],"predecessor-version":[{"id":4351,"href":"https:\/\/powermepronto.com\/es\/wp-json\/wp\/v2\/pages\/4347\/revisions\/4351"}],"wp:attachment":[{"href":"https:\/\/powermepronto.com\/es\/wp-json\/wp\/v2\/media?parent=4347"}],"curies":[{"name":"wp","href":"https:\/\/api.w.org\/{rel}","templated":true}]}}