{"id":4330,"date":"2025-06-16T14:58:10","date_gmt":"2025-06-16T19:58:10","guid":{"rendered":"https:\/\/powermepronto.com\/?page_id=4330"},"modified":"2025-06-16T14:58:10","modified_gmt":"2025-06-16T19:58:10","slug":"switch-to-the-best-watauga-no-deposit-electric-company","status":"publish","type":"page","link":"https:\/\/powermepronto.com\/es\/switch-to-the-best-watauga-no-deposit-electric-company\/","title":{"rendered":"C\u00e1mbiate a la mejor compa\u00f1\u00eda el\u00e9ctrica sin dep\u00f3sito de Watauga"},"content":{"rendered":"<p>Si ha estado buscando el mejor proveedor de energ\u00eda, sabe que la competencia es feroz. \u00bfC\u00f3mo decide qu\u00e9 proveedor se adapta mejor a sus necesidades? No busque m\u00e1s all\u00e1 de la compa\u00f1\u00eda de electricidad sin dep\u00f3sito de Watauga, Pronto Power.<\/p>\n<h2>\u00bfDijiste que no hab\u00eda dep\u00f3sito?<\/h2>\n<p>\u00bfC\u00f3mo es que Pronto Power no requiere un dep\u00f3sito para comenzar su servicio cuando todas las dem\u00e1s compa\u00f1\u00edas de servicios p\u00fablicos lo han exigido tan pronto como realizan una verificaci\u00f3n de cr\u00e9dito? La respuesta es sencilla: servicio de prepago. Para usted, esto significa que paga por adelantado por su uso y no hay una factura considerable al final del ciclo de facturaci\u00f3n. Para Pronto Power, significa que su cuenta nunca est\u00e1 atrasada y que no es necesario ning\u00fan dep\u00f3sito para ning\u00fan cliente prepago.<\/p>\n<p>Con el servicio prepago de Pronto Power, carga fondos en su cuenta y luego descarga una aplicaci\u00f3n para realizar un seguimiento de su uso. El dinero que agregue paga su uso de energ\u00eda. Cada vez que enciende la tostadora o el microondas, puede ver c\u00f3mo su uso aumenta en tiempo real desde su tel\u00e9fono a medida que los n\u00fameros de su medidor de energ\u00eda se mueven m\u00e1s r\u00e1pido. Apague el lavavajillas y el medidor se mover\u00e1 m\u00e1s lentamente. Usted tiene el control de su uso. Los estudios han demostrado que los clientes que son conscientes de su uso tienden a usar mucha menos electricidad, lo que les ayuda a ahorrar dinero en el camino.<\/p>\n<p>La aplicaci\u00f3n m\u00f3vil tambi\u00e9n le permite realizar un seguimiento de la cantidad de fondos en su cuenta. Con la energ\u00eda prepagada, tu energ\u00eda permanece encendida siempre y cuando tengas al menos 1\u00a2 en tu cuenta. Puede agregar m\u00e1s fondos en cualquier momento, en lugar de pagar la electricidad en un horario mensual r\u00edgido. Esto hace que sea m\u00e1s f\u00e1cil para usted presupuestar su cheque de pago, ya que puede determinar cu\u00e1nto desea pagar por la electricidad cada d\u00eda, semana o per\u00edodo de pago.<\/p>\n<h2>Actualizaciones gratuitas<\/h2>\n<p>Todas las ma\u00f1anas, recibe un mensaje de texto o correo electr\u00f3nico con informaci\u00f3n sobre su uso, la cantidad de fondos en su cuenta y c\u00f3mo pagar directamente desde la aplicaci\u00f3n. Los fondos se transfieren f\u00e1cilmente de su cuenta bancaria a su cuenta Pronto Power con solo tocar un bot\u00f3n para mantener su generaci\u00f3n de electricidad.<\/p>\n<p>Sin embargo, entendemos que algunos meses son m\u00e1s frustrantes que otros. Si tienes dificultades financieras y no puedes agregar fondos a tu cuenta de Pronto Power, comun\u00edcate con nuestro amable equipo de servicio al cliente. Su cuenta se aplazar\u00e1 hasta su pr\u00f3ximo cheque de pago para darle la oportunidad de ponerse al d\u00eda. Consid\u00e9ralo una de las muchas ventajas de ser un valioso cliente de prepago de Pronto Power.<\/p>\n<p>\u00bfEst\u00e1 listo para ser el pr\u00f3ximo cliente satisfecho de la compa\u00f1\u00eda el\u00e9ctrica sin dep\u00f3sito de Watauga ? Llame a los representantes de servicio al cliente de Pronto Power hoy al (844) 621- 2852 y, siempre que su hogar tenga un medidor inteligente, su servicio puede comenzar en 60 minutos. Es la promesa de \u00abenerg\u00eda en una hora\u00bb de Pronto Power y se mantiene fiel al 98% de los hogares de Texas equipados con un medidor inteligente.<\/p>","protected":false},"excerpt":{"rendered":"<p>Si ha estado buscando el mejor proveedor de energ\u00eda, sabe que la competencia es feroz. \u00bfC\u00f3mo decide qu\u00e9 proveedor se adapta mejor a sus necesidades? No busque m\u00e1s all\u00e1 de la compa\u00f1\u00eda de electricidad sin dep\u00f3sito de Watauga, Pronto Power. \u00bfDijiste que no hab\u00eda dep\u00f3sito? \u00bfC\u00f3mo es que Pronto Power no requiere un dep\u00f3sito para &hellip; <a href=\"https:\/\/powermepronto.com\/es\/switch-to-the-best-watauga-no-deposit-electric-company\/\" class=\"more-link\">Continue reading <span class=\"screen-reader-text\">C\u00e1mbiate a la mejor compa\u00f1\u00eda el\u00e9ctrica sin dep\u00f3sito de Watauga<\/span><\/a><\/p>\n","protected":false},"author":1,"featured_media":0,"parent":0,"menu_order":0,"comment_status":"closed","ping_status":"closed","template":"","meta":{"_acf_changed":false,"_glsr_average":0,"_glsr_ranking":0,"_glsr_reviews":0,"footnotes":"","_links_to":"","_links_to_target":""},"class_list":["post-4330","page","type-page","status-publish","hentry"],"acf":[],"yoast_head":"<!-- This site is optimized with the Yoast SEO plugin v27.4 - https:\/\/yoast.com\/product\/yoast-seo-wordpress\/ -->\n<title>C\u00e1mbiate a la mejor compa\u00f1\u00eda el\u00e9ctrica sin dep\u00f3sito de Watauga - Pronto Power<\/title>\n<meta name=\"robots\" content=\"index, follow, max-snippet:-1, max-image-preview:large, max-video-preview:-1\" \/>\n<link rel=\"canonical\" href=\"https:\/\/powermepronto.com\/switch-to-the-best-watauga-no-deposit-electric-company\/\" \/>\n<meta property=\"og:locale\" content=\"es_ES\" \/>\n<meta property=\"og:type\" content=\"article\" \/>\n<meta property=\"og:title\" content=\"[:en] Switch to the Best Watauga No Deposit Electric Company [:es] C\u00e1mbiate a la mejor compa\u00f1\u00eda el\u00e9ctrica sin dep\u00f3sito de Watauga[:] - Pronto Power\" \/>\n<meta property=\"og:description\" content=\"Si ha estado buscando el mejor proveedor de energ\u00eda, sabe que la competencia es feroz. \u00bfC\u00f3mo decide qu\u00e9 proveedor se adapta mejor a sus necesidades? No busque m\u00e1s all\u00e1 de la compa\u00f1\u00eda de electricidad sin dep\u00f3sito de Watauga, Pronto Power. \u00bfDijiste que no hab\u00eda dep\u00f3sito? \u00bfC\u00f3mo es que Pronto Power no requiere un dep\u00f3sito para &hellip; Continue reading C\u00e1mbiate a la mejor compa\u00f1\u00eda el\u00e9ctrica sin dep\u00f3sito de Watauga\" \/>\n<meta property=\"og:url\" content=\"https:\/\/powermepronto.com\/switch-to-the-best-watauga-no-deposit-electric-company\/\" \/>\n<meta property=\"og:site_name\" content=\"Pronto Power\" \/>\n<meta name=\"twitter:card\" content=\"summary_large_image\" \/>\n<meta name=\"twitter:label1\" content=\"Tiempo de lectura\" \/>\n\t<meta name=\"twitter:data1\" content=\"5 minutos\" \/>\n<script type=\"application\/ld+json\" class=\"yoast-schema-graph\">{\"@context\":\"https:\\\/\\\/schema.org\",\"@graph\":[{\"@type\":\"WebPage\",\"@id\":\"https:\\\/\\\/powermepronto.com\\\/switch-to-the-best-watauga-no-deposit-electric-company\\\/\",\"url\":\"https:\\\/\\\/powermepronto.com\\\/switch-to-the-best-watauga-no-deposit-electric-company\\\/\",\"name\":\"[:en] Switch to the Best Watauga No Deposit Electric Company [:es] C\u00e1mbiate a la mejor compa\u00f1\u00eda el\u00e9ctrica sin dep\u00f3sito de Watauga[:] - Pronto Power\",\"isPartOf\":{\"@id\":\"https:\\\/\\\/powermepronto.com\\\/en\\\/#website\"},\"datePublished\":\"2025-06-16T19:58:10+00:00\",\"breadcrumb\":{\"@id\":\"https:\\\/\\\/powermepronto.com\\\/switch-to-the-best-watauga-no-deposit-electric-company\\\/#breadcrumb\"},\"inLanguage\":\"es\",\"potentialAction\":[{\"@type\":\"ReadAction\",\"target\":[\"https:\\\/\\\/powermepronto.com\\\/switch-to-the-best-watauga-no-deposit-electric-company\\\/\"]}]},{\"@type\":\"BreadcrumbList\",\"@id\":\"https:\\\/\\\/powermepronto.com\\\/switch-to-the-best-watauga-no-deposit-electric-company\\\/#breadcrumb\",\"itemListElement\":[{\"@type\":\"ListItem\",\"position\":1,\"name\":\"Home\",\"item\":\"https:\\\/\\\/powermepronto.com\\\/en\\\/\"},{\"@type\":\"ListItem\",\"position\":2,\"name\":\"Switch to the Best Watauga No Deposit Electric Company\"}]},{\"@type\":\"WebSite\",\"@id\":\"https:\\\/\\\/powermepronto.com\\\/en\\\/#website\",\"url\":\"https:\\\/\\\/powermepronto.com\\\/en\\\/\",\"name\":\"Pronto Power\",\"description\":\"\",\"potentialAction\":[{\"@type\":\"SearchAction\",\"target\":{\"@type\":\"EntryPoint\",\"urlTemplate\":\"https:\\\/\\\/powermepronto.com\\\/en\\\/?s={search_term_string}\"},\"query-input\":{\"@type\":\"PropertyValueSpecification\",\"valueRequired\":true,\"valueName\":\"search_term_string\"}}],\"inLanguage\":\"es\"}]}<\/script>\n<!-- \/ Yoast SEO plugin. -->","yoast_head_json":{"title":"[:en] Switch to the Best Watauga No Deposit Electric Company [:es] C\u00e1mbiate a la mejor compa\u00f1\u00eda el\u00e9ctrica sin dep\u00f3sito de Watauga[:] - Pronto Power","robots":{"index":"index","follow":"follow","max-snippet":"max-snippet:-1","max-image-preview":"max-image-preview:large","max-video-preview":"max-video-preview:-1"},"canonical":"https:\/\/powermepronto.com\/switch-to-the-best-watauga-no-deposit-electric-company\/","og_locale":"es_ES","og_type":"article","og_title":"[:en] Switch to the Best Watauga No Deposit Electric Company [:es] C\u00e1mbiate a la mejor compa\u00f1\u00eda el\u00e9ctrica sin dep\u00f3sito de Watauga[:] - Pronto Power","og_description":"Si ha estado buscando el mejor proveedor de energ\u00eda, sabe que la competencia es feroz. \u00bfC\u00f3mo decide qu\u00e9 proveedor se adapta mejor a sus necesidades? No busque m\u00e1s all\u00e1 de la compa\u00f1\u00eda de electricidad sin dep\u00f3sito de Watauga, Pronto Power. \u00bfDijiste que no hab\u00eda dep\u00f3sito? \u00bfC\u00f3mo es que Pronto Power no requiere un dep\u00f3sito para &hellip; Continue reading C\u00e1mbiate a la mejor compa\u00f1\u00eda el\u00e9ctrica sin dep\u00f3sito de Watauga","og_url":"https:\/\/powermepronto.com\/switch-to-the-best-watauga-no-deposit-electric-company\/","og_site_name":"Pronto Power","twitter_card":"summary_large_image","twitter_misc":{"Tiempo de lectura":"5 minutos"},"schema":{"@context":"https:\/\/schema.org","@graph":[{"@type":"WebPage","@id":"https:\/\/powermepronto.com\/switch-to-the-best-watauga-no-deposit-electric-company\/","url":"https:\/\/powermepronto.com\/switch-to-the-best-watauga-no-deposit-electric-company\/","name":"[:en] Switch to the Best Watauga No Deposit Electric Company [:es] C\u00e1mbiate a la mejor compa\u00f1\u00eda el\u00e9ctrica sin dep\u00f3sito de Watauga[:] - Pronto Power","isPartOf":{"@id":"https:\/\/powermepronto.com\/en\/#website"},"datePublished":"2025-06-16T19:58:10+00:00","breadcrumb":{"@id":"https:\/\/powermepronto.com\/switch-to-the-best-watauga-no-deposit-electric-company\/#breadcrumb"},"inLanguage":"es","potentialAction":[{"@type":"ReadAction","target":["https:\/\/powermepronto.com\/switch-to-the-best-watauga-no-deposit-electric-company\/"]}]},{"@type":"BreadcrumbList","@id":"https:\/\/powermepronto.com\/switch-to-the-best-watauga-no-deposit-electric-company\/#breadcrumb","itemListElement":[{"@type":"ListItem","position":1,"name":"Home","item":"https:\/\/powermepronto.com\/en\/"},{"@type":"ListItem","position":2,"name":"Switch to the Best Watauga No Deposit Electric Company"}]},{"@type":"WebSite","@id":"https:\/\/powermepronto.com\/en\/#website","url":"https:\/\/powermepronto.com\/en\/","name":"Pronto Power","description":"","potentialAction":[{"@type":"SearchAction","target":{"@type":"EntryPoint","urlTemplate":"https:\/\/powermepronto.com\/en\/?s={search_term_string}"},"query-input":{"@type":"PropertyValueSpecification","valueRequired":true,"valueName":"search_term_string"}}],"inLanguage":"es"}]}},"_links":{"self":[{"href":"https:\/\/powermepronto.com\/es\/wp-json\/wp\/v2\/pages\/4330","targetHints":{"allow":["GET"]}}],"collection":[{"href":"https:\/\/powermepronto.com\/es\/wp-json\/wp\/v2\/pages"}],"about":[{"href":"https:\/\/powermepronto.com\/es\/wp-json\/wp\/v2\/types\/page"}],"author":[{"embeddable":true,"href":"https:\/\/powermepronto.com\/es\/wp-json\/wp\/v2\/users\/1"}],"replies":[{"embeddable":true,"href":"https:\/\/powermepronto.com\/es\/wp-json\/wp\/v2\/comments?post=4330"}],"version-history":[{"count":1,"href":"https:\/\/powermepronto.com\/es\/wp-json\/wp\/v2\/pages\/4330\/revisions"}],"predecessor-version":[{"id":4331,"href":"https:\/\/powermepronto.com\/es\/wp-json\/wp\/v2\/pages\/4330\/revisions\/4331"}],"wp:attachment":[{"href":"https:\/\/powermepronto.com\/es\/wp-json\/wp\/v2\/media?parent=4330"}],"curies":[{"name":"wp","href":"https:\/\/api.w.org\/{rel}","templated":true}]}}