{"id":4328,"date":"2025-06-16T14:57:12","date_gmt":"2025-06-16T19:57:12","guid":{"rendered":"https:\/\/powermepronto.com\/?page_id=4328"},"modified":"2025-06-16T14:57:12","modified_gmt":"2025-06-16T19:57:12","slug":"start-saving-more-money-today-with-westlake-prepaid-electricity","status":"publish","type":"page","link":"https:\/\/powermepronto.com\/es\/start-saving-more-money-today-with-westlake-prepaid-electricity\/","title":{"rendered":"Comience a ahorrar m\u00e1s dinero hoy con la electricidad prepagada de Westlake"},"content":{"rendered":"<p>\u00bfEst\u00e1 cansado de llegar al final de su cheque de pago antes del final de su per\u00edodo de pago? Puede ser frustrante preocuparse constantemente por sus finanzas. Alivie sus preocupaciones convirti\u00e9ndose en cliente prepagado de Pronto Power y disfrute de la electricidad prepagada de Westlake con la compa\u00f1\u00eda de energ\u00eda prepagada l\u00edder en Texas.<\/p>\n<h2>\u00bfQu\u00e9 es la electricidad prepagada?<\/h2>\n<p>Con los servicios p\u00fablicos tradicionales, esperas una factura sorpresa a fin de mes. Con el servicio prepago de Pronto Power, pagas cuando quieras. Todas las ma\u00f1anas a las 7:00 a.m. recibir\u00e1s un mensaje de texto o correo electr\u00f3nico con tu uso y la cantidad de fondos que quedan en tu cuenta, y t\u00fa decides si cargar m\u00e1s dinero. Siempre que su cuenta contenga al menos un centavo, su energ\u00eda permanece encendida.<\/p>\n<p>\u00bfQu\u00e9 sucede si su cuenta de Pronto Power se est\u00e1 agotando y su cuenta bancaria est\u00e1 bajando a\u00fan m\u00e1s? Llame a nuestro equipo de atenci\u00f3n al cliente y explique su situaci\u00f3n. Se puede aplicar un aplazamiento a su cuenta hasta su pr\u00f3ximo cheque de pago para darle tiempo a ponerse al d\u00eda. Es otra gran ventaja de ser cliente de Pronto Power.<\/p>\n<h2>No se necesitan dep\u00f3sitos<\/h2>\n<p>Cuando comienza el servicio con la mayor\u00eda de las compa\u00f1\u00edas de servicios p\u00fablicos, a menudo se ve obligado a pagar un mes por adelantado, una tarifa de servicio, una tarifa de conexi\u00f3n y, a veces, incluso m\u00e1s. Luego, la compa\u00f1\u00eda de servicios p\u00fablicos le pide su n\u00famero de seguro social para realizar una verificaci\u00f3n de cr\u00e9dito. La verificaci\u00f3n de cr\u00e9dito generalmente conduce a otro costo en forma de dep\u00f3sito. La lista de tarifas iniciales parece interminable y la mayor\u00eda de las empresas exigen un n\u00famero de seguro social para comenzar el servicio. Afortunadamente, este no es el caso con el servicio prepago de Pronto Power.<\/p>\n<p>Debido a que paga por adelantado por su servicio, nunca puede estar atrasado con su factura, lo que no le da a Pronto Power ninguna raz\u00f3n para solicitar un n\u00famero de seguro social o realizar una verificaci\u00f3n de cr\u00e9dito. Un dep\u00f3sito es una garant\u00eda contra el impago. Dado que el servicio de prepago se paga por adelantado, nunca se requiere un dep\u00f3sito.<\/p>\n<p>\u00bfEst\u00e1 listo para comenzar la electricidad prepaga de Westlake con el mejor proveedor, Pronto Power? \u00a1Ll\u00e1menos hoy al (844) 621-2852 para disfrutar de la energ\u00eda en una hora!<\/p>","protected":false},"excerpt":{"rendered":"<p>\u00bfEst\u00e1 cansado de llegar al final de su cheque de pago antes del final de su per\u00edodo de pago? Puede ser frustrante preocuparse constantemente por sus finanzas. Alivie sus preocupaciones convirti\u00e9ndose en cliente prepagado de Pronto Power y disfrute de la electricidad prepagada de Westlake con la compa\u00f1\u00eda de energ\u00eda prepagada l\u00edder en Texas. \u00bfQu\u00e9 &hellip; <a href=\"https:\/\/powermepronto.com\/es\/start-saving-more-money-today-with-westlake-prepaid-electricity\/\" class=\"more-link\">Continue reading <span class=\"screen-reader-text\">Comience a ahorrar m\u00e1s dinero hoy con la electricidad prepagada de Westlake<\/span><\/a><\/p>\n","protected":false},"author":1,"featured_media":0,"parent":0,"menu_order":0,"comment_status":"closed","ping_status":"closed","template":"","meta":{"_acf_changed":false,"_glsr_average":0,"_glsr_ranking":0,"_glsr_reviews":0,"footnotes":"","_links_to":"","_links_to_target":""},"class_list":["post-4328","page","type-page","status-publish","hentry"],"acf":[],"yoast_head":"<!-- This site is optimized with the Yoast SEO plugin v27.6 - https:\/\/yoast.com\/product\/yoast-seo-wordpress\/ -->\n<title>Comience a ahorrar m\u00e1s dinero hoy con la electricidad prepagada de Westlake - Pronto Power<\/title>\n<meta name=\"robots\" content=\"index, follow, max-snippet:-1, max-image-preview:large, max-video-preview:-1\" \/>\n<link rel=\"canonical\" href=\"https:\/\/powermepronto.com\/start-saving-more-money-today-with-westlake-prepaid-electricity\/\" \/>\n<meta property=\"og:locale\" content=\"es_ES\" \/>\n<meta property=\"og:type\" content=\"article\" \/>\n<meta property=\"og:title\" content=\"[:en] Start Saving More Money Today with Westlake Prepaid Electricity [:es] Comience a ahorrar m\u00e1s dinero hoy con la electricidad prepagada de Westlake[:] - Pronto Power\" \/>\n<meta property=\"og:description\" content=\"\u00bfEst\u00e1 cansado de llegar al final de su cheque de pago antes del final de su per\u00edodo de pago? Puede ser frustrante preocuparse constantemente por sus finanzas. Alivie sus preocupaciones convirti\u00e9ndose en cliente prepagado de Pronto Power y disfrute de la electricidad prepagada de Westlake con la compa\u00f1\u00eda de energ\u00eda prepagada l\u00edder en Texas. \u00bfQu\u00e9 &hellip; Continue reading Comience a ahorrar m\u00e1s dinero hoy con la electricidad prepagada de Westlake\" \/>\n<meta property=\"og:url\" content=\"https:\/\/powermepronto.com\/start-saving-more-money-today-with-westlake-prepaid-electricity\/\" \/>\n<meta property=\"og:site_name\" content=\"Pronto Power\" \/>\n<meta name=\"twitter:card\" content=\"summary_large_image\" \/>\n<meta name=\"twitter:label1\" content=\"Tiempo de lectura\" \/>\n\t<meta name=\"twitter:data1\" content=\"4 minutos\" \/>\n<script type=\"application\/ld+json\" class=\"yoast-schema-graph\">{\"@context\":\"https:\\\/\\\/schema.org\",\"@graph\":[{\"@type\":\"WebPage\",\"@id\":\"https:\\\/\\\/powermepronto.com\\\/start-saving-more-money-today-with-westlake-prepaid-electricity\\\/\",\"url\":\"https:\\\/\\\/powermepronto.com\\\/start-saving-more-money-today-with-westlake-prepaid-electricity\\\/\",\"name\":\"[:en] Start Saving More Money Today with Westlake Prepaid Electricity [:es] Comience a ahorrar m\u00e1s dinero hoy con la electricidad prepagada de Westlake[:] - Pronto Power\",\"isPartOf\":{\"@id\":\"https:\\\/\\\/powermepronto.com\\\/en\\\/#website\"},\"datePublished\":\"2025-06-16T19:57:12+00:00\",\"breadcrumb\":{\"@id\":\"https:\\\/\\\/powermepronto.com\\\/start-saving-more-money-today-with-westlake-prepaid-electricity\\\/#breadcrumb\"},\"inLanguage\":\"es\",\"potentialAction\":[{\"@type\":\"ReadAction\",\"target\":[\"https:\\\/\\\/powermepronto.com\\\/start-saving-more-money-today-with-westlake-prepaid-electricity\\\/\"]}]},{\"@type\":\"BreadcrumbList\",\"@id\":\"https:\\\/\\\/powermepronto.com\\\/start-saving-more-money-today-with-westlake-prepaid-electricity\\\/#breadcrumb\",\"itemListElement\":[{\"@type\":\"ListItem\",\"position\":1,\"name\":\"Home\",\"item\":\"https:\\\/\\\/powermepronto.com\\\/en\\\/\"},{\"@type\":\"ListItem\",\"position\":2,\"name\":\"Start Saving More Money Today with Westlake Prepaid Electricity\"}]},{\"@type\":\"WebSite\",\"@id\":\"https:\\\/\\\/powermepronto.com\\\/en\\\/#website\",\"url\":\"https:\\\/\\\/powermepronto.com\\\/en\\\/\",\"name\":\"Pronto Power\",\"description\":\"\",\"potentialAction\":[{\"@type\":\"SearchAction\",\"target\":{\"@type\":\"EntryPoint\",\"urlTemplate\":\"https:\\\/\\\/powermepronto.com\\\/en\\\/?s={search_term_string}\"},\"query-input\":{\"@type\":\"PropertyValueSpecification\",\"valueRequired\":true,\"valueName\":\"search_term_string\"}}],\"inLanguage\":\"es\"}]}<\/script>\n<!-- \/ Yoast SEO plugin. -->","yoast_head_json":{"title":"[:en] Start Saving More Money Today with Westlake Prepaid Electricity [:es] Comience a ahorrar m\u00e1s dinero hoy con la electricidad prepagada de Westlake[:] - Pronto Power","robots":{"index":"index","follow":"follow","max-snippet":"max-snippet:-1","max-image-preview":"max-image-preview:large","max-video-preview":"max-video-preview:-1"},"canonical":"https:\/\/powermepronto.com\/start-saving-more-money-today-with-westlake-prepaid-electricity\/","og_locale":"es_ES","og_type":"article","og_title":"[:en] Start Saving More Money Today with Westlake Prepaid Electricity [:es] Comience a ahorrar m\u00e1s dinero hoy con la electricidad prepagada de Westlake[:] - Pronto Power","og_description":"\u00bfEst\u00e1 cansado de llegar al final de su cheque de pago antes del final de su per\u00edodo de pago? Puede ser frustrante preocuparse constantemente por sus finanzas. Alivie sus preocupaciones convirti\u00e9ndose en cliente prepagado de Pronto Power y disfrute de la electricidad prepagada de Westlake con la compa\u00f1\u00eda de energ\u00eda prepagada l\u00edder en Texas. \u00bfQu\u00e9 &hellip; Continue reading Comience a ahorrar m\u00e1s dinero hoy con la electricidad prepagada de Westlake","og_url":"https:\/\/powermepronto.com\/start-saving-more-money-today-with-westlake-prepaid-electricity\/","og_site_name":"Pronto Power","twitter_card":"summary_large_image","twitter_misc":{"Tiempo de lectura":"4 minutos"},"schema":{"@context":"https:\/\/schema.org","@graph":[{"@type":"WebPage","@id":"https:\/\/powermepronto.com\/start-saving-more-money-today-with-westlake-prepaid-electricity\/","url":"https:\/\/powermepronto.com\/start-saving-more-money-today-with-westlake-prepaid-electricity\/","name":"[:en] Start Saving More Money Today with Westlake Prepaid Electricity [:es] Comience a ahorrar m\u00e1s dinero hoy con la electricidad prepagada de Westlake[:] - Pronto Power","isPartOf":{"@id":"https:\/\/powermepronto.com\/en\/#website"},"datePublished":"2025-06-16T19:57:12+00:00","breadcrumb":{"@id":"https:\/\/powermepronto.com\/start-saving-more-money-today-with-westlake-prepaid-electricity\/#breadcrumb"},"inLanguage":"es","potentialAction":[{"@type":"ReadAction","target":["https:\/\/powermepronto.com\/start-saving-more-money-today-with-westlake-prepaid-electricity\/"]}]},{"@type":"BreadcrumbList","@id":"https:\/\/powermepronto.com\/start-saving-more-money-today-with-westlake-prepaid-electricity\/#breadcrumb","itemListElement":[{"@type":"ListItem","position":1,"name":"Home","item":"https:\/\/powermepronto.com\/en\/"},{"@type":"ListItem","position":2,"name":"Start Saving More Money Today with Westlake Prepaid Electricity"}]},{"@type":"WebSite","@id":"https:\/\/powermepronto.com\/en\/#website","url":"https:\/\/powermepronto.com\/en\/","name":"Pronto Power","description":"","potentialAction":[{"@type":"SearchAction","target":{"@type":"EntryPoint","urlTemplate":"https:\/\/powermepronto.com\/en\/?s={search_term_string}"},"query-input":{"@type":"PropertyValueSpecification","valueRequired":true,"valueName":"search_term_string"}}],"inLanguage":"es"}]}},"_links":{"self":[{"href":"https:\/\/powermepronto.com\/es\/wp-json\/wp\/v2\/pages\/4328","targetHints":{"allow":["GET"]}}],"collection":[{"href":"https:\/\/powermepronto.com\/es\/wp-json\/wp\/v2\/pages"}],"about":[{"href":"https:\/\/powermepronto.com\/es\/wp-json\/wp\/v2\/types\/page"}],"author":[{"embeddable":true,"href":"https:\/\/powermepronto.com\/es\/wp-json\/wp\/v2\/users\/1"}],"replies":[{"embeddable":true,"href":"https:\/\/powermepronto.com\/es\/wp-json\/wp\/v2\/comments?post=4328"}],"version-history":[{"count":1,"href":"https:\/\/powermepronto.com\/es\/wp-json\/wp\/v2\/pages\/4328\/revisions"}],"predecessor-version":[{"id":4329,"href":"https:\/\/powermepronto.com\/es\/wp-json\/wp\/v2\/pages\/4328\/revisions\/4329"}],"wp:attachment":[{"href":"https:\/\/powermepronto.com\/es\/wp-json\/wp\/v2\/media?parent=4328"}],"curies":[{"name":"wp","href":"https:\/\/api.w.org\/{rel}","templated":true}]}}