{"id":4319,"date":"2025-06-12T08:44:46","date_gmt":"2025-06-12T13:44:46","guid":{"rendered":"https:\/\/powermepronto.com\/?page_id=4319"},"modified":"2025-06-12T08:44:46","modified_gmt":"2025-06-12T13:44:46","slug":"spend-less-save-more-with-sansom-park-prepaid-electricity","status":"publish","type":"page","link":"https:\/\/powermepronto.com\/es\/spend-less-save-more-with-sansom-park-prepaid-electricity\/","title":{"rendered":"Gaste menos, ahorre m\u00e1s con la electricidad prepagada de Sansom Park"},"content":{"rendered":"<p>A menudo, si pasas m\u00e1s tiempo haciendo algo por ti mismo, ahorras m\u00e1s dinero. Pronto Power, el proveedor de electricidad prepagada de Sansom Park, tiene una idea diferente: gastar menos tiempo y dinero inscribi\u00e9ndose en nuestro servicio prepago.<\/p>\n<h2>Mant\u00e9n tu dinero en tu billetera<\/h2>\n<p>Muchas compa\u00f1\u00edas de servicios p\u00fablicos piden un dep\u00f3sito de seguridad, una tarifa de conexi\u00f3n y una tarifa de servicio antes de que comience el servicio. Pronto Power es diferente. Para comenzar el servicio, carga una peque\u00f1a cantidad en su cuenta. Esto no es una tarifa de servicio, es su dinero el que paga la electricidad que usa. Y eso es todo: no se requiere dep\u00f3sito para ninguno de los clientes prepagos de Pronto Power. \u00bfC\u00f3mo podemos hacer eso? Es f\u00e1cil con el servicio prepago.<\/p>\n<h2>Servicio de prepago para todos<\/h2>\n<p>El servicio de prepago es exactamente como suena: pagas por adelantado por el servicio que utilizas. Cuando pagas por adelantado, eso significa que nunca est\u00e1s en mora. Esto tambi\u00e9n significa que no hay dep\u00f3sitos. Otro beneficio de la naturaleza sin dep\u00f3sito de los servicios prepagados de Pronto Power es que nunca le pedimos su n\u00famero de seguro social, ya que no realizamos verificaciones de cr\u00e9dito.<\/p>\n<p>Pagar por adelantado tu servicio significa que puedes evitar la sorprendente factura que recibes a final de mes con las compa\u00f1\u00edas el\u00e9ctricas tradicionales. En lugar de pagar una gran factura mensual, paga sobre la marcha. Esto le da la tranquilidad de saber que no tendr\u00e1 gastos inesperados.<\/p>\n<h2>Tu tiempo te pertenece<\/h2>\n<p>Junto con el conveniente proceso de registro y los bajos costos de puesta en marcha, las tarifas de Pronto Power son las m\u00e1s bajas no solo en Sansom Park sino en todo Texas. Sabiendo esto, parece inevitable que ahorrar dinero signifique que tienes que pagar m\u00e1s a tiempo.<\/p>\n<p>Pronto Power rompe ese molde con el lema \u00abPotencia dentro de la hora\u00bb, lo que significa que cuando te inscribes en el servicio, podr\u00e1s disfrutar de la electricidad en una hora, siempre y cuando tu casa tenga un medidor inteligente. \u00bfNo est\u00e1s seguro de si tu casa tiene un medidor inteligente? Tenga la seguridad de que el 98% de los hogares de Texas est\u00e1n equipados con uno.<\/p>\n<p>\u00bfEst\u00e1 listo para ser cliente de Pronto Power y disfrutar de todos los beneficios del gigante de la electricidad prepaga de Sansom Park? Llame al (844) 621-2852 para inscribirse hoy.<\/p>","protected":false},"excerpt":{"rendered":"<p>A menudo, si pasas m\u00e1s tiempo haciendo algo por ti mismo, ahorras m\u00e1s dinero. Pronto Power, el proveedor de electricidad prepagada de Sansom Park, tiene una idea diferente: gastar menos tiempo y dinero inscribi\u00e9ndose en nuestro servicio prepago. Mant\u00e9n tu dinero en tu billetera Muchas compa\u00f1\u00edas de servicios p\u00fablicos piden un dep\u00f3sito de seguridad, una &hellip; <a href=\"https:\/\/powermepronto.com\/es\/spend-less-save-more-with-sansom-park-prepaid-electricity\/\" class=\"more-link\">Continue reading <span class=\"screen-reader-text\">Gaste menos, ahorre m\u00e1s con la electricidad prepagada de Sansom Park<\/span><\/a><\/p>\n","protected":false},"author":1,"featured_media":0,"parent":0,"menu_order":0,"comment_status":"closed","ping_status":"closed","template":"","meta":{"_acf_changed":false,"_glsr_average":0,"_glsr_ranking":0,"_glsr_reviews":0,"footnotes":"","_links_to":"","_links_to_target":""},"class_list":["post-4319","page","type-page","status-publish","hentry"],"acf":[],"yoast_head":"<!-- This site is optimized with the Yoast SEO plugin v27.4 - https:\/\/yoast.com\/product\/yoast-seo-wordpress\/ -->\n<title>Gaste menos, ahorre m\u00e1s con la electricidad prepagada de Sansom Park - Pronto Power<\/title>\n<meta name=\"robots\" content=\"index, follow, max-snippet:-1, max-image-preview:large, max-video-preview:-1\" \/>\n<link rel=\"canonical\" href=\"https:\/\/powermepronto.com\/spend-less-save-more-with-sansom-park-prepaid-electricity\/\" \/>\n<meta property=\"og:locale\" content=\"es_ES\" \/>\n<meta property=\"og:type\" content=\"article\" \/>\n<meta property=\"og:title\" content=\"[:en] Spend Less, Save More with Sansom Park Prepaid Electricity [:es] Gaste menos, ahorre m\u00e1s con la electricidad prepagada de Sansom Park[:] - Pronto Power\" \/>\n<meta property=\"og:description\" content=\"A menudo, si pasas m\u00e1s tiempo haciendo algo por ti mismo, ahorras m\u00e1s dinero. Pronto Power, el proveedor de electricidad prepagada de Sansom Park, tiene una idea diferente: gastar menos tiempo y dinero inscribi\u00e9ndose en nuestro servicio prepago. Mant\u00e9n tu dinero en tu billetera Muchas compa\u00f1\u00edas de servicios p\u00fablicos piden un dep\u00f3sito de seguridad, una &hellip; Continue reading Gaste menos, ahorre m\u00e1s con la electricidad prepagada de Sansom Park\" \/>\n<meta property=\"og:url\" content=\"https:\/\/powermepronto.com\/spend-less-save-more-with-sansom-park-prepaid-electricity\/\" \/>\n<meta property=\"og:site_name\" content=\"Pronto Power\" \/>\n<meta name=\"twitter:card\" content=\"summary_large_image\" \/>\n<meta name=\"twitter:label1\" content=\"Tiempo de lectura\" \/>\n\t<meta name=\"twitter:data1\" content=\"4 minutos\" \/>\n<script type=\"application\/ld+json\" class=\"yoast-schema-graph\">{\"@context\":\"https:\\\/\\\/schema.org\",\"@graph\":[{\"@type\":\"WebPage\",\"@id\":\"https:\\\/\\\/powermepronto.com\\\/spend-less-save-more-with-sansom-park-prepaid-electricity\\\/\",\"url\":\"https:\\\/\\\/powermepronto.com\\\/spend-less-save-more-with-sansom-park-prepaid-electricity\\\/\",\"name\":\"[:en] Spend Less, Save More with Sansom Park Prepaid Electricity [:es] Gaste menos, ahorre m\u00e1s con la electricidad prepagada de Sansom Park[:] - Pronto Power\",\"isPartOf\":{\"@id\":\"https:\\\/\\\/powermepronto.com\\\/en\\\/#website\"},\"datePublished\":\"2025-06-12T13:44:46+00:00\",\"breadcrumb\":{\"@id\":\"https:\\\/\\\/powermepronto.com\\\/spend-less-save-more-with-sansom-park-prepaid-electricity\\\/#breadcrumb\"},\"inLanguage\":\"es\",\"potentialAction\":[{\"@type\":\"ReadAction\",\"target\":[\"https:\\\/\\\/powermepronto.com\\\/spend-less-save-more-with-sansom-park-prepaid-electricity\\\/\"]}]},{\"@type\":\"BreadcrumbList\",\"@id\":\"https:\\\/\\\/powermepronto.com\\\/spend-less-save-more-with-sansom-park-prepaid-electricity\\\/#breadcrumb\",\"itemListElement\":[{\"@type\":\"ListItem\",\"position\":1,\"name\":\"Home\",\"item\":\"https:\\\/\\\/powermepronto.com\\\/en\\\/\"},{\"@type\":\"ListItem\",\"position\":2,\"name\":\"Spend Less, Save More with Sansom Park Prepaid Electricity\"}]},{\"@type\":\"WebSite\",\"@id\":\"https:\\\/\\\/powermepronto.com\\\/en\\\/#website\",\"url\":\"https:\\\/\\\/powermepronto.com\\\/en\\\/\",\"name\":\"Pronto Power\",\"description\":\"\",\"potentialAction\":[{\"@type\":\"SearchAction\",\"target\":{\"@type\":\"EntryPoint\",\"urlTemplate\":\"https:\\\/\\\/powermepronto.com\\\/en\\\/?s={search_term_string}\"},\"query-input\":{\"@type\":\"PropertyValueSpecification\",\"valueRequired\":true,\"valueName\":\"search_term_string\"}}],\"inLanguage\":\"es\"}]}<\/script>\n<!-- \/ Yoast SEO plugin. -->","yoast_head_json":{"title":"[:en] Spend Less, Save More with Sansom Park Prepaid Electricity [:es] Gaste menos, ahorre m\u00e1s con la electricidad prepagada de Sansom Park[:] - Pronto Power","robots":{"index":"index","follow":"follow","max-snippet":"max-snippet:-1","max-image-preview":"max-image-preview:large","max-video-preview":"max-video-preview:-1"},"canonical":"https:\/\/powermepronto.com\/spend-less-save-more-with-sansom-park-prepaid-electricity\/","og_locale":"es_ES","og_type":"article","og_title":"[:en] Spend Less, Save More with Sansom Park Prepaid Electricity [:es] Gaste menos, ahorre m\u00e1s con la electricidad prepagada de Sansom Park[:] - Pronto Power","og_description":"A menudo, si pasas m\u00e1s tiempo haciendo algo por ti mismo, ahorras m\u00e1s dinero. Pronto Power, el proveedor de electricidad prepagada de Sansom Park, tiene una idea diferente: gastar menos tiempo y dinero inscribi\u00e9ndose en nuestro servicio prepago. Mant\u00e9n tu dinero en tu billetera Muchas compa\u00f1\u00edas de servicios p\u00fablicos piden un dep\u00f3sito de seguridad, una &hellip; Continue reading Gaste menos, ahorre m\u00e1s con la electricidad prepagada de Sansom Park","og_url":"https:\/\/powermepronto.com\/spend-less-save-more-with-sansom-park-prepaid-electricity\/","og_site_name":"Pronto Power","twitter_card":"summary_large_image","twitter_misc":{"Tiempo de lectura":"4 minutos"},"schema":{"@context":"https:\/\/schema.org","@graph":[{"@type":"WebPage","@id":"https:\/\/powermepronto.com\/spend-less-save-more-with-sansom-park-prepaid-electricity\/","url":"https:\/\/powermepronto.com\/spend-less-save-more-with-sansom-park-prepaid-electricity\/","name":"[:en] Spend Less, Save More with Sansom Park Prepaid Electricity [:es] Gaste menos, ahorre m\u00e1s con la electricidad prepagada de Sansom Park[:] - Pronto Power","isPartOf":{"@id":"https:\/\/powermepronto.com\/en\/#website"},"datePublished":"2025-06-12T13:44:46+00:00","breadcrumb":{"@id":"https:\/\/powermepronto.com\/spend-less-save-more-with-sansom-park-prepaid-electricity\/#breadcrumb"},"inLanguage":"es","potentialAction":[{"@type":"ReadAction","target":["https:\/\/powermepronto.com\/spend-less-save-more-with-sansom-park-prepaid-electricity\/"]}]},{"@type":"BreadcrumbList","@id":"https:\/\/powermepronto.com\/spend-less-save-more-with-sansom-park-prepaid-electricity\/#breadcrumb","itemListElement":[{"@type":"ListItem","position":1,"name":"Home","item":"https:\/\/powermepronto.com\/en\/"},{"@type":"ListItem","position":2,"name":"Spend Less, Save More with Sansom Park Prepaid Electricity"}]},{"@type":"WebSite","@id":"https:\/\/powermepronto.com\/en\/#website","url":"https:\/\/powermepronto.com\/en\/","name":"Pronto Power","description":"","potentialAction":[{"@type":"SearchAction","target":{"@type":"EntryPoint","urlTemplate":"https:\/\/powermepronto.com\/en\/?s={search_term_string}"},"query-input":{"@type":"PropertyValueSpecification","valueRequired":true,"valueName":"search_term_string"}}],"inLanguage":"es"}]}},"_links":{"self":[{"href":"https:\/\/powermepronto.com\/es\/wp-json\/wp\/v2\/pages\/4319","targetHints":{"allow":["GET"]}}],"collection":[{"href":"https:\/\/powermepronto.com\/es\/wp-json\/wp\/v2\/pages"}],"about":[{"href":"https:\/\/powermepronto.com\/es\/wp-json\/wp\/v2\/types\/page"}],"author":[{"embeddable":true,"href":"https:\/\/powermepronto.com\/es\/wp-json\/wp\/v2\/users\/1"}],"replies":[{"embeddable":true,"href":"https:\/\/powermepronto.com\/es\/wp-json\/wp\/v2\/comments?post=4319"}],"version-history":[{"count":1,"href":"https:\/\/powermepronto.com\/es\/wp-json\/wp\/v2\/pages\/4319\/revisions"}],"predecessor-version":[{"id":4320,"href":"https:\/\/powermepronto.com\/es\/wp-json\/wp\/v2\/pages\/4319\/revisions\/4320"}],"wp:attachment":[{"href":"https:\/\/powermepronto.com\/es\/wp-json\/wp\/v2\/media?parent=4319"}],"curies":[{"name":"wp","href":"https:\/\/api.w.org\/{rel}","templated":true}]}}