{"id":4317,"date":"2025-06-12T08:43:30","date_gmt":"2025-06-12T13:43:30","guid":{"rendered":"https:\/\/powermepronto.com\/?page_id=4317"},"modified":"2025-06-12T08:43:30","modified_gmt":"2025-06-12T13:43:30","slug":"get-the-best-trophy-club-no-contract-prepaid-power","status":"publish","type":"page","link":"https:\/\/powermepronto.com\/es\/get-the-best-trophy-club-no-contract-prepaid-power\/","title":{"rendered":"Consigue la mejor energ\u00eda prepago sin contrato de Trophy Club"},"content":{"rendered":"<p>Muchas personas temen revisar el buz\u00f3n porque las facturas se siguen acumulando sin un final a la vista. Parece que tan pronto como llega su cheque, se va, se gasta en servicios p\u00fablicos. Ojal\u00e1 hubiera una forma m\u00e1s f\u00e1cil de pagar sus facturas.<\/p>\n<h2>Servicio de prepago<\/h2>\n<p>Ah\u00ed es donde entra en juego la energ\u00eda prepaga sin contrato de Trophy Club de Pronto Power: en lugar de que se le facture una vez al mes por su servicio, paga por adelantado lo que usa y la cantidad que paga depende de usted. En otras palabras, puede pagar una vez a la semana, una vez cada dos semanas o el d\u00eda de pago. Usted hace el horario, y mientras tenga al menos 1\u00a2 en su cuenta, su electricidad permanece encendida.<\/p>\n<p>Algunos meses son dif\u00edciles y es posible que necesite tiempo adicional para pagar su factura. En esos meses, llame a nuestra l\u00ednea de servicio al cliente antes de la 1:00 p.m. para hablar con uno de nuestros representantes. Diferiremos su saldo hasta su pr\u00f3ximo cheque de pago para darle m\u00e1s tiempo para pagar su factura sin cortar su energ\u00eda. \u00bfTe cuesta algo este servicio extra? No, es una ventaja m\u00e1s de ser cliente de Pronto Power.<\/p>\n<h2>M\u00e1s beneficios del servicio prepago con Pronto Power<\/h2>\n<p>Con la mayor\u00eda de las compa\u00f1\u00edas de servicios p\u00fablicos, los clientes tienen que dar su n\u00famero de seguro social para una verificaci\u00f3n de cr\u00e9dito, que determina cu\u00e1nto dep\u00f3sito tendr\u00e1n que pagar para comenzar el servicio. Pronto Power evita todo el proceso de verificaci\u00f3n de cr\u00e9dito y dep\u00f3sito.<\/p>\n<p>Nuestros clientes prepagados nunca tienen que proporcionar su n\u00famero de seguro social porque nunca realizamos una verificaci\u00f3n de cr\u00e9dito. Esto se debe a que nunca pedimos a nuestros clientes que den un dep\u00f3sito de seguridad. Pagar por adelantado con el servicio prepagado significa que nunca est\u00e1s en mora. Dado que pagar un dep\u00f3sito es una protecci\u00f3n para una empresa de servicios p\u00fablicos en caso de incumplimiento, no es necesario un dep\u00f3sito con el servicio prepago.<\/p>\n<h2>Sin contrato con servicio de prepago<\/h2>\n<p>Muchas compa\u00f1\u00edas el\u00e9ctricas ofrecen tarifas que pueden parecer bajas, pero hay un problema: esas tarifas est\u00e1n vinculadas a un contrato con grandes tarifas de desconexi\u00f3n. Estas empresas suelen tener p\u00e1ginas de letra peque\u00f1a que explican todos los t\u00e9rminos de sus tarifas de servicio. Esa letra peque\u00f1a revela c\u00f3mo esas tarifas extremadamente bajas solo duran unos meses, y luego, el cliente es responsable de pagar tarifas mucho m\u00e1s altas hasta que finalice el contrato. Reg\u00edstrese en Pronto Power, donde no tenemos contratos ni letra peque\u00f1a para examinar.<\/p>\n<p>\u00bfEst\u00e1s listo para ahorrar dinero en tu factura de energ\u00eda prepagada sin contrato de Trophy Club con Pronto Power? Ll\u00e1menos al (844) 621-2852 para comenzar a ahorrar en su factura de electricidad en una hora con nuestra promesa de \u00abEnerg\u00eda dentro de la hora\u201d.<\/p>","protected":false},"excerpt":{"rendered":"<p>Muchas personas temen revisar el buz\u00f3n porque las facturas se siguen acumulando sin un final a la vista. Parece que tan pronto como llega su cheque, se va, se gasta en servicios p\u00fablicos. Ojal\u00e1 hubiera una forma m\u00e1s f\u00e1cil de pagar sus facturas. Servicio de prepago Ah\u00ed es donde entra en juego la energ\u00eda prepaga &hellip; <a href=\"https:\/\/powermepronto.com\/es\/get-the-best-trophy-club-no-contract-prepaid-power\/\" class=\"more-link\">Continue reading <span class=\"screen-reader-text\">Consigue la mejor energ\u00eda prepago sin contrato de Trophy Club<\/span><\/a><\/p>\n","protected":false},"author":1,"featured_media":0,"parent":0,"menu_order":0,"comment_status":"closed","ping_status":"closed","template":"","meta":{"_acf_changed":false,"_glsr_average":0,"_glsr_ranking":0,"_glsr_reviews":0,"footnotes":"","_links_to":"","_links_to_target":""},"class_list":["post-4317","page","type-page","status-publish","hentry"],"acf":[],"yoast_head":"<!-- This site is optimized with the Yoast SEO plugin v27.4 - https:\/\/yoast.com\/product\/yoast-seo-wordpress\/ -->\n<title>Consigue la mejor energ\u00eda prepago sin contrato de Trophy Club - Pronto Power<\/title>\n<meta name=\"robots\" content=\"index, follow, max-snippet:-1, max-image-preview:large, max-video-preview:-1\" \/>\n<link rel=\"canonical\" href=\"https:\/\/powermepronto.com\/get-the-best-trophy-club-no-contract-prepaid-power\/\" \/>\n<meta property=\"og:locale\" content=\"es_ES\" \/>\n<meta property=\"og:type\" content=\"article\" \/>\n<meta property=\"og:title\" content=\"[:en] Get the Best Trophy Club No-Contract Prepaid Power [:es] Consigue la mejor energ\u00eda prepago sin contrato de Trophy Club[:] - Pronto Power\" \/>\n<meta property=\"og:description\" content=\"Muchas personas temen revisar el buz\u00f3n porque las facturas se siguen acumulando sin un final a la vista. Parece que tan pronto como llega su cheque, se va, se gasta en servicios p\u00fablicos. Ojal\u00e1 hubiera una forma m\u00e1s f\u00e1cil de pagar sus facturas. Servicio de prepago Ah\u00ed es donde entra en juego la energ\u00eda prepaga &hellip; Continue reading Consigue la mejor energ\u00eda prepago sin contrato de Trophy Club\" \/>\n<meta property=\"og:url\" content=\"https:\/\/powermepronto.com\/get-the-best-trophy-club-no-contract-prepaid-power\/\" \/>\n<meta property=\"og:site_name\" content=\"Pronto Power\" \/>\n<meta name=\"twitter:card\" content=\"summary_large_image\" \/>\n<meta name=\"twitter:label1\" content=\"Tiempo de lectura\" \/>\n\t<meta name=\"twitter:data1\" content=\"4 minutos\" \/>\n<script type=\"application\/ld+json\" class=\"yoast-schema-graph\">{\"@context\":\"https:\\\/\\\/schema.org\",\"@graph\":[{\"@type\":\"WebPage\",\"@id\":\"https:\\\/\\\/powermepronto.com\\\/get-the-best-trophy-club-no-contract-prepaid-power\\\/\",\"url\":\"https:\\\/\\\/powermepronto.com\\\/get-the-best-trophy-club-no-contract-prepaid-power\\\/\",\"name\":\"[:en] Get the Best Trophy Club No-Contract Prepaid Power [:es] Consigue la mejor energ\u00eda prepago sin contrato de Trophy Club[:] - Pronto Power\",\"isPartOf\":{\"@id\":\"https:\\\/\\\/powermepronto.com\\\/en\\\/#website\"},\"datePublished\":\"2025-06-12T13:43:30+00:00\",\"breadcrumb\":{\"@id\":\"https:\\\/\\\/powermepronto.com\\\/get-the-best-trophy-club-no-contract-prepaid-power\\\/#breadcrumb\"},\"inLanguage\":\"es\",\"potentialAction\":[{\"@type\":\"ReadAction\",\"target\":[\"https:\\\/\\\/powermepronto.com\\\/get-the-best-trophy-club-no-contract-prepaid-power\\\/\"]}]},{\"@type\":\"BreadcrumbList\",\"@id\":\"https:\\\/\\\/powermepronto.com\\\/get-the-best-trophy-club-no-contract-prepaid-power\\\/#breadcrumb\",\"itemListElement\":[{\"@type\":\"ListItem\",\"position\":1,\"name\":\"Home\",\"item\":\"https:\\\/\\\/powermepronto.com\\\/en\\\/\"},{\"@type\":\"ListItem\",\"position\":2,\"name\":\"Get the Best Trophy Club No-Contract Prepaid Power\"}]},{\"@type\":\"WebSite\",\"@id\":\"https:\\\/\\\/powermepronto.com\\\/en\\\/#website\",\"url\":\"https:\\\/\\\/powermepronto.com\\\/en\\\/\",\"name\":\"Pronto Power\",\"description\":\"\",\"potentialAction\":[{\"@type\":\"SearchAction\",\"target\":{\"@type\":\"EntryPoint\",\"urlTemplate\":\"https:\\\/\\\/powermepronto.com\\\/en\\\/?s={search_term_string}\"},\"query-input\":{\"@type\":\"PropertyValueSpecification\",\"valueRequired\":true,\"valueName\":\"search_term_string\"}}],\"inLanguage\":\"es\"}]}<\/script>\n<!-- \/ Yoast SEO plugin. -->","yoast_head_json":{"title":"[:en] Get the Best Trophy Club No-Contract Prepaid Power [:es] Consigue la mejor energ\u00eda prepago sin contrato de Trophy Club[:] - Pronto Power","robots":{"index":"index","follow":"follow","max-snippet":"max-snippet:-1","max-image-preview":"max-image-preview:large","max-video-preview":"max-video-preview:-1"},"canonical":"https:\/\/powermepronto.com\/get-the-best-trophy-club-no-contract-prepaid-power\/","og_locale":"es_ES","og_type":"article","og_title":"[:en] Get the Best Trophy Club No-Contract Prepaid Power [:es] Consigue la mejor energ\u00eda prepago sin contrato de Trophy Club[:] - Pronto Power","og_description":"Muchas personas temen revisar el buz\u00f3n porque las facturas se siguen acumulando sin un final a la vista. Parece que tan pronto como llega su cheque, se va, se gasta en servicios p\u00fablicos. Ojal\u00e1 hubiera una forma m\u00e1s f\u00e1cil de pagar sus facturas. Servicio de prepago Ah\u00ed es donde entra en juego la energ\u00eda prepaga &hellip; Continue reading Consigue la mejor energ\u00eda prepago sin contrato de Trophy Club","og_url":"https:\/\/powermepronto.com\/get-the-best-trophy-club-no-contract-prepaid-power\/","og_site_name":"Pronto Power","twitter_card":"summary_large_image","twitter_misc":{"Tiempo de lectura":"4 minutos"},"schema":{"@context":"https:\/\/schema.org","@graph":[{"@type":"WebPage","@id":"https:\/\/powermepronto.com\/get-the-best-trophy-club-no-contract-prepaid-power\/","url":"https:\/\/powermepronto.com\/get-the-best-trophy-club-no-contract-prepaid-power\/","name":"[:en] Get the Best Trophy Club No-Contract Prepaid Power [:es] Consigue la mejor energ\u00eda prepago sin contrato de Trophy Club[:] - Pronto Power","isPartOf":{"@id":"https:\/\/powermepronto.com\/en\/#website"},"datePublished":"2025-06-12T13:43:30+00:00","breadcrumb":{"@id":"https:\/\/powermepronto.com\/get-the-best-trophy-club-no-contract-prepaid-power\/#breadcrumb"},"inLanguage":"es","potentialAction":[{"@type":"ReadAction","target":["https:\/\/powermepronto.com\/get-the-best-trophy-club-no-contract-prepaid-power\/"]}]},{"@type":"BreadcrumbList","@id":"https:\/\/powermepronto.com\/get-the-best-trophy-club-no-contract-prepaid-power\/#breadcrumb","itemListElement":[{"@type":"ListItem","position":1,"name":"Home","item":"https:\/\/powermepronto.com\/en\/"},{"@type":"ListItem","position":2,"name":"Get the Best Trophy Club No-Contract Prepaid Power"}]},{"@type":"WebSite","@id":"https:\/\/powermepronto.com\/en\/#website","url":"https:\/\/powermepronto.com\/en\/","name":"Pronto Power","description":"","potentialAction":[{"@type":"SearchAction","target":{"@type":"EntryPoint","urlTemplate":"https:\/\/powermepronto.com\/en\/?s={search_term_string}"},"query-input":{"@type":"PropertyValueSpecification","valueRequired":true,"valueName":"search_term_string"}}],"inLanguage":"es"}]}},"_links":{"self":[{"href":"https:\/\/powermepronto.com\/es\/wp-json\/wp\/v2\/pages\/4317","targetHints":{"allow":["GET"]}}],"collection":[{"href":"https:\/\/powermepronto.com\/es\/wp-json\/wp\/v2\/pages"}],"about":[{"href":"https:\/\/powermepronto.com\/es\/wp-json\/wp\/v2\/types\/page"}],"author":[{"embeddable":true,"href":"https:\/\/powermepronto.com\/es\/wp-json\/wp\/v2\/users\/1"}],"replies":[{"embeddable":true,"href":"https:\/\/powermepronto.com\/es\/wp-json\/wp\/v2\/comments?post=4317"}],"version-history":[{"count":1,"href":"https:\/\/powermepronto.com\/es\/wp-json\/wp\/v2\/pages\/4317\/revisions"}],"predecessor-version":[{"id":4318,"href":"https:\/\/powermepronto.com\/es\/wp-json\/wp\/v2\/pages\/4317\/revisions\/4318"}],"wp:attachment":[{"href":"https:\/\/powermepronto.com\/es\/wp-json\/wp\/v2\/media?parent=4317"}],"curies":[{"name":"wp","href":"https:\/\/api.w.org\/{rel}","templated":true}]}}