{"id":4312,"date":"2025-06-10T09:04:03","date_gmt":"2025-06-10T14:04:03","guid":{"rendered":"https:\/\/powermepronto.com\/?page_id=4312"},"modified":"2025-06-10T09:04:03","modified_gmt":"2025-06-10T14:04:03","slug":"switch-to-budget-friendly-austin-prepaid-power","status":"publish","type":"page","link":"https:\/\/powermepronto.com\/es\/switch-to-budget-friendly-austin-prepaid-power\/","title":{"rendered":"C\u00e1mbiate a la energ\u00eda prepagada de Austin econ\u00f3mica"},"content":{"rendered":"<p>Pagar sus facturas cada mes puede ser estresante y, para empeorar las cosas, las cantidades que debe tienden a fluctuar. Puede ser dif\u00edcil estimar sus costos de vida de un mes a otro. Si tan solo pudiera presupuestar sus facturas de manera un poco m\u00e1s confiable. Ingrese a Pronto Power, el l\u00edder en energ\u00eda prepagada de Austin. Con nuestro plan prepago, puedes pagar todos los d\u00edas, una vez a la semana, cuando tu cheque de pago llegue al banco o cuando sea conveniente para ti. Se acabaron las facturas sorpresa alarmantemente grandes a final de mes.<\/p>\n<p>Despu\u00e9s de unos meses de servicio, tendr\u00e1 una mejor idea de cu\u00e1nta electricidad consume y podr\u00e1 calcular cu\u00e1nto cuesta por d\u00eda, semana o per\u00edodo de pago. Esto hace que sea m\u00e1s f\u00e1cil contabilizar su factura de electricidad en su presupuesto.<\/p>\n<h2>\u00bfQu\u00e9 es el servicio prepago?<\/h2>\n<p>A diferencia del servicio tradicional, el servicio prepago es exactamente eso: pagas por adelantado por la electricidad que utilizas. El servicio comienza cuando carga una peque\u00f1a cantidad de dinero en su cuenta. Este dinero no es un dep\u00f3sito o una tarifa de servicio, es su dinero el que paga su factura. Siempre que tenga al menos un centavo en su cuenta, su electricidad permanece encendida.<\/p>\n<p>Al comparar diferentes servicios prepagados en Texas, tenga en cuenta la letra peque\u00f1a. Muchas empresas ofrecen tarifas competitivas, pero est\u00e1n vinculadas a contratos a largo plazo y las tarifas a menudo aumentan despu\u00e9s de unos meses. Con Pronto Power, no hay contratos ni letra peque\u00f1a. Las tarifas anunciadas son las tarifas que recibe. Al comparar las tarifas, tambi\u00e9n notar\u00e1 que Pronto Power tiene tarifas m\u00e1s bajas que cualquier otro proveedor de electricidad. De hecho, \u00a1las tarifas de Pronto Power son las m\u00e1s bajas de Texas!<\/p>\n<h2>El poder del medidor inteligente<\/h2>\n<p>La aplicaci\u00f3n interactiva que utiliza para agregar fondos a su cuenta y verificar su saldo le permite rastrear su medidor inteligente en tiempo real. Puede ver exactamente cu\u00e1nta electricidad est\u00e1 usando simplemente abriendo la aplicaci\u00f3n desde cualquier lugar. Usted est\u00e1 a cargo de la cantidad de electricidad que consume y puede hacer cambios inmediatos para ahorrar dinero. Se ha demostrado que los consumidores que tienen control directo de su uso de energ\u00eda tienden a usar menos electricidad y ahorrar m\u00e1s dinero.<\/p>\n<p>Llame a Pronto Power hoy al 844 621-2852 para comenzar a mantener su presupuesto en orden con el mejor proveedor de energ\u00eda prepagada de Austin, Pronto Power.<\/p>","protected":false},"excerpt":{"rendered":"<p>Pagar sus facturas cada mes puede ser estresante y, para empeorar las cosas, las cantidades que debe tienden a fluctuar. Puede ser dif\u00edcil estimar sus costos de vida de un mes a otro. Si tan solo pudiera presupuestar sus facturas de manera un poco m\u00e1s confiable. Ingrese a Pronto Power, el l\u00edder en energ\u00eda prepagada &hellip; <a href=\"https:\/\/powermepronto.com\/es\/switch-to-budget-friendly-austin-prepaid-power\/\" class=\"more-link\">Continue reading <span class=\"screen-reader-text\">C\u00e1mbiate a la energ\u00eda prepagada de Austin econ\u00f3mica<\/span><\/a><\/p>\n","protected":false},"author":1,"featured_media":0,"parent":0,"menu_order":0,"comment_status":"closed","ping_status":"closed","template":"","meta":{"_acf_changed":false,"_glsr_average":0,"_glsr_ranking":0,"_glsr_reviews":0,"footnotes":"","_links_to":"","_links_to_target":""},"class_list":["post-4312","page","type-page","status-publish","hentry"],"acf":[],"yoast_head":"<!-- This site is optimized with the Yoast SEO plugin v27.4 - https:\/\/yoast.com\/product\/yoast-seo-wordpress\/ -->\n<title>C\u00e1mbiate a la energ\u00eda prepagada de Austin econ\u00f3mica - Pronto Power<\/title>\n<meta name=\"robots\" content=\"index, follow, max-snippet:-1, max-image-preview:large, max-video-preview:-1\" \/>\n<link rel=\"canonical\" href=\"https:\/\/powermepronto.com\/switch-to-budget-friendly-austin-prepaid-power\/\" \/>\n<meta property=\"og:locale\" content=\"es_ES\" \/>\n<meta property=\"og:type\" content=\"article\" \/>\n<meta property=\"og:title\" content=\"[:en] Switch to Budget-Friendly Austin Prepaid Power [:es] C\u00e1mbiate a la energ\u00eda prepagada de Austin econ\u00f3mica[:] - Pronto Power\" \/>\n<meta property=\"og:description\" content=\"Pagar sus facturas cada mes puede ser estresante y, para empeorar las cosas, las cantidades que debe tienden a fluctuar. Puede ser dif\u00edcil estimar sus costos de vida de un mes a otro. Si tan solo pudiera presupuestar sus facturas de manera un poco m\u00e1s confiable. Ingrese a Pronto Power, el l\u00edder en energ\u00eda prepagada &hellip; Continue reading C\u00e1mbiate a la energ\u00eda prepagada de Austin econ\u00f3mica\" \/>\n<meta property=\"og:url\" content=\"https:\/\/powermepronto.com\/switch-to-budget-friendly-austin-prepaid-power\/\" \/>\n<meta property=\"og:site_name\" content=\"Pronto Power\" \/>\n<meta name=\"twitter:card\" content=\"summary_large_image\" \/>\n<meta name=\"twitter:label1\" content=\"Tiempo de lectura\" \/>\n\t<meta name=\"twitter:data1\" content=\"4 minutos\" \/>\n<script type=\"application\/ld+json\" class=\"yoast-schema-graph\">{\"@context\":\"https:\\\/\\\/schema.org\",\"@graph\":[{\"@type\":\"WebPage\",\"@id\":\"https:\\\/\\\/powermepronto.com\\\/switch-to-budget-friendly-austin-prepaid-power\\\/\",\"url\":\"https:\\\/\\\/powermepronto.com\\\/switch-to-budget-friendly-austin-prepaid-power\\\/\",\"name\":\"[:en] Switch to Budget-Friendly Austin Prepaid Power [:es] C\u00e1mbiate a la energ\u00eda prepagada de Austin econ\u00f3mica[:] - Pronto Power\",\"isPartOf\":{\"@id\":\"https:\\\/\\\/powermepronto.com\\\/en\\\/#website\"},\"datePublished\":\"2025-06-10T14:04:03+00:00\",\"breadcrumb\":{\"@id\":\"https:\\\/\\\/powermepronto.com\\\/switch-to-budget-friendly-austin-prepaid-power\\\/#breadcrumb\"},\"inLanguage\":\"es\",\"potentialAction\":[{\"@type\":\"ReadAction\",\"target\":[\"https:\\\/\\\/powermepronto.com\\\/switch-to-budget-friendly-austin-prepaid-power\\\/\"]}]},{\"@type\":\"BreadcrumbList\",\"@id\":\"https:\\\/\\\/powermepronto.com\\\/switch-to-budget-friendly-austin-prepaid-power\\\/#breadcrumb\",\"itemListElement\":[{\"@type\":\"ListItem\",\"position\":1,\"name\":\"Home\",\"item\":\"https:\\\/\\\/powermepronto.com\\\/en\\\/\"},{\"@type\":\"ListItem\",\"position\":2,\"name\":\"Switch to Budget-Friendly Austin Prepaid Power\"}]},{\"@type\":\"WebSite\",\"@id\":\"https:\\\/\\\/powermepronto.com\\\/en\\\/#website\",\"url\":\"https:\\\/\\\/powermepronto.com\\\/en\\\/\",\"name\":\"Pronto Power\",\"description\":\"\",\"potentialAction\":[{\"@type\":\"SearchAction\",\"target\":{\"@type\":\"EntryPoint\",\"urlTemplate\":\"https:\\\/\\\/powermepronto.com\\\/en\\\/?s={search_term_string}\"},\"query-input\":{\"@type\":\"PropertyValueSpecification\",\"valueRequired\":true,\"valueName\":\"search_term_string\"}}],\"inLanguage\":\"es\"}]}<\/script>\n<!-- \/ Yoast SEO plugin. -->","yoast_head_json":{"title":"[:en] Switch to Budget-Friendly Austin Prepaid Power [:es] C\u00e1mbiate a la energ\u00eda prepagada de Austin econ\u00f3mica[:] - Pronto Power","robots":{"index":"index","follow":"follow","max-snippet":"max-snippet:-1","max-image-preview":"max-image-preview:large","max-video-preview":"max-video-preview:-1"},"canonical":"https:\/\/powermepronto.com\/switch-to-budget-friendly-austin-prepaid-power\/","og_locale":"es_ES","og_type":"article","og_title":"[:en] Switch to Budget-Friendly Austin Prepaid Power [:es] C\u00e1mbiate a la energ\u00eda prepagada de Austin econ\u00f3mica[:] - Pronto Power","og_description":"Pagar sus facturas cada mes puede ser estresante y, para empeorar las cosas, las cantidades que debe tienden a fluctuar. Puede ser dif\u00edcil estimar sus costos de vida de un mes a otro. Si tan solo pudiera presupuestar sus facturas de manera un poco m\u00e1s confiable. Ingrese a Pronto Power, el l\u00edder en energ\u00eda prepagada &hellip; Continue reading C\u00e1mbiate a la energ\u00eda prepagada de Austin econ\u00f3mica","og_url":"https:\/\/powermepronto.com\/switch-to-budget-friendly-austin-prepaid-power\/","og_site_name":"Pronto Power","twitter_card":"summary_large_image","twitter_misc":{"Tiempo de lectura":"4 minutos"},"schema":{"@context":"https:\/\/schema.org","@graph":[{"@type":"WebPage","@id":"https:\/\/powermepronto.com\/switch-to-budget-friendly-austin-prepaid-power\/","url":"https:\/\/powermepronto.com\/switch-to-budget-friendly-austin-prepaid-power\/","name":"[:en] Switch to Budget-Friendly Austin Prepaid Power [:es] C\u00e1mbiate a la energ\u00eda prepagada de Austin econ\u00f3mica[:] - Pronto Power","isPartOf":{"@id":"https:\/\/powermepronto.com\/en\/#website"},"datePublished":"2025-06-10T14:04:03+00:00","breadcrumb":{"@id":"https:\/\/powermepronto.com\/switch-to-budget-friendly-austin-prepaid-power\/#breadcrumb"},"inLanguage":"es","potentialAction":[{"@type":"ReadAction","target":["https:\/\/powermepronto.com\/switch-to-budget-friendly-austin-prepaid-power\/"]}]},{"@type":"BreadcrumbList","@id":"https:\/\/powermepronto.com\/switch-to-budget-friendly-austin-prepaid-power\/#breadcrumb","itemListElement":[{"@type":"ListItem","position":1,"name":"Home","item":"https:\/\/powermepronto.com\/en\/"},{"@type":"ListItem","position":2,"name":"Switch to Budget-Friendly Austin Prepaid Power"}]},{"@type":"WebSite","@id":"https:\/\/powermepronto.com\/en\/#website","url":"https:\/\/powermepronto.com\/en\/","name":"Pronto Power","description":"","potentialAction":[{"@type":"SearchAction","target":{"@type":"EntryPoint","urlTemplate":"https:\/\/powermepronto.com\/en\/?s={search_term_string}"},"query-input":{"@type":"PropertyValueSpecification","valueRequired":true,"valueName":"search_term_string"}}],"inLanguage":"es"}]}},"_links":{"self":[{"href":"https:\/\/powermepronto.com\/es\/wp-json\/wp\/v2\/pages\/4312","targetHints":{"allow":["GET"]}}],"collection":[{"href":"https:\/\/powermepronto.com\/es\/wp-json\/wp\/v2\/pages"}],"about":[{"href":"https:\/\/powermepronto.com\/es\/wp-json\/wp\/v2\/types\/page"}],"author":[{"embeddable":true,"href":"https:\/\/powermepronto.com\/es\/wp-json\/wp\/v2\/users\/1"}],"replies":[{"embeddable":true,"href":"https:\/\/powermepronto.com\/es\/wp-json\/wp\/v2\/comments?post=4312"}],"version-history":[{"count":1,"href":"https:\/\/powermepronto.com\/es\/wp-json\/wp\/v2\/pages\/4312\/revisions"}],"predecessor-version":[{"id":4313,"href":"https:\/\/powermepronto.com\/es\/wp-json\/wp\/v2\/pages\/4312\/revisions\/4313"}],"wp:attachment":[{"href":"https:\/\/powermepronto.com\/es\/wp-json\/wp\/v2\/media?parent=4312"}],"curies":[{"name":"wp","href":"https:\/\/api.w.org\/{rel}","templated":true}]}}