{"id":4310,"date":"2025-06-10T09:03:18","date_gmt":"2025-06-10T14:03:18","guid":{"rendered":"https:\/\/powermepronto.com\/?page_id=4310"},"modified":"2025-06-10T09:03:18","modified_gmt":"2025-06-10T14:03:18","slug":"say-goodbye-to-contracts-with-river-oaks-prepaid-electricity","status":"publish","type":"page","link":"https:\/\/powermepronto.com\/es\/say-goodbye-to-contracts-with-river-oaks-prepaid-electricity\/","title":{"rendered":"Diga adi\u00f3s a los contratos con River Oaks Prepaid Electricity"},"content":{"rendered":"<p>Cada vez que se inscribe en una nueva empresa de servicios p\u00fablicos, parece que recibe una verificaci\u00f3n de cr\u00e9dito, un dep\u00f3sito y un contrato. Es mentalmente agotador completar todo el papeleo y esperar a que los resultados le digan cu\u00e1nto del dinero que tanto le cost\u00f3 ganar se desperdiciar\u00e1 en un dep\u00f3sito. Afortunadamente, con el proveedor de electricidad prepagada de River Oaks, Pronto Power, ninguna parte de esta historia suena cierta.<\/p>\n<h2>Bondad prepagada<\/h2>\n<p>Pronto Power tiene un sistema \u00fanico para ayudar a sus clientes a evitar caer en un agujero financiero: el servicio prepago. Con la energ\u00eda prepagada, los clientes pagan por adelantado la electricidad que consumen. Evitar los pagos atrasados es f\u00e1cil pagando por adelantado. Adem\u00e1s, Pronto Power nunca requiere que los clientes se sometan a una verificaci\u00f3n de cr\u00e9dito, ya que no hay dep\u00f3sitos.<\/p>\n<h2>Sin contrato, nunca<\/h2>\n<p>Otra buena noticia para los clientes de prepago de Pronto Power es su posici\u00f3n en los contratos. Pronto Power cree que sus clientes deben seguir siendo clientes no porque se les exija, sino porque as\u00ed lo desean. El servicio al cliente es el m\u00e9todo de Pronto Power para mantener a los clientes; Cuando llama con preguntas o inquietudes, sus preguntas son respondidas con prontitud y con un tono amigable. \u00bfQui\u00e9n querr\u00eda dejar ese nivel de servicio al cliente? Es mejor que firmar un contrato, y nuestros clientes tienden a estar de acuerdo permaneciendo leales.<\/p>\n<h2>\u00bfC\u00f3mo inscribirse?<\/h2>\n<p>Convertirse en un cliente leal de Pronto Power es simple. Siempre que su hogar tenga un medidor inteligente, y el 98% de los hogares de Texas lo tienen, su servicio puede comenzar en una hora. No es necesario esperar la instalaci\u00f3n del servicio. Es la promesa de \u00abpotencia en una hora\u00bb de Pronto Power. Cuando se inscriba en el servicio, no notar\u00e1 ninguna letra peque\u00f1a en su documentaci\u00f3n. Las tarifas anunciadas son las tarifas que paga. Es tan simple como eso.<\/p>\n<p>\u00bfEst\u00e1s listo para ser el cliente m\u00e1s nuevo de Pronto Power? Llame al 844 621-2852 hoy y comience a ahorrar dinero en su factura de electricidad con el proveedor de electricidad prepagada de River Oaks, Pronto Power.<\/p>","protected":false},"excerpt":{"rendered":"<p>Cada vez que se inscribe en una nueva empresa de servicios p\u00fablicos, parece que recibe una verificaci\u00f3n de cr\u00e9dito, un dep\u00f3sito y un contrato. Es mentalmente agotador completar todo el papeleo y esperar a que los resultados le digan cu\u00e1nto del dinero que tanto le cost\u00f3 ganar se desperdiciar\u00e1 en un dep\u00f3sito. Afortunadamente, con el &hellip; <a href=\"https:\/\/powermepronto.com\/es\/say-goodbye-to-contracts-with-river-oaks-prepaid-electricity\/\" class=\"more-link\">Continue reading <span class=\"screen-reader-text\">Diga adi\u00f3s a los contratos con River Oaks Prepaid Electricity<\/span><\/a><\/p>\n","protected":false},"author":1,"featured_media":0,"parent":0,"menu_order":0,"comment_status":"closed","ping_status":"closed","template":"","meta":{"_acf_changed":false,"_glsr_average":0,"_glsr_ranking":0,"_glsr_reviews":0,"footnotes":"","_links_to":"","_links_to_target":""},"class_list":["post-4310","page","type-page","status-publish","hentry"],"acf":[],"yoast_head":"<!-- This site is optimized with the Yoast SEO plugin v27.4 - https:\/\/yoast.com\/product\/yoast-seo-wordpress\/ -->\n<title>Diga adi\u00f3s a los contratos con River Oaks Prepaid Electricity - Pronto Power<\/title>\n<meta name=\"robots\" content=\"index, follow, max-snippet:-1, max-image-preview:large, max-video-preview:-1\" \/>\n<link rel=\"canonical\" href=\"https:\/\/powermepronto.com\/say-goodbye-to-contracts-with-river-oaks-prepaid-electricity\/\" \/>\n<meta property=\"og:locale\" content=\"es_ES\" \/>\n<meta property=\"og:type\" content=\"article\" \/>\n<meta property=\"og:title\" content=\"[:en] Say Goodbye to Contracts with River Oaks Prepaid Electricity [:es] Diga adi\u00f3s a los contratos con River Oaks Prepaid Electricity[:] - Pronto Power\" \/>\n<meta property=\"og:description\" content=\"Cada vez que se inscribe en una nueva empresa de servicios p\u00fablicos, parece que recibe una verificaci\u00f3n de cr\u00e9dito, un dep\u00f3sito y un contrato. Es mentalmente agotador completar todo el papeleo y esperar a que los resultados le digan cu\u00e1nto del dinero que tanto le cost\u00f3 ganar se desperdiciar\u00e1 en un dep\u00f3sito. Afortunadamente, con el &hellip; Continue reading Diga adi\u00f3s a los contratos con River Oaks Prepaid Electricity\" \/>\n<meta property=\"og:url\" content=\"https:\/\/powermepronto.com\/say-goodbye-to-contracts-with-river-oaks-prepaid-electricity\/\" \/>\n<meta property=\"og:site_name\" content=\"Pronto Power\" \/>\n<meta name=\"twitter:card\" content=\"summary_large_image\" \/>\n<meta name=\"twitter:label1\" content=\"Tiempo de lectura\" \/>\n\t<meta name=\"twitter:data1\" content=\"3 minutos\" \/>\n<script type=\"application\/ld+json\" class=\"yoast-schema-graph\">{\"@context\":\"https:\\\/\\\/schema.org\",\"@graph\":[{\"@type\":\"WebPage\",\"@id\":\"https:\\\/\\\/powermepronto.com\\\/say-goodbye-to-contracts-with-river-oaks-prepaid-electricity\\\/\",\"url\":\"https:\\\/\\\/powermepronto.com\\\/say-goodbye-to-contracts-with-river-oaks-prepaid-electricity\\\/\",\"name\":\"[:en] Say Goodbye to Contracts with River Oaks Prepaid Electricity [:es] Diga adi\u00f3s a los contratos con River Oaks Prepaid Electricity[:] - Pronto Power\",\"isPartOf\":{\"@id\":\"https:\\\/\\\/powermepronto.com\\\/en\\\/#website\"},\"datePublished\":\"2025-06-10T14:03:18+00:00\",\"breadcrumb\":{\"@id\":\"https:\\\/\\\/powermepronto.com\\\/say-goodbye-to-contracts-with-river-oaks-prepaid-electricity\\\/#breadcrumb\"},\"inLanguage\":\"es\",\"potentialAction\":[{\"@type\":\"ReadAction\",\"target\":[\"https:\\\/\\\/powermepronto.com\\\/say-goodbye-to-contracts-with-river-oaks-prepaid-electricity\\\/\"]}]},{\"@type\":\"BreadcrumbList\",\"@id\":\"https:\\\/\\\/powermepronto.com\\\/say-goodbye-to-contracts-with-river-oaks-prepaid-electricity\\\/#breadcrumb\",\"itemListElement\":[{\"@type\":\"ListItem\",\"position\":1,\"name\":\"Home\",\"item\":\"https:\\\/\\\/powermepronto.com\\\/en\\\/\"},{\"@type\":\"ListItem\",\"position\":2,\"name\":\"Say Goodbye to Contracts with River Oaks Prepaid Electricity\"}]},{\"@type\":\"WebSite\",\"@id\":\"https:\\\/\\\/powermepronto.com\\\/en\\\/#website\",\"url\":\"https:\\\/\\\/powermepronto.com\\\/en\\\/\",\"name\":\"Pronto Power\",\"description\":\"\",\"potentialAction\":[{\"@type\":\"SearchAction\",\"target\":{\"@type\":\"EntryPoint\",\"urlTemplate\":\"https:\\\/\\\/powermepronto.com\\\/en\\\/?s={search_term_string}\"},\"query-input\":{\"@type\":\"PropertyValueSpecification\",\"valueRequired\":true,\"valueName\":\"search_term_string\"}}],\"inLanguage\":\"es\"}]}<\/script>\n<!-- \/ Yoast SEO plugin. -->","yoast_head_json":{"title":"[:en] Say Goodbye to Contracts with River Oaks Prepaid Electricity [:es] Diga adi\u00f3s a los contratos con River Oaks Prepaid Electricity[:] - Pronto Power","robots":{"index":"index","follow":"follow","max-snippet":"max-snippet:-1","max-image-preview":"max-image-preview:large","max-video-preview":"max-video-preview:-1"},"canonical":"https:\/\/powermepronto.com\/say-goodbye-to-contracts-with-river-oaks-prepaid-electricity\/","og_locale":"es_ES","og_type":"article","og_title":"[:en] Say Goodbye to Contracts with River Oaks Prepaid Electricity [:es] Diga adi\u00f3s a los contratos con River Oaks Prepaid Electricity[:] - Pronto Power","og_description":"Cada vez que se inscribe en una nueva empresa de servicios p\u00fablicos, parece que recibe una verificaci\u00f3n de cr\u00e9dito, un dep\u00f3sito y un contrato. Es mentalmente agotador completar todo el papeleo y esperar a que los resultados le digan cu\u00e1nto del dinero que tanto le cost\u00f3 ganar se desperdiciar\u00e1 en un dep\u00f3sito. Afortunadamente, con el &hellip; Continue reading Diga adi\u00f3s a los contratos con River Oaks Prepaid Electricity","og_url":"https:\/\/powermepronto.com\/say-goodbye-to-contracts-with-river-oaks-prepaid-electricity\/","og_site_name":"Pronto Power","twitter_card":"summary_large_image","twitter_misc":{"Tiempo de lectura":"3 minutos"},"schema":{"@context":"https:\/\/schema.org","@graph":[{"@type":"WebPage","@id":"https:\/\/powermepronto.com\/say-goodbye-to-contracts-with-river-oaks-prepaid-electricity\/","url":"https:\/\/powermepronto.com\/say-goodbye-to-contracts-with-river-oaks-prepaid-electricity\/","name":"[:en] Say Goodbye to Contracts with River Oaks Prepaid Electricity [:es] Diga adi\u00f3s a los contratos con River Oaks Prepaid Electricity[:] - Pronto Power","isPartOf":{"@id":"https:\/\/powermepronto.com\/en\/#website"},"datePublished":"2025-06-10T14:03:18+00:00","breadcrumb":{"@id":"https:\/\/powermepronto.com\/say-goodbye-to-contracts-with-river-oaks-prepaid-electricity\/#breadcrumb"},"inLanguage":"es","potentialAction":[{"@type":"ReadAction","target":["https:\/\/powermepronto.com\/say-goodbye-to-contracts-with-river-oaks-prepaid-electricity\/"]}]},{"@type":"BreadcrumbList","@id":"https:\/\/powermepronto.com\/say-goodbye-to-contracts-with-river-oaks-prepaid-electricity\/#breadcrumb","itemListElement":[{"@type":"ListItem","position":1,"name":"Home","item":"https:\/\/powermepronto.com\/en\/"},{"@type":"ListItem","position":2,"name":"Say Goodbye to Contracts with River Oaks Prepaid Electricity"}]},{"@type":"WebSite","@id":"https:\/\/powermepronto.com\/en\/#website","url":"https:\/\/powermepronto.com\/en\/","name":"Pronto Power","description":"","potentialAction":[{"@type":"SearchAction","target":{"@type":"EntryPoint","urlTemplate":"https:\/\/powermepronto.com\/en\/?s={search_term_string}"},"query-input":{"@type":"PropertyValueSpecification","valueRequired":true,"valueName":"search_term_string"}}],"inLanguage":"es"}]}},"_links":{"self":[{"href":"https:\/\/powermepronto.com\/es\/wp-json\/wp\/v2\/pages\/4310","targetHints":{"allow":["GET"]}}],"collection":[{"href":"https:\/\/powermepronto.com\/es\/wp-json\/wp\/v2\/pages"}],"about":[{"href":"https:\/\/powermepronto.com\/es\/wp-json\/wp\/v2\/types\/page"}],"author":[{"embeddable":true,"href":"https:\/\/powermepronto.com\/es\/wp-json\/wp\/v2\/users\/1"}],"replies":[{"embeddable":true,"href":"https:\/\/powermepronto.com\/es\/wp-json\/wp\/v2\/comments?post=4310"}],"version-history":[{"count":1,"href":"https:\/\/powermepronto.com\/es\/wp-json\/wp\/v2\/pages\/4310\/revisions"}],"predecessor-version":[{"id":4311,"href":"https:\/\/powermepronto.com\/es\/wp-json\/wp\/v2\/pages\/4310\/revisions\/4311"}],"wp:attachment":[{"href":"https:\/\/powermepronto.com\/es\/wp-json\/wp\/v2\/media?parent=4310"}],"curies":[{"name":"wp","href":"https:\/\/api.w.org\/{rel}","templated":true}]}}