{"id":4271,"date":"2025-04-02T09:35:14","date_gmt":"2025-04-02T14:35:14","guid":{"rendered":"https:\/\/powermepronto.com\/?page_id=4271"},"modified":"2025-04-02T09:35:14","modified_gmt":"2025-04-02T14:35:14","slug":"newark-prepaid-electricity-with-no-deposit-and-no-hidden-fees","status":"publish","type":"page","link":"https:\/\/powermepronto.com\/es\/newark-prepaid-electricity-with-no-deposit-and-no-hidden-fees\/","title":{"rendered":"Electricidad prepagada de Newark sin dep\u00f3sito y sin tarifas ocultas"},"content":{"rendered":"<p>Es agonizante tratar de registrarse como nuevo cliente para la mayor\u00eda de las compa\u00f1\u00edas el\u00e9ctricas. Se necesita tiempo, dinero y mucha paciencia. Pronto Power tiene una cura para toda esta miseria: cambie r\u00e1pida y f\u00e1cilmente su servicio de prepago al mejor proveedor de electricidad prepaga de Newark, Pronto Power.<\/p>\n<h2>Sin dep\u00f3sito para nuestros clientes de prepago<\/h2>\n<p>El servicio de prepago es una gran idea: pagas tu servicio el\u00e9ctrico por adelantado y luego observas tu consumo en tiempo real a trav\u00e9s de una aplicaci\u00f3n interactiva para ver cu\u00e1nta electricidad se utiliza. Cuando su cuenta baje demasiado, use la aplicaci\u00f3n en su tel\u00e9fono para agregar m\u00e1s fondos y mantener el flujo de electricidad. Este simple m\u00e9todo significa que no habr\u00e1 una factura gigantesca a fin de mes. Cuando ves tu consumo en tiempo real, tiene otro efecto positivo: tiendes a usar menos electricidad y tu factura es m\u00e1s baja. El conocimiento es poder.<\/p>\n<p>\u00bfQu\u00e9 sucede si est\u00e1 entre cheques de pago y el saldo de su cuenta est\u00e1 cerca de cero? Notifique a nuestro equipo de atenci\u00f3n al cliente antes de la 1:00 y explique su situaci\u00f3n. Su factura puede ser diferida hasta su pr\u00f3ximo cheque de pago sin costo alguno para usted.<\/p>\n<h2>Sin trucos con Pronto Power<\/h2>\n<p>Los clientes a menudo firman contratos para comenzar el servicio. Estos contratos pueden durar un a\u00f1o o m\u00e1s, pero las promesas son muy buenas: tarifas bajas, cargos bajos por minuto y mucho m\u00e1s. Sin embargo, esas tasas pueden ser lo que llaman \u00abtasas introductorias\u00bb que aumentan repentinamente despu\u00e9s de solo unos meses. Pero no puedes desconectar el servicio porque firmaste un contrato.<\/p>\n<p>Los clientes de prepago de Pronto Power nunca tienen que firmar un contrato. Puedes desconectarte en cualquier momento sin penalizaci\u00f3n. Pero no querr\u00e1 hacerlo porque sus tarifas el\u00e9ctricas son bajas y nuestro equipo de servicio al cliente cuida de sus clientes.<\/p>\n<p>\u00bfEst\u00e1s cansado de la letra peque\u00f1a que ni siquiera los abogados entienden? Pronto Power no tiene letra peque\u00f1a para sus clientes de prepago. Te registras y Pronto Power te suministra el servicio. Es tan simple como eso. Las tarifas anunciadas de Pronto Power son exactamente las mismas tarifas que se le cobrar\u00e1n por su servicio.<\/p>\n<h2>Sin tarifas ocultas<\/h2>\n<p>Con muchas compa\u00f1\u00edas de servicios p\u00fablicos, cuesta una fortuna comenzar el servicio. No es as\u00ed con Pronto Power. No enga\u00f1amos a nuestros clientes con una tarifa de activaci\u00f3n, un dep\u00f3sito, una verificaci\u00f3n de cr\u00e9dito, un mes por adelantado o cualquier otra tarifa de servicio. Su \u00fanico costo inicial es el dinero que agrega a su cuenta. Una vez que se agregan los fondos, puede ir a una aplicaci\u00f3n interactiva y ver cu\u00e1nta electricidad est\u00e1 usando en tiempo real. Observe c\u00f3mo el medidor funciona m\u00e1s lento cuando apaga el aire acondicionado: usted est\u00e1 a cargo.<\/p>\n<p>\u00bfEst\u00e1s listo para ahorrar dinero y molestias? Llame a Pronto Power al <a href=\"tel:888 621-2852\">888 621-2852<\/a>. \u00a1Esperamos tener noticias suyas!<\/p>","protected":false},"excerpt":{"rendered":"<p>Es agonizante tratar de registrarse como nuevo cliente para la mayor\u00eda de las compa\u00f1\u00edas el\u00e9ctricas. Se necesita tiempo, dinero y mucha paciencia. Pronto Power tiene una cura para toda esta miseria: cambie r\u00e1pida y f\u00e1cilmente su servicio de prepago al mejor proveedor de electricidad prepaga de Newark, Pronto Power. Sin dep\u00f3sito para nuestros clientes de &hellip; <a href=\"https:\/\/powermepronto.com\/es\/newark-prepaid-electricity-with-no-deposit-and-no-hidden-fees\/\" class=\"more-link\">Continue reading <span class=\"screen-reader-text\">Electricidad prepagada de Newark sin dep\u00f3sito y sin tarifas ocultas<\/span><\/a><\/p>\n","protected":false},"author":1,"featured_media":0,"parent":0,"menu_order":0,"comment_status":"closed","ping_status":"closed","template":"","meta":{"_acf_changed":false,"_glsr_average":0,"_glsr_ranking":0,"_glsr_reviews":0,"footnotes":"","_links_to":"","_links_to_target":""},"class_list":["post-4271","page","type-page","status-publish","hentry"],"acf":[],"yoast_head":"<!-- This site is optimized with the Yoast SEO plugin v27.6 - https:\/\/yoast.com\/product\/yoast-seo-wordpress\/ -->\n<title>Electricidad prepagada de Newark sin dep\u00f3sito y sin tarifas ocultas - Pronto Power<\/title>\n<meta name=\"robots\" content=\"index, follow, max-snippet:-1, max-image-preview:large, max-video-preview:-1\" \/>\n<link rel=\"canonical\" href=\"https:\/\/powermepronto.com\/newark-prepaid-electricity-with-no-deposit-and-no-hidden-fees\/\" \/>\n<meta property=\"og:locale\" content=\"es_ES\" \/>\n<meta property=\"og:type\" content=\"article\" \/>\n<meta property=\"og:title\" content=\"[:en]Newark Prepaid Electricity with No Deposit and No Hidden Fees[:es]Electricidad prepagada de Newark sin dep\u00f3sito y sin tarifas ocultas[:] - Pronto Power\" \/>\n<meta property=\"og:description\" content=\"Es agonizante tratar de registrarse como nuevo cliente para la mayor\u00eda de las compa\u00f1\u00edas el\u00e9ctricas. Se necesita tiempo, dinero y mucha paciencia. Pronto Power tiene una cura para toda esta miseria: cambie r\u00e1pida y f\u00e1cilmente su servicio de prepago al mejor proveedor de electricidad prepaga de Newark, Pronto Power. Sin dep\u00f3sito para nuestros clientes de &hellip; Continue reading Electricidad prepagada de Newark sin dep\u00f3sito y sin tarifas ocultas\" \/>\n<meta property=\"og:url\" content=\"https:\/\/powermepronto.com\/newark-prepaid-electricity-with-no-deposit-and-no-hidden-fees\/\" \/>\n<meta property=\"og:site_name\" content=\"Pronto Power\" \/>\n<meta name=\"twitter:card\" content=\"summary_large_image\" \/>\n<meta name=\"twitter:label1\" content=\"Tiempo de lectura\" \/>\n\t<meta name=\"twitter:data1\" content=\"5 minutos\" \/>\n<script type=\"application\/ld+json\" class=\"yoast-schema-graph\">{\"@context\":\"https:\\\/\\\/schema.org\",\"@graph\":[{\"@type\":\"WebPage\",\"@id\":\"https:\\\/\\\/powermepronto.com\\\/newark-prepaid-electricity-with-no-deposit-and-no-hidden-fees\\\/\",\"url\":\"https:\\\/\\\/powermepronto.com\\\/newark-prepaid-electricity-with-no-deposit-and-no-hidden-fees\\\/\",\"name\":\"[:en]Newark Prepaid Electricity with No Deposit and No Hidden Fees[:es]Electricidad prepagada de Newark sin dep\u00f3sito y sin tarifas ocultas[:] - Pronto Power\",\"isPartOf\":{\"@id\":\"https:\\\/\\\/powermepronto.com\\\/en\\\/#website\"},\"datePublished\":\"2025-04-02T14:35:14+00:00\",\"breadcrumb\":{\"@id\":\"https:\\\/\\\/powermepronto.com\\\/newark-prepaid-electricity-with-no-deposit-and-no-hidden-fees\\\/#breadcrumb\"},\"inLanguage\":\"es\",\"potentialAction\":[{\"@type\":\"ReadAction\",\"target\":[\"https:\\\/\\\/powermepronto.com\\\/newark-prepaid-electricity-with-no-deposit-and-no-hidden-fees\\\/\"]}]},{\"@type\":\"BreadcrumbList\",\"@id\":\"https:\\\/\\\/powermepronto.com\\\/newark-prepaid-electricity-with-no-deposit-and-no-hidden-fees\\\/#breadcrumb\",\"itemListElement\":[{\"@type\":\"ListItem\",\"position\":1,\"name\":\"Home\",\"item\":\"https:\\\/\\\/powermepronto.com\\\/en\\\/\"},{\"@type\":\"ListItem\",\"position\":2,\"name\":\"Newark Prepaid Electricity with No Deposit and No Hidden Fees\"}]},{\"@type\":\"WebSite\",\"@id\":\"https:\\\/\\\/powermepronto.com\\\/en\\\/#website\",\"url\":\"https:\\\/\\\/powermepronto.com\\\/en\\\/\",\"name\":\"Pronto Power\",\"description\":\"\",\"potentialAction\":[{\"@type\":\"SearchAction\",\"target\":{\"@type\":\"EntryPoint\",\"urlTemplate\":\"https:\\\/\\\/powermepronto.com\\\/en\\\/?s={search_term_string}\"},\"query-input\":{\"@type\":\"PropertyValueSpecification\",\"valueRequired\":true,\"valueName\":\"search_term_string\"}}],\"inLanguage\":\"es\"}]}<\/script>\n<!-- \/ Yoast SEO plugin. -->","yoast_head_json":{"title":"[:en]Newark Prepaid Electricity with No Deposit and No Hidden Fees[:es]Electricidad prepagada de Newark sin dep\u00f3sito y sin tarifas ocultas[:] - Pronto Power","robots":{"index":"index","follow":"follow","max-snippet":"max-snippet:-1","max-image-preview":"max-image-preview:large","max-video-preview":"max-video-preview:-1"},"canonical":"https:\/\/powermepronto.com\/newark-prepaid-electricity-with-no-deposit-and-no-hidden-fees\/","og_locale":"es_ES","og_type":"article","og_title":"[:en]Newark Prepaid Electricity with No Deposit and No Hidden Fees[:es]Electricidad prepagada de Newark sin dep\u00f3sito y sin tarifas ocultas[:] - Pronto Power","og_description":"Es agonizante tratar de registrarse como nuevo cliente para la mayor\u00eda de las compa\u00f1\u00edas el\u00e9ctricas. Se necesita tiempo, dinero y mucha paciencia. Pronto Power tiene una cura para toda esta miseria: cambie r\u00e1pida y f\u00e1cilmente su servicio de prepago al mejor proveedor de electricidad prepaga de Newark, Pronto Power. Sin dep\u00f3sito para nuestros clientes de &hellip; Continue reading Electricidad prepagada de Newark sin dep\u00f3sito y sin tarifas ocultas","og_url":"https:\/\/powermepronto.com\/newark-prepaid-electricity-with-no-deposit-and-no-hidden-fees\/","og_site_name":"Pronto Power","twitter_card":"summary_large_image","twitter_misc":{"Tiempo de lectura":"5 minutos"},"schema":{"@context":"https:\/\/schema.org","@graph":[{"@type":"WebPage","@id":"https:\/\/powermepronto.com\/newark-prepaid-electricity-with-no-deposit-and-no-hidden-fees\/","url":"https:\/\/powermepronto.com\/newark-prepaid-electricity-with-no-deposit-and-no-hidden-fees\/","name":"[:en]Newark Prepaid Electricity with No Deposit and No Hidden Fees[:es]Electricidad prepagada de Newark sin dep\u00f3sito y sin tarifas ocultas[:] - Pronto Power","isPartOf":{"@id":"https:\/\/powermepronto.com\/en\/#website"},"datePublished":"2025-04-02T14:35:14+00:00","breadcrumb":{"@id":"https:\/\/powermepronto.com\/newark-prepaid-electricity-with-no-deposit-and-no-hidden-fees\/#breadcrumb"},"inLanguage":"es","potentialAction":[{"@type":"ReadAction","target":["https:\/\/powermepronto.com\/newark-prepaid-electricity-with-no-deposit-and-no-hidden-fees\/"]}]},{"@type":"BreadcrumbList","@id":"https:\/\/powermepronto.com\/newark-prepaid-electricity-with-no-deposit-and-no-hidden-fees\/#breadcrumb","itemListElement":[{"@type":"ListItem","position":1,"name":"Home","item":"https:\/\/powermepronto.com\/en\/"},{"@type":"ListItem","position":2,"name":"Newark Prepaid Electricity with No Deposit and No Hidden Fees"}]},{"@type":"WebSite","@id":"https:\/\/powermepronto.com\/en\/#website","url":"https:\/\/powermepronto.com\/en\/","name":"Pronto Power","description":"","potentialAction":[{"@type":"SearchAction","target":{"@type":"EntryPoint","urlTemplate":"https:\/\/powermepronto.com\/en\/?s={search_term_string}"},"query-input":{"@type":"PropertyValueSpecification","valueRequired":true,"valueName":"search_term_string"}}],"inLanguage":"es"}]}},"_links":{"self":[{"href":"https:\/\/powermepronto.com\/es\/wp-json\/wp\/v2\/pages\/4271","targetHints":{"allow":["GET"]}}],"collection":[{"href":"https:\/\/powermepronto.com\/es\/wp-json\/wp\/v2\/pages"}],"about":[{"href":"https:\/\/powermepronto.com\/es\/wp-json\/wp\/v2\/types\/page"}],"author":[{"embeddable":true,"href":"https:\/\/powermepronto.com\/es\/wp-json\/wp\/v2\/users\/1"}],"replies":[{"embeddable":true,"href":"https:\/\/powermepronto.com\/es\/wp-json\/wp\/v2\/comments?post=4271"}],"version-history":[{"count":1,"href":"https:\/\/powermepronto.com\/es\/wp-json\/wp\/v2\/pages\/4271\/revisions"}],"predecessor-version":[{"id":4272,"href":"https:\/\/powermepronto.com\/es\/wp-json\/wp\/v2\/pages\/4271\/revisions\/4272"}],"wp:attachment":[{"href":"https:\/\/powermepronto.com\/es\/wp-json\/wp\/v2\/media?parent=4271"}],"curies":[{"name":"wp","href":"https:\/\/api.w.org\/{rel}","templated":true}]}}