{"id":4268,"date":"2025-04-02T09:32:11","date_gmt":"2025-04-02T14:32:11","guid":{"rendered":"https:\/\/powermepronto.com\/?page_id=4268"},"modified":"2025-04-02T09:32:37","modified_gmt":"2025-04-02T14:32:37","slug":"save-money-with-prepaid-pantego-no-deposit-electricity","status":"publish","type":"page","link":"https:\/\/powermepronto.com\/es\/save-money-with-prepaid-pantego-no-deposit-electricity\/","title":{"rendered":"Ahorre dinero con la electricidad sin dep\u00f3sito de prepago de Pantego"},"content":{"rendered":"<p>Tu nuevo hogar es un sue\u00f1o hecho realidad&#8230; hasta que tenga que conectar el agua, el alcantarillado, el cable y sus otros servicios p\u00fablicos. Sin embargo, Pronto Power tiene una soluci\u00f3n muy necesaria con su electricidad sin dep\u00f3sito Pantego. Su servicio es muy asequible y s\u00faper r\u00e1pido.<\/p>\n<h2>Asequibilidad al alcance de su mano<\/h2>\n<p>Cuando llama a Pronto Power, pueden inscribirlo para el servicio y tener electricidad en su hogar en 60 minutos para la mayor\u00eda de los hogares de Texas. Su eslogan \u00abPoder dentro de la hora\u00bb es v\u00e1lido para el 98% de los hogares en todo el estado. Siempre que su hogar est\u00e9 equipado con un medidor inteligente, su servicio puede comenzar casi tan pronto como cuelgue el tel\u00e9fono.<\/p>\n<p>Esta velocidad no es una compensaci\u00f3n por el servicio. Pronto Power no solo tiene un excelente servicio el\u00e9ctrico, sino que su servicio al cliente tambi\u00e9n es excepcional. Puede hacer a sus representantes de servicio al cliente cualquier pregunta relacionada con su facturaci\u00f3n o servicio y esperar una respuesta cort\u00e9s.<\/p>\n<h2>No se requiere verificaci\u00f3n de cr\u00e9dito ni dep\u00f3sito<\/h2>\n<p>Cuando te inscribes en el servicio prepagado, Pronto Power nunca te pide tu n\u00famero de seguro social. Esto se debe a que no realizamos una verificaci\u00f3n de cr\u00e9dito. Una verificaci\u00f3n de cr\u00e9dito determina cu\u00e1nto dep\u00f3sito se requiere para cada cliente, pero Pronto Power nunca requiere un dep\u00f3sito para sus clientes prepagados. \u00bfC\u00f3mo pueden hacer eso? El servicio prepago significa que usted paga por adelantado la electricidad que consume. Eso tambi\u00e9n significa que no puede estar en mora, por lo que no es necesario un dep\u00f3sito de seguridad. Sin dep\u00f3sito significa m\u00e1s dinero en su bolsillo.<\/p>\n<p>Tambi\u00e9n descubrir\u00e1 que no tiene otros costos iniciales inesperados, como un mes por adelantado, una tarifa de conexi\u00f3n, una tarifa de servicio, un cargo \u00fanico o cualquier otro costo oculto. De hecho, para comenzar el servicio, solo necesita agregar una peque\u00f1a cantidad de dinero a su cuenta. Este es el dinero para pagar tu primera factura, y con la aplicaci\u00f3n interactiva te mostramos c\u00f3mo usarlo, puedes controlar la cantidad de electricidad que consumes en tiempo real y c\u00f3mo afecta la cantidad en tu cuenta. Cuando los clientes son conscientes de su uso de electricidad, tienden a usar mucho menos, y eso significa m\u00e1s dinero para usted.<\/p>\n<p>A veces, los costos inesperados afectan su presupuesto y no puede pagar su factura de electricidad cuando su cuenta se agota. Si eso sucede alguna vez, llame a nuestro equipo de servicio al cliente antes de la 1:00 y av\u00edsenos. Podemos trabajar con usted para diferir su pr\u00f3ximo pago hasta su pr\u00f3ximo cheque de pago. A\u00fan mejor, este servicio es absolutamente gratuito para usted.<\/p>\n<p>\u00bfQuieres saber c\u00f3mo puedes ser el pr\u00f3ximo cliente de Pronto Power? Ll\u00e1menos al <a href=\"tel:888 621-2852\">888 621-2852<\/a> y hable con uno de nuestros excelentes representantes de servicio al cliente. Tu cuenta bancaria te lo agradecer\u00e1.<\/p>","protected":false},"excerpt":{"rendered":"<p>Tu nuevo hogar es un sue\u00f1o hecho realidad&#8230; hasta que tenga que conectar el agua, el alcantarillado, el cable y sus otros servicios p\u00fablicos. Sin embargo, Pronto Power tiene una soluci\u00f3n muy necesaria con su electricidad sin dep\u00f3sito Pantego. Su servicio es muy asequible y s\u00faper r\u00e1pido. Asequibilidad al alcance de su mano Cuando llama &hellip; <a href=\"https:\/\/powermepronto.com\/es\/save-money-with-prepaid-pantego-no-deposit-electricity\/\" class=\"more-link\">Continue reading <span class=\"screen-reader-text\">Ahorre dinero con la electricidad sin dep\u00f3sito de prepago de Pantego<\/span><\/a><\/p>\n","protected":false},"author":1,"featured_media":0,"parent":0,"menu_order":0,"comment_status":"closed","ping_status":"closed","template":"","meta":{"_acf_changed":false,"_glsr_average":0,"_glsr_ranking":0,"_glsr_reviews":0,"footnotes":"","_links_to":"","_links_to_target":""},"class_list":["post-4268","page","type-page","status-publish","hentry"],"acf":[],"yoast_head":"<!-- This site is optimized with the Yoast SEO plugin v27.5 - https:\/\/yoast.com\/product\/yoast-seo-wordpress\/ -->\n<title>Ahorre dinero con la electricidad sin dep\u00f3sito de prepago de Pantego - Pronto Power<\/title>\n<meta name=\"robots\" content=\"index, follow, max-snippet:-1, max-image-preview:large, max-video-preview:-1\" \/>\n<link rel=\"canonical\" href=\"https:\/\/powermepronto.com\/save-money-with-prepaid-pantego-no-deposit-electricity\/\" \/>\n<meta property=\"og:locale\" content=\"es_ES\" \/>\n<meta property=\"og:type\" content=\"article\" \/>\n<meta property=\"og:title\" content=\"[:en]Save Money with Prepaid Pantego No Deposit Electricity[:es]Ahorre dinero con la electricidad sin dep\u00f3sito de prepago de Pantego[:] - Pronto Power\" \/>\n<meta property=\"og:description\" content=\"Tu nuevo hogar es un sue\u00f1o hecho realidad&#8230; hasta que tenga que conectar el agua, el alcantarillado, el cable y sus otros servicios p\u00fablicos. Sin embargo, Pronto Power tiene una soluci\u00f3n muy necesaria con su electricidad sin dep\u00f3sito Pantego. Su servicio es muy asequible y s\u00faper r\u00e1pido. Asequibilidad al alcance de su mano Cuando llama &hellip; Continue reading Ahorre dinero con la electricidad sin dep\u00f3sito de prepago de Pantego\" \/>\n<meta property=\"og:url\" content=\"https:\/\/powermepronto.com\/save-money-with-prepaid-pantego-no-deposit-electricity\/\" \/>\n<meta property=\"og:site_name\" content=\"Pronto Power\" \/>\n<meta property=\"article:modified_time\" content=\"2025-04-02T14:32:37+00:00\" \/>\n<meta name=\"twitter:card\" content=\"summary_large_image\" \/>\n<meta name=\"twitter:label1\" content=\"Tiempo de lectura\" \/>\n\t<meta name=\"twitter:data1\" content=\"5 minutos\" \/>\n<script type=\"application\/ld+json\" class=\"yoast-schema-graph\">{\"@context\":\"https:\\\/\\\/schema.org\",\"@graph\":[{\"@type\":\"WebPage\",\"@id\":\"https:\\\/\\\/powermepronto.com\\\/save-money-with-prepaid-pantego-no-deposit-electricity\\\/\",\"url\":\"https:\\\/\\\/powermepronto.com\\\/save-money-with-prepaid-pantego-no-deposit-electricity\\\/\",\"name\":\"[:en]Save Money with Prepaid Pantego No Deposit Electricity[:es]Ahorre dinero con la electricidad sin dep\u00f3sito de prepago de Pantego[:] - Pronto Power\",\"isPartOf\":{\"@id\":\"https:\\\/\\\/powermepronto.com\\\/en\\\/#website\"},\"datePublished\":\"2025-04-02T14:32:11+00:00\",\"dateModified\":\"2025-04-02T14:32:37+00:00\",\"breadcrumb\":{\"@id\":\"https:\\\/\\\/powermepronto.com\\\/save-money-with-prepaid-pantego-no-deposit-electricity\\\/#breadcrumb\"},\"inLanguage\":\"es\",\"potentialAction\":[{\"@type\":\"ReadAction\",\"target\":[\"https:\\\/\\\/powermepronto.com\\\/save-money-with-prepaid-pantego-no-deposit-electricity\\\/\"]}]},{\"@type\":\"BreadcrumbList\",\"@id\":\"https:\\\/\\\/powermepronto.com\\\/save-money-with-prepaid-pantego-no-deposit-electricity\\\/#breadcrumb\",\"itemListElement\":[{\"@type\":\"ListItem\",\"position\":1,\"name\":\"Home\",\"item\":\"https:\\\/\\\/powermepronto.com\\\/en\\\/\"},{\"@type\":\"ListItem\",\"position\":2,\"name\":\"Save Money with Prepaid Pantego No Deposit Electricity\"}]},{\"@type\":\"WebSite\",\"@id\":\"https:\\\/\\\/powermepronto.com\\\/en\\\/#website\",\"url\":\"https:\\\/\\\/powermepronto.com\\\/en\\\/\",\"name\":\"Pronto Power\",\"description\":\"\",\"potentialAction\":[{\"@type\":\"SearchAction\",\"target\":{\"@type\":\"EntryPoint\",\"urlTemplate\":\"https:\\\/\\\/powermepronto.com\\\/en\\\/?s={search_term_string}\"},\"query-input\":{\"@type\":\"PropertyValueSpecification\",\"valueRequired\":true,\"valueName\":\"search_term_string\"}}],\"inLanguage\":\"es\"}]}<\/script>\n<!-- \/ Yoast SEO plugin. -->","yoast_head_json":{"title":"[:en]Save Money with Prepaid Pantego No Deposit Electricity[:es]Ahorre dinero con la electricidad sin dep\u00f3sito de prepago de Pantego[:] - Pronto Power","robots":{"index":"index","follow":"follow","max-snippet":"max-snippet:-1","max-image-preview":"max-image-preview:large","max-video-preview":"max-video-preview:-1"},"canonical":"https:\/\/powermepronto.com\/save-money-with-prepaid-pantego-no-deposit-electricity\/","og_locale":"es_ES","og_type":"article","og_title":"[:en]Save Money with Prepaid Pantego No Deposit Electricity[:es]Ahorre dinero con la electricidad sin dep\u00f3sito de prepago de Pantego[:] - Pronto Power","og_description":"Tu nuevo hogar es un sue\u00f1o hecho realidad&#8230; hasta que tenga que conectar el agua, el alcantarillado, el cable y sus otros servicios p\u00fablicos. Sin embargo, Pronto Power tiene una soluci\u00f3n muy necesaria con su electricidad sin dep\u00f3sito Pantego. Su servicio es muy asequible y s\u00faper r\u00e1pido. Asequibilidad al alcance de su mano Cuando llama &hellip; Continue reading Ahorre dinero con la electricidad sin dep\u00f3sito de prepago de Pantego","og_url":"https:\/\/powermepronto.com\/save-money-with-prepaid-pantego-no-deposit-electricity\/","og_site_name":"Pronto Power","article_modified_time":"2025-04-02T14:32:37+00:00","twitter_card":"summary_large_image","twitter_misc":{"Tiempo de lectura":"5 minutos"},"schema":{"@context":"https:\/\/schema.org","@graph":[{"@type":"WebPage","@id":"https:\/\/powermepronto.com\/save-money-with-prepaid-pantego-no-deposit-electricity\/","url":"https:\/\/powermepronto.com\/save-money-with-prepaid-pantego-no-deposit-electricity\/","name":"[:en]Save Money with Prepaid Pantego No Deposit Electricity[:es]Ahorre dinero con la electricidad sin dep\u00f3sito de prepago de Pantego[:] - Pronto Power","isPartOf":{"@id":"https:\/\/powermepronto.com\/en\/#website"},"datePublished":"2025-04-02T14:32:11+00:00","dateModified":"2025-04-02T14:32:37+00:00","breadcrumb":{"@id":"https:\/\/powermepronto.com\/save-money-with-prepaid-pantego-no-deposit-electricity\/#breadcrumb"},"inLanguage":"es","potentialAction":[{"@type":"ReadAction","target":["https:\/\/powermepronto.com\/save-money-with-prepaid-pantego-no-deposit-electricity\/"]}]},{"@type":"BreadcrumbList","@id":"https:\/\/powermepronto.com\/save-money-with-prepaid-pantego-no-deposit-electricity\/#breadcrumb","itemListElement":[{"@type":"ListItem","position":1,"name":"Home","item":"https:\/\/powermepronto.com\/en\/"},{"@type":"ListItem","position":2,"name":"Save Money with Prepaid Pantego No Deposit Electricity"}]},{"@type":"WebSite","@id":"https:\/\/powermepronto.com\/en\/#website","url":"https:\/\/powermepronto.com\/en\/","name":"Pronto Power","description":"","potentialAction":[{"@type":"SearchAction","target":{"@type":"EntryPoint","urlTemplate":"https:\/\/powermepronto.com\/en\/?s={search_term_string}"},"query-input":{"@type":"PropertyValueSpecification","valueRequired":true,"valueName":"search_term_string"}}],"inLanguage":"es"}]}},"_links":{"self":[{"href":"https:\/\/powermepronto.com\/es\/wp-json\/wp\/v2\/pages\/4268","targetHints":{"allow":["GET"]}}],"collection":[{"href":"https:\/\/powermepronto.com\/es\/wp-json\/wp\/v2\/pages"}],"about":[{"href":"https:\/\/powermepronto.com\/es\/wp-json\/wp\/v2\/types\/page"}],"author":[{"embeddable":true,"href":"https:\/\/powermepronto.com\/es\/wp-json\/wp\/v2\/users\/1"}],"replies":[{"embeddable":true,"href":"https:\/\/powermepronto.com\/es\/wp-json\/wp\/v2\/comments?post=4268"}],"version-history":[{"count":2,"href":"https:\/\/powermepronto.com\/es\/wp-json\/wp\/v2\/pages\/4268\/revisions"}],"predecessor-version":[{"id":4270,"href":"https:\/\/powermepronto.com\/es\/wp-json\/wp\/v2\/pages\/4268\/revisions\/4270"}],"wp:attachment":[{"href":"https:\/\/powermepronto.com\/es\/wp-json\/wp\/v2\/media?parent=4268"}],"curies":[{"name":"wp","href":"https:\/\/api.w.org\/{rel}","templated":true}]}}