{"id":4257,"date":"2025-03-18T10:38:51","date_gmt":"2025-03-18T15:38:51","guid":{"rendered":"https:\/\/powermepronto.com\/?page_id=4257"},"modified":"2025-03-18T10:45:40","modified_gmt":"2025-03-18T15:45:40","slug":"get-lake-worth-no-credit-check-power-within-the-hour","status":"publish","type":"page","link":"https:\/\/powermepronto.com\/es\/get-lake-worth-no-credit-check-power-within-the-hour\/","title":{"rendered":"Obtenga energ\u00eda de Lake Worth sin verificaci\u00f3n de cr\u00e9dito en una hora"},"content":{"rendered":"<p>Pronto Power tiene un servicio m\u00e1s que excelente; Tienen un servicio r\u00e1pido y excelente. Con un lema como \u00abPotencia en la hora\u00bb, sabe que su servicio se entregar\u00e1 m\u00e1s r\u00e1pido que conducir a trav\u00e9s del tr\u00e1fico de la hora punta. P\u00f3ngase en contacto con su compa\u00f1\u00eda de energ\u00eda sin verificaci\u00f3n de cr\u00e9dito de Lake Worth, Pronto Power, hoy para saber si califica para Power Within the Hour.<\/p>\n<h2>Servicio ultrarr\u00e1pido<\/h2>\n<p>Con el 98% de los hogares de los clientes en Texas conectados a un medidor inteligente, Pronto Power conf\u00eda en que pueden conectar su servicio r\u00e1pidamente. Para cuando termine de hablar con nuestro equipo de servicio al cliente para configurar el servicio, \u00a1es posible que ya tenga energ\u00eda!<\/p>\n<h2>Sin verificaci\u00f3n de cr\u00e9dito<\/h2>\n<p>La mayor\u00eda de las compa\u00f1\u00edas de servicios p\u00fablicos insisten en realizar una verificaci\u00f3n de cr\u00e9dito antes de comenzar el servicio para ver si necesita un dep\u00f3sito. Si su puntaje de cr\u00e9dito est\u00e1 por debajo de cierto nivel, es posible que vea un gasto de bolsillo considerable. Con el plan prepagado de Pronto Power, no tendr\u00e1 que darnos un n\u00famero de seguro social para realizar una verificaci\u00f3n de cr\u00e9dito porque no realizamos verificaciones de cr\u00e9dito de nuestros clientes prepagados. Y eso significa que no hay dep\u00f3sito para comenzar el servicio.<\/p>\n<p>\u00bfC\u00f3mo podemos hacer eso? Con el servicio prepagado, pagas por el servicio antes de que se use en lugar de al final del ciclo de facturaci\u00f3n. Debido a que nunca debe dinero, nunca tiene que pagar un dep\u00f3sito para demostrar que es un buen cliente.<\/p>\n<p>Adem\u00e1s de no tener dep\u00f3sito, Pronto Power tampoco cobra a sus clientes una tarifa de inicio, un mes por adelantado ni ninguna otra tarifa oculta. Realmente es as\u00ed de simple.<br \/>\nSus gastos de bolsillo para comenzar el servicio consisten en una peque\u00f1a cantidad de dinero que deposita en su cuenta. Esto no es un dep\u00f3sito. Este es el dinero que usas para pagar el servicio. Tambi\u00e9n aprender\u00e1 a usar una aplicaci\u00f3n interactiva que le permitir\u00e1 agregar fondos a su cuenta, verificar su uso en tiempo real y hablar con el equipo de servicio al cliente de Pronto Power. Esta aplicaci\u00f3n se conectar\u00e1 a su cuenta bancaria para permitirle agregar fondos r\u00e1pidamente a su conveniencia. Todas las ma\u00f1anas recibir\u00e1s un mensaje de texto o un correo electr\u00f3nico, o ambos, explicando cu\u00e1nto queda en tu cuenta. Usted toma la decisi\u00f3n de agregar fondos hoy o esperar un tiempo.<\/p>\n<p>Algunos meses son m\u00e1s duros que otros y nos damos cuenta de ello. Si descubre que no puede agregar fondos a su cuenta cuando est\u00e1 baja, comun\u00edquese con el servicio de atenci\u00f3n al cliente de Pronto Power antes de la 1:00 y su factura podr\u00e1 ser sufragada hasta su pr\u00f3ximo cheque de pago sin cargo para usted.<\/p>\n<p>Cuando est\u00e9 listo para comenzar a ahorrar dinero con el proveedor de energ\u00eda sin verificaci\u00f3n de cr\u00e9dito de Lake Worth, Pronto Power, ll\u00e1menos al <a href=\"tel:888 621-2852\">888 621-2852<\/a>. \u00a1Esperamos tener noticias suyas!<\/p>","protected":false},"excerpt":{"rendered":"<p>Pronto Power tiene un servicio m\u00e1s que excelente; Tienen un servicio r\u00e1pido y excelente. Con un lema como \u00abPotencia en la hora\u00bb, sabe que su servicio se entregar\u00e1 m\u00e1s r\u00e1pido que conducir a trav\u00e9s del tr\u00e1fico de la hora punta. P\u00f3ngase en contacto con su compa\u00f1\u00eda de energ\u00eda sin verificaci\u00f3n de cr\u00e9dito de Lake Worth, &hellip; <a href=\"https:\/\/powermepronto.com\/es\/get-lake-worth-no-credit-check-power-within-the-hour\/\" class=\"more-link\">Continue reading <span class=\"screen-reader-text\">Obtenga energ\u00eda de Lake Worth sin verificaci\u00f3n de cr\u00e9dito en una hora<\/span><\/a><\/p>\n","protected":false},"author":1,"featured_media":0,"parent":0,"menu_order":0,"comment_status":"closed","ping_status":"closed","template":"","meta":{"_acf_changed":false,"_glsr_average":0,"_glsr_ranking":0,"_glsr_reviews":0,"footnotes":"","_links_to":"","_links_to_target":""},"class_list":["post-4257","page","type-page","status-publish","hentry"],"acf":[],"yoast_head":"<!-- This site is optimized with the Yoast SEO plugin v27.4 - https:\/\/yoast.com\/product\/yoast-seo-wordpress\/ -->\n<title>Obtenga energ\u00eda de Lake Worth sin verificaci\u00f3n de cr\u00e9dito en una hora - Pronto Power<\/title>\n<meta name=\"robots\" content=\"index, follow, max-snippet:-1, max-image-preview:large, max-video-preview:-1\" \/>\n<link rel=\"canonical\" href=\"https:\/\/powermepronto.com\/get-lake-worth-no-credit-check-power-within-the-hour\/\" \/>\n<meta property=\"og:locale\" content=\"es_ES\" \/>\n<meta property=\"og:type\" content=\"article\" \/>\n<meta property=\"og:title\" content=\"[:en]Get Lake Worth No Credit Check Power within the Hour[:es]Obtenga energ\u00eda de Lake Worth sin verificaci\u00f3n de cr\u00e9dito en una hora[:] - Pronto Power\" \/>\n<meta property=\"og:description\" content=\"Pronto Power tiene un servicio m\u00e1s que excelente; Tienen un servicio r\u00e1pido y excelente. Con un lema como \u00abPotencia en la hora\u00bb, sabe que su servicio se entregar\u00e1 m\u00e1s r\u00e1pido que conducir a trav\u00e9s del tr\u00e1fico de la hora punta. P\u00f3ngase en contacto con su compa\u00f1\u00eda de energ\u00eda sin verificaci\u00f3n de cr\u00e9dito de Lake Worth, &hellip; Continue reading Obtenga energ\u00eda de Lake Worth sin verificaci\u00f3n de cr\u00e9dito en una hora\" \/>\n<meta property=\"og:url\" content=\"https:\/\/powermepronto.com\/get-lake-worth-no-credit-check-power-within-the-hour\/\" \/>\n<meta property=\"og:site_name\" content=\"Pronto Power\" \/>\n<meta property=\"article:modified_time\" content=\"2025-03-18T15:45:40+00:00\" \/>\n<meta name=\"twitter:card\" content=\"summary_large_image\" \/>\n<meta name=\"twitter:label1\" content=\"Tiempo de lectura\" \/>\n\t<meta name=\"twitter:data1\" content=\"5 minutos\" \/>\n<script type=\"application\/ld+json\" class=\"yoast-schema-graph\">{\"@context\":\"https:\\\/\\\/schema.org\",\"@graph\":[{\"@type\":\"WebPage\",\"@id\":\"https:\\\/\\\/powermepronto.com\\\/get-lake-worth-no-credit-check-power-within-the-hour\\\/\",\"url\":\"https:\\\/\\\/powermepronto.com\\\/get-lake-worth-no-credit-check-power-within-the-hour\\\/\",\"name\":\"[:en]Get Lake Worth No Credit Check Power within the Hour[:es]Obtenga energ\u00eda de Lake Worth sin verificaci\u00f3n de cr\u00e9dito en una hora[:] - Pronto Power\",\"isPartOf\":{\"@id\":\"https:\\\/\\\/powermepronto.com\\\/en\\\/#website\"},\"datePublished\":\"2025-03-18T15:38:51+00:00\",\"dateModified\":\"2025-03-18T15:45:40+00:00\",\"breadcrumb\":{\"@id\":\"https:\\\/\\\/powermepronto.com\\\/get-lake-worth-no-credit-check-power-within-the-hour\\\/#breadcrumb\"},\"inLanguage\":\"es\",\"potentialAction\":[{\"@type\":\"ReadAction\",\"target\":[\"https:\\\/\\\/powermepronto.com\\\/get-lake-worth-no-credit-check-power-within-the-hour\\\/\"]}]},{\"@type\":\"BreadcrumbList\",\"@id\":\"https:\\\/\\\/powermepronto.com\\\/get-lake-worth-no-credit-check-power-within-the-hour\\\/#breadcrumb\",\"itemListElement\":[{\"@type\":\"ListItem\",\"position\":1,\"name\":\"Home\",\"item\":\"https:\\\/\\\/powermepronto.com\\\/en\\\/\"},{\"@type\":\"ListItem\",\"position\":2,\"name\":\"Get Lake Worth No Credit Check Power within the Hour\"}]},{\"@type\":\"WebSite\",\"@id\":\"https:\\\/\\\/powermepronto.com\\\/en\\\/#website\",\"url\":\"https:\\\/\\\/powermepronto.com\\\/en\\\/\",\"name\":\"Pronto Power\",\"description\":\"\",\"potentialAction\":[{\"@type\":\"SearchAction\",\"target\":{\"@type\":\"EntryPoint\",\"urlTemplate\":\"https:\\\/\\\/powermepronto.com\\\/en\\\/?s={search_term_string}\"},\"query-input\":{\"@type\":\"PropertyValueSpecification\",\"valueRequired\":true,\"valueName\":\"search_term_string\"}}],\"inLanguage\":\"es\"}]}<\/script>\n<!-- \/ Yoast SEO plugin. -->","yoast_head_json":{"title":"[:en]Get Lake Worth No Credit Check Power within the Hour[:es]Obtenga energ\u00eda de Lake Worth sin verificaci\u00f3n de cr\u00e9dito en una hora[:] - Pronto Power","robots":{"index":"index","follow":"follow","max-snippet":"max-snippet:-1","max-image-preview":"max-image-preview:large","max-video-preview":"max-video-preview:-1"},"canonical":"https:\/\/powermepronto.com\/get-lake-worth-no-credit-check-power-within-the-hour\/","og_locale":"es_ES","og_type":"article","og_title":"[:en]Get Lake Worth No Credit Check Power within the Hour[:es]Obtenga energ\u00eda de Lake Worth sin verificaci\u00f3n de cr\u00e9dito en una hora[:] - Pronto Power","og_description":"Pronto Power tiene un servicio m\u00e1s que excelente; Tienen un servicio r\u00e1pido y excelente. Con un lema como \u00abPotencia en la hora\u00bb, sabe que su servicio se entregar\u00e1 m\u00e1s r\u00e1pido que conducir a trav\u00e9s del tr\u00e1fico de la hora punta. P\u00f3ngase en contacto con su compa\u00f1\u00eda de energ\u00eda sin verificaci\u00f3n de cr\u00e9dito de Lake Worth, &hellip; Continue reading Obtenga energ\u00eda de Lake Worth sin verificaci\u00f3n de cr\u00e9dito en una hora","og_url":"https:\/\/powermepronto.com\/get-lake-worth-no-credit-check-power-within-the-hour\/","og_site_name":"Pronto Power","article_modified_time":"2025-03-18T15:45:40+00:00","twitter_card":"summary_large_image","twitter_misc":{"Tiempo de lectura":"5 minutos"},"schema":{"@context":"https:\/\/schema.org","@graph":[{"@type":"WebPage","@id":"https:\/\/powermepronto.com\/get-lake-worth-no-credit-check-power-within-the-hour\/","url":"https:\/\/powermepronto.com\/get-lake-worth-no-credit-check-power-within-the-hour\/","name":"[:en]Get Lake Worth No Credit Check Power within the Hour[:es]Obtenga energ\u00eda de Lake Worth sin verificaci\u00f3n de cr\u00e9dito en una hora[:] - Pronto Power","isPartOf":{"@id":"https:\/\/powermepronto.com\/en\/#website"},"datePublished":"2025-03-18T15:38:51+00:00","dateModified":"2025-03-18T15:45:40+00:00","breadcrumb":{"@id":"https:\/\/powermepronto.com\/get-lake-worth-no-credit-check-power-within-the-hour\/#breadcrumb"},"inLanguage":"es","potentialAction":[{"@type":"ReadAction","target":["https:\/\/powermepronto.com\/get-lake-worth-no-credit-check-power-within-the-hour\/"]}]},{"@type":"BreadcrumbList","@id":"https:\/\/powermepronto.com\/get-lake-worth-no-credit-check-power-within-the-hour\/#breadcrumb","itemListElement":[{"@type":"ListItem","position":1,"name":"Home","item":"https:\/\/powermepronto.com\/en\/"},{"@type":"ListItem","position":2,"name":"Get Lake Worth No Credit Check Power within the Hour"}]},{"@type":"WebSite","@id":"https:\/\/powermepronto.com\/en\/#website","url":"https:\/\/powermepronto.com\/en\/","name":"Pronto Power","description":"","potentialAction":[{"@type":"SearchAction","target":{"@type":"EntryPoint","urlTemplate":"https:\/\/powermepronto.com\/en\/?s={search_term_string}"},"query-input":{"@type":"PropertyValueSpecification","valueRequired":true,"valueName":"search_term_string"}}],"inLanguage":"es"}]}},"_links":{"self":[{"href":"https:\/\/powermepronto.com\/es\/wp-json\/wp\/v2\/pages\/4257","targetHints":{"allow":["GET"]}}],"collection":[{"href":"https:\/\/powermepronto.com\/es\/wp-json\/wp\/v2\/pages"}],"about":[{"href":"https:\/\/powermepronto.com\/es\/wp-json\/wp\/v2\/types\/page"}],"author":[{"embeddable":true,"href":"https:\/\/powermepronto.com\/es\/wp-json\/wp\/v2\/users\/1"}],"replies":[{"embeddable":true,"href":"https:\/\/powermepronto.com\/es\/wp-json\/wp\/v2\/comments?post=4257"}],"version-history":[{"count":3,"href":"https:\/\/powermepronto.com\/es\/wp-json\/wp\/v2\/pages\/4257\/revisions"}],"predecessor-version":[{"id":4260,"href":"https:\/\/powermepronto.com\/es\/wp-json\/wp\/v2\/pages\/4257\/revisions\/4260"}],"wp:attachment":[{"href":"https:\/\/powermepronto.com\/es\/wp-json\/wp\/v2\/media?parent=4257"}],"curies":[{"name":"wp","href":"https:\/\/api.w.org\/{rel}","templated":true}]}}