{"id":4251,"date":"2025-03-12T08:53:47","date_gmt":"2025-03-12T13:53:47","guid":{"rendered":"https:\/\/powermepronto.com\/?page_id=4251"},"modified":"2025-03-12T08:53:47","modified_gmt":"2025-03-12T13:53:47","slug":"no-contract-and-no-credit-check-fort-worth-prepaid-electricity","status":"publish","type":"page","link":"https:\/\/powermepronto.com\/es\/no-contract-and-no-credit-check-fort-worth-prepaid-electricity\/","title":{"rendered":"Sin contrato y sin verificaci\u00f3n de cr\u00e9dito Electricidad prepagada de Fort Worth"},"content":{"rendered":"<p>\u00bfQu\u00e9 pasar\u00eda si pudieras agitar una varita m\u00e1gica y hacer desaparecer todos los costos iniciales de la instalaci\u00f3n de la electricidad en tu hogar? \u00a1Bienvenido a Pronto Power, el proveedor de electricidad prepagada de Fort Worth donde hacemos que esta magia suceda!<\/p>\n<h2>Sin verificaci\u00f3n de cr\u00e9dito<\/h2>\n<p>Pronto Power no molesta a sus clientes exigiendo un n\u00famero de seguro social para realizar una verificaci\u00f3n de cr\u00e9dito. De hecho, nunca les pedimos a nuestros clientes que paguen un dep\u00f3sito para comenzar el servicio prepago. Los dep\u00f3sitos son una inversi\u00f3n contra el riesgo de falta de pago, y los clientes prepagos de Pronto Power pagan por adelantado, lo que significa que no tendr\u00e1 una factura enorme al final del ciclo de facturaci\u00f3n, ya que paga a medida que usa energ\u00eda.<\/p>\n<h2>Tampoco hay gastos de conexi\u00f3n<\/h2>\n<p>Tambi\u00e9n te saltas todos los dem\u00e1s costos iniciales con Pronto Power. Sin tarifa de conexi\u00f3n, sin mes de anticipaci\u00f3n, sin cargos por llamadas de servicio y sin dep\u00f3sito, el \u00fanico dinero que paga se deposita directamente en su cuenta. A medida que usas energ\u00eda, esa cantidad disminuye. Incluso puede ver su consumo de energ\u00eda en tiempo real con una aplicaci\u00f3n interactiva: encienda el aire acondicionado y observe c\u00f3mo el medidor funciona m\u00e1s r\u00e1pido, luego apague el lavavajillas y observe c\u00f3mo se ralentiza. Los estudios han demostrado que cuando los clientes est\u00e1n a cargo de su uso, tienden a usar menos, y eso es bueno para todos.<\/p>\n<h2>Sin contrato<\/h2>\n<p>Comparar tarifas con otras compa\u00f1\u00edas el\u00e9ctricas es un asunto complicado. Muy a menudo, cuando miras a los competidores de Pronto Power y ves sus costos, parece que son menos costosos que las tarifas bajas de Pronto Power. Sin embargo, la letra peque\u00f1a en la parte inferior explica que sus tarifas est\u00e1n vinculadas a un contrato, debe seguir siendo cliente durante un per\u00edodo prolongado de tiempo para recibir esas excelentes tarifas y desconectarse temprano le costar\u00e1 cientos de d\u00f3lares. Con el servicio prepagado de Pronto Power, nunca firmas un contrato. Estamos seguros de que seguir\u00e1 siendo cliente sin obligarlo a firmar un contrato porque ofrecemos excelentes tarifas y un excelente servicio.<\/p>\n<h2>C\u00f3mo funciona el servicio prepagado<\/h2>\n<p>Para comenzar el servicio, agrega fondos a su cuenta. Luego, puede usar su aplicaci\u00f3n para ver cu\u00e1nta energ\u00eda se est\u00e1 utilizando, cu\u00e1nto dinero hay en su cuenta o para hablar con nuestro amable equipo de servicio al cliente. Todas las ma\u00f1anas, Pronto Power se comunica con usted por mensaje de texto o correo electr\u00f3nico para informarle cu\u00e1nto dinero queda en su cuenta, y la aplicaci\u00f3n le permitir\u00e1 agregar fondos directamente desde su banco. Cuando los fondos se agoten, agregue m\u00e1s antes de la 1:00 de la tarde para mantener el flujo de energ\u00eda el\u00e9ctrica. Si descubres que no puedes agregar fondos cuando tu cuenta est\u00e1 baja, comun\u00edcate con nuestro equipo de servicio al cliente antes de la 1:00 y podemos aplazar tu facturaci\u00f3n hasta tu pr\u00f3ximo cheque de pago, sin costo alguno para ti.<\/p>\n<p>\u00a1Llame hoy al proveedor de electricidad prepagada de Fort Worth, Pronto Power, al <a href=\"tel:888 621-2852\">888 621-2852<\/a> y anticipe su energ\u00eda en una hora!<\/p>","protected":false},"excerpt":{"rendered":"<p>\u00bfQu\u00e9 pasar\u00eda si pudieras agitar una varita m\u00e1gica y hacer desaparecer todos los costos iniciales de la instalaci\u00f3n de la electricidad en tu hogar? \u00a1Bienvenido a Pronto Power, el proveedor de electricidad prepagada de Fort Worth donde hacemos que esta magia suceda! Sin verificaci\u00f3n de cr\u00e9dito Pronto Power no molesta a sus clientes exigiendo un &hellip; <a href=\"https:\/\/powermepronto.com\/es\/no-contract-and-no-credit-check-fort-worth-prepaid-electricity\/\" class=\"more-link\">Continue reading <span class=\"screen-reader-text\">Sin contrato y sin verificaci\u00f3n de cr\u00e9dito Electricidad prepagada de Fort Worth<\/span><\/a><\/p>\n","protected":false},"author":1,"featured_media":0,"parent":0,"menu_order":0,"comment_status":"closed","ping_status":"closed","template":"","meta":{"_acf_changed":false,"_glsr_average":0,"_glsr_ranking":0,"_glsr_reviews":0,"footnotes":"","_links_to":"","_links_to_target":""},"class_list":["post-4251","page","type-page","status-publish","hentry"],"acf":[],"yoast_head":"<!-- This site is optimized with the Yoast SEO plugin v27.4 - https:\/\/yoast.com\/product\/yoast-seo-wordpress\/ -->\n<title>Sin contrato y sin verificaci\u00f3n de cr\u00e9dito Electricidad prepagada de Fort Worth - Pronto Power<\/title>\n<meta name=\"robots\" content=\"index, follow, max-snippet:-1, max-image-preview:large, max-video-preview:-1\" \/>\n<link rel=\"canonical\" href=\"https:\/\/powermepronto.com\/no-contract-and-no-credit-check-fort-worth-prepaid-electricity\/\" \/>\n<meta property=\"og:locale\" content=\"es_ES\" \/>\n<meta property=\"og:type\" content=\"article\" \/>\n<meta property=\"og:title\" content=\"[:en]No Contract and No Credit Check Fort Worth Prepaid Electricity[:es]Sin contrato y sin verificaci\u00f3n de cr\u00e9dito Electricidad prepagada de Fort Worth[:] - Pronto Power\" \/>\n<meta property=\"og:description\" content=\"\u00bfQu\u00e9 pasar\u00eda si pudieras agitar una varita m\u00e1gica y hacer desaparecer todos los costos iniciales de la instalaci\u00f3n de la electricidad en tu hogar? \u00a1Bienvenido a Pronto Power, el proveedor de electricidad prepagada de Fort Worth donde hacemos que esta magia suceda! Sin verificaci\u00f3n de cr\u00e9dito Pronto Power no molesta a sus clientes exigiendo un &hellip; Continue reading Sin contrato y sin verificaci\u00f3n de cr\u00e9dito Electricidad prepagada de Fort Worth\" \/>\n<meta property=\"og:url\" content=\"https:\/\/powermepronto.com\/no-contract-and-no-credit-check-fort-worth-prepaid-electricity\/\" \/>\n<meta property=\"og:site_name\" content=\"Pronto Power\" \/>\n<meta name=\"twitter:card\" content=\"summary_large_image\" \/>\n<meta name=\"twitter:label1\" content=\"Tiempo de lectura\" \/>\n\t<meta name=\"twitter:data1\" content=\"5 minutos\" \/>\n<script type=\"application\/ld+json\" class=\"yoast-schema-graph\">{\"@context\":\"https:\\\/\\\/schema.org\",\"@graph\":[{\"@type\":\"WebPage\",\"@id\":\"https:\\\/\\\/powermepronto.com\\\/no-contract-and-no-credit-check-fort-worth-prepaid-electricity\\\/\",\"url\":\"https:\\\/\\\/powermepronto.com\\\/no-contract-and-no-credit-check-fort-worth-prepaid-electricity\\\/\",\"name\":\"[:en]No Contract and No Credit Check Fort Worth Prepaid Electricity[:es]Sin contrato y sin verificaci\u00f3n de cr\u00e9dito Electricidad prepagada de Fort Worth[:] - Pronto Power\",\"isPartOf\":{\"@id\":\"https:\\\/\\\/powermepronto.com\\\/en\\\/#website\"},\"datePublished\":\"2025-03-12T13:53:47+00:00\",\"breadcrumb\":{\"@id\":\"https:\\\/\\\/powermepronto.com\\\/no-contract-and-no-credit-check-fort-worth-prepaid-electricity\\\/#breadcrumb\"},\"inLanguage\":\"es\",\"potentialAction\":[{\"@type\":\"ReadAction\",\"target\":[\"https:\\\/\\\/powermepronto.com\\\/no-contract-and-no-credit-check-fort-worth-prepaid-electricity\\\/\"]}]},{\"@type\":\"BreadcrumbList\",\"@id\":\"https:\\\/\\\/powermepronto.com\\\/no-contract-and-no-credit-check-fort-worth-prepaid-electricity\\\/#breadcrumb\",\"itemListElement\":[{\"@type\":\"ListItem\",\"position\":1,\"name\":\"Home\",\"item\":\"https:\\\/\\\/powermepronto.com\\\/en\\\/\"},{\"@type\":\"ListItem\",\"position\":2,\"name\":\"No Contract and No Credit Check Fort Worth Prepaid Electricity\"}]},{\"@type\":\"WebSite\",\"@id\":\"https:\\\/\\\/powermepronto.com\\\/en\\\/#website\",\"url\":\"https:\\\/\\\/powermepronto.com\\\/en\\\/\",\"name\":\"Pronto Power\",\"description\":\"\",\"potentialAction\":[{\"@type\":\"SearchAction\",\"target\":{\"@type\":\"EntryPoint\",\"urlTemplate\":\"https:\\\/\\\/powermepronto.com\\\/en\\\/?s={search_term_string}\"},\"query-input\":{\"@type\":\"PropertyValueSpecification\",\"valueRequired\":true,\"valueName\":\"search_term_string\"}}],\"inLanguage\":\"es\"}]}<\/script>\n<!-- \/ Yoast SEO plugin. -->","yoast_head_json":{"title":"[:en]No Contract and No Credit Check Fort Worth Prepaid Electricity[:es]Sin contrato y sin verificaci\u00f3n de cr\u00e9dito Electricidad prepagada de Fort Worth[:] - Pronto Power","robots":{"index":"index","follow":"follow","max-snippet":"max-snippet:-1","max-image-preview":"max-image-preview:large","max-video-preview":"max-video-preview:-1"},"canonical":"https:\/\/powermepronto.com\/no-contract-and-no-credit-check-fort-worth-prepaid-electricity\/","og_locale":"es_ES","og_type":"article","og_title":"[:en]No Contract and No Credit Check Fort Worth Prepaid Electricity[:es]Sin contrato y sin verificaci\u00f3n de cr\u00e9dito Electricidad prepagada de Fort Worth[:] - Pronto Power","og_description":"\u00bfQu\u00e9 pasar\u00eda si pudieras agitar una varita m\u00e1gica y hacer desaparecer todos los costos iniciales de la instalaci\u00f3n de la electricidad en tu hogar? \u00a1Bienvenido a Pronto Power, el proveedor de electricidad prepagada de Fort Worth donde hacemos que esta magia suceda! Sin verificaci\u00f3n de cr\u00e9dito Pronto Power no molesta a sus clientes exigiendo un &hellip; Continue reading Sin contrato y sin verificaci\u00f3n de cr\u00e9dito Electricidad prepagada de Fort Worth","og_url":"https:\/\/powermepronto.com\/no-contract-and-no-credit-check-fort-worth-prepaid-electricity\/","og_site_name":"Pronto Power","twitter_card":"summary_large_image","twitter_misc":{"Tiempo de lectura":"5 minutos"},"schema":{"@context":"https:\/\/schema.org","@graph":[{"@type":"WebPage","@id":"https:\/\/powermepronto.com\/no-contract-and-no-credit-check-fort-worth-prepaid-electricity\/","url":"https:\/\/powermepronto.com\/no-contract-and-no-credit-check-fort-worth-prepaid-electricity\/","name":"[:en]No Contract and No Credit Check Fort Worth Prepaid Electricity[:es]Sin contrato y sin verificaci\u00f3n de cr\u00e9dito Electricidad prepagada de Fort Worth[:] - Pronto Power","isPartOf":{"@id":"https:\/\/powermepronto.com\/en\/#website"},"datePublished":"2025-03-12T13:53:47+00:00","breadcrumb":{"@id":"https:\/\/powermepronto.com\/no-contract-and-no-credit-check-fort-worth-prepaid-electricity\/#breadcrumb"},"inLanguage":"es","potentialAction":[{"@type":"ReadAction","target":["https:\/\/powermepronto.com\/no-contract-and-no-credit-check-fort-worth-prepaid-electricity\/"]}]},{"@type":"BreadcrumbList","@id":"https:\/\/powermepronto.com\/no-contract-and-no-credit-check-fort-worth-prepaid-electricity\/#breadcrumb","itemListElement":[{"@type":"ListItem","position":1,"name":"Home","item":"https:\/\/powermepronto.com\/en\/"},{"@type":"ListItem","position":2,"name":"No Contract and No Credit Check Fort Worth Prepaid Electricity"}]},{"@type":"WebSite","@id":"https:\/\/powermepronto.com\/en\/#website","url":"https:\/\/powermepronto.com\/en\/","name":"Pronto Power","description":"","potentialAction":[{"@type":"SearchAction","target":{"@type":"EntryPoint","urlTemplate":"https:\/\/powermepronto.com\/en\/?s={search_term_string}"},"query-input":{"@type":"PropertyValueSpecification","valueRequired":true,"valueName":"search_term_string"}}],"inLanguage":"es"}]}},"_links":{"self":[{"href":"https:\/\/powermepronto.com\/es\/wp-json\/wp\/v2\/pages\/4251","targetHints":{"allow":["GET"]}}],"collection":[{"href":"https:\/\/powermepronto.com\/es\/wp-json\/wp\/v2\/pages"}],"about":[{"href":"https:\/\/powermepronto.com\/es\/wp-json\/wp\/v2\/types\/page"}],"author":[{"embeddable":true,"href":"https:\/\/powermepronto.com\/es\/wp-json\/wp\/v2\/users\/1"}],"replies":[{"embeddable":true,"href":"https:\/\/powermepronto.com\/es\/wp-json\/wp\/v2\/comments?post=4251"}],"version-history":[{"count":1,"href":"https:\/\/powermepronto.com\/es\/wp-json\/wp\/v2\/pages\/4251\/revisions"}],"predecessor-version":[{"id":4252,"href":"https:\/\/powermepronto.com\/es\/wp-json\/wp\/v2\/pages\/4251\/revisions\/4252"}],"wp:attachment":[{"href":"https:\/\/powermepronto.com\/es\/wp-json\/wp\/v2\/media?parent=4251"}],"curies":[{"name":"wp","href":"https:\/\/api.w.org\/{rel}","templated":true}]}}