{"id":4249,"date":"2025-03-12T08:50:36","date_gmt":"2025-03-12T13:50:36","guid":{"rendered":"https:\/\/powermepronto.com\/?page_id=4249"},"modified":"2025-03-12T08:50:36","modified_gmt":"2025-03-12T13:50:36","slug":"cheaper-than-all-other-austin-prepaid-energy-companies","status":"publish","type":"page","link":"https:\/\/powermepronto.com\/es\/cheaper-than-all-other-austin-prepaid-energy-companies\/","title":{"rendered":"M\u00e1s barato que todas las dem\u00e1s compa\u00f1\u00edas de energ\u00eda prepagada de Austin"},"content":{"rendered":"<p>\u00bfQuiere ahorrar dinero todos los meses en su factura de energ\u00eda prepagada de Austin? Eche un vistazo a lo que Pronto Power tiene para ofrecer a nuestros clientes de Austin: excelentes precios, excelente servicio y sin tarifas ocultas. \u00bfQuieres saber m\u00e1s? \u00a1Lea la informaci\u00f3n a continuaci\u00f3n!<\/p>\n<h2>Excelentes precios<\/h2>\n<p>Muchos proveedores de energ\u00eda prepagada afirman tener los mejores precios en Texas, pero solo uno puede realmente cumplir con esa afirmaci\u00f3n, y esa compa\u00f1\u00eda es Pronto Power. Compara nuestros precios con los de cualquier otro proveedor de electricidad y sabr\u00e1s que es cierto. Pero tenga cuidado al comparar: muchas compa\u00f1\u00edas afirman tener tarifas m\u00e1s bajas, pero la letra peque\u00f1a en la parte inferior de la p\u00e1gina indica que las tarifas solo son v\u00e1lidas para nuevos clientes con puntajes de cr\u00e9dito sobresalientes y solo son v\u00e1lidas por 3 meses, por ejemplo.<\/p>\n<p>Pronto Power tiene una filosof\u00eda diferente: brindar un excelente servicio sin tarifas ocultas. No es necesario que nos des tu n\u00famero de seguro social para el servicio prepagado porque no realizamos verificaciones de cr\u00e9dito de nuestros clientes prepagados. Esto tiene otro beneficio: no tendr\u00e1 que pagar un dep\u00f3sito para comenzar el servicio.<\/p>\n<h2>Gran servicio<\/h2>\n<p>El eslogan de Pronto Power de \u00abEnerg\u00eda dentro de la hora\u00bb significa que cuando se comunique con nosotros para inscribirse en el servicio, tendremos electricidad fluyendo a su hogar en una hora o menos, siempre y cuando su hogar est\u00e9 equipado con un medidor inteligente. \u00bfNo est\u00e1s seguro de si tienes un medidor inteligente? Tenga en cuenta que el 98% de las casas de Texas ya tienen uno, por lo que probablemente est\u00e9 dentro de esa categor\u00eda.<\/p>\n<p>Cuando tenga una pregunta sobre su factura o servicio, puede comunicarse con nuestro excelente equipo de servicio al cliente mediante una llamada telef\u00f3nica, un mensaje de texto o un correo electr\u00f3nico. Estamos listos para servirle y responder a todas sus preguntas sobre facturaci\u00f3n.<\/p>\n<h2>Sin tarifas ocultas<\/h2>\n<p>Registrarse como nuevo cliente de cualquier empresa de servicios p\u00fablicos suele llevar una gran cantidad de tiempo y dinero. Tenga en cuenta que la mayor\u00eda de las empresas de servicios p\u00fablicos le cobran un mes por adelantado, un dep\u00f3sito, una tarifa inicial y otras tarifas de conexi\u00f3n y puede gastar f\u00e1cilmente cientos de d\u00f3lares solo para registrarse. Con el servicio prepagado de Pronto Power, la \u00fanica cantidad que pedimos es el dinero que agregue a su cuenta por su servicio.<\/p>\n<p>\u00bfEst\u00e1s listo para ahorrar tiempo y dinero convirti\u00e9ndote en cliente de Pronto Power? \u00a1Llame a su compa\u00f1\u00eda de energ\u00eda prepagada de Austin al <a href=\"tel:888 621-2852\">888 621-2852<\/a> y prep\u00e1rese para una vida m\u00e1s f\u00e1cil!","protected":false},"excerpt":{"rendered":"<p>\u00bfQuiere ahorrar dinero todos los meses en su factura de energ\u00eda prepagada de Austin? Eche un vistazo a lo que Pronto Power tiene para ofrecer a nuestros clientes de Austin: excelentes precios, excelente servicio y sin tarifas ocultas. \u00bfQuieres saber m\u00e1s? \u00a1Lea la informaci\u00f3n a continuaci\u00f3n! Excelentes precios Muchos proveedores de energ\u00eda prepagada afirman tener &hellip; <a href=\"https:\/\/powermepronto.com\/es\/cheaper-than-all-other-austin-prepaid-energy-companies\/\" class=\"more-link\">Continue reading <span class=\"screen-reader-text\">M\u00e1s barato que todas las dem\u00e1s compa\u00f1\u00edas de energ\u00eda prepagada de Austin<\/span><\/a><\/p>\n","protected":false},"author":1,"featured_media":0,"parent":0,"menu_order":0,"comment_status":"closed","ping_status":"closed","template":"","meta":{"_acf_changed":false,"_glsr_average":0,"_glsr_ranking":0,"_glsr_reviews":0,"footnotes":"","_links_to":"","_links_to_target":""},"class_list":["post-4249","page","type-page","status-publish","hentry"],"acf":[],"yoast_head":"<!-- This site is optimized with the Yoast SEO plugin v27.6 - https:\/\/yoast.com\/product\/yoast-seo-wordpress\/ -->\n<title>M\u00e1s barato que todas las dem\u00e1s compa\u00f1\u00edas de energ\u00eda prepagada de Austin - Pronto Power<\/title>\n<meta name=\"robots\" content=\"index, follow, max-snippet:-1, max-image-preview:large, max-video-preview:-1\" \/>\n<link rel=\"canonical\" href=\"https:\/\/powermepronto.com\/cheaper-than-all-other-austin-prepaid-energy-companies\/\" \/>\n<meta property=\"og:locale\" content=\"es_ES\" \/>\n<meta property=\"og:type\" content=\"article\" \/>\n<meta property=\"og:title\" content=\"[:en]Cheaper Than All Other Austin Prepaid Energy Companies[:es]M\u00e1s barato que todas las dem\u00e1s compa\u00f1\u00edas de energ\u00eda prepagada de Austin[:] - Pronto Power\" \/>\n<meta property=\"og:description\" content=\"\u00bfQuiere ahorrar dinero todos los meses en su factura de energ\u00eda prepagada de Austin? Eche un vistazo a lo que Pronto Power tiene para ofrecer a nuestros clientes de Austin: excelentes precios, excelente servicio y sin tarifas ocultas. \u00bfQuieres saber m\u00e1s? \u00a1Lea la informaci\u00f3n a continuaci\u00f3n! Excelentes precios Muchos proveedores de energ\u00eda prepagada afirman tener &hellip; Continue reading M\u00e1s barato que todas las dem\u00e1s compa\u00f1\u00edas de energ\u00eda prepagada de Austin\" \/>\n<meta property=\"og:url\" content=\"https:\/\/powermepronto.com\/cheaper-than-all-other-austin-prepaid-energy-companies\/\" \/>\n<meta property=\"og:site_name\" content=\"Pronto Power\" \/>\n<meta name=\"twitter:card\" content=\"summary_large_image\" \/>\n<meta name=\"twitter:label1\" content=\"Tiempo de lectura\" \/>\n\t<meta name=\"twitter:data1\" content=\"4 minutos\" \/>\n<script type=\"application\/ld+json\" class=\"yoast-schema-graph\">{\"@context\":\"https:\\\/\\\/schema.org\",\"@graph\":[{\"@type\":\"WebPage\",\"@id\":\"https:\\\/\\\/powermepronto.com\\\/cheaper-than-all-other-austin-prepaid-energy-companies\\\/\",\"url\":\"https:\\\/\\\/powermepronto.com\\\/cheaper-than-all-other-austin-prepaid-energy-companies\\\/\",\"name\":\"[:en]Cheaper Than All Other Austin Prepaid Energy Companies[:es]M\u00e1s barato que todas las dem\u00e1s compa\u00f1\u00edas de energ\u00eda prepagada de Austin[:] - Pronto Power\",\"isPartOf\":{\"@id\":\"https:\\\/\\\/powermepronto.com\\\/en\\\/#website\"},\"datePublished\":\"2025-03-12T13:50:36+00:00\",\"breadcrumb\":{\"@id\":\"https:\\\/\\\/powermepronto.com\\\/cheaper-than-all-other-austin-prepaid-energy-companies\\\/#breadcrumb\"},\"inLanguage\":\"es\",\"potentialAction\":[{\"@type\":\"ReadAction\",\"target\":[\"https:\\\/\\\/powermepronto.com\\\/cheaper-than-all-other-austin-prepaid-energy-companies\\\/\"]}]},{\"@type\":\"BreadcrumbList\",\"@id\":\"https:\\\/\\\/powermepronto.com\\\/cheaper-than-all-other-austin-prepaid-energy-companies\\\/#breadcrumb\",\"itemListElement\":[{\"@type\":\"ListItem\",\"position\":1,\"name\":\"Home\",\"item\":\"https:\\\/\\\/powermepronto.com\\\/en\\\/\"},{\"@type\":\"ListItem\",\"position\":2,\"name\":\"Cheaper Than All Other Austin Prepaid Energy Companies\"}]},{\"@type\":\"WebSite\",\"@id\":\"https:\\\/\\\/powermepronto.com\\\/en\\\/#website\",\"url\":\"https:\\\/\\\/powermepronto.com\\\/en\\\/\",\"name\":\"Pronto Power\",\"description\":\"\",\"potentialAction\":[{\"@type\":\"SearchAction\",\"target\":{\"@type\":\"EntryPoint\",\"urlTemplate\":\"https:\\\/\\\/powermepronto.com\\\/en\\\/?s={search_term_string}\"},\"query-input\":{\"@type\":\"PropertyValueSpecification\",\"valueRequired\":true,\"valueName\":\"search_term_string\"}}],\"inLanguage\":\"es\"}]}<\/script>\n<!-- \/ Yoast SEO plugin. -->","yoast_head_json":{"title":"[:en]Cheaper Than All Other Austin Prepaid Energy Companies[:es]M\u00e1s barato que todas las dem\u00e1s compa\u00f1\u00edas de energ\u00eda prepagada de Austin[:] - Pronto Power","robots":{"index":"index","follow":"follow","max-snippet":"max-snippet:-1","max-image-preview":"max-image-preview:large","max-video-preview":"max-video-preview:-1"},"canonical":"https:\/\/powermepronto.com\/cheaper-than-all-other-austin-prepaid-energy-companies\/","og_locale":"es_ES","og_type":"article","og_title":"[:en]Cheaper Than All Other Austin Prepaid Energy Companies[:es]M\u00e1s barato que todas las dem\u00e1s compa\u00f1\u00edas de energ\u00eda prepagada de Austin[:] - Pronto Power","og_description":"\u00bfQuiere ahorrar dinero todos los meses en su factura de energ\u00eda prepagada de Austin? Eche un vistazo a lo que Pronto Power tiene para ofrecer a nuestros clientes de Austin: excelentes precios, excelente servicio y sin tarifas ocultas. \u00bfQuieres saber m\u00e1s? \u00a1Lea la informaci\u00f3n a continuaci\u00f3n! Excelentes precios Muchos proveedores de energ\u00eda prepagada afirman tener &hellip; Continue reading M\u00e1s barato que todas las dem\u00e1s compa\u00f1\u00edas de energ\u00eda prepagada de Austin","og_url":"https:\/\/powermepronto.com\/cheaper-than-all-other-austin-prepaid-energy-companies\/","og_site_name":"Pronto Power","twitter_card":"summary_large_image","twitter_misc":{"Tiempo de lectura":"4 minutos"},"schema":{"@context":"https:\/\/schema.org","@graph":[{"@type":"WebPage","@id":"https:\/\/powermepronto.com\/cheaper-than-all-other-austin-prepaid-energy-companies\/","url":"https:\/\/powermepronto.com\/cheaper-than-all-other-austin-prepaid-energy-companies\/","name":"[:en]Cheaper Than All Other Austin Prepaid Energy Companies[:es]M\u00e1s barato que todas las dem\u00e1s compa\u00f1\u00edas de energ\u00eda prepagada de Austin[:] - Pronto Power","isPartOf":{"@id":"https:\/\/powermepronto.com\/en\/#website"},"datePublished":"2025-03-12T13:50:36+00:00","breadcrumb":{"@id":"https:\/\/powermepronto.com\/cheaper-than-all-other-austin-prepaid-energy-companies\/#breadcrumb"},"inLanguage":"es","potentialAction":[{"@type":"ReadAction","target":["https:\/\/powermepronto.com\/cheaper-than-all-other-austin-prepaid-energy-companies\/"]}]},{"@type":"BreadcrumbList","@id":"https:\/\/powermepronto.com\/cheaper-than-all-other-austin-prepaid-energy-companies\/#breadcrumb","itemListElement":[{"@type":"ListItem","position":1,"name":"Home","item":"https:\/\/powermepronto.com\/en\/"},{"@type":"ListItem","position":2,"name":"Cheaper Than All Other Austin Prepaid Energy Companies"}]},{"@type":"WebSite","@id":"https:\/\/powermepronto.com\/en\/#website","url":"https:\/\/powermepronto.com\/en\/","name":"Pronto Power","description":"","potentialAction":[{"@type":"SearchAction","target":{"@type":"EntryPoint","urlTemplate":"https:\/\/powermepronto.com\/en\/?s={search_term_string}"},"query-input":{"@type":"PropertyValueSpecification","valueRequired":true,"valueName":"search_term_string"}}],"inLanguage":"es"}]}},"_links":{"self":[{"href":"https:\/\/powermepronto.com\/es\/wp-json\/wp\/v2\/pages\/4249","targetHints":{"allow":["GET"]}}],"collection":[{"href":"https:\/\/powermepronto.com\/es\/wp-json\/wp\/v2\/pages"}],"about":[{"href":"https:\/\/powermepronto.com\/es\/wp-json\/wp\/v2\/types\/page"}],"author":[{"embeddable":true,"href":"https:\/\/powermepronto.com\/es\/wp-json\/wp\/v2\/users\/1"}],"replies":[{"embeddable":true,"href":"https:\/\/powermepronto.com\/es\/wp-json\/wp\/v2\/comments?post=4249"}],"version-history":[{"count":1,"href":"https:\/\/powermepronto.com\/es\/wp-json\/wp\/v2\/pages\/4249\/revisions"}],"predecessor-version":[{"id":4250,"href":"https:\/\/powermepronto.com\/es\/wp-json\/wp\/v2\/pages\/4249\/revisions\/4250"}],"wp:attachment":[{"href":"https:\/\/powermepronto.com\/es\/wp-json\/wp\/v2\/media?parent=4249"}],"curies":[{"name":"wp","href":"https:\/\/api.w.org\/{rel}","templated":true}]}}