{"id":4234,"date":"2025-03-06T08:35:51","date_gmt":"2025-03-06T14:35:51","guid":{"rendered":"https:\/\/powermepronto.com\/?page_id=4234"},"modified":"2025-03-06T08:36:04","modified_gmt":"2025-03-06T14:36:04","slug":"power-up-today-with-kennedale-prepaid-electricity-no-credit-check-needed","status":"publish","type":"page","link":"https:\/\/powermepronto.com\/es\/power-up-today-with-kennedale-prepaid-electricity-no-credit-check-needed\/","title":{"rendered":"Encienda hoy con la electricidad prepagada de Kennedale, sin necesidad de verificaci\u00f3n de cr\u00e9dito"},"content":{"rendered":"<p>Cuando hable con casi cualquier compa\u00f1\u00eda de servicios p\u00fablicos, le dir\u00e1n que necesitan un n\u00famero de seguro social para realizar una verificaci\u00f3n de cr\u00e9dito. La verificaci\u00f3n de cr\u00e9dito determinar\u00e1 si necesita pagar un dep\u00f3sito para comenzar el servicio y, a menudo, su puntaje de cr\u00e9dito est\u00e1 vinculado a la cantidad de dep\u00f3sito que tendr\u00e1 que dar a la compa\u00f1\u00eda de servicios p\u00fablicos para comenzar el servicio. Pronto Power, el proveedor de electricidad prepaga de Kennedale, es diferente. Lea a continuaci\u00f3n para averiguar c\u00f3mo puede inscribirse para obtener electricidad asequible sin una verificaci\u00f3n de cr\u00e9dito.<\/p>\n<h2>\u00bfPor qu\u00e9 las empresas realizan verificaciones de cr\u00e9dito de todos modos?<\/h2>\n<p>Debido a que las facturas se env\u00edan mensualmente, la mayor\u00eda de las compa\u00f1\u00edas de servicios p\u00fablicos simplemente env\u00edan una factura al final del ciclo de facturaci\u00f3n para que sus clientes sepan cu\u00e1nto deben. Si un cliente no puede pagar esa factura, el dinero se puede retirar del dep\u00f3sito. En otras palabras, los dep\u00f3sitos son como una garant\u00eda de que el dinero estar\u00e1 all\u00ed si la factura no se paga a tiempo.<\/p>\n<p>Los puntajes de cr\u00e9dito se basan en qu\u00e9 tan bien los clientes pagan sus facturas mensuales. Si un cliente paga a tiempo todas sus facturas, el puntaje de cr\u00e9dito de esa persona ser\u00e1 muy bueno. Si algunas facturas se pagan con atraso, el puntaje de cr\u00e9dito cae. Para los clientes que tienen problemas para cumplir con los pagos regularmente, sus puntajes de cr\u00e9dito se consideran de alto riesgo. Esas personas tendr\u00edan un monto de dep\u00f3sito m\u00e1s alto que sus amigos que solo han pagado tarde unas pocas veces en el \u00faltimo a\u00f1o, por ejemplo.<\/p>\n<h2>\u00a1Servicio prepago al rescate!<\/h2>\n<p>El servicio prepago con Pronto Power es diferente. Con el servicio prepagado, usted agrega fondos a su cuenta antes de que comience su servicio. A medida que pasa el tiempo, se pueden colocar fondos adicionales en su cuenta. Mientras la cuenta est\u00e9 por encima de 1\u00a2, su servicio permanece activo. Agregar fondos es simple con la aplicaci\u00f3n interactiva que se proporciona cuando se registra para el servicio. Con unos pocos clics, puede agregar todo lo que desee a su cuenta. Puede verificar su cuenta en cualquier momento, y Pronto Power se comunica con usted por mensaje de texto o correo electr\u00f3nico todas las ma\u00f1anas para informarle cu\u00e1nto dinero queda en su cuenta. A continuaci\u00f3n, puede decidir si es el momento de llenar su cuenta.<\/p>\n<p>A veces, su cuenta de Pronto Power est\u00e1 baja y su pr\u00f3ximo cheque de pago est\u00e1 a varios d\u00edas de distancia. \u00a1Que no cunda el p\u00e1nico! Llame a Pronto Power antes de la 1:00 p.m. y nuestros representantes de servicio al cliente estar\u00e1n encantados de sufragar su facturaci\u00f3n hasta su pr\u00f3ximo cheque de pago. Este servicio es gratuito para nuestros clientes y es solo otra forma en que nos esforzamos por mantener a nuestros clientes satisfechos.<\/p>\n<p>Cuando est\u00e9 listo para ser el cliente m\u00e1s nuevo de Pronto Power, ll\u00e1menos al <a href=\"tel:888 621-2852\">888 621-2852<\/a> para comenzar a ahorrar dinero en electricidad prepagada de Kennedale. Estaremos encantados de invitarte a la familia.<\/p>","protected":false},"excerpt":{"rendered":"<p>Cuando hable con casi cualquier compa\u00f1\u00eda de servicios p\u00fablicos, le dir\u00e1n que necesitan un n\u00famero de seguro social para realizar una verificaci\u00f3n de cr\u00e9dito. La verificaci\u00f3n de cr\u00e9dito determinar\u00e1 si necesita pagar un dep\u00f3sito para comenzar el servicio y, a menudo, su puntaje de cr\u00e9dito est\u00e1 vinculado a la cantidad de dep\u00f3sito que tendr\u00e1 que &hellip; <a href=\"https:\/\/powermepronto.com\/es\/power-up-today-with-kennedale-prepaid-electricity-no-credit-check-needed\/\" class=\"more-link\">Continue reading <span class=\"screen-reader-text\">Encienda hoy con la electricidad prepagada de Kennedale, sin necesidad de verificaci\u00f3n de cr\u00e9dito<\/span><\/a><\/p>\n","protected":false},"author":1,"featured_media":0,"parent":0,"menu_order":0,"comment_status":"closed","ping_status":"closed","template":"","meta":{"_acf_changed":false,"_glsr_average":0,"_glsr_ranking":0,"_glsr_reviews":0,"footnotes":"","_links_to":"","_links_to_target":""},"class_list":["post-4234","page","type-page","status-publish","hentry"],"acf":[],"yoast_head":"<!-- This site is optimized with the Yoast SEO plugin v27.4 - https:\/\/yoast.com\/product\/yoast-seo-wordpress\/ -->\n<title>Encienda hoy con la electricidad prepagada de Kennedale, sin necesidad de verificaci\u00f3n de cr\u00e9dito - Pronto Power<\/title>\n<meta name=\"robots\" content=\"index, follow, max-snippet:-1, max-image-preview:large, max-video-preview:-1\" \/>\n<link rel=\"canonical\" href=\"https:\/\/powermepronto.com\/power-up-today-with-kennedale-prepaid-electricity-no-credit-check-needed\/\" \/>\n<meta property=\"og:locale\" content=\"es_ES\" \/>\n<meta property=\"og:type\" content=\"article\" \/>\n<meta property=\"og:title\" content=\"[:en]Power up Today with Kennedale Prepaid Electricity, No Credit Check Needed[:es]Encienda hoy con la electricidad prepagada de Kennedale, sin necesidad de verificaci\u00f3n de cr\u00e9dito[:] - Pronto Power\" \/>\n<meta property=\"og:description\" content=\"Cuando hable con casi cualquier compa\u00f1\u00eda de servicios p\u00fablicos, le dir\u00e1n que necesitan un n\u00famero de seguro social para realizar una verificaci\u00f3n de cr\u00e9dito. La verificaci\u00f3n de cr\u00e9dito determinar\u00e1 si necesita pagar un dep\u00f3sito para comenzar el servicio y, a menudo, su puntaje de cr\u00e9dito est\u00e1 vinculado a la cantidad de dep\u00f3sito que tendr\u00e1 que &hellip; Continue reading Encienda hoy con la electricidad prepagada de Kennedale, sin necesidad de verificaci\u00f3n de cr\u00e9dito\" \/>\n<meta property=\"og:url\" content=\"https:\/\/powermepronto.com\/power-up-today-with-kennedale-prepaid-electricity-no-credit-check-needed\/\" \/>\n<meta property=\"og:site_name\" content=\"Pronto Power\" \/>\n<meta property=\"article:modified_time\" content=\"2025-03-06T14:36:04+00:00\" \/>\n<meta name=\"twitter:card\" content=\"summary_large_image\" \/>\n<meta name=\"twitter:label1\" content=\"Tiempo de lectura\" \/>\n\t<meta name=\"twitter:data1\" content=\"5 minutos\" \/>\n<script type=\"application\/ld+json\" class=\"yoast-schema-graph\">{\"@context\":\"https:\\\/\\\/schema.org\",\"@graph\":[{\"@type\":\"WebPage\",\"@id\":\"https:\\\/\\\/powermepronto.com\\\/power-up-today-with-kennedale-prepaid-electricity-no-credit-check-needed\\\/\",\"url\":\"https:\\\/\\\/powermepronto.com\\\/power-up-today-with-kennedale-prepaid-electricity-no-credit-check-needed\\\/\",\"name\":\"[:en]Power up Today with Kennedale Prepaid Electricity, No Credit Check Needed[:es]Encienda hoy con la electricidad prepagada de Kennedale, sin necesidad de verificaci\u00f3n de cr\u00e9dito[:] - Pronto Power\",\"isPartOf\":{\"@id\":\"https:\\\/\\\/powermepronto.com\\\/en\\\/#website\"},\"datePublished\":\"2025-03-06T14:35:51+00:00\",\"dateModified\":\"2025-03-06T14:36:04+00:00\",\"breadcrumb\":{\"@id\":\"https:\\\/\\\/powermepronto.com\\\/power-up-today-with-kennedale-prepaid-electricity-no-credit-check-needed\\\/#breadcrumb\"},\"inLanguage\":\"es\",\"potentialAction\":[{\"@type\":\"ReadAction\",\"target\":[\"https:\\\/\\\/powermepronto.com\\\/power-up-today-with-kennedale-prepaid-electricity-no-credit-check-needed\\\/\"]}]},{\"@type\":\"BreadcrumbList\",\"@id\":\"https:\\\/\\\/powermepronto.com\\\/power-up-today-with-kennedale-prepaid-electricity-no-credit-check-needed\\\/#breadcrumb\",\"itemListElement\":[{\"@type\":\"ListItem\",\"position\":1,\"name\":\"Home\",\"item\":\"https:\\\/\\\/powermepronto.com\\\/en\\\/\"},{\"@type\":\"ListItem\",\"position\":2,\"name\":\"Power up Today with Kennedale Prepaid Electricity, No Credit Check Needed\"}]},{\"@type\":\"WebSite\",\"@id\":\"https:\\\/\\\/powermepronto.com\\\/en\\\/#website\",\"url\":\"https:\\\/\\\/powermepronto.com\\\/en\\\/\",\"name\":\"Pronto Power\",\"description\":\"\",\"potentialAction\":[{\"@type\":\"SearchAction\",\"target\":{\"@type\":\"EntryPoint\",\"urlTemplate\":\"https:\\\/\\\/powermepronto.com\\\/en\\\/?s={search_term_string}\"},\"query-input\":{\"@type\":\"PropertyValueSpecification\",\"valueRequired\":true,\"valueName\":\"search_term_string\"}}],\"inLanguage\":\"es\"}]}<\/script>\n<!-- \/ Yoast SEO plugin. -->","yoast_head_json":{"title":"[:en]Power up Today with Kennedale Prepaid Electricity, No Credit Check Needed[:es]Encienda hoy con la electricidad prepagada de Kennedale, sin necesidad de verificaci\u00f3n de cr\u00e9dito[:] - Pronto Power","robots":{"index":"index","follow":"follow","max-snippet":"max-snippet:-1","max-image-preview":"max-image-preview:large","max-video-preview":"max-video-preview:-1"},"canonical":"https:\/\/powermepronto.com\/power-up-today-with-kennedale-prepaid-electricity-no-credit-check-needed\/","og_locale":"es_ES","og_type":"article","og_title":"[:en]Power up Today with Kennedale Prepaid Electricity, No Credit Check Needed[:es]Encienda hoy con la electricidad prepagada de Kennedale, sin necesidad de verificaci\u00f3n de cr\u00e9dito[:] - Pronto Power","og_description":"Cuando hable con casi cualquier compa\u00f1\u00eda de servicios p\u00fablicos, le dir\u00e1n que necesitan un n\u00famero de seguro social para realizar una verificaci\u00f3n de cr\u00e9dito. La verificaci\u00f3n de cr\u00e9dito determinar\u00e1 si necesita pagar un dep\u00f3sito para comenzar el servicio y, a menudo, su puntaje de cr\u00e9dito est\u00e1 vinculado a la cantidad de dep\u00f3sito que tendr\u00e1 que &hellip; Continue reading Encienda hoy con la electricidad prepagada de Kennedale, sin necesidad de verificaci\u00f3n de cr\u00e9dito","og_url":"https:\/\/powermepronto.com\/power-up-today-with-kennedale-prepaid-electricity-no-credit-check-needed\/","og_site_name":"Pronto Power","article_modified_time":"2025-03-06T14:36:04+00:00","twitter_card":"summary_large_image","twitter_misc":{"Tiempo de lectura":"5 minutos"},"schema":{"@context":"https:\/\/schema.org","@graph":[{"@type":"WebPage","@id":"https:\/\/powermepronto.com\/power-up-today-with-kennedale-prepaid-electricity-no-credit-check-needed\/","url":"https:\/\/powermepronto.com\/power-up-today-with-kennedale-prepaid-electricity-no-credit-check-needed\/","name":"[:en]Power up Today with Kennedale Prepaid Electricity, No Credit Check Needed[:es]Encienda hoy con la electricidad prepagada de Kennedale, sin necesidad de verificaci\u00f3n de cr\u00e9dito[:] - Pronto Power","isPartOf":{"@id":"https:\/\/powermepronto.com\/en\/#website"},"datePublished":"2025-03-06T14:35:51+00:00","dateModified":"2025-03-06T14:36:04+00:00","breadcrumb":{"@id":"https:\/\/powermepronto.com\/power-up-today-with-kennedale-prepaid-electricity-no-credit-check-needed\/#breadcrumb"},"inLanguage":"es","potentialAction":[{"@type":"ReadAction","target":["https:\/\/powermepronto.com\/power-up-today-with-kennedale-prepaid-electricity-no-credit-check-needed\/"]}]},{"@type":"BreadcrumbList","@id":"https:\/\/powermepronto.com\/power-up-today-with-kennedale-prepaid-electricity-no-credit-check-needed\/#breadcrumb","itemListElement":[{"@type":"ListItem","position":1,"name":"Home","item":"https:\/\/powermepronto.com\/en\/"},{"@type":"ListItem","position":2,"name":"Power up Today with Kennedale Prepaid Electricity, No Credit Check Needed"}]},{"@type":"WebSite","@id":"https:\/\/powermepronto.com\/en\/#website","url":"https:\/\/powermepronto.com\/en\/","name":"Pronto Power","description":"","potentialAction":[{"@type":"SearchAction","target":{"@type":"EntryPoint","urlTemplate":"https:\/\/powermepronto.com\/en\/?s={search_term_string}"},"query-input":{"@type":"PropertyValueSpecification","valueRequired":true,"valueName":"search_term_string"}}],"inLanguage":"es"}]}},"_links":{"self":[{"href":"https:\/\/powermepronto.com\/es\/wp-json\/wp\/v2\/pages\/4234","targetHints":{"allow":["GET"]}}],"collection":[{"href":"https:\/\/powermepronto.com\/es\/wp-json\/wp\/v2\/pages"}],"about":[{"href":"https:\/\/powermepronto.com\/es\/wp-json\/wp\/v2\/types\/page"}],"author":[{"embeddable":true,"href":"https:\/\/powermepronto.com\/es\/wp-json\/wp\/v2\/users\/1"}],"replies":[{"embeddable":true,"href":"https:\/\/powermepronto.com\/es\/wp-json\/wp\/v2\/comments?post=4234"}],"version-history":[{"count":2,"href":"https:\/\/powermepronto.com\/es\/wp-json\/wp\/v2\/pages\/4234\/revisions"}],"predecessor-version":[{"id":4236,"href":"https:\/\/powermepronto.com\/es\/wp-json\/wp\/v2\/pages\/4234\/revisions\/4236"}],"wp:attachment":[{"href":"https:\/\/powermepronto.com\/es\/wp-json\/wp\/v2\/media?parent=4234"}],"curies":[{"name":"wp","href":"https:\/\/api.w.org\/{rel}","templated":true}]}}