{"id":4231,"date":"2025-03-05T09:29:03","date_gmt":"2025-03-05T15:29:03","guid":{"rendered":"https:\/\/powermepronto.com\/?page_id=4231"},"modified":"2025-03-05T09:29:03","modified_gmt":"2025-03-05T15:29:03","slug":"switch-to-houston-no-deposit-electricity-for-instant-cost-savings","status":"publish","type":"page","link":"https:\/\/powermepronto.com\/es\/switch-to-houston-no-deposit-electricity-for-instant-cost-savings\/","title":{"rendered":"C\u00e1mbiate a la electricidad sin dep\u00f3sito de Houston para ahorrar costos al instante"},"content":{"rendered":"<p>Parece irreal pensar que un proveedor de energ\u00eda se pondr\u00eda del lado del cliente, pero Pronto Power est\u00e1 de su lado cuando se trata de un excelente servicio a precios incre\u00edbles. Pronto Power es el proveedor de electricidad sin dep\u00f3sito de Houston que entiende a sus clientes. Con planes prepagados que combinan el uso de electricidad con cualquier presupuesto, Pronto Power es tu respuesta a c\u00f3mo comenzar tu servicio el\u00e9ctrico sin un gran dep\u00f3sito. \u00bfC\u00f3mo pueden hacer eso Es sencillo con energ\u00eda prepaga.<\/p>\n<h2>M\u00e1s que un nombre pegadizo<\/h2>\n<p>Inscribirse en la mayor\u00eda de las empresas de servicios p\u00fablicos afecta su tiempo y su presupuesto. Se necesita mucho tiempo para completar las solicitudes, esperar las verificaciones de cr\u00e9dito, hablar con los representantes de servicio al cliente y esperar a que los t\u00e9cnicos encuentren una fecha conveniente para conectar su servicio. El \u00abpronto\u00bb en Pronto Power es m\u00e1s que un nombre aliterativo: entregamos \u00abenerg\u00eda en una hora\u00bb a m\u00e1s del 98% de todos los hogares en Texas. Si su hogar tiene un medidor inteligente, es muy probable que tenga energ\u00eda en menos de 60 minutos. \u00a1Eso s\u00ed que es servicio!<\/p>\n<h2>El poder del servicio prepagado<\/h2>\n<p>Muchos clientes no conocen el servicio de prepago y sus ventajas. Cuando los clientes deciden pagar por adelantado (prepago) por su servicio, agregan fondos a su cuenta a trav\u00e9s de una aplicaci\u00f3n f\u00e1cil de usar y disfrutan del servicio de Pronto Power siempre que su cuenta tenga un saldo positivo. Pagar por adelantado significa que Pronto Power no necesita realizar una verificaci\u00f3n de cr\u00e9dito. La ausencia de verificaci\u00f3n de cr\u00e9dito significa que no le pedimos su n\u00famero de seguro social. Tambi\u00e9n significa que nunca tendr\u00e1 que pagar un dep\u00f3sito para ser un cliente prepago de Pronto Power.<\/p>\n<p>Sin embargo, los ahorros no terminan ah\u00ed. Cuando compara las tarifas de Pronto Power con las tarifas de otros proveedores de electricidad, encontrar\u00e1 que las tarifas de Pronto Power son bastante m\u00e1s bajas en todos los \u00e1mbitos. Sin embargo, ten cuidado al comparar. Otros proveedores de energ\u00eda a menudo usan t\u00e1cticas turbias en las que ofrecen excelentes tarifas, pero cambian las tarifas despu\u00e9s de haber firmado un contrato a largo plazo. Encontrar\u00e1 esta informaci\u00f3n en letra peque\u00f1a en los contratos de otros proveedores. Pronto Power, por otro lado, no hace que sus clientes firmen contratos. Usted tiene la posibilidad de cancelar su servicio en cualquier momento sin penalizaci\u00f3n. Nuestros clientes son leales porque Pronto Power brinda un excelente servicio al cliente para todos.<\/p>\n<p>Algunos meses puede ser m\u00e1s dif\u00edcil llegar a fin de mes que otros. Pronto Power lo entiende. De hecho, si notas que tu cuenta est\u00e1 baja y tu cuenta bancaria es a\u00fan m\u00e1s baja, ll\u00e1manos antes de la 1:00 de la tarde para avisarnos. Su pago se puede diferir hasta su pr\u00f3ximo cheque de pago, lo que le permite seguir usando electricidad hasta que pueda realizar su pago. Es solo otra de las muchas razones por las que nuestros clientes siguen siendo leales.<\/p>\n<p>Ll\u00e1menos hoy al <a href=\"tel:888 621-2852\">888 621-2852<\/a> hoy para comenzar a ahorrar dinero en el proveedor de electricidad sin dep\u00f3sito de Houston, Pronto Power. M\u00e1s ahorros est\u00e1n a solo una llamada de distancia, y su hogar tendr\u00e1 energ\u00eda en una hora.<\/p>","protected":false},"excerpt":{"rendered":"<p>Parece irreal pensar que un proveedor de energ\u00eda se pondr\u00eda del lado del cliente, pero Pronto Power est\u00e1 de su lado cuando se trata de un excelente servicio a precios incre\u00edbles. Pronto Power es el proveedor de electricidad sin dep\u00f3sito de Houston que entiende a sus clientes. Con planes prepagados que combinan el uso de &hellip; <a href=\"https:\/\/powermepronto.com\/es\/switch-to-houston-no-deposit-electricity-for-instant-cost-savings\/\" class=\"more-link\">Continue reading <span class=\"screen-reader-text\">C\u00e1mbiate a la electricidad sin dep\u00f3sito de Houston para ahorrar costos al instante<\/span><\/a><\/p>\n","protected":false},"author":1,"featured_media":0,"parent":0,"menu_order":0,"comment_status":"closed","ping_status":"closed","template":"","meta":{"_acf_changed":false,"_glsr_average":0,"_glsr_ranking":0,"_glsr_reviews":0,"footnotes":"","_links_to":"","_links_to_target":""},"class_list":["post-4231","page","type-page","status-publish","hentry"],"acf":[],"yoast_head":"<!-- This site is optimized with the Yoast SEO plugin v27.4 - https:\/\/yoast.com\/product\/yoast-seo-wordpress\/ -->\n<title>C\u00e1mbiate a la electricidad sin dep\u00f3sito de Houston para ahorrar costos al instante - Pronto Power<\/title>\n<meta name=\"robots\" content=\"index, follow, max-snippet:-1, max-image-preview:large, max-video-preview:-1\" \/>\n<link rel=\"canonical\" href=\"https:\/\/powermepronto.com\/switch-to-houston-no-deposit-electricity-for-instant-cost-savings\/\" \/>\n<meta property=\"og:locale\" content=\"es_ES\" \/>\n<meta property=\"og:type\" content=\"article\" \/>\n<meta property=\"og:title\" content=\"[:en]Switch to Houston No Deposit Electricity for Instant Cost Savings[:es]C\u00e1mbiate a la electricidad sin dep\u00f3sito de Houston para ahorrar costos al instante[:] - Pronto Power\" \/>\n<meta property=\"og:description\" content=\"Parece irreal pensar que un proveedor de energ\u00eda se pondr\u00eda del lado del cliente, pero Pronto Power est\u00e1 de su lado cuando se trata de un excelente servicio a precios incre\u00edbles. Pronto Power es el proveedor de electricidad sin dep\u00f3sito de Houston que entiende a sus clientes. Con planes prepagados que combinan el uso de &hellip; Continue reading C\u00e1mbiate a la electricidad sin dep\u00f3sito de Houston para ahorrar costos al instante\" \/>\n<meta property=\"og:url\" content=\"https:\/\/powermepronto.com\/switch-to-houston-no-deposit-electricity-for-instant-cost-savings\/\" \/>\n<meta property=\"og:site_name\" content=\"Pronto Power\" \/>\n<meta name=\"twitter:card\" content=\"summary_large_image\" \/>\n<meta name=\"twitter:label1\" content=\"Tiempo de lectura\" \/>\n\t<meta name=\"twitter:data1\" content=\"5 minutos\" \/>\n<script type=\"application\/ld+json\" class=\"yoast-schema-graph\">{\"@context\":\"https:\\\/\\\/schema.org\",\"@graph\":[{\"@type\":\"WebPage\",\"@id\":\"https:\\\/\\\/powermepronto.com\\\/switch-to-houston-no-deposit-electricity-for-instant-cost-savings\\\/\",\"url\":\"https:\\\/\\\/powermepronto.com\\\/switch-to-houston-no-deposit-electricity-for-instant-cost-savings\\\/\",\"name\":\"[:en]Switch to Houston No Deposit Electricity for Instant Cost Savings[:es]C\u00e1mbiate a la electricidad sin dep\u00f3sito de Houston para ahorrar costos al instante[:] - Pronto Power\",\"isPartOf\":{\"@id\":\"https:\\\/\\\/powermepronto.com\\\/en\\\/#website\"},\"datePublished\":\"2025-03-05T15:29:03+00:00\",\"breadcrumb\":{\"@id\":\"https:\\\/\\\/powermepronto.com\\\/switch-to-houston-no-deposit-electricity-for-instant-cost-savings\\\/#breadcrumb\"},\"inLanguage\":\"es\",\"potentialAction\":[{\"@type\":\"ReadAction\",\"target\":[\"https:\\\/\\\/powermepronto.com\\\/switch-to-houston-no-deposit-electricity-for-instant-cost-savings\\\/\"]}]},{\"@type\":\"BreadcrumbList\",\"@id\":\"https:\\\/\\\/powermepronto.com\\\/switch-to-houston-no-deposit-electricity-for-instant-cost-savings\\\/#breadcrumb\",\"itemListElement\":[{\"@type\":\"ListItem\",\"position\":1,\"name\":\"Home\",\"item\":\"https:\\\/\\\/powermepronto.com\\\/en\\\/\"},{\"@type\":\"ListItem\",\"position\":2,\"name\":\"Switch to Houston No Deposit Electricity for Instant Cost Savings\"}]},{\"@type\":\"WebSite\",\"@id\":\"https:\\\/\\\/powermepronto.com\\\/en\\\/#website\",\"url\":\"https:\\\/\\\/powermepronto.com\\\/en\\\/\",\"name\":\"Pronto Power\",\"description\":\"\",\"potentialAction\":[{\"@type\":\"SearchAction\",\"target\":{\"@type\":\"EntryPoint\",\"urlTemplate\":\"https:\\\/\\\/powermepronto.com\\\/en\\\/?s={search_term_string}\"},\"query-input\":{\"@type\":\"PropertyValueSpecification\",\"valueRequired\":true,\"valueName\":\"search_term_string\"}}],\"inLanguage\":\"es\"}]}<\/script>\n<!-- \/ Yoast SEO plugin. -->","yoast_head_json":{"title":"[:en]Switch to Houston No Deposit Electricity for Instant Cost Savings[:es]C\u00e1mbiate a la electricidad sin dep\u00f3sito de Houston para ahorrar costos al instante[:] - Pronto Power","robots":{"index":"index","follow":"follow","max-snippet":"max-snippet:-1","max-image-preview":"max-image-preview:large","max-video-preview":"max-video-preview:-1"},"canonical":"https:\/\/powermepronto.com\/switch-to-houston-no-deposit-electricity-for-instant-cost-savings\/","og_locale":"es_ES","og_type":"article","og_title":"[:en]Switch to Houston No Deposit Electricity for Instant Cost Savings[:es]C\u00e1mbiate a la electricidad sin dep\u00f3sito de Houston para ahorrar costos al instante[:] - Pronto Power","og_description":"Parece irreal pensar que un proveedor de energ\u00eda se pondr\u00eda del lado del cliente, pero Pronto Power est\u00e1 de su lado cuando se trata de un excelente servicio a precios incre\u00edbles. Pronto Power es el proveedor de electricidad sin dep\u00f3sito de Houston que entiende a sus clientes. Con planes prepagados que combinan el uso de &hellip; Continue reading C\u00e1mbiate a la electricidad sin dep\u00f3sito de Houston para ahorrar costos al instante","og_url":"https:\/\/powermepronto.com\/switch-to-houston-no-deposit-electricity-for-instant-cost-savings\/","og_site_name":"Pronto Power","twitter_card":"summary_large_image","twitter_misc":{"Tiempo de lectura":"5 minutos"},"schema":{"@context":"https:\/\/schema.org","@graph":[{"@type":"WebPage","@id":"https:\/\/powermepronto.com\/switch-to-houston-no-deposit-electricity-for-instant-cost-savings\/","url":"https:\/\/powermepronto.com\/switch-to-houston-no-deposit-electricity-for-instant-cost-savings\/","name":"[:en]Switch to Houston No Deposit Electricity for Instant Cost Savings[:es]C\u00e1mbiate a la electricidad sin dep\u00f3sito de Houston para ahorrar costos al instante[:] - Pronto Power","isPartOf":{"@id":"https:\/\/powermepronto.com\/en\/#website"},"datePublished":"2025-03-05T15:29:03+00:00","breadcrumb":{"@id":"https:\/\/powermepronto.com\/switch-to-houston-no-deposit-electricity-for-instant-cost-savings\/#breadcrumb"},"inLanguage":"es","potentialAction":[{"@type":"ReadAction","target":["https:\/\/powermepronto.com\/switch-to-houston-no-deposit-electricity-for-instant-cost-savings\/"]}]},{"@type":"BreadcrumbList","@id":"https:\/\/powermepronto.com\/switch-to-houston-no-deposit-electricity-for-instant-cost-savings\/#breadcrumb","itemListElement":[{"@type":"ListItem","position":1,"name":"Home","item":"https:\/\/powermepronto.com\/en\/"},{"@type":"ListItem","position":2,"name":"Switch to Houston No Deposit Electricity for Instant Cost Savings"}]},{"@type":"WebSite","@id":"https:\/\/powermepronto.com\/en\/#website","url":"https:\/\/powermepronto.com\/en\/","name":"Pronto Power","description":"","potentialAction":[{"@type":"SearchAction","target":{"@type":"EntryPoint","urlTemplate":"https:\/\/powermepronto.com\/en\/?s={search_term_string}"},"query-input":{"@type":"PropertyValueSpecification","valueRequired":true,"valueName":"search_term_string"}}],"inLanguage":"es"}]}},"_links":{"self":[{"href":"https:\/\/powermepronto.com\/es\/wp-json\/wp\/v2\/pages\/4231","targetHints":{"allow":["GET"]}}],"collection":[{"href":"https:\/\/powermepronto.com\/es\/wp-json\/wp\/v2\/pages"}],"about":[{"href":"https:\/\/powermepronto.com\/es\/wp-json\/wp\/v2\/types\/page"}],"author":[{"embeddable":true,"href":"https:\/\/powermepronto.com\/es\/wp-json\/wp\/v2\/users\/1"}],"replies":[{"embeddable":true,"href":"https:\/\/powermepronto.com\/es\/wp-json\/wp\/v2\/comments?post=4231"}],"version-history":[{"count":1,"href":"https:\/\/powermepronto.com\/es\/wp-json\/wp\/v2\/pages\/4231\/revisions"}],"predecessor-version":[{"id":4232,"href":"https:\/\/powermepronto.com\/es\/wp-json\/wp\/v2\/pages\/4231\/revisions\/4232"}],"wp:attachment":[{"href":"https:\/\/powermepronto.com\/es\/wp-json\/wp\/v2\/media?parent=4231"}],"curies":[{"name":"wp","href":"https:\/\/api.w.org\/{rel}","templated":true}]}}