{"id":4229,"date":"2025-03-05T09:26:24","date_gmt":"2025-03-05T15:26:24","guid":{"rendered":"https:\/\/powermepronto.com\/?page_id=4229"},"modified":"2025-03-05T09:26:24","modified_gmt":"2025-03-05T15:26:24","slug":"choose-our-low-cost-austin-prepaid-energy-plan","status":"publish","type":"page","link":"https:\/\/powermepronto.com\/es\/choose-our-low-cost-austin-prepaid-energy-plan\/","title":{"rendered":"Elija nuestro plan de energ\u00eda prepagado de Austin de bajo costo"},"content":{"rendered":"<p>Muchas compa\u00f1\u00edas de energ\u00eda de Texas le dicen que sus tarifas son m\u00e1s bajas que el promedio, pero cuando mira sus planes, las p\u00e1ginas est\u00e1n llenas de asteriscos y letras diminutas que explican c\u00f3mo se aplican las tarifas a los nuevos clientes que califican con buen cr\u00e9dito y pagan un dep\u00f3sito de seguridad y un mes por adelantado, solo para que sus tarifas aumenten en un mes. \u00bfTe suena familiar? Eso es lo opuesto a lo que encontrar\u00e1 con su campe\u00f3n de energ\u00eda prepagada de Austin, Pronto Power. \u00a1Lea a continuaci\u00f3n para obtener m\u00e1s noticias excelentes!<\/p>\n<h2>Prepago para todos<\/h2>\n<p>La energ\u00eda prepagada es una gran idea para cualquier persona que quiera saltarse una verificaci\u00f3n de cr\u00e9dito y un dep\u00f3sito. Con el servicio prepago, pagas por adelantado por la cantidad de servicio que utilizas en lugar de tener una factura considerable a fin de mes. Pagar por adelantado significa que Pronto Power nunca se preocupa por recuperar dinero al final del ciclo de facturaci\u00f3n, y eso es una buena noticia para nuestros clientes: no tiene que compartir su n\u00famero de seguro social, darnos su puntaje de cr\u00e9dito o pagar un dep\u00f3sito.<\/p>\n<h2>Compare nuestras tarifas con las de cualquier otra persona<\/h2>\n<p>Mire las tarifas de Pronto Power en comparaci\u00f3n con cualquier otra compa\u00f1\u00eda de energ\u00eda de Texas, \u00a1pero tenga cuidado! Algunas compa\u00f1\u00edas el\u00e9ctricas \u00abenga\u00f1an y cambian\u00bb a sus clientes, presentando una tarifa por minuto baja o excelentes tarifas mensuales. Sin embargo, esas tasas pueden fluctuar enormemente o simplemente terminar despu\u00e9s de un mes m\u00e1s o menos, solo para ser reemplazadas por una tasa mucho m\u00e1s alta. Sus clientes generalmente tienen que firmar un contrato para recibir las tarifas m\u00e1s bajas, e incluso despu\u00e9s de que las tarifas aumentan, el contrato sigue siendo vinculante.<\/p>\n<p>Pronto Power no obliga a sus clientes a firmar un contrato. En cambio, nuestros clientes son leales porque reciben un excelente servicio y fant\u00e1sticas tarifas de energ\u00eda.<\/p>\n<h2>Potencia en una hora<\/h2>\n<p>Pronto Power tiene otra caracter\u00edstica sorprendente para sus clientes ocupados: desde el momento en que llama a Pronto Power hasta el momento en que su hogar es alimentado por Pronto Power, es menos de 60 minutos en los hogares de Texas con medidores inteligentes existentes. \u00bfNo est\u00e1s seguro de si tu casa tiene un medidor inteligente? Sepa que el 98% de los hogares de Texas est\u00e1n preequipados con un medidor inteligente, por lo que es muy probable que caiga en esa categor\u00eda. Una vez que tenga las excelentes tarifas de Pronto Power, puede realizar un seguimiento de su uso en una aplicaci\u00f3n interactiva para ver cu\u00e1nta energ\u00eda est\u00e1 usando a trav\u00e9s de su medidor inteligente m\u00e1s la cantidad de fondos en su cuenta. Cuando est\u00e9 listo para agregar fondos adicionales, use su tel\u00e9fono, es as\u00ed de f\u00e1cil. Siempre que su cuenta est\u00e9 por encima de 1\u00a2, tiene acceso a las excelentes tarifas de Pronto Power.<\/p>\n<p>Ll\u00e1menos hoy al <a href=\"tel:888 621-2852\">888 621-2852<\/a> para comenzar a ahorrar dinero en su factura de energ\u00eda prepagada de Austin.<\/p>","protected":false},"excerpt":{"rendered":"<p>Muchas compa\u00f1\u00edas de energ\u00eda de Texas le dicen que sus tarifas son m\u00e1s bajas que el promedio, pero cuando mira sus planes, las p\u00e1ginas est\u00e1n llenas de asteriscos y letras diminutas que explican c\u00f3mo se aplican las tarifas a los nuevos clientes que califican con buen cr\u00e9dito y pagan un dep\u00f3sito de seguridad y un &hellip; <a href=\"https:\/\/powermepronto.com\/es\/choose-our-low-cost-austin-prepaid-energy-plan\/\" class=\"more-link\">Continue reading <span class=\"screen-reader-text\">Elija nuestro plan de energ\u00eda prepagado de Austin de bajo costo<\/span><\/a><\/p>\n","protected":false},"author":1,"featured_media":0,"parent":0,"menu_order":0,"comment_status":"closed","ping_status":"closed","template":"","meta":{"_acf_changed":false,"_glsr_average":0,"_glsr_ranking":0,"_glsr_reviews":0,"footnotes":"","_links_to":"","_links_to_target":""},"class_list":["post-4229","page","type-page","status-publish","hentry"],"acf":[],"yoast_head":"<!-- This site is optimized with the Yoast SEO plugin v27.5 - https:\/\/yoast.com\/product\/yoast-seo-wordpress\/ -->\n<title>Elija nuestro plan de energ\u00eda prepagado de Austin de bajo costo - Pronto Power<\/title>\n<meta name=\"robots\" content=\"index, follow, max-snippet:-1, max-image-preview:large, max-video-preview:-1\" \/>\n<link rel=\"canonical\" href=\"https:\/\/powermepronto.com\/choose-our-low-cost-austin-prepaid-energy-plan\/\" \/>\n<meta property=\"og:locale\" content=\"es_ES\" \/>\n<meta property=\"og:type\" content=\"article\" \/>\n<meta property=\"og:title\" content=\"[:en]Choose Our Low-Cost Austin Prepaid Energy Plan[:es]Elija nuestro plan de energ\u00eda prepagado de Austin de bajo costo[:] - Pronto Power\" \/>\n<meta property=\"og:description\" content=\"Muchas compa\u00f1\u00edas de energ\u00eda de Texas le dicen que sus tarifas son m\u00e1s bajas que el promedio, pero cuando mira sus planes, las p\u00e1ginas est\u00e1n llenas de asteriscos y letras diminutas que explican c\u00f3mo se aplican las tarifas a los nuevos clientes que califican con buen cr\u00e9dito y pagan un dep\u00f3sito de seguridad y un &hellip; Continue reading Elija nuestro plan de energ\u00eda prepagado de Austin de bajo costo\" \/>\n<meta property=\"og:url\" content=\"https:\/\/powermepronto.com\/choose-our-low-cost-austin-prepaid-energy-plan\/\" \/>\n<meta property=\"og:site_name\" content=\"Pronto Power\" \/>\n<meta name=\"twitter:card\" content=\"summary_large_image\" \/>\n<meta name=\"twitter:label1\" content=\"Tiempo de lectura\" \/>\n\t<meta name=\"twitter:data1\" content=\"5 minutos\" \/>\n<script type=\"application\/ld+json\" class=\"yoast-schema-graph\">{\"@context\":\"https:\\\/\\\/schema.org\",\"@graph\":[{\"@type\":\"WebPage\",\"@id\":\"https:\\\/\\\/powermepronto.com\\\/choose-our-low-cost-austin-prepaid-energy-plan\\\/\",\"url\":\"https:\\\/\\\/powermepronto.com\\\/choose-our-low-cost-austin-prepaid-energy-plan\\\/\",\"name\":\"[:en]Choose Our Low-Cost Austin Prepaid Energy Plan[:es]Elija nuestro plan de energ\u00eda prepagado de Austin de bajo costo[:] - Pronto Power\",\"isPartOf\":{\"@id\":\"https:\\\/\\\/powermepronto.com\\\/en\\\/#website\"},\"datePublished\":\"2025-03-05T15:26:24+00:00\",\"breadcrumb\":{\"@id\":\"https:\\\/\\\/powermepronto.com\\\/choose-our-low-cost-austin-prepaid-energy-plan\\\/#breadcrumb\"},\"inLanguage\":\"es\",\"potentialAction\":[{\"@type\":\"ReadAction\",\"target\":[\"https:\\\/\\\/powermepronto.com\\\/choose-our-low-cost-austin-prepaid-energy-plan\\\/\"]}]},{\"@type\":\"BreadcrumbList\",\"@id\":\"https:\\\/\\\/powermepronto.com\\\/choose-our-low-cost-austin-prepaid-energy-plan\\\/#breadcrumb\",\"itemListElement\":[{\"@type\":\"ListItem\",\"position\":1,\"name\":\"Home\",\"item\":\"https:\\\/\\\/powermepronto.com\\\/en\\\/\"},{\"@type\":\"ListItem\",\"position\":2,\"name\":\"Choose Our Low-Cost Austin Prepaid Energy Plan\"}]},{\"@type\":\"WebSite\",\"@id\":\"https:\\\/\\\/powermepronto.com\\\/en\\\/#website\",\"url\":\"https:\\\/\\\/powermepronto.com\\\/en\\\/\",\"name\":\"Pronto Power\",\"description\":\"\",\"potentialAction\":[{\"@type\":\"SearchAction\",\"target\":{\"@type\":\"EntryPoint\",\"urlTemplate\":\"https:\\\/\\\/powermepronto.com\\\/en\\\/?s={search_term_string}\"},\"query-input\":{\"@type\":\"PropertyValueSpecification\",\"valueRequired\":true,\"valueName\":\"search_term_string\"}}],\"inLanguage\":\"es\"}]}<\/script>\n<!-- \/ Yoast SEO plugin. -->","yoast_head_json":{"title":"[:en]Choose Our Low-Cost Austin Prepaid Energy Plan[:es]Elija nuestro plan de energ\u00eda prepagado de Austin de bajo costo[:] - Pronto Power","robots":{"index":"index","follow":"follow","max-snippet":"max-snippet:-1","max-image-preview":"max-image-preview:large","max-video-preview":"max-video-preview:-1"},"canonical":"https:\/\/powermepronto.com\/choose-our-low-cost-austin-prepaid-energy-plan\/","og_locale":"es_ES","og_type":"article","og_title":"[:en]Choose Our Low-Cost Austin Prepaid Energy Plan[:es]Elija nuestro plan de energ\u00eda prepagado de Austin de bajo costo[:] - Pronto Power","og_description":"Muchas compa\u00f1\u00edas de energ\u00eda de Texas le dicen que sus tarifas son m\u00e1s bajas que el promedio, pero cuando mira sus planes, las p\u00e1ginas est\u00e1n llenas de asteriscos y letras diminutas que explican c\u00f3mo se aplican las tarifas a los nuevos clientes que califican con buen cr\u00e9dito y pagan un dep\u00f3sito de seguridad y un &hellip; Continue reading Elija nuestro plan de energ\u00eda prepagado de Austin de bajo costo","og_url":"https:\/\/powermepronto.com\/choose-our-low-cost-austin-prepaid-energy-plan\/","og_site_name":"Pronto Power","twitter_card":"summary_large_image","twitter_misc":{"Tiempo de lectura":"5 minutos"},"schema":{"@context":"https:\/\/schema.org","@graph":[{"@type":"WebPage","@id":"https:\/\/powermepronto.com\/choose-our-low-cost-austin-prepaid-energy-plan\/","url":"https:\/\/powermepronto.com\/choose-our-low-cost-austin-prepaid-energy-plan\/","name":"[:en]Choose Our Low-Cost Austin Prepaid Energy Plan[:es]Elija nuestro plan de energ\u00eda prepagado de Austin de bajo costo[:] - Pronto Power","isPartOf":{"@id":"https:\/\/powermepronto.com\/en\/#website"},"datePublished":"2025-03-05T15:26:24+00:00","breadcrumb":{"@id":"https:\/\/powermepronto.com\/choose-our-low-cost-austin-prepaid-energy-plan\/#breadcrumb"},"inLanguage":"es","potentialAction":[{"@type":"ReadAction","target":["https:\/\/powermepronto.com\/choose-our-low-cost-austin-prepaid-energy-plan\/"]}]},{"@type":"BreadcrumbList","@id":"https:\/\/powermepronto.com\/choose-our-low-cost-austin-prepaid-energy-plan\/#breadcrumb","itemListElement":[{"@type":"ListItem","position":1,"name":"Home","item":"https:\/\/powermepronto.com\/en\/"},{"@type":"ListItem","position":2,"name":"Choose Our Low-Cost Austin Prepaid Energy Plan"}]},{"@type":"WebSite","@id":"https:\/\/powermepronto.com\/en\/#website","url":"https:\/\/powermepronto.com\/en\/","name":"Pronto Power","description":"","potentialAction":[{"@type":"SearchAction","target":{"@type":"EntryPoint","urlTemplate":"https:\/\/powermepronto.com\/en\/?s={search_term_string}"},"query-input":{"@type":"PropertyValueSpecification","valueRequired":true,"valueName":"search_term_string"}}],"inLanguage":"es"}]}},"_links":{"self":[{"href":"https:\/\/powermepronto.com\/es\/wp-json\/wp\/v2\/pages\/4229","targetHints":{"allow":["GET"]}}],"collection":[{"href":"https:\/\/powermepronto.com\/es\/wp-json\/wp\/v2\/pages"}],"about":[{"href":"https:\/\/powermepronto.com\/es\/wp-json\/wp\/v2\/types\/page"}],"author":[{"embeddable":true,"href":"https:\/\/powermepronto.com\/es\/wp-json\/wp\/v2\/users\/1"}],"replies":[{"embeddable":true,"href":"https:\/\/powermepronto.com\/es\/wp-json\/wp\/v2\/comments?post=4229"}],"version-history":[{"count":1,"href":"https:\/\/powermepronto.com\/es\/wp-json\/wp\/v2\/pages\/4229\/revisions"}],"predecessor-version":[{"id":4230,"href":"https:\/\/powermepronto.com\/es\/wp-json\/wp\/v2\/pages\/4229\/revisions\/4230"}],"wp:attachment":[{"href":"https:\/\/powermepronto.com\/es\/wp-json\/wp\/v2\/media?parent=4229"}],"curies":[{"name":"wp","href":"https:\/\/api.w.org\/{rel}","templated":true}]}}