{"id":4225,"date":"2025-02-19T08:20:27","date_gmt":"2025-02-19T14:20:27","guid":{"rendered":"https:\/\/powermepronto.com\/?page_id=4225"},"modified":"2025-02-19T08:20:35","modified_gmt":"2025-02-19T14:20:35","slug":"discover-the-benefits-of-haltom-city-prepaid-power","status":"publish","type":"page","link":"https:\/\/powermepronto.com\/es\/discover-the-benefits-of-haltom-city-prepaid-power\/","title":{"rendered":"Descubra los beneficios de la energ\u00eda prepaga de Haltom City"},"content":{"rendered":"<p>Para muchos tejanos, la electricidad parece estar fuera de su alcance debido a los costos extremos que implica activar el servicio. Debido al primer mes de anticipaci\u00f3n, el dep\u00f3sito de seguridad, las tarifas de servicio y otros costos, parece casi imposible. Sin embargo, no se desespere, porque su compa\u00f1\u00eda de energ\u00eda prepaga de Haltom City tiene buenas noticias para usted. El servicio prepago con Pronto Power elimina la agon\u00eda de cientos de d\u00f3lares que nunca volver\u00e1s a ver para comenzar el servicio.<\/p>\n<h2>Servicio prepago para todos<\/h2>\n<p>La electricidad prepaga de Pronto Power es una excelente opci\u00f3n para los tejanos que desean energ\u00eda sin condiciones. Cuando se registra para recibir el servicio, deposita fondos en su cuenta para que los utilice para pagar la electricidad a medida que la usa. Y puedes ver exactamente cu\u00e1nta electricidad est\u00e1s usando con una aplicaci\u00f3n que descargas en tu tel\u00e9fono. Esta aplicaci\u00f3n le permite monitorear su medidor inteligente, agregar fondos a su cuenta y comunicarse con los corteses representantes de servicio al cliente de Pronto Power.<\/p>\n<p>Todas las ma\u00f1anas recibir\u00e1s un mensaje de texto y\/o correo electr\u00f3nico con la cantidad de fondos en tu cuenta. Tiene la opci\u00f3n de agregar fondos o esperar un d\u00eda, una semana o hasta su pr\u00f3ximo cheque de pago. Siempre que tenga al menos 1 centavo en su cuenta, estar\u00e1 listo para comenzar. Agregue fondos antes de la 1:00 para mantener su servicio.<\/p>\n<p>Pero, \u00bfqu\u00e9 sucede si su cuenta Pronto Power tiene un nivel bajo y su cuenta bancaria es a\u00fan m\u00e1s baja? P\u00f3ngase en contacto con nuestro equipo de atenci\u00f3n al cliente y podremos sufragar su facturaci\u00f3n hasta su pr\u00f3ximo cheque de pago sin costo para usted.<\/p>\n<h2>M\u00e1s beneficios<\/h2>\n<p>Tenga la seguridad de que sus tarifas de energ\u00eda prepagas no solo son las m\u00e1s bajas de Haltom City; en realidad, son las mejores tarifas en todo el estado de Texas. Cuando compara manzanas con manzanas, eliminando toda la letra peque\u00f1a de otros proveedores de electricidad, notar\u00e1 que Pronto Power avanza cada vez porque las tarifas de nuestros competidores a menudo est\u00e1n vinculadas a un contrato, y las tarifas pueden ser tan bajas solo para una serie de meses s\u00f3lo para aumentar bruscamente mientras sus clientes tienen contrato y no pueden cambiar a otra compa\u00f1\u00eda el\u00e9ctrica. Pronto Power no vincula a sus clientes a un contrato y nuestras tarifas anunciadas son las tarifas que puede esperar en su factura, sin letra peque\u00f1a para leer.<\/p>\n<h2>Todo est\u00e1 en el nombre \u2013 Pronto Power<\/h2>\n<p>M\u00e1s que una simple firma pegadiza, Pronto Power ofrece su servicio sin problemas ni demoras. De hecho, nuestro lema \u201cenerg\u00eda en una hora\u201d es m\u00e1s que meras palabras: siempre y cuando su hogar est\u00e9 incluido entre el 98% de los hogares en Texas equipados con un medidor inteligente, podemos tener su servicio conectado en menos de 60 minutos.<\/p>\n<p>Llame hoy a Pronto Power, su compa\u00f1\u00eda de energ\u00eda prepaga de Haltom City, al <a href=\"tel:888 621-2852\">888 621-2852<\/a> para comenzar a ahorrar dinero en su factura de electricidad. \u00a1Esperamos tener noticias suyas!<\/p>","protected":false},"excerpt":{"rendered":"<p>Para muchos tejanos, la electricidad parece estar fuera de su alcance debido a los costos extremos que implica activar el servicio. Debido al primer mes de anticipaci\u00f3n, el dep\u00f3sito de seguridad, las tarifas de servicio y otros costos, parece casi imposible. Sin embargo, no se desespere, porque su compa\u00f1\u00eda de energ\u00eda prepaga de Haltom City &hellip; <a href=\"https:\/\/powermepronto.com\/es\/discover-the-benefits-of-haltom-city-prepaid-power\/\" class=\"more-link\">Continue reading <span class=\"screen-reader-text\">Descubra los beneficios de la energ\u00eda prepaga de Haltom City<\/span><\/a><\/p>\n","protected":false},"author":1,"featured_media":0,"parent":0,"menu_order":0,"comment_status":"closed","ping_status":"closed","template":"","meta":{"_acf_changed":false,"_glsr_average":0,"_glsr_ranking":0,"_glsr_reviews":0,"footnotes":"","_links_to":"","_links_to_target":""},"class_list":["post-4225","page","type-page","status-publish","hentry"],"acf":[],"yoast_head":"<!-- This site is optimized with the Yoast SEO plugin v27.4 - https:\/\/yoast.com\/product\/yoast-seo-wordpress\/ -->\n<title>Descubra los beneficios de la energ\u00eda prepaga de Haltom City - Pronto Power<\/title>\n<meta name=\"robots\" content=\"index, follow, max-snippet:-1, max-image-preview:large, max-video-preview:-1\" \/>\n<link rel=\"canonical\" href=\"https:\/\/powermepronto.com\/discover-the-benefits-of-haltom-city-prepaid-power\/\" \/>\n<meta property=\"og:locale\" content=\"es_ES\" \/>\n<meta property=\"og:type\" content=\"article\" \/>\n<meta property=\"og:title\" content=\"[:en]Discover the Benefits of Haltom City Prepaid Power[:es]Descubra los beneficios de la energ\u00eda prepaga de Haltom City[:] - Pronto Power\" \/>\n<meta property=\"og:description\" content=\"Para muchos tejanos, la electricidad parece estar fuera de su alcance debido a los costos extremos que implica activar el servicio. Debido al primer mes de anticipaci\u00f3n, el dep\u00f3sito de seguridad, las tarifas de servicio y otros costos, parece casi imposible. Sin embargo, no se desespere, porque su compa\u00f1\u00eda de energ\u00eda prepaga de Haltom City &hellip; Continue reading Descubra los beneficios de la energ\u00eda prepaga de Haltom City\" \/>\n<meta property=\"og:url\" content=\"https:\/\/powermepronto.com\/discover-the-benefits-of-haltom-city-prepaid-power\/\" \/>\n<meta property=\"og:site_name\" content=\"Pronto Power\" \/>\n<meta property=\"article:modified_time\" content=\"2025-02-19T14:20:35+00:00\" \/>\n<meta name=\"twitter:card\" content=\"summary_large_image\" \/>\n<meta name=\"twitter:label1\" content=\"Tiempo de lectura\" \/>\n\t<meta name=\"twitter:data1\" content=\"5 minutos\" \/>\n<script type=\"application\/ld+json\" class=\"yoast-schema-graph\">{\"@context\":\"https:\\\/\\\/schema.org\",\"@graph\":[{\"@type\":\"WebPage\",\"@id\":\"https:\\\/\\\/powermepronto.com\\\/discover-the-benefits-of-haltom-city-prepaid-power\\\/\",\"url\":\"https:\\\/\\\/powermepronto.com\\\/discover-the-benefits-of-haltom-city-prepaid-power\\\/\",\"name\":\"[:en]Discover the Benefits of Haltom City Prepaid Power[:es]Descubra los beneficios de la energ\u00eda prepaga de Haltom City[:] - Pronto Power\",\"isPartOf\":{\"@id\":\"https:\\\/\\\/powermepronto.com\\\/en\\\/#website\"},\"datePublished\":\"2025-02-19T14:20:27+00:00\",\"dateModified\":\"2025-02-19T14:20:35+00:00\",\"breadcrumb\":{\"@id\":\"https:\\\/\\\/powermepronto.com\\\/discover-the-benefits-of-haltom-city-prepaid-power\\\/#breadcrumb\"},\"inLanguage\":\"es\",\"potentialAction\":[{\"@type\":\"ReadAction\",\"target\":[\"https:\\\/\\\/powermepronto.com\\\/discover-the-benefits-of-haltom-city-prepaid-power\\\/\"]}]},{\"@type\":\"BreadcrumbList\",\"@id\":\"https:\\\/\\\/powermepronto.com\\\/discover-the-benefits-of-haltom-city-prepaid-power\\\/#breadcrumb\",\"itemListElement\":[{\"@type\":\"ListItem\",\"position\":1,\"name\":\"Home\",\"item\":\"https:\\\/\\\/powermepronto.com\\\/en\\\/\"},{\"@type\":\"ListItem\",\"position\":2,\"name\":\"Discover the Benefits of Haltom City Prepaid Power\"}]},{\"@type\":\"WebSite\",\"@id\":\"https:\\\/\\\/powermepronto.com\\\/en\\\/#website\",\"url\":\"https:\\\/\\\/powermepronto.com\\\/en\\\/\",\"name\":\"Pronto Power\",\"description\":\"\",\"potentialAction\":[{\"@type\":\"SearchAction\",\"target\":{\"@type\":\"EntryPoint\",\"urlTemplate\":\"https:\\\/\\\/powermepronto.com\\\/en\\\/?s={search_term_string}\"},\"query-input\":{\"@type\":\"PropertyValueSpecification\",\"valueRequired\":true,\"valueName\":\"search_term_string\"}}],\"inLanguage\":\"es\"}]}<\/script>\n<!-- \/ Yoast SEO plugin. -->","yoast_head_json":{"title":"[:en]Discover the Benefits of Haltom City Prepaid Power[:es]Descubra los beneficios de la energ\u00eda prepaga de Haltom City[:] - Pronto Power","robots":{"index":"index","follow":"follow","max-snippet":"max-snippet:-1","max-image-preview":"max-image-preview:large","max-video-preview":"max-video-preview:-1"},"canonical":"https:\/\/powermepronto.com\/discover-the-benefits-of-haltom-city-prepaid-power\/","og_locale":"es_ES","og_type":"article","og_title":"[:en]Discover the Benefits of Haltom City Prepaid Power[:es]Descubra los beneficios de la energ\u00eda prepaga de Haltom City[:] - Pronto Power","og_description":"Para muchos tejanos, la electricidad parece estar fuera de su alcance debido a los costos extremos que implica activar el servicio. Debido al primer mes de anticipaci\u00f3n, el dep\u00f3sito de seguridad, las tarifas de servicio y otros costos, parece casi imposible. Sin embargo, no se desespere, porque su compa\u00f1\u00eda de energ\u00eda prepaga de Haltom City &hellip; Continue reading Descubra los beneficios de la energ\u00eda prepaga de Haltom City","og_url":"https:\/\/powermepronto.com\/discover-the-benefits-of-haltom-city-prepaid-power\/","og_site_name":"Pronto Power","article_modified_time":"2025-02-19T14:20:35+00:00","twitter_card":"summary_large_image","twitter_misc":{"Tiempo de lectura":"5 minutos"},"schema":{"@context":"https:\/\/schema.org","@graph":[{"@type":"WebPage","@id":"https:\/\/powermepronto.com\/discover-the-benefits-of-haltom-city-prepaid-power\/","url":"https:\/\/powermepronto.com\/discover-the-benefits-of-haltom-city-prepaid-power\/","name":"[:en]Discover the Benefits of Haltom City Prepaid Power[:es]Descubra los beneficios de la energ\u00eda prepaga de Haltom City[:] - Pronto Power","isPartOf":{"@id":"https:\/\/powermepronto.com\/en\/#website"},"datePublished":"2025-02-19T14:20:27+00:00","dateModified":"2025-02-19T14:20:35+00:00","breadcrumb":{"@id":"https:\/\/powermepronto.com\/discover-the-benefits-of-haltom-city-prepaid-power\/#breadcrumb"},"inLanguage":"es","potentialAction":[{"@type":"ReadAction","target":["https:\/\/powermepronto.com\/discover-the-benefits-of-haltom-city-prepaid-power\/"]}]},{"@type":"BreadcrumbList","@id":"https:\/\/powermepronto.com\/discover-the-benefits-of-haltom-city-prepaid-power\/#breadcrumb","itemListElement":[{"@type":"ListItem","position":1,"name":"Home","item":"https:\/\/powermepronto.com\/en\/"},{"@type":"ListItem","position":2,"name":"Discover the Benefits of Haltom City Prepaid Power"}]},{"@type":"WebSite","@id":"https:\/\/powermepronto.com\/en\/#website","url":"https:\/\/powermepronto.com\/en\/","name":"Pronto Power","description":"","potentialAction":[{"@type":"SearchAction","target":{"@type":"EntryPoint","urlTemplate":"https:\/\/powermepronto.com\/en\/?s={search_term_string}"},"query-input":{"@type":"PropertyValueSpecification","valueRequired":true,"valueName":"search_term_string"}}],"inLanguage":"es"}]}},"_links":{"self":[{"href":"https:\/\/powermepronto.com\/es\/wp-json\/wp\/v2\/pages\/4225","targetHints":{"allow":["GET"]}}],"collection":[{"href":"https:\/\/powermepronto.com\/es\/wp-json\/wp\/v2\/pages"}],"about":[{"href":"https:\/\/powermepronto.com\/es\/wp-json\/wp\/v2\/types\/page"}],"author":[{"embeddable":true,"href":"https:\/\/powermepronto.com\/es\/wp-json\/wp\/v2\/users\/1"}],"replies":[{"embeddable":true,"href":"https:\/\/powermepronto.com\/es\/wp-json\/wp\/v2\/comments?post=4225"}],"version-history":[{"count":2,"href":"https:\/\/powermepronto.com\/es\/wp-json\/wp\/v2\/pages\/4225\/revisions"}],"predecessor-version":[{"id":4227,"href":"https:\/\/powermepronto.com\/es\/wp-json\/wp\/v2\/pages\/4225\/revisions\/4227"}],"wp:attachment":[{"href":"https:\/\/powermepronto.com\/es\/wp-json\/wp\/v2\/media?parent=4225"}],"curies":[{"name":"wp","href":"https:\/\/api.w.org\/{rel}","templated":true}]}}