{"id":4166,"date":"2025-02-12T11:38:37","date_gmt":"2025-02-12T17:38:37","guid":{"rendered":"https:\/\/powermepronto.com\/?page_id=4166"},"modified":"2025-02-12T11:39:55","modified_gmt":"2025-02-12T17:39:55","slug":"say-goodbye-to-contracts-with-houston-no-contract-electricity","status":"publish","type":"page","link":"https:\/\/powermepronto.com\/es\/say-goodbye-to-contracts-with-houston-no-contract-electricity\/","title":{"rendered":"Dile adi\u00f3s a los contratos con la electricidad sin contrato en Houston"},"content":{"rendered":"<p>Cuando lees todos los anuncios de otras compa\u00f1\u00edas el\u00e9ctricas, la mayor\u00eda ofrece estas tarifas fant\u00e1sticas, pero al final del anuncio, ves letras peque\u00f1as que explican c\u00f3mo las tarifas son v\u00e1lidas solo para nuevos clientes que firman un contrato. M\u00e1s palabras peque\u00f1as siguen con m\u00e1s malas noticias. Pronto Power es diferente; no tenemos letra peque\u00f1a ni contratos para nuestros clientes de electricidad sin contrato en Houston.<\/p>\n<p>No solo Pronto Power elimina los contratos para sus clientes; tampoco te pedir\u00e1n tu n\u00famero de seguro social ni se har\u00e1 un chequeo de cr\u00e9dito. \u00bfC\u00f3mo puede hacer esto Pronto Power y a\u00fan as\u00ed ganar dinero? Ofrecen a sus clientes electricidad prepagada.<\/p>\n<h2>Electricidad sin compromisos<\/h2>\n<p>La electricidad prepagada de Pronto Power es una excelente opci\u00f3n para los texanos que desean energ\u00eda sin tener que lidiar con un dep\u00f3sito, un contrato, una verificaci\u00f3n de cr\u00e9dito ni cualquiera de los otros \u00ablazos\u00bb que atan a los clientes a su servicio. Pronto Power se da cuenta de que los contratos mantienen a los clientes, pero estos no son muy felices estando atados a un contrato. Pronto Power intenta otro enfoque para mantener a sus clientes: un excelente servicio y un soporte al cliente sobresaliente. Nuestros clientes siguen siendo leales a Pronto Power porque nosotros somos leales a ellos.<\/p>\n<h2>Energ\u00eda en menos de una hora<\/h2>\n<p>Una vez que elijas el mejor proveedor de energ\u00eda al por menor, Pronto Power, querr\u00e1s comenzar a ahorrar dinero de inmediato. Conectaremos tu energ\u00eda en menos de una hora si tu casa tiene un medidor inteligente, que el 98% de las casas de Texas ya tienen.<\/p>\n<p>La aplicaci\u00f3n tambi\u00e9n tiene otra ventaja: adem\u00e1s de saber cu\u00e1nta energ\u00eda est\u00e1s consumiendo, tambi\u00e9n puedes ver los fondos en tu cuenta. Mientras tu saldo sea superior a 1\u00a2 cada ma\u00f1ana, tu energ\u00eda seguir\u00e1 funcionando. Si no eres muy h\u00e1bil con el tel\u00e9fono, podemos enviarte la informaci\u00f3n de tu cuenta por correo electr\u00f3nico cada ma\u00f1ana. \u00a1Incluso podemos hacer ambos si lo prefieres!<\/p>\n<p>Si encuentras que tu cuenta necesita ser recargada, agregar fondos es muy f\u00e1cil a trav\u00e9s de tu aplicaci\u00f3n telef\u00f3nica. Agrega la cantidad que elijas en cualquier momento del d\u00eda o de la noche. Otra opci\u00f3n es llamar al <a href=\"tel:541-746-1583\">541 746-1583<\/a> en cualquier momento para hacer un pago automatizado por tel\u00e9fono. \u00a1Tantas opciones para hacer tu vida m\u00e1s f\u00e1cil!<\/p>\n<h2>\u00bfQu\u00e9 pasa si mi cuenta est\u00e1 baja pero no puedo pagar en este momento?<\/h2>\n<p>Pronto Power reconoce que no siempre es posible pagar la factura a tiempo; ll\u00e1manos antes de la 1:00 de la tarde cuando veas que tu cuenta est\u00e1 baja y podr\u00e1s calificar para una extensi\u00f3n gratuita hasta tu pr\u00f3ximo cheque de pago. A\u00fan mejor, este servicio es gratuito para ti.<\/p>\n<p>Reg\u00edstrate para la electricidad sin contrato de Houston en Pronto Power en l\u00ednea o contacta a uno de nuestros excelentes representantes de servicio al cliente al <a href=\"tel:888-621-2852\">888 621-2852<\/a> hoy mismo. \u00a1Te alegrar\u00e1s de haberlo hecho, y tambi\u00e9n tu billetera!<\/p>","protected":false},"excerpt":{"rendered":"<p>Cuando lees todos los anuncios de otras compa\u00f1\u00edas el\u00e9ctricas, la mayor\u00eda ofrece estas tarifas fant\u00e1sticas, pero al final del anuncio, ves letras peque\u00f1as que explican c\u00f3mo las tarifas son v\u00e1lidas solo para nuevos clientes que firman un contrato. M\u00e1s palabras peque\u00f1as siguen con m\u00e1s malas noticias. Pronto Power es diferente; no tenemos letra peque\u00f1a ni &hellip; <a href=\"https:\/\/powermepronto.com\/es\/say-goodbye-to-contracts-with-houston-no-contract-electricity\/\" class=\"more-link\">Continue reading <span class=\"screen-reader-text\">Dile adi\u00f3s a los contratos con la electricidad sin contrato en Houston<\/span><\/a><\/p>\n","protected":false},"author":1,"featured_media":0,"parent":0,"menu_order":0,"comment_status":"closed","ping_status":"closed","template":"","meta":{"_acf_changed":false,"_glsr_average":0,"_glsr_ranking":0,"_glsr_reviews":0,"footnotes":"","_links_to":"","_links_to_target":""},"class_list":["post-4166","page","type-page","status-publish","hentry"],"acf":[],"yoast_head":"<!-- This site is optimized with the Yoast SEO plugin v27.5 - https:\/\/yoast.com\/product\/yoast-seo-wordpress\/ -->\n<title>Dile adi\u00f3s a los contratos con la electricidad sin contrato en Houston - Pronto Power<\/title>\n<meta name=\"robots\" content=\"index, follow, max-snippet:-1, max-image-preview:large, max-video-preview:-1\" \/>\n<link rel=\"canonical\" href=\"https:\/\/powermepronto.com\/say-goodbye-to-contracts-with-houston-no-contract-electricity\/\" \/>\n<meta property=\"og:locale\" content=\"es_ES\" \/>\n<meta property=\"og:type\" content=\"article\" \/>\n<meta property=\"og:title\" content=\"[:en]Say Goodbye to Contracts with Houston No Contract Electricity[:es]Dile adi\u00f3s a los contratos con la electricidad sin contrato en Houston[:] - Pronto Power\" \/>\n<meta property=\"og:description\" content=\"Cuando lees todos los anuncios de otras compa\u00f1\u00edas el\u00e9ctricas, la mayor\u00eda ofrece estas tarifas fant\u00e1sticas, pero al final del anuncio, ves letras peque\u00f1as que explican c\u00f3mo las tarifas son v\u00e1lidas solo para nuevos clientes que firman un contrato. M\u00e1s palabras peque\u00f1as siguen con m\u00e1s malas noticias. Pronto Power es diferente; no tenemos letra peque\u00f1a ni &hellip; Continue reading Dile adi\u00f3s a los contratos con la electricidad sin contrato en Houston\" \/>\n<meta property=\"og:url\" content=\"https:\/\/powermepronto.com\/say-goodbye-to-contracts-with-houston-no-contract-electricity\/\" \/>\n<meta property=\"og:site_name\" content=\"Pronto Power\" \/>\n<meta property=\"article:modified_time\" content=\"2025-02-12T17:39:55+00:00\" \/>\n<meta name=\"twitter:card\" content=\"summary_large_image\" \/>\n<meta name=\"twitter:label1\" content=\"Tiempo de lectura\" \/>\n\t<meta name=\"twitter:data1\" content=\"5 minutos\" \/>\n<script type=\"application\/ld+json\" class=\"yoast-schema-graph\">{\"@context\":\"https:\\\/\\\/schema.org\",\"@graph\":[{\"@type\":\"WebPage\",\"@id\":\"https:\\\/\\\/powermepronto.com\\\/say-goodbye-to-contracts-with-houston-no-contract-electricity\\\/\",\"url\":\"https:\\\/\\\/powermepronto.com\\\/say-goodbye-to-contracts-with-houston-no-contract-electricity\\\/\",\"name\":\"[:en]Say Goodbye to Contracts with Houston No Contract Electricity[:es]Dile adi\u00f3s a los contratos con la electricidad sin contrato en Houston[:] - Pronto Power\",\"isPartOf\":{\"@id\":\"https:\\\/\\\/powermepronto.com\\\/en\\\/#website\"},\"datePublished\":\"2025-02-12T17:38:37+00:00\",\"dateModified\":\"2025-02-12T17:39:55+00:00\",\"breadcrumb\":{\"@id\":\"https:\\\/\\\/powermepronto.com\\\/say-goodbye-to-contracts-with-houston-no-contract-electricity\\\/#breadcrumb\"},\"inLanguage\":\"es\",\"potentialAction\":[{\"@type\":\"ReadAction\",\"target\":[\"https:\\\/\\\/powermepronto.com\\\/say-goodbye-to-contracts-with-houston-no-contract-electricity\\\/\"]}]},{\"@type\":\"BreadcrumbList\",\"@id\":\"https:\\\/\\\/powermepronto.com\\\/say-goodbye-to-contracts-with-houston-no-contract-electricity\\\/#breadcrumb\",\"itemListElement\":[{\"@type\":\"ListItem\",\"position\":1,\"name\":\"Home\",\"item\":\"https:\\\/\\\/powermepronto.com\\\/en\\\/\"},{\"@type\":\"ListItem\",\"position\":2,\"name\":\"Say Goodbye to Contracts with Houston No Contract Electricity\"}]},{\"@type\":\"WebSite\",\"@id\":\"https:\\\/\\\/powermepronto.com\\\/en\\\/#website\",\"url\":\"https:\\\/\\\/powermepronto.com\\\/en\\\/\",\"name\":\"Pronto Power\",\"description\":\"\",\"potentialAction\":[{\"@type\":\"SearchAction\",\"target\":{\"@type\":\"EntryPoint\",\"urlTemplate\":\"https:\\\/\\\/powermepronto.com\\\/en\\\/?s={search_term_string}\"},\"query-input\":{\"@type\":\"PropertyValueSpecification\",\"valueRequired\":true,\"valueName\":\"search_term_string\"}}],\"inLanguage\":\"es\"}]}<\/script>\n<!-- \/ Yoast SEO plugin. -->","yoast_head_json":{"title":"[:en]Say Goodbye to Contracts with Houston No Contract Electricity[:es]Dile adi\u00f3s a los contratos con la electricidad sin contrato en Houston[:] - Pronto Power","robots":{"index":"index","follow":"follow","max-snippet":"max-snippet:-1","max-image-preview":"max-image-preview:large","max-video-preview":"max-video-preview:-1"},"canonical":"https:\/\/powermepronto.com\/say-goodbye-to-contracts-with-houston-no-contract-electricity\/","og_locale":"es_ES","og_type":"article","og_title":"[:en]Say Goodbye to Contracts with Houston No Contract Electricity[:es]Dile adi\u00f3s a los contratos con la electricidad sin contrato en Houston[:] - Pronto Power","og_description":"Cuando lees todos los anuncios de otras compa\u00f1\u00edas el\u00e9ctricas, la mayor\u00eda ofrece estas tarifas fant\u00e1sticas, pero al final del anuncio, ves letras peque\u00f1as que explican c\u00f3mo las tarifas son v\u00e1lidas solo para nuevos clientes que firman un contrato. M\u00e1s palabras peque\u00f1as siguen con m\u00e1s malas noticias. Pronto Power es diferente; no tenemos letra peque\u00f1a ni &hellip; Continue reading Dile adi\u00f3s a los contratos con la electricidad sin contrato en Houston","og_url":"https:\/\/powermepronto.com\/say-goodbye-to-contracts-with-houston-no-contract-electricity\/","og_site_name":"Pronto Power","article_modified_time":"2025-02-12T17:39:55+00:00","twitter_card":"summary_large_image","twitter_misc":{"Tiempo de lectura":"5 minutos"},"schema":{"@context":"https:\/\/schema.org","@graph":[{"@type":"WebPage","@id":"https:\/\/powermepronto.com\/say-goodbye-to-contracts-with-houston-no-contract-electricity\/","url":"https:\/\/powermepronto.com\/say-goodbye-to-contracts-with-houston-no-contract-electricity\/","name":"[:en]Say Goodbye to Contracts with Houston No Contract Electricity[:es]Dile adi\u00f3s a los contratos con la electricidad sin contrato en Houston[:] - Pronto Power","isPartOf":{"@id":"https:\/\/powermepronto.com\/en\/#website"},"datePublished":"2025-02-12T17:38:37+00:00","dateModified":"2025-02-12T17:39:55+00:00","breadcrumb":{"@id":"https:\/\/powermepronto.com\/say-goodbye-to-contracts-with-houston-no-contract-electricity\/#breadcrumb"},"inLanguage":"es","potentialAction":[{"@type":"ReadAction","target":["https:\/\/powermepronto.com\/say-goodbye-to-contracts-with-houston-no-contract-electricity\/"]}]},{"@type":"BreadcrumbList","@id":"https:\/\/powermepronto.com\/say-goodbye-to-contracts-with-houston-no-contract-electricity\/#breadcrumb","itemListElement":[{"@type":"ListItem","position":1,"name":"Home","item":"https:\/\/powermepronto.com\/en\/"},{"@type":"ListItem","position":2,"name":"Say Goodbye to Contracts with Houston No Contract Electricity"}]},{"@type":"WebSite","@id":"https:\/\/powermepronto.com\/en\/#website","url":"https:\/\/powermepronto.com\/en\/","name":"Pronto Power","description":"","potentialAction":[{"@type":"SearchAction","target":{"@type":"EntryPoint","urlTemplate":"https:\/\/powermepronto.com\/en\/?s={search_term_string}"},"query-input":{"@type":"PropertyValueSpecification","valueRequired":true,"valueName":"search_term_string"}}],"inLanguage":"es"}]}},"_links":{"self":[{"href":"https:\/\/powermepronto.com\/es\/wp-json\/wp\/v2\/pages\/4166","targetHints":{"allow":["GET"]}}],"collection":[{"href":"https:\/\/powermepronto.com\/es\/wp-json\/wp\/v2\/pages"}],"about":[{"href":"https:\/\/powermepronto.com\/es\/wp-json\/wp\/v2\/types\/page"}],"author":[{"embeddable":true,"href":"https:\/\/powermepronto.com\/es\/wp-json\/wp\/v2\/users\/1"}],"replies":[{"embeddable":true,"href":"https:\/\/powermepronto.com\/es\/wp-json\/wp\/v2\/comments?post=4166"}],"version-history":[{"count":2,"href":"https:\/\/powermepronto.com\/es\/wp-json\/wp\/v2\/pages\/4166\/revisions"}],"predecessor-version":[{"id":4169,"href":"https:\/\/powermepronto.com\/es\/wp-json\/wp\/v2\/pages\/4166\/revisions\/4169"}],"wp:attachment":[{"href":"https:\/\/powermepronto.com\/es\/wp-json\/wp\/v2\/media?parent=4166"}],"curies":[{"name":"wp","href":"https:\/\/api.w.org\/{rel}","templated":true}]}}