{"id":4164,"date":"2025-02-12T11:35:47","date_gmt":"2025-02-12T17:35:47","guid":{"rendered":"https:\/\/powermepronto.com\/?page_id=4164"},"modified":"2025-02-12T11:37:18","modified_gmt":"2025-02-12T17:37:18","slug":"get-affordable-prepaid-energy-with-our-austin-electric-company","status":"publish","type":"page","link":"https:\/\/powermepronto.com\/es\/get-affordable-prepaid-energy-with-our-austin-electric-company\/","title":{"rendered":"Obtenga energ\u00eda prepaga econ\u00f3mica con nuestra Austin Electric Company"},"content":{"rendered":"<p>Mudarse es perjudicial para su bolsillo. Con los pagos iniciales, los meses de adelanto y las tarifas de servicio de su nuevo hogar, as\u00ed como todos los servicios p\u00fablicos, es dif\u00edcil encontrar suficiente dinero para las comidas. Afortunadamente, puedes activar la energ\u00eda sin tantos problemas porque cuentas con la compa\u00f1\u00eda el\u00e9ctrica de Austin que prioriza las necesidades de sus clientes: Pronto Power.<\/p>\n<h2>\u00bfQu\u00e9 tiene de diferente Pronto Power?<\/h2>\n<p>Como adulto joven sin cr\u00e9dito, estudiante universitario o alguien con ingresos fijos, a menudo es dif\u00edcil calificar para el servicio el\u00e9ctrico sin un dep\u00f3sito. Pronto Power reconoce la vinculaci\u00f3n que esto supone para muchos de sus clientes y ofrece planes de energ\u00eda prepagos, lo que significa que usted paga por adelantado su servicio y nunca tendr\u00e1 una factura el\u00e9ctrica enorme al final de su ciclo de facturaci\u00f3n.<\/p>\n<p>Comience el servicio depositando una peque\u00f1a cantidad de dinero en su cuenta. A medida que utiliza su servicio, puede ver c\u00f3mo disminuye la cantidad que agreg\u00f3 a su cuenta. Cuando el monto alcance un nivel inferior, use una pr\u00e1ctica aplicaci\u00f3n en su tel\u00e9fono para agregar m\u00e1s fondos. Esto le da la opci\u00f3n de pagar cuando est\u00e9 listo y, siempre que su cuenta supere 1 centavo, su energ\u00eda permanecer\u00e1 encendida.<\/p>\n<h2>M\u00e1s buenas noticias<\/h2>\n<p>Pronto Power tiene beneficios a\u00fan mayores para usted: nunca le solicitan su n\u00famero de seguro social para realizar una verificaci\u00f3n de cr\u00e9dito. De hecho, a ning\u00fan cliente prepago de Pronto Power se le realizar\u00e1 una verificaci\u00f3n de cr\u00e9dito y nunca pagar\u00e1 un dep\u00f3sito.<\/p>\n<p>Si est\u00e1 acostumbrado a pagar con un mes de anticipaci\u00f3n, una tarifa de servicio, una tarifa de registro o cualquier costo oculto, se sentir\u00e1 muy aliviado al saber que Pronto Power tampoco tiene ninguno de esos. Sus \u00fanicos costos iniciales son los fondos que agrega a su cuenta, y esos son los que usted debe aplicar a su consumo de energ\u00eda.<\/p>\n<h2>Verifique su energ\u00eda en l\u00ednea<\/h2>\n<p>La aplicaci\u00f3n interactiva de Pronto Power le permite controlar su uso de energ\u00eda y la cantidad de fondos restantes en su cuenta. Tienes el poder de cambiar tus h\u00e1bitos con esta aplicaci\u00f3n ya que te permite ver en tiempo real cu\u00e1nta electricidad est\u00e1s usando. Cada vez que enciende su aire acondicionado, puede ver c\u00f3mo aumentan los kilovatios-hora. Observe c\u00f3mo el medidor disminuye la velocidad mientras cambia la configuraci\u00f3n de 70\u00b0 a 72\u00b0, o apaga el aire y enciende un ventilador. Usted tiene el control y los estudios demuestran que cuando los consumidores comprenden la cantidad de energ\u00eda que utilizan, tienden a utilizar menos. \u00a1Eso le ahorra dinero en su factura!<\/p>\n<h2>A\u00fan m\u00e1s ahorros<\/h2>\n<p>Algunos meses simplemente requieren m\u00e1s energ\u00eda que otros, especialmente en los d\u00edas calurosos del verano o en pleno invierno. Cuando su presupuesto est\u00e9 ajustado, h\u00e1ganoslo saber. Podemos diferir su factura y permitir que su energ\u00eda permanezca encendida hasta su pr\u00f3ximo cheque de pago. Ll\u00e1menos al <a href=\"tel:888-234-1373\">888 234-1373<\/a> y hable con uno de nuestros destacados representantes de servicio al cliente antes de la 1:00 p. m. cuando vea que su cuenta tiene pocos fondos. Tenga la seguridad de que no le cobraremos ning\u00fan cargo por pago atrasado mientras espera su cheque de pago.<\/p>\n<p>Si bien puede consultar su cuenta en cualquier momento para conocer la disponibilidad de fondos y el uso de energ\u00eda desde su tel\u00e9fono, tambi\u00e9n le enviaremos una notificaci\u00f3n por correo electr\u00f3nico, mensaje de texto o tel\u00e9fono (o los 3) todas las ma\u00f1anas para que sepa exactamente cu\u00e1nto dinero queda en su cuenta. cuenta. Estas notificaciones est\u00e1n disponibles todos los d\u00edas, incluso los fines de semana y festivos. Si su cuenta est\u00e1 baja en un d\u00eda festivo, sepa que no la desconectaremos siempre que haya un pago en su cuenta el siguiente d\u00eda h\u00e1bil disponible.<\/p>\n<p>Comun\u00edquese con la compa\u00f1\u00eda el\u00e9ctrica de Austin, Pronto Power, llamando a uno de nuestros representantes de servicio al cliente al <a href=\"tel:888-621-2852\">888 621-2852<\/a>, \u00a1y recibir\u00e1 ahorros cada mes!<\/p>","protected":false},"excerpt":{"rendered":"<p>Mudarse es perjudicial para su bolsillo. Con los pagos iniciales, los meses de adelanto y las tarifas de servicio de su nuevo hogar, as\u00ed como todos los servicios p\u00fablicos, es dif\u00edcil encontrar suficiente dinero para las comidas. Afortunadamente, puedes activar la energ\u00eda sin tantos problemas porque cuentas con la compa\u00f1\u00eda el\u00e9ctrica de Austin que prioriza &hellip; <a href=\"https:\/\/powermepronto.com\/es\/get-affordable-prepaid-energy-with-our-austin-electric-company\/\" class=\"more-link\">Continue reading <span class=\"screen-reader-text\">Obtenga energ\u00eda prepaga econ\u00f3mica con nuestra Austin Electric Company<\/span><\/a><\/p>\n","protected":false},"author":1,"featured_media":0,"parent":0,"menu_order":0,"comment_status":"closed","ping_status":"closed","template":"","meta":{"_acf_changed":false,"_glsr_average":0,"_glsr_ranking":0,"_glsr_reviews":0,"footnotes":"","_links_to":"","_links_to_target":""},"class_list":["post-4164","page","type-page","status-publish","hentry"],"acf":[],"yoast_head":"<!-- This site is optimized with the Yoast SEO plugin v27.5 - https:\/\/yoast.com\/product\/yoast-seo-wordpress\/ -->\n<title>Obtenga energ\u00eda prepaga econ\u00f3mica con nuestra Austin Electric Company - Pronto Power<\/title>\n<meta name=\"robots\" content=\"index, follow, max-snippet:-1, max-image-preview:large, max-video-preview:-1\" \/>\n<link rel=\"canonical\" href=\"https:\/\/powermepronto.com\/get-affordable-prepaid-energy-with-our-austin-electric-company\/\" \/>\n<meta property=\"og:locale\" content=\"es_ES\" \/>\n<meta property=\"og:type\" content=\"article\" \/>\n<meta property=\"og:title\" content=\"[:en]Get Affordable Prepaid Energy with Our Austin Electric Company[:es]Obtenga energ\u00eda prepaga econ\u00f3mica con nuestra Austin Electric Company[:] - Pronto Power\" \/>\n<meta property=\"og:description\" content=\"Mudarse es perjudicial para su bolsillo. Con los pagos iniciales, los meses de adelanto y las tarifas de servicio de su nuevo hogar, as\u00ed como todos los servicios p\u00fablicos, es dif\u00edcil encontrar suficiente dinero para las comidas. Afortunadamente, puedes activar la energ\u00eda sin tantos problemas porque cuentas con la compa\u00f1\u00eda el\u00e9ctrica de Austin que prioriza &hellip; Continue reading Obtenga energ\u00eda prepaga econ\u00f3mica con nuestra Austin Electric Company\" \/>\n<meta property=\"og:url\" content=\"https:\/\/powermepronto.com\/get-affordable-prepaid-energy-with-our-austin-electric-company\/\" \/>\n<meta property=\"og:site_name\" content=\"Pronto Power\" \/>\n<meta property=\"article:modified_time\" content=\"2025-02-12T17:37:18+00:00\" \/>\n<meta name=\"twitter:card\" content=\"summary_large_image\" \/>\n<meta name=\"twitter:label1\" content=\"Tiempo de lectura\" \/>\n\t<meta name=\"twitter:data1\" content=\"6 minutos\" \/>\n<script type=\"application\/ld+json\" class=\"yoast-schema-graph\">{\"@context\":\"https:\\\/\\\/schema.org\",\"@graph\":[{\"@type\":\"WebPage\",\"@id\":\"https:\\\/\\\/powermepronto.com\\\/get-affordable-prepaid-energy-with-our-austin-electric-company\\\/\",\"url\":\"https:\\\/\\\/powermepronto.com\\\/get-affordable-prepaid-energy-with-our-austin-electric-company\\\/\",\"name\":\"[:en]Get Affordable Prepaid Energy with Our Austin Electric Company[:es]Obtenga energ\u00eda prepaga econ\u00f3mica con nuestra Austin Electric Company[:] - Pronto Power\",\"isPartOf\":{\"@id\":\"https:\\\/\\\/powermepronto.com\\\/en\\\/#website\"},\"datePublished\":\"2025-02-12T17:35:47+00:00\",\"dateModified\":\"2025-02-12T17:37:18+00:00\",\"breadcrumb\":{\"@id\":\"https:\\\/\\\/powermepronto.com\\\/get-affordable-prepaid-energy-with-our-austin-electric-company\\\/#breadcrumb\"},\"inLanguage\":\"es\",\"potentialAction\":[{\"@type\":\"ReadAction\",\"target\":[\"https:\\\/\\\/powermepronto.com\\\/get-affordable-prepaid-energy-with-our-austin-electric-company\\\/\"]}]},{\"@type\":\"BreadcrumbList\",\"@id\":\"https:\\\/\\\/powermepronto.com\\\/get-affordable-prepaid-energy-with-our-austin-electric-company\\\/#breadcrumb\",\"itemListElement\":[{\"@type\":\"ListItem\",\"position\":1,\"name\":\"Home\",\"item\":\"https:\\\/\\\/powermepronto.com\\\/en\\\/\"},{\"@type\":\"ListItem\",\"position\":2,\"name\":\"[:en]Get Affordable Prepaid Energy with Our Austin Electric Company[:es]Obtenga energ\u00eda prepaga econ\u00f3mica con nuestra Austin Electric Company[:]\"}]},{\"@type\":\"WebSite\",\"@id\":\"https:\\\/\\\/powermepronto.com\\\/en\\\/#website\",\"url\":\"https:\\\/\\\/powermepronto.com\\\/en\\\/\",\"name\":\"Pronto Power\",\"description\":\"\",\"potentialAction\":[{\"@type\":\"SearchAction\",\"target\":{\"@type\":\"EntryPoint\",\"urlTemplate\":\"https:\\\/\\\/powermepronto.com\\\/en\\\/?s={search_term_string}\"},\"query-input\":{\"@type\":\"PropertyValueSpecification\",\"valueRequired\":true,\"valueName\":\"search_term_string\"}}],\"inLanguage\":\"es\"}]}<\/script>\n<!-- \/ Yoast SEO plugin. -->","yoast_head_json":{"title":"[:en]Get Affordable Prepaid Energy with Our Austin Electric Company[:es]Obtenga energ\u00eda prepaga econ\u00f3mica con nuestra Austin Electric Company[:] - Pronto Power","robots":{"index":"index","follow":"follow","max-snippet":"max-snippet:-1","max-image-preview":"max-image-preview:large","max-video-preview":"max-video-preview:-1"},"canonical":"https:\/\/powermepronto.com\/get-affordable-prepaid-energy-with-our-austin-electric-company\/","og_locale":"es_ES","og_type":"article","og_title":"[:en]Get Affordable Prepaid Energy with Our Austin Electric Company[:es]Obtenga energ\u00eda prepaga econ\u00f3mica con nuestra Austin Electric Company[:] - Pronto Power","og_description":"Mudarse es perjudicial para su bolsillo. Con los pagos iniciales, los meses de adelanto y las tarifas de servicio de su nuevo hogar, as\u00ed como todos los servicios p\u00fablicos, es dif\u00edcil encontrar suficiente dinero para las comidas. Afortunadamente, puedes activar la energ\u00eda sin tantos problemas porque cuentas con la compa\u00f1\u00eda el\u00e9ctrica de Austin que prioriza &hellip; Continue reading Obtenga energ\u00eda prepaga econ\u00f3mica con nuestra Austin Electric Company","og_url":"https:\/\/powermepronto.com\/get-affordable-prepaid-energy-with-our-austin-electric-company\/","og_site_name":"Pronto Power","article_modified_time":"2025-02-12T17:37:18+00:00","twitter_card":"summary_large_image","twitter_misc":{"Tiempo de lectura":"6 minutos"},"schema":{"@context":"https:\/\/schema.org","@graph":[{"@type":"WebPage","@id":"https:\/\/powermepronto.com\/get-affordable-prepaid-energy-with-our-austin-electric-company\/","url":"https:\/\/powermepronto.com\/get-affordable-prepaid-energy-with-our-austin-electric-company\/","name":"[:en]Get Affordable Prepaid Energy with Our Austin Electric Company[:es]Obtenga energ\u00eda prepaga econ\u00f3mica con nuestra Austin Electric Company[:] - Pronto Power","isPartOf":{"@id":"https:\/\/powermepronto.com\/en\/#website"},"datePublished":"2025-02-12T17:35:47+00:00","dateModified":"2025-02-12T17:37:18+00:00","breadcrumb":{"@id":"https:\/\/powermepronto.com\/get-affordable-prepaid-energy-with-our-austin-electric-company\/#breadcrumb"},"inLanguage":"es","potentialAction":[{"@type":"ReadAction","target":["https:\/\/powermepronto.com\/get-affordable-prepaid-energy-with-our-austin-electric-company\/"]}]},{"@type":"BreadcrumbList","@id":"https:\/\/powermepronto.com\/get-affordable-prepaid-energy-with-our-austin-electric-company\/#breadcrumb","itemListElement":[{"@type":"ListItem","position":1,"name":"Home","item":"https:\/\/powermepronto.com\/en\/"},{"@type":"ListItem","position":2,"name":"[:en]Get Affordable Prepaid Energy with Our Austin Electric Company[:es]Obtenga energ\u00eda prepaga econ\u00f3mica con nuestra Austin Electric Company[:]"}]},{"@type":"WebSite","@id":"https:\/\/powermepronto.com\/en\/#website","url":"https:\/\/powermepronto.com\/en\/","name":"Pronto Power","description":"","potentialAction":[{"@type":"SearchAction","target":{"@type":"EntryPoint","urlTemplate":"https:\/\/powermepronto.com\/en\/?s={search_term_string}"},"query-input":{"@type":"PropertyValueSpecification","valueRequired":true,"valueName":"search_term_string"}}],"inLanguage":"es"}]}},"_links":{"self":[{"href":"https:\/\/powermepronto.com\/es\/wp-json\/wp\/v2\/pages\/4164","targetHints":{"allow":["GET"]}}],"collection":[{"href":"https:\/\/powermepronto.com\/es\/wp-json\/wp\/v2\/pages"}],"about":[{"href":"https:\/\/powermepronto.com\/es\/wp-json\/wp\/v2\/types\/page"}],"author":[{"embeddable":true,"href":"https:\/\/powermepronto.com\/es\/wp-json\/wp\/v2\/users\/1"}],"replies":[{"embeddable":true,"href":"https:\/\/powermepronto.com\/es\/wp-json\/wp\/v2\/comments?post=4164"}],"version-history":[{"count":2,"href":"https:\/\/powermepronto.com\/es\/wp-json\/wp\/v2\/pages\/4164\/revisions"}],"predecessor-version":[{"id":4167,"href":"https:\/\/powermepronto.com\/es\/wp-json\/wp\/v2\/pages\/4164\/revisions\/4167"}],"wp:attachment":[{"href":"https:\/\/powermepronto.com\/es\/wp-json\/wp\/v2\/media?parent=4164"}],"curies":[{"name":"wp","href":"https:\/\/api.w.org\/{rel}","templated":true}]}}