{"id":4144,"date":"2024-08-15T08:45:40","date_gmt":"2024-08-15T13:45:40","guid":{"rendered":"https:\/\/powermepronto.com\/?page_id=4144"},"modified":"2024-08-15T08:45:40","modified_gmt":"2024-08-15T13:45:40","slug":"affordable-cedar-hill-prepaid-electricity-options-just-a-click-away","status":"publish","type":"page","link":"https:\/\/powermepronto.com\/es\/overpaying-electricity-get-cheapest-electricity-texas\/affordable-cedar-hill-prepaid-electricity-options-just-a-click-away\/","title":{"rendered":"Opciones asequibles de electricidad prepagada de Cedar Hill a solo un clic de distancia\u00a0"},"content":{"rendered":"<p class=\"p1\"><\/span><\/p>\n<p><span style=\"font-weight: 400;\">Has o\u00eddo hablar de la electricidad prepagada de Cedar Hill a trav\u00e9s de Pronto Power, pero \u00bfes realmente tan buena? S\u00ed. De hecho, nuestras tarifas el\u00e9ctricas prepagadas son las m\u00e1s bajas no solo en Cedar Hill, sino en cualquier lugar del estado de Texas.<\/span><\/p>\n<h2><strong>Todo automatizado<\/strong><\/h2>\n<p><span style=\"font-weight: 400;\">Casi cualquier funci\u00f3n que puedas imaginar est\u00e1 disponible desde la comodidad de tu tel\u00e9fono, tableta o port\u00e1til con Pronto Power. Desde conectar el servicio hasta agregar fondos a su cuenta, usted est\u00e1 a cargo con solo hacer clic en un bot\u00f3n.<\/span><\/p>\n<h2><strong>\u00danete<\/strong><\/h2>\n<p><span style=\"font-weight: 400;\">Visite nuestro sitio web para comenzar el servicio. Unas pocas preguntas simples y una conexi\u00f3n r\u00e1pida a su tel\u00e9fono, y estar\u00e1 en camino, generalmente en menos de una hora. Ese es nuestro lema de \u00abenerg\u00eda dentro de la hora\u00bb y es v\u00e1lido para los clientes cuyos hogares est\u00e1n equipados con un medidor inteligente, que incluye el 98% de los hogares de Texas.<\/span><\/p>\n<h2><strong>A\u00f1ade fondos<\/strong><\/h2>\n<p><span style=\"font-weight: 400;\">Un mensaje de texto r\u00e1pido desde su tel\u00e9fono a Pronto Power permite transferir cualquier cantidad de dinero de su cuenta bancaria a su cuenta de Pronto Power. Una vez que los fondos est\u00e1n disponibles, generalmente dentro de media hora durante el horario comercial normal, puede realizar un seguimiento de su uso en tiempo real. Esto incluye la cantidad de fondos en su cuenta junto con la cantidad de energ\u00eda que est\u00e1 consumiendo.<\/span><\/p>\n<h2><strong>Revisa tu consumo de energ\u00eda<\/strong><\/h2>\n<p><span style=\"font-weight: 400;\">Muchos estudios han demostrado que los consumidores de energ\u00eda que son conscientes de la cantidad de energ\u00eda que utilizan tienden a utilizar menos. Esto significa facturas m\u00e1s bajas para usted y menos posibilidades de apagones o ca\u00eddas de tensi\u00f3n, ya que todos en la red el\u00e9ctrica pueden verificar su uso.<\/span><\/p>\n<p><span style=\"font-weight: 400;\">Esta capacidad tiene otras dos ventajas: puede determinar cu\u00e1nta energ\u00eda ahorra con peque\u00f1os cambios, como encender un ventilador de techo en lugar de encender el aire acondicionado, y puede diagnosticar cualquier electrodom\u00e9stico que use cantidades excesivas de energ\u00eda. Los electrodom\u00e9sticos m\u00e1s antiguos generalmente usan m\u00e1s energ\u00eda que los modelos m\u00e1s nuevos, pero a medida que los electrodom\u00e9sticos envejecen, tambi\u00e9n pueden comenzar a funcionar mal, lo que conduce a grandes picos en el uso de energ\u00eda cuando est\u00e1n encendidos.<\/span><\/p>\n<h2><strong>Recibir mensajes de texto diarios<\/strong><\/h2>\n<p><span style=\"font-weight: 400;\">Todas las ma\u00f1anas a las 7:00 recibir\u00e1s un mensaje de texto o un correo electr\u00f3nico, a tu elecci\u00f3n, para informarte del estado de tu cuenta. Puede agregar fondos en ese momento o simplemente realizar un seguimiento de su uso diario para detectar cualquier cambio que pueda alertar sobre un uso no reconocido, como un electrodom\u00e9stico que funciona mal.<\/span><\/p>\n<p><span style=\"font-weight: 400;\">Tambi\u00e9n puede usar su tel\u00e9fono para otro gran servicio: \u00a1ll\u00e1menos! Su proveedor de electricidad prepagada de Cedar Hill, Pronto Power, est\u00e1 listo para hablar con usted hoy al 888 621-2852 para ayudarlo a comenzar a ahorrar dinero en su factura de electricidad con nuestro servicio prepago.<\/span><\/p>\n<p class=\"p1\"><\/p>","protected":false},"excerpt":{"rendered":"<p>Has o\u00eddo hablar de la electricidad prepagada de Cedar Hill a trav\u00e9s de Pronto Power, pero \u00bfes realmente tan buena? S\u00ed. De hecho, nuestras tarifas el\u00e9ctricas prepagadas son las m\u00e1s bajas no solo en Cedar Hill, sino en cualquier lugar del estado de Texas. Todo automatizado Casi cualquier funci\u00f3n que puedas imaginar est\u00e1 disponible desde &hellip; <a href=\"https:\/\/powermepronto.com\/es\/overpaying-electricity-get-cheapest-electricity-texas\/affordable-cedar-hill-prepaid-electricity-options-just-a-click-away\/\" class=\"more-link\">Continue reading <span class=\"screen-reader-text\">Opciones asequibles de electricidad prepagada de Cedar Hill a solo un clic de distancia\u00a0<\/span><\/a><\/p>\n","protected":false},"author":1,"featured_media":0,"parent":415,"menu_order":0,"comment_status":"closed","ping_status":"closed","template":"","meta":{"_acf_changed":false,"_glsr_average":0,"_glsr_ranking":0,"_glsr_reviews":0,"footnotes":"","_links_to":"","_links_to_target":""},"class_list":["post-4144","page","type-page","status-publish","hentry"],"acf":[],"yoast_head":"<!-- This site is optimized with the Yoast SEO plugin v27.5 - https:\/\/yoast.com\/product\/yoast-seo-wordpress\/ -->\n<title>Opciones asequibles de electricidad prepagada de Cedar Hill a solo un clic de distancia\u00a0 - Pronto Power<\/title>\n<meta name=\"description\" content=\"Your Cedar Hill prepaid electricity provider, Pronto Power, is ready to talk to you today at 888 621-2852.\" \/>\n<meta name=\"robots\" content=\"index, follow, max-snippet:-1, max-image-preview:large, max-video-preview:-1\" \/>\n<link rel=\"canonical\" href=\"https:\/\/powermepronto.com\/overpaying-electricity-get-cheapest-electricity-texas\/affordable-cedar-hill-prepaid-electricity-options-just-a-click-away\/\" \/>\n<meta property=\"og:locale\" content=\"es_ES\" \/>\n<meta property=\"og:type\" content=\"article\" \/>\n<meta property=\"og:title\" content=\"[:en]Affordable Cedar Hill Prepaid Electricity Options Just a Click Away[:es]Opciones asequibles de electricidad prepagada de Cedar Hill a solo un clic de distancia\u00a0[:] - Pronto Power\" \/>\n<meta property=\"og:description\" content=\"Your Cedar Hill prepaid electricity provider, Pronto Power, is ready to talk to you today at 888 621-2852.\" \/>\n<meta property=\"og:url\" content=\"https:\/\/powermepronto.com\/overpaying-electricity-get-cheapest-electricity-texas\/affordable-cedar-hill-prepaid-electricity-options-just-a-click-away\/\" \/>\n<meta property=\"og:site_name\" content=\"Pronto Power\" \/>\n<meta name=\"twitter:card\" content=\"summary_large_image\" \/>\n<meta name=\"twitter:label1\" content=\"Tiempo de lectura\" \/>\n\t<meta name=\"twitter:data1\" content=\"4 minutos\" \/>\n<script type=\"application\/ld+json\" class=\"yoast-schema-graph\">{\"@context\":\"https:\\\/\\\/schema.org\",\"@graph\":[{\"@type\":\"WebPage\",\"@id\":\"https:\\\/\\\/powermepronto.com\\\/overpaying-electricity-get-cheapest-electricity-texas\\\/affordable-cedar-hill-prepaid-electricity-options-just-a-click-away\\\/\",\"url\":\"https:\\\/\\\/powermepronto.com\\\/overpaying-electricity-get-cheapest-electricity-texas\\\/affordable-cedar-hill-prepaid-electricity-options-just-a-click-away\\\/\",\"name\":\"[:en]Affordable Cedar Hill Prepaid Electricity Options Just a Click Away[:es]Opciones asequibles de electricidad prepagada de Cedar Hill a solo un clic de distancia\u00a0[:] - Pronto Power\",\"isPartOf\":{\"@id\":\"https:\\\/\\\/powermepronto.com\\\/en\\\/#website\"},\"datePublished\":\"2024-08-15T13:45:40+00:00\",\"description\":\"Your Cedar Hill prepaid electricity provider, Pronto Power, is ready to talk to you today at 888 621-2852.\",\"breadcrumb\":{\"@id\":\"https:\\\/\\\/powermepronto.com\\\/overpaying-electricity-get-cheapest-electricity-texas\\\/affordable-cedar-hill-prepaid-electricity-options-just-a-click-away\\\/#breadcrumb\"},\"inLanguage\":\"es\",\"potentialAction\":[{\"@type\":\"ReadAction\",\"target\":[\"https:\\\/\\\/powermepronto.com\\\/overpaying-electricity-get-cheapest-electricity-texas\\\/affordable-cedar-hill-prepaid-electricity-options-just-a-click-away\\\/\"]}]},{\"@type\":\"BreadcrumbList\",\"@id\":\"https:\\\/\\\/powermepronto.com\\\/overpaying-electricity-get-cheapest-electricity-texas\\\/affordable-cedar-hill-prepaid-electricity-options-just-a-click-away\\\/#breadcrumb\",\"itemListElement\":[{\"@type\":\"ListItem\",\"position\":1,\"name\":\"Home\",\"item\":\"https:\\\/\\\/powermepronto.com\\\/en\\\/\"},{\"@type\":\"ListItem\",\"position\":2,\"name\":\"Overpaying for Electricity? Get the Cheapest Electricity in Texas\",\"item\":\"https:\\\/\\\/powermepronto.com\\\/en\\\/overpaying-electricity-get-cheapest-electricity-texas\\\/\"},{\"@type\":\"ListItem\",\"position\":3,\"name\":\"Affordable Cedar Hill Prepaid Electricity Options Just a Click Away\"}]},{\"@type\":\"WebSite\",\"@id\":\"https:\\\/\\\/powermepronto.com\\\/en\\\/#website\",\"url\":\"https:\\\/\\\/powermepronto.com\\\/en\\\/\",\"name\":\"Pronto Power\",\"description\":\"\",\"potentialAction\":[{\"@type\":\"SearchAction\",\"target\":{\"@type\":\"EntryPoint\",\"urlTemplate\":\"https:\\\/\\\/powermepronto.com\\\/en\\\/?s={search_term_string}\"},\"query-input\":{\"@type\":\"PropertyValueSpecification\",\"valueRequired\":true,\"valueName\":\"search_term_string\"}}],\"inLanguage\":\"es\"}]}<\/script>\n<!-- \/ Yoast SEO plugin. -->","yoast_head_json":{"title":"[:en]Affordable Cedar Hill Prepaid Electricity Options Just a Click Away[:es]Opciones asequibles de electricidad prepagada de Cedar Hill a solo un clic de distancia\u00a0[:] - Pronto Power","description":"Your Cedar Hill prepaid electricity provider, Pronto Power, is ready to talk to you today at 888 621-2852.","robots":{"index":"index","follow":"follow","max-snippet":"max-snippet:-1","max-image-preview":"max-image-preview:large","max-video-preview":"max-video-preview:-1"},"canonical":"https:\/\/powermepronto.com\/overpaying-electricity-get-cheapest-electricity-texas\/affordable-cedar-hill-prepaid-electricity-options-just-a-click-away\/","og_locale":"es_ES","og_type":"article","og_title":"[:en]Affordable Cedar Hill Prepaid Electricity Options Just a Click Away[:es]Opciones asequibles de electricidad prepagada de Cedar Hill a solo un clic de distancia\u00a0[:] - Pronto Power","og_description":"Your Cedar Hill prepaid electricity provider, Pronto Power, is ready to talk to you today at 888 621-2852.","og_url":"https:\/\/powermepronto.com\/overpaying-electricity-get-cheapest-electricity-texas\/affordable-cedar-hill-prepaid-electricity-options-just-a-click-away\/","og_site_name":"Pronto Power","twitter_card":"summary_large_image","twitter_misc":{"Tiempo de lectura":"4 minutos"},"schema":{"@context":"https:\/\/schema.org","@graph":[{"@type":"WebPage","@id":"https:\/\/powermepronto.com\/overpaying-electricity-get-cheapest-electricity-texas\/affordable-cedar-hill-prepaid-electricity-options-just-a-click-away\/","url":"https:\/\/powermepronto.com\/overpaying-electricity-get-cheapest-electricity-texas\/affordable-cedar-hill-prepaid-electricity-options-just-a-click-away\/","name":"[:en]Affordable Cedar Hill Prepaid Electricity Options Just a Click Away[:es]Opciones asequibles de electricidad prepagada de Cedar Hill a solo un clic de distancia\u00a0[:] - Pronto Power","isPartOf":{"@id":"https:\/\/powermepronto.com\/en\/#website"},"datePublished":"2024-08-15T13:45:40+00:00","description":"Your Cedar Hill prepaid electricity provider, Pronto Power, is ready to talk to you today at 888 621-2852.","breadcrumb":{"@id":"https:\/\/powermepronto.com\/overpaying-electricity-get-cheapest-electricity-texas\/affordable-cedar-hill-prepaid-electricity-options-just-a-click-away\/#breadcrumb"},"inLanguage":"es","potentialAction":[{"@type":"ReadAction","target":["https:\/\/powermepronto.com\/overpaying-electricity-get-cheapest-electricity-texas\/affordable-cedar-hill-prepaid-electricity-options-just-a-click-away\/"]}]},{"@type":"BreadcrumbList","@id":"https:\/\/powermepronto.com\/overpaying-electricity-get-cheapest-electricity-texas\/affordable-cedar-hill-prepaid-electricity-options-just-a-click-away\/#breadcrumb","itemListElement":[{"@type":"ListItem","position":1,"name":"Home","item":"https:\/\/powermepronto.com\/en\/"},{"@type":"ListItem","position":2,"name":"Overpaying for Electricity? Get the Cheapest Electricity in Texas","item":"https:\/\/powermepronto.com\/en\/overpaying-electricity-get-cheapest-electricity-texas\/"},{"@type":"ListItem","position":3,"name":"Affordable Cedar Hill Prepaid Electricity Options Just a Click Away"}]},{"@type":"WebSite","@id":"https:\/\/powermepronto.com\/en\/#website","url":"https:\/\/powermepronto.com\/en\/","name":"Pronto Power","description":"","potentialAction":[{"@type":"SearchAction","target":{"@type":"EntryPoint","urlTemplate":"https:\/\/powermepronto.com\/en\/?s={search_term_string}"},"query-input":{"@type":"PropertyValueSpecification","valueRequired":true,"valueName":"search_term_string"}}],"inLanguage":"es"}]}},"_links":{"self":[{"href":"https:\/\/powermepronto.com\/es\/wp-json\/wp\/v2\/pages\/4144","targetHints":{"allow":["GET"]}}],"collection":[{"href":"https:\/\/powermepronto.com\/es\/wp-json\/wp\/v2\/pages"}],"about":[{"href":"https:\/\/powermepronto.com\/es\/wp-json\/wp\/v2\/types\/page"}],"author":[{"embeddable":true,"href":"https:\/\/powermepronto.com\/es\/wp-json\/wp\/v2\/users\/1"}],"replies":[{"embeddable":true,"href":"https:\/\/powermepronto.com\/es\/wp-json\/wp\/v2\/comments?post=4144"}],"version-history":[{"count":1,"href":"https:\/\/powermepronto.com\/es\/wp-json\/wp\/v2\/pages\/4144\/revisions"}],"predecessor-version":[{"id":4145,"href":"https:\/\/powermepronto.com\/es\/wp-json\/wp\/v2\/pages\/4144\/revisions\/4145"}],"up":[{"embeddable":true,"href":"https:\/\/powermepronto.com\/es\/wp-json\/wp\/v2\/pages\/415"}],"wp:attachment":[{"href":"https:\/\/powermepronto.com\/es\/wp-json\/wp\/v2\/media?parent=4144"}],"curies":[{"name":"wp","href":"https:\/\/api.w.org\/{rel}","templated":true}]}}