{"id":4142,"date":"2024-08-15T08:40:14","date_gmt":"2024-08-15T13:40:14","guid":{"rendered":"https:\/\/powermepronto.com\/?page_id=4142"},"modified":"2024-08-15T08:40:14","modified_gmt":"2024-08-15T13:40:14","slug":"enjoy-hassle-free-balch-springs-electricity-with-affordable-prepaid-plans","status":"publish","type":"page","link":"https:\/\/powermepronto.com\/es\/balch-springs-no-deposit-power-company-with-the-cheapest-rates\/enjoy-hassle-free-balch-springs-electricity-with-affordable-prepaid-plans\/","title":{"rendered":"Disfruta de la electricidad sin problemas de Balch Springs con planes prepagados asequibles"},"content":{"rendered":"<p><span style=\"font-weight: 400;\"><\/span><\/p>\n<p>&nbsp;<\/p>\n<p><span style=\"font-weight: 400;\">\u00a0<\/span><span style=\"font-weight: 400;\">Como si mudarse no fuera lo suficientemente estresante, ahora tiene que pasar por la molestia de conectar todos sus servicios p\u00fablicos a su nuevo hogar. Llamada tras llamada, cita tras cita. Parece que debe haber una forma m\u00e1s sencilla de conectarse.<\/span><\/p>\n<p><span style=\"font-weight: 400;\">Afortunadamente, inscribirse en el servicio prepago de Pronto Power es un proceso que no lo atascar\u00e1. Llame al 888 621-2852 y si su hogar en Balch Springs tiene un medidor inteligente (el 98% de los hogares de Texas ahora est\u00e1n equipados con uno), generalmente puede conectarse en una hora o menos, ese es nuestro lema \u00abPoder dentro de la hora\u00bb.<\/span><\/p>\n<h2><strong>\u00bfQu\u00e9 hace que la energ\u00eda prepagada sea excelente?<\/strong><\/h2>\n<p><span style=\"font-weight: 400;\">Los clientes sin un gran historial crediticio, los estudiantes universitarios sin cr\u00e9dito o cualquier persona sin un n\u00famero de seguro social generalmente pagan un dep\u00f3sito considerable para comenzar el servicio. El servicio prepago evita el dep\u00f3sito porque paga por adelantado por su servicio. Esto significa que nunca pedimos un n\u00famero de seguro social y no realizamos una verificaci\u00f3n de cr\u00e9dito. Esto le ahorra costos iniciales y verg\u00fcenza si no tiene cr\u00e9dito. A\u00fan mejor, Pronto Power tiene las tarifas prepagas m\u00e1s bajas no solo en Balch Springs, sino en cualquier lugar de Texas. Puede ahorrarse la molestia de comparar varias compa\u00f1\u00edas de energ\u00eda entre s\u00ed, sabiendo que siempre tendr\u00e1 las tarifas m\u00e1s bajas con Pronto Power.<\/span><\/p>\n<h2><strong>Ahora tengo servicio. \u00bfEs f\u00e1cil agregar fondos?<\/strong><\/h2>\n<p><span style=\"font-weight: 400;\">Cada ma\u00f1ana recibir\u00e1 una lectura diaria personalizada por mensaje de texto o correo electr\u00f3nico explicando cu\u00e1nta electricidad ha consumido y cu\u00e1nto dinero queda en su cuenta. Usted toma la decisi\u00f3n de agregar m\u00e1s fondos hoy o esperar unos d\u00edas m\u00e1s. Agregar fondos es tan f\u00e1cil como enviar un mensaje de texto: usando el tel\u00e9fono conectado a su cuenta, llame a su \u00faltimo mensaje de texto de Pronto Power y responda con \u00ab\u00bfPuede agregar $xx con mi tarjeta que termina en xxxx?\u00bb Un mensaje de texto de confirmaci\u00f3n aparece dentro de media hora si llama durante el horario comercial normal, o a la ma\u00f1ana siguiente si agrega fondos despu\u00e9s de las 6:00 p.m.<\/span><\/p>\n<h2><strong>\u00bfQu\u00e9 sucede si no puedo pagar cuando necesito agregar fondos?<\/strong><\/h2>\n<p><span style=\"font-weight: 400;\">A veces la vida interfiere con nuestras mejores intenciones y una reparaci\u00f3n inesperada del autom\u00f3vil o una emergencia m\u00e9dica borran nuestra cuenta corriente. Si esto sucede, llame a nuestro amable equipo de servicio al cliente antes de la 1:00 y explique sus circunstancias. Trabajaremos con usted para diferir su pago hasta su pr\u00f3ximo per\u00edodo de pago sin costo alguno para usted. Es una raz\u00f3n m\u00e1s por la que nuestros clientes siguen siendo leales a Pronto Power.<\/span><\/p>\n<h2><strong>Realizar un seguimiento de su uso<\/strong><\/h2>\n<p><span style=\"font-weight: 400;\">El medidor inteligente de su hogar se puede monitorear con su tel\u00e9fono celular. Le proporcionamos una aplicaci\u00f3n que le permite realizar un seguimiento de su uso en tiempo real para que sepa cu\u00e1nta energ\u00eda est\u00e1 utilizando a medida que se utiliza.<\/span><\/p>\n<p><span style=\"font-weight: 400;\">Los estudios han demostrado que cuando los clientes son conscientes de su uso, tienden a usar menos electricidad. Esto beneficia a todos, ya que su factura es menor cada mes, y usar menos electricidad permite que la red el\u00e9ctrica funcione de manera m\u00e1s efectiva.<\/span><\/p>\n<h2><strong>\u00bfCambian mis tarifas en unos meses?<\/strong><\/h2>\n<p><span style=\"font-weight: 400;\">Pronto Power no tiene un plan introductorio efectista que se intensifique repentinamente despu\u00e9s de un mes. Las tarifas de kilovatios-hora que ves cuando te registras continuar\u00e1n sin sorpresas.<\/span><\/p>\n<p><span style=\"font-weight: 400;\">\u00bfListo para ser cliente de Pronto Power en Balch Springs? Ll\u00e1menos hoy al 888 621-2852 para disfrutar de la facilidad de suscribirse al servicio de al menos uno de sus servicios p\u00fablicos.\u00a0\u00a0<\/span><\/p>\n<p class=\"p1\"><\/p>","protected":false},"excerpt":{"rendered":"<p>&nbsp; \u00a0Como si mudarse no fuera lo suficientemente estresante, ahora tiene que pasar por la molestia de conectar todos sus servicios p\u00fablicos a su nuevo hogar. Llamada tras llamada, cita tras cita. Parece que debe haber una forma m\u00e1s sencilla de conectarse. Afortunadamente, inscribirse en el servicio prepago de Pronto Power es un proceso que &hellip; <a href=\"https:\/\/powermepronto.com\/es\/balch-springs-no-deposit-power-company-with-the-cheapest-rates\/enjoy-hassle-free-balch-springs-electricity-with-affordable-prepaid-plans\/\" class=\"more-link\">Continue reading <span class=\"screen-reader-text\">Disfruta de la electricidad sin problemas de Balch Springs con planes prepagados asequibles<\/span><\/a><\/p>\n","protected":false},"author":1,"featured_media":0,"parent":3410,"menu_order":0,"comment_status":"closed","ping_status":"closed","template":"","meta":{"_acf_changed":false,"_glsr_average":0,"_glsr_ranking":0,"_glsr_reviews":0,"footnotes":"","_links_to":"","_links_to_target":""},"class_list":["post-4142","page","type-page","status-publish","hentry"],"acf":[],"yoast_head":"<!-- This site is optimized with the Yoast SEO plugin v27.5 - https:\/\/yoast.com\/product\/yoast-seo-wordpress\/ -->\n<title>Disfruta de la electricidad sin problemas de Balch Springs con planes prepagados asequibles - Pronto Power<\/title>\n<meta name=\"description\" content=\"Ready to be a Pronto Power customer in Balch Springs? Give us a call today at 888 621-2852 to enjoy the ease of signing up for service for at least one of your utilities. \u00a0\" \/>\n<meta name=\"robots\" content=\"index, follow, max-snippet:-1, max-image-preview:large, max-video-preview:-1\" \/>\n<link rel=\"canonical\" href=\"https:\/\/powermepronto.com\/balch-springs-no-deposit-power-company-with-the-cheapest-rates\/enjoy-hassle-free-balch-springs-electricity-with-affordable-prepaid-plans\/\" \/>\n<meta property=\"og:locale\" content=\"es_ES\" \/>\n<meta property=\"og:type\" content=\"article\" \/>\n<meta property=\"og:title\" content=\"[:en]Enjoy Hassle-Free Balch Springs Electricity with Affordable Prepaid Plans[:es]Disfruta de la electricidad sin problemas de Balch Springs con planes prepagados asequibles[:] - Pronto Power\" \/>\n<meta property=\"og:description\" content=\"Ready to be a Pronto Power customer in Balch Springs? Give us a call today at 888 621-2852 to enjoy the ease of signing up for service for at least one of your utilities. \u00a0\" \/>\n<meta property=\"og:url\" content=\"https:\/\/powermepronto.com\/balch-springs-no-deposit-power-company-with-the-cheapest-rates\/enjoy-hassle-free-balch-springs-electricity-with-affordable-prepaid-plans\/\" \/>\n<meta property=\"og:site_name\" content=\"Pronto Power\" \/>\n<meta name=\"twitter:card\" content=\"summary_large_image\" \/>\n<meta name=\"twitter:label1\" content=\"Tiempo de lectura\" \/>\n\t<meta name=\"twitter:data1\" content=\"6 minutos\" \/>\n<script type=\"application\/ld+json\" class=\"yoast-schema-graph\">{\"@context\":\"https:\\\/\\\/schema.org\",\"@graph\":[{\"@type\":\"WebPage\",\"@id\":\"https:\\\/\\\/powermepronto.com\\\/balch-springs-no-deposit-power-company-with-the-cheapest-rates\\\/enjoy-hassle-free-balch-springs-electricity-with-affordable-prepaid-plans\\\/\",\"url\":\"https:\\\/\\\/powermepronto.com\\\/balch-springs-no-deposit-power-company-with-the-cheapest-rates\\\/enjoy-hassle-free-balch-springs-electricity-with-affordable-prepaid-plans\\\/\",\"name\":\"[:en]Enjoy Hassle-Free Balch Springs Electricity with Affordable Prepaid Plans[:es]Disfruta de la electricidad sin problemas de Balch Springs con planes prepagados asequibles[:] - Pronto Power\",\"isPartOf\":{\"@id\":\"https:\\\/\\\/powermepronto.com\\\/en\\\/#website\"},\"datePublished\":\"2024-08-15T13:40:14+00:00\",\"description\":\"Ready to be a Pronto Power customer in Balch Springs? Give us a call today at 888 621-2852 to enjoy the ease of signing up for service for at least one of your utilities. \u00a0\",\"breadcrumb\":{\"@id\":\"https:\\\/\\\/powermepronto.com\\\/balch-springs-no-deposit-power-company-with-the-cheapest-rates\\\/enjoy-hassle-free-balch-springs-electricity-with-affordable-prepaid-plans\\\/#breadcrumb\"},\"inLanguage\":\"es\",\"potentialAction\":[{\"@type\":\"ReadAction\",\"target\":[\"https:\\\/\\\/powermepronto.com\\\/balch-springs-no-deposit-power-company-with-the-cheapest-rates\\\/enjoy-hassle-free-balch-springs-electricity-with-affordable-prepaid-plans\\\/\"]}]},{\"@type\":\"BreadcrumbList\",\"@id\":\"https:\\\/\\\/powermepronto.com\\\/balch-springs-no-deposit-power-company-with-the-cheapest-rates\\\/enjoy-hassle-free-balch-springs-electricity-with-affordable-prepaid-plans\\\/#breadcrumb\",\"itemListElement\":[{\"@type\":\"ListItem\",\"position\":1,\"name\":\"Home\",\"item\":\"https:\\\/\\\/powermepronto.com\\\/en\\\/\"},{\"@type\":\"ListItem\",\"position\":2,\"name\":\"Balch Springs No Deposit Power Company with the Cheapest Rates\",\"item\":\"https:\\\/\\\/powermepronto.com\\\/balch-springs-no-deposit-power-company-with-the-cheapest-rates\\\/\"},{\"@type\":\"ListItem\",\"position\":3,\"name\":\"Enjoy Hassle-Free Balch Springs Electricity with Affordable Prepaid Plans\"}]},{\"@type\":\"WebSite\",\"@id\":\"https:\\\/\\\/powermepronto.com\\\/en\\\/#website\",\"url\":\"https:\\\/\\\/powermepronto.com\\\/en\\\/\",\"name\":\"Pronto Power\",\"description\":\"\",\"potentialAction\":[{\"@type\":\"SearchAction\",\"target\":{\"@type\":\"EntryPoint\",\"urlTemplate\":\"https:\\\/\\\/powermepronto.com\\\/en\\\/?s={search_term_string}\"},\"query-input\":{\"@type\":\"PropertyValueSpecification\",\"valueRequired\":true,\"valueName\":\"search_term_string\"}}],\"inLanguage\":\"es\"}]}<\/script>\n<!-- \/ Yoast SEO plugin. -->","yoast_head_json":{"title":"[:en]Enjoy Hassle-Free Balch Springs Electricity with Affordable Prepaid Plans[:es]Disfruta de la electricidad sin problemas de Balch Springs con planes prepagados asequibles[:] - Pronto Power","description":"Ready to be a Pronto Power customer in Balch Springs? Give us a call today at 888 621-2852 to enjoy the ease of signing up for service for at least one of your utilities. \u00a0","robots":{"index":"index","follow":"follow","max-snippet":"max-snippet:-1","max-image-preview":"max-image-preview:large","max-video-preview":"max-video-preview:-1"},"canonical":"https:\/\/powermepronto.com\/balch-springs-no-deposit-power-company-with-the-cheapest-rates\/enjoy-hassle-free-balch-springs-electricity-with-affordable-prepaid-plans\/","og_locale":"es_ES","og_type":"article","og_title":"[:en]Enjoy Hassle-Free Balch Springs Electricity with Affordable Prepaid Plans[:es]Disfruta de la electricidad sin problemas de Balch Springs con planes prepagados asequibles[:] - Pronto Power","og_description":"Ready to be a Pronto Power customer in Balch Springs? Give us a call today at 888 621-2852 to enjoy the ease of signing up for service for at least one of your utilities. \u00a0","og_url":"https:\/\/powermepronto.com\/balch-springs-no-deposit-power-company-with-the-cheapest-rates\/enjoy-hassle-free-balch-springs-electricity-with-affordable-prepaid-plans\/","og_site_name":"Pronto Power","twitter_card":"summary_large_image","twitter_misc":{"Tiempo de lectura":"6 minutos"},"schema":{"@context":"https:\/\/schema.org","@graph":[{"@type":"WebPage","@id":"https:\/\/powermepronto.com\/balch-springs-no-deposit-power-company-with-the-cheapest-rates\/enjoy-hassle-free-balch-springs-electricity-with-affordable-prepaid-plans\/","url":"https:\/\/powermepronto.com\/balch-springs-no-deposit-power-company-with-the-cheapest-rates\/enjoy-hassle-free-balch-springs-electricity-with-affordable-prepaid-plans\/","name":"[:en]Enjoy Hassle-Free Balch Springs Electricity with Affordable Prepaid Plans[:es]Disfruta de la electricidad sin problemas de Balch Springs con planes prepagados asequibles[:] - Pronto Power","isPartOf":{"@id":"https:\/\/powermepronto.com\/en\/#website"},"datePublished":"2024-08-15T13:40:14+00:00","description":"Ready to be a Pronto Power customer in Balch Springs? Give us a call today at 888 621-2852 to enjoy the ease of signing up for service for at least one of your utilities. \u00a0","breadcrumb":{"@id":"https:\/\/powermepronto.com\/balch-springs-no-deposit-power-company-with-the-cheapest-rates\/enjoy-hassle-free-balch-springs-electricity-with-affordable-prepaid-plans\/#breadcrumb"},"inLanguage":"es","potentialAction":[{"@type":"ReadAction","target":["https:\/\/powermepronto.com\/balch-springs-no-deposit-power-company-with-the-cheapest-rates\/enjoy-hassle-free-balch-springs-electricity-with-affordable-prepaid-plans\/"]}]},{"@type":"BreadcrumbList","@id":"https:\/\/powermepronto.com\/balch-springs-no-deposit-power-company-with-the-cheapest-rates\/enjoy-hassle-free-balch-springs-electricity-with-affordable-prepaid-plans\/#breadcrumb","itemListElement":[{"@type":"ListItem","position":1,"name":"Home","item":"https:\/\/powermepronto.com\/en\/"},{"@type":"ListItem","position":2,"name":"Balch Springs No Deposit Power Company with the Cheapest Rates","item":"https:\/\/powermepronto.com\/balch-springs-no-deposit-power-company-with-the-cheapest-rates\/"},{"@type":"ListItem","position":3,"name":"Enjoy Hassle-Free Balch Springs Electricity with Affordable Prepaid Plans"}]},{"@type":"WebSite","@id":"https:\/\/powermepronto.com\/en\/#website","url":"https:\/\/powermepronto.com\/en\/","name":"Pronto Power","description":"","potentialAction":[{"@type":"SearchAction","target":{"@type":"EntryPoint","urlTemplate":"https:\/\/powermepronto.com\/en\/?s={search_term_string}"},"query-input":{"@type":"PropertyValueSpecification","valueRequired":true,"valueName":"search_term_string"}}],"inLanguage":"es"}]}},"_links":{"self":[{"href":"https:\/\/powermepronto.com\/es\/wp-json\/wp\/v2\/pages\/4142","targetHints":{"allow":["GET"]}}],"collection":[{"href":"https:\/\/powermepronto.com\/es\/wp-json\/wp\/v2\/pages"}],"about":[{"href":"https:\/\/powermepronto.com\/es\/wp-json\/wp\/v2\/types\/page"}],"author":[{"embeddable":true,"href":"https:\/\/powermepronto.com\/es\/wp-json\/wp\/v2\/users\/1"}],"replies":[{"embeddable":true,"href":"https:\/\/powermepronto.com\/es\/wp-json\/wp\/v2\/comments?post=4142"}],"version-history":[{"count":1,"href":"https:\/\/powermepronto.com\/es\/wp-json\/wp\/v2\/pages\/4142\/revisions"}],"predecessor-version":[{"id":4143,"href":"https:\/\/powermepronto.com\/es\/wp-json\/wp\/v2\/pages\/4142\/revisions\/4143"}],"up":[{"embeddable":true,"href":"https:\/\/powermepronto.com\/es\/wp-json\/wp\/v2\/pages\/3410"}],"wp:attachment":[{"href":"https:\/\/powermepronto.com\/es\/wp-json\/wp\/v2\/media?parent=4142"}],"curies":[{"name":"wp","href":"https:\/\/api.w.org\/{rel}","templated":true}]}}