{"id":4140,"date":"2024-08-15T08:33:52","date_gmt":"2024-08-15T13:33:52","guid":{"rendered":"https:\/\/powermepronto.com\/?page_id=4140"},"modified":"2024-08-15T08:33:52","modified_gmt":"2024-08-15T13:33:52","slug":"find-the-best-deals-on-addison-prepaid-electricity","status":"publish","type":"page","link":"https:\/\/powermepronto.com\/es\/addison-prepaid-electric-cheaper-than-all-other-texas-electric-companies\/find-the-best-deals-on-addison-prepaid-electricity\/","title":{"rendered":"Encuentre las mejores ofertas en electricidad prepagada de Addison"},"content":{"rendered":"<p><span style=\"font-weight: 400;\"><\/span><\/p>\n<p>&nbsp;<\/p>\n<p><span style=\"font-weight: 400;\">La electricidad en Addison no tiene por qu\u00e9 ser cara. De hecho, comparar Pronto Power con cualquier otra compa\u00f1\u00eda el\u00e9ctrica demostrar\u00e1 lo barata que puede ser la electricidad prepagada de Addison. Adelante. Haz la comparaci\u00f3n. Cuando lo hagas, ten en cuenta que otros proveedores de electricidad pueden ofrecer ofertas especiales cuando te inscribas inicialmente en el servicio, o cobrar un dep\u00f3sito antes de que comience el servicio. Aseg\u00farese de leer la letra peque\u00f1a y comparar los precios est\u00e1ndar antes de comenzar el servicio. Encontrar\u00e1 que Pronto Power tiene tarifas superiores en todos los \u00e1mbitos.<\/span><\/p>\n<h2><strong>Las ventajas del servicio de prepago<\/strong><\/h2>\n<p><span style=\"font-weight: 400;\">El servicio de prepago es exactamente lo que parece: pagas por tu servicio por adelantado y luego agregas fondos a tu cuenta cuando se agota. Al pagar sobre la marcha, eres consciente de cu\u00e1nto est\u00e1s gastando y nunca te encuentras con una factura astron\u00f3mica a final de mes.<\/span><span style=\"font-weight: 400;\">\u00a0<\/span><\/p>\n<p><span style=\"font-weight: 400;\">Incluso mejor que las actualizaciones diarias a las 7:00 a.m., puede verificar su uso de energ\u00eda y la cantidad de fondos en su cuenta en tiempo real con nuestra aplicaci\u00f3n interactiva. \u00daselo para ver su medidor inteligente a medida que avanza, verifique la cantidad que le queda en su cuenta y agregue fondos en cualquier momento. Mientras su cuenta tenga un saldo positivo, su energ\u00eda permanece encendida.<\/span><\/p>\n<h2><strong>\u00bfNo tienes cr\u00e9dito? \u00a1No hay problema!<\/strong><\/h2>\n<p><span style=\"font-weight: 400;\">Otro aspecto positivo del servicio de prepago es que no hay verificaci\u00f3n de cr\u00e9dito. Debido a que paga por adelantado por su servicio, no es necesario que determinemos si es necesario un dep\u00f3sito. Un dep\u00f3sito es dinero disponible en caso de que su factura est\u00e9 atrasada. Con el servicio prepagado de Pronto Power, tu factura nunca est\u00e1 atrasada porque pagas por adelantado. Esto significa que nunca pedimos un n\u00famero de seguro social ni verificamos el cr\u00e9dito de nuestros clientes de prepago. Agregas fondos a tu cuenta cuando te inscribes en el servicio y agregas un poco todos los d\u00edas, o m\u00e1s dos veces al mes cuando te pagan, o en el horario que elijas.<\/span><span style=\"font-weight: 400;\">\u00a0<\/span><\/p>\n<h2><strong>\u00bfQu\u00e9 tan bueno es Pronto Power?<\/strong><\/h2>\n<p><span style=\"font-weight: 400;\">\u00bfQu\u00e9 sucede en las raras ocasiones en que sus facturas exceden su salario? En Pronto Power, lo respaldamos. Si te das cuenta de que no puedes agregar fondos a tu cuenta cuando la cantidad baja, ll\u00e1manos antes de la 1:00 y habla con nuestro equipo de servicio al cliente. Podemos diferir su monto hasta su pr\u00f3ximo cheque de pago para ayudarlo a recuperarse. A\u00fan mejor, no le cobraremos un cargo por pago atrasado mientras espera su cheque de pago. Tambi\u00e9n tenga en cuenta que si su cuenta est\u00e1 baja en un d\u00eda festivo, no la desconectaremos siempre que se publique un pago el siguiente d\u00eda h\u00e1bil disponible.<\/span><\/p>\n<p><span style=\"font-weight: 400;\">\u00bfQuieres m\u00e1s razones para inscribirte en el l\u00edder en electricidad prepaga de Addison, Pronto Power? Llame al 888 621-2852 hoy para comenzar a ahorrar dinero en su factura de electricidad en su servicio prepago.<\/span><\/p>\n<p class=\"p1\"><\/p>","protected":false},"excerpt":{"rendered":"<p>&nbsp; La electricidad en Addison no tiene por qu\u00e9 ser cara. De hecho, comparar Pronto Power con cualquier otra compa\u00f1\u00eda el\u00e9ctrica demostrar\u00e1 lo barata que puede ser la electricidad prepagada de Addison. Adelante. Haz la comparaci\u00f3n. Cuando lo hagas, ten en cuenta que otros proveedores de electricidad pueden ofrecer ofertas especiales cuando te inscribas inicialmente &hellip; <a href=\"https:\/\/powermepronto.com\/es\/addison-prepaid-electric-cheaper-than-all-other-texas-electric-companies\/find-the-best-deals-on-addison-prepaid-electricity\/\" class=\"more-link\">Continue reading <span class=\"screen-reader-text\">Encuentre las mejores ofertas en electricidad prepagada de Addison<\/span><\/a><\/p>\n","protected":false},"author":1,"featured_media":0,"parent":3062,"menu_order":0,"comment_status":"closed","ping_status":"closed","template":"","meta":{"_acf_changed":false,"_glsr_average":0,"_glsr_ranking":0,"_glsr_reviews":0,"footnotes":"","_links_to":"","_links_to_target":""},"class_list":["post-4140","page","type-page","status-publish","hentry"],"acf":[],"yoast_head":"<!-- This site is optimized with the Yoast SEO plugin v27.6 - https:\/\/yoast.com\/product\/yoast-seo-wordpress\/ -->\n<title>Encuentre las mejores ofertas en electricidad prepagada de Addison - Pronto Power<\/title>\n<meta name=\"description\" content=\"Sign up for the Addison prepaid electricity leader, Pronto Power. Call 888 621-2852 today to begin saving money on your electric bill on your prepaid service.\" \/>\n<meta name=\"robots\" content=\"index, follow, max-snippet:-1, max-image-preview:large, max-video-preview:-1\" \/>\n<link rel=\"canonical\" href=\"https:\/\/powermepronto.com\/addison-prepaid-electric-cheaper-than-all-other-texas-electric-companies\/find-the-best-deals-on-addison-prepaid-electricity\/\" \/>\n<meta property=\"og:locale\" content=\"es_ES\" \/>\n<meta property=\"og:type\" content=\"article\" \/>\n<meta property=\"og:title\" content=\"[:en]Find the Best Deals on Addison Prepaid Electricity[:es]Encuentre las mejores ofertas en electricidad prepagada de Addison[:] - Pronto Power\" \/>\n<meta property=\"og:description\" content=\"Sign up for the Addison prepaid electricity leader, Pronto Power. Call 888 621-2852 today to begin saving money on your electric bill on your prepaid service.\" \/>\n<meta property=\"og:url\" content=\"https:\/\/powermepronto.com\/addison-prepaid-electric-cheaper-than-all-other-texas-electric-companies\/find-the-best-deals-on-addison-prepaid-electricity\/\" \/>\n<meta property=\"og:site_name\" content=\"Pronto Power\" \/>\n<meta name=\"twitter:card\" content=\"summary_large_image\" \/>\n<meta name=\"twitter:label1\" content=\"Tiempo de lectura\" \/>\n\t<meta name=\"twitter:data1\" content=\"5 minutos\" \/>\n<script type=\"application\/ld+json\" class=\"yoast-schema-graph\">{\"@context\":\"https:\\\/\\\/schema.org\",\"@graph\":[{\"@type\":\"WebPage\",\"@id\":\"https:\\\/\\\/powermepronto.com\\\/addison-prepaid-electric-cheaper-than-all-other-texas-electric-companies\\\/find-the-best-deals-on-addison-prepaid-electricity\\\/\",\"url\":\"https:\\\/\\\/powermepronto.com\\\/addison-prepaid-electric-cheaper-than-all-other-texas-electric-companies\\\/find-the-best-deals-on-addison-prepaid-electricity\\\/\",\"name\":\"[:en]Find the Best Deals on Addison Prepaid Electricity[:es]Encuentre las mejores ofertas en electricidad prepagada de Addison[:] - Pronto Power\",\"isPartOf\":{\"@id\":\"https:\\\/\\\/powermepronto.com\\\/en\\\/#website\"},\"datePublished\":\"2024-08-15T13:33:52+00:00\",\"description\":\"Sign up for the Addison prepaid electricity leader, Pronto Power. Call 888 621-2852 today to begin saving money on your electric bill on your prepaid service.\",\"breadcrumb\":{\"@id\":\"https:\\\/\\\/powermepronto.com\\\/addison-prepaid-electric-cheaper-than-all-other-texas-electric-companies\\\/find-the-best-deals-on-addison-prepaid-electricity\\\/#breadcrumb\"},\"inLanguage\":\"es\",\"potentialAction\":[{\"@type\":\"ReadAction\",\"target\":[\"https:\\\/\\\/powermepronto.com\\\/addison-prepaid-electric-cheaper-than-all-other-texas-electric-companies\\\/find-the-best-deals-on-addison-prepaid-electricity\\\/\"]}]},{\"@type\":\"BreadcrumbList\",\"@id\":\"https:\\\/\\\/powermepronto.com\\\/addison-prepaid-electric-cheaper-than-all-other-texas-electric-companies\\\/find-the-best-deals-on-addison-prepaid-electricity\\\/#breadcrumb\",\"itemListElement\":[{\"@type\":\"ListItem\",\"position\":1,\"name\":\"Home\",\"item\":\"https:\\\/\\\/powermepronto.com\\\/en\\\/\"},{\"@type\":\"ListItem\",\"position\":2,\"name\":\"Addison Prepaid Electric Cheaper Than All Other Texas Electric Companies\",\"item\":\"https:\\\/\\\/powermepronto.com\\\/addison-prepaid-electric-cheaper-than-all-other-texas-electric-companies\\\/\"},{\"@type\":\"ListItem\",\"position\":3,\"name\":\"Find the Best Deals on Addison Prepaid Electricity\"}]},{\"@type\":\"WebSite\",\"@id\":\"https:\\\/\\\/powermepronto.com\\\/en\\\/#website\",\"url\":\"https:\\\/\\\/powermepronto.com\\\/en\\\/\",\"name\":\"Pronto Power\",\"description\":\"\",\"potentialAction\":[{\"@type\":\"SearchAction\",\"target\":{\"@type\":\"EntryPoint\",\"urlTemplate\":\"https:\\\/\\\/powermepronto.com\\\/en\\\/?s={search_term_string}\"},\"query-input\":{\"@type\":\"PropertyValueSpecification\",\"valueRequired\":true,\"valueName\":\"search_term_string\"}}],\"inLanguage\":\"es\"}]}<\/script>\n<!-- \/ Yoast SEO plugin. -->","yoast_head_json":{"title":"[:en]Find the Best Deals on Addison Prepaid Electricity[:es]Encuentre las mejores ofertas en electricidad prepagada de Addison[:] - Pronto Power","description":"Sign up for the Addison prepaid electricity leader, Pronto Power. Call 888 621-2852 today to begin saving money on your electric bill on your prepaid service.","robots":{"index":"index","follow":"follow","max-snippet":"max-snippet:-1","max-image-preview":"max-image-preview:large","max-video-preview":"max-video-preview:-1"},"canonical":"https:\/\/powermepronto.com\/addison-prepaid-electric-cheaper-than-all-other-texas-electric-companies\/find-the-best-deals-on-addison-prepaid-electricity\/","og_locale":"es_ES","og_type":"article","og_title":"[:en]Find the Best Deals on Addison Prepaid Electricity[:es]Encuentre las mejores ofertas en electricidad prepagada de Addison[:] - Pronto Power","og_description":"Sign up for the Addison prepaid electricity leader, Pronto Power. Call 888 621-2852 today to begin saving money on your electric bill on your prepaid service.","og_url":"https:\/\/powermepronto.com\/addison-prepaid-electric-cheaper-than-all-other-texas-electric-companies\/find-the-best-deals-on-addison-prepaid-electricity\/","og_site_name":"Pronto Power","twitter_card":"summary_large_image","twitter_misc":{"Tiempo de lectura":"5 minutos"},"schema":{"@context":"https:\/\/schema.org","@graph":[{"@type":"WebPage","@id":"https:\/\/powermepronto.com\/addison-prepaid-electric-cheaper-than-all-other-texas-electric-companies\/find-the-best-deals-on-addison-prepaid-electricity\/","url":"https:\/\/powermepronto.com\/addison-prepaid-electric-cheaper-than-all-other-texas-electric-companies\/find-the-best-deals-on-addison-prepaid-electricity\/","name":"[:en]Find the Best Deals on Addison Prepaid Electricity[:es]Encuentre las mejores ofertas en electricidad prepagada de Addison[:] - Pronto Power","isPartOf":{"@id":"https:\/\/powermepronto.com\/en\/#website"},"datePublished":"2024-08-15T13:33:52+00:00","description":"Sign up for the Addison prepaid electricity leader, Pronto Power. Call 888 621-2852 today to begin saving money on your electric bill on your prepaid service.","breadcrumb":{"@id":"https:\/\/powermepronto.com\/addison-prepaid-electric-cheaper-than-all-other-texas-electric-companies\/find-the-best-deals-on-addison-prepaid-electricity\/#breadcrumb"},"inLanguage":"es","potentialAction":[{"@type":"ReadAction","target":["https:\/\/powermepronto.com\/addison-prepaid-electric-cheaper-than-all-other-texas-electric-companies\/find-the-best-deals-on-addison-prepaid-electricity\/"]}]},{"@type":"BreadcrumbList","@id":"https:\/\/powermepronto.com\/addison-prepaid-electric-cheaper-than-all-other-texas-electric-companies\/find-the-best-deals-on-addison-prepaid-electricity\/#breadcrumb","itemListElement":[{"@type":"ListItem","position":1,"name":"Home","item":"https:\/\/powermepronto.com\/en\/"},{"@type":"ListItem","position":2,"name":"Addison Prepaid Electric Cheaper Than All Other Texas Electric Companies","item":"https:\/\/powermepronto.com\/addison-prepaid-electric-cheaper-than-all-other-texas-electric-companies\/"},{"@type":"ListItem","position":3,"name":"Find the Best Deals on Addison Prepaid Electricity"}]},{"@type":"WebSite","@id":"https:\/\/powermepronto.com\/en\/#website","url":"https:\/\/powermepronto.com\/en\/","name":"Pronto Power","description":"","potentialAction":[{"@type":"SearchAction","target":{"@type":"EntryPoint","urlTemplate":"https:\/\/powermepronto.com\/en\/?s={search_term_string}"},"query-input":{"@type":"PropertyValueSpecification","valueRequired":true,"valueName":"search_term_string"}}],"inLanguage":"es"}]}},"_links":{"self":[{"href":"https:\/\/powermepronto.com\/es\/wp-json\/wp\/v2\/pages\/4140","targetHints":{"allow":["GET"]}}],"collection":[{"href":"https:\/\/powermepronto.com\/es\/wp-json\/wp\/v2\/pages"}],"about":[{"href":"https:\/\/powermepronto.com\/es\/wp-json\/wp\/v2\/types\/page"}],"author":[{"embeddable":true,"href":"https:\/\/powermepronto.com\/es\/wp-json\/wp\/v2\/users\/1"}],"replies":[{"embeddable":true,"href":"https:\/\/powermepronto.com\/es\/wp-json\/wp\/v2\/comments?post=4140"}],"version-history":[{"count":1,"href":"https:\/\/powermepronto.com\/es\/wp-json\/wp\/v2\/pages\/4140\/revisions"}],"predecessor-version":[{"id":4141,"href":"https:\/\/powermepronto.com\/es\/wp-json\/wp\/v2\/pages\/4140\/revisions\/4141"}],"up":[{"embeddable":true,"href":"https:\/\/powermepronto.com\/es\/wp-json\/wp\/v2\/pages\/3062"}],"wp:attachment":[{"href":"https:\/\/powermepronto.com\/es\/wp-json\/wp\/v2\/media?parent=4140"}],"curies":[{"name":"wp","href":"https:\/\/api.w.org\/{rel}","templated":true}]}}