{"id":4138,"date":"2024-08-15T08:30:49","date_gmt":"2024-08-15T13:30:49","guid":{"rendered":"https:\/\/powermepronto.com\/?page_id=4138"},"modified":"2024-08-15T08:30:49","modified_gmt":"2024-08-15T13:30:49","slug":"no-commitments-just-savings-cockrell-hill-no-contract-electricity-plans","status":"publish","type":"page","link":"https:\/\/powermepronto.com\/es\/no-one-offers-prepaid-electricity-this-cheap-in-texas\/no-commitments-just-savings-cockrell-hill-no-contract-electricity-plans\/","title":{"rendered":"Sin compromisos, solo ahorros: Cockrell Hill Planes de electricidad sin contrato"},"content":{"rendered":"<p><span style=\"font-weight: 400;\"><\/span><span style=\"font-weight: 400;\">\u00a0<\/span><\/p>\n<p><span style=\"font-weight: 400;\">Al escuchar un anuncio de radio, escuchas las afirmaciones de una compa\u00f1\u00eda el\u00e9ctrica de Cockrell Hill y te preguntas si hay una trampa ya que las tarifas parecen tan bajas. Lo m\u00e1s probable es que tengas raz\u00f3n. La mayor\u00eda de las compa\u00f1\u00edas el\u00e9ctricas tienen p\u00e1ginas de letra peque\u00f1a que corresponden a sus planes de precios. Si tan solo pudieras encontrar un proveedor de electricidad sin contrato en Cockrell Hill que respaldara sus afirmaciones con verdades simples en lugar de imaginaciones infladas. \u00a1No busques m\u00e1s all\u00e1 de Pronto Power!<\/span><\/p>\n<h2><strong>Sin contrato de electricidad<\/strong><\/h2>\n<p><span style=\"font-weight: 400;\">Las incre\u00edbles tarifas que a los competidores de Pronto Power les gusta anunciar tienen condiciones, y una de ellas suele ser un contrato que los clientes se ven obligados a firmar. Este contrato puede estipular un per\u00edodo de tiempo, a menudo de un a\u00f1o o m\u00e1s, en el que el cliente debe permanecer al d\u00eda para garantizar estas tarifas. En el lado opuesto de la moneda, sin embargo, est\u00e1 el truco: el contrato puede vincular al cliente con el proveedor de electricidad, pero no significa que las tarifas tengan que permanecer al mismo nivel. De hecho, es posible que las tarifas extremadamente bajas solo sean por un mes de servicio. Despu\u00e9s del mes inicial, es posible que la cantidad de kilovatios-hora se dispare. Ahora tiene tarifas mucho m\u00e1s altas sin dejar de estar atado a un contrato. Te molesta la empresa, pero no puedes irte sin una gran tarifa de cancelaci\u00f3n.<\/span><span style=\"font-weight: 400;\">\u00a0<\/span><\/p>\n<p><span style=\"font-weight: 400;\">Pronto Power no tiene contrato para nuestros clientes de prepago, aunque deseamos sinceramente que permanezca en la familia Pronto Power. Con ese fin, ofrecemos un excelente servicio al cliente; En cualquier momento que necesite ayuda, estamos a solo una llamada de distancia.<\/span><\/p>\n<h2><b>No se requiere dep\u00f3sito<\/b><span style=\"font-weight: 400;\">\u00a0<\/span><\/h2>\n<p><span style=\"font-weight: 400;\">Adem\u00e1s de no tener contrato, Pronto Power nunca cobra un dep\u00f3sito, una tarifa de registro o cualquier otro cargo por adelantado a nuestros nuevos clientes. \u00bfPor qu\u00e9 otras empresas cobran dep\u00f3sitos y c\u00f3mo no puede hacerlo Pronto Power? Es f\u00e1cil con el servicio prepago.<\/span><\/p>\n<p><span style=\"font-weight: 400;\">Probablemente est\u00e9s muy familiarizado con la facturaci\u00f3n mensual, en la que tu factura llega en un d\u00eda espec\u00edfico de cada mes y pagas por los servicios prestados. Este m\u00e9todo podr\u00eda dejarlo en un aprieto cuando los costos de electricidad se disparan durante una ola de calor o fr\u00edo.<\/span><\/p>\n<p><span style=\"font-weight: 400;\">El servicio de prepago es diferente: usted deposita dinero en su cuenta a su discreci\u00f3n y controla ese dinero a medida que se utiliza para suministrarle energ\u00eda de alta calidad. Usted tiene el poder de pagar cuando est\u00e9 listo, y siempre que su cuenta est\u00e9 por encima de 1\u00a2, su servicio permanece activo. Este m\u00e9todo significa que puede agregar dinero todos los d\u00edas, una vez a la semana, todos los d\u00edas de pago o una vez al mes. Elijas lo que elijas, tu energ\u00eda permanece encendida siempre que el saldo est\u00e9 por encima de un centavo.<\/span><\/p>\n<h2><strong>\u00bfQu\u00e9 sucede si no puedo pagar cuando mi cuenta est\u00e1 baja?<\/strong><\/h2>\n<p><span style=\"font-weight: 400;\">\u00a0<\/span><span style=\"font-weight: 400;\">El dinero es escaso, especialmente entre los cheques de pago y lo entendemos. Si descubre que no puede pagar su factura a tiempo, h\u00e1ganoslo saber lo m\u00e1s r\u00e1pido posible llamando o enviando un mensaje de texto antes de la 1:00 del d\u00eda en que su cuenta necesita recargarse. Podemos trabajar con usted y diferir su factura hasta su pr\u00f3ximo cheque de pago sin cargo adicional. Nuestro equipo de atenci\u00f3n al cliente est\u00e1 dispuesto a ayudarte cuando m\u00e1s lo necesites.<\/span><\/p>\n<p><span style=\"font-weight: 400;\">Aprenda c\u00f3mo puede inscribirse en el servicio superior de Pronto Power llamando al 888 621-2852 hoy y comience a ahorrar dinero en su electricidad sin contrato en Cockrell Hill.<\/span><\/p>\n<p class=\"p1\"><\/p>","protected":false},"excerpt":{"rendered":"<p>\u00a0 Al escuchar un anuncio de radio, escuchas las afirmaciones de una compa\u00f1\u00eda el\u00e9ctrica de Cockrell Hill y te preguntas si hay una trampa ya que las tarifas parecen tan bajas. Lo m\u00e1s probable es que tengas raz\u00f3n. La mayor\u00eda de las compa\u00f1\u00edas el\u00e9ctricas tienen p\u00e1ginas de letra peque\u00f1a que corresponden a sus planes de &hellip; <a href=\"https:\/\/powermepronto.com\/es\/no-one-offers-prepaid-electricity-this-cheap-in-texas\/no-commitments-just-savings-cockrell-hill-no-contract-electricity-plans\/\" class=\"more-link\">Continue reading <span class=\"screen-reader-text\">Sin compromisos, solo ahorros: Cockrell Hill Planes de electricidad sin contrato<\/span><\/a><\/p>\n","protected":false},"author":1,"featured_media":0,"parent":1465,"menu_order":0,"comment_status":"closed","ping_status":"closed","template":"","meta":{"_acf_changed":false,"_glsr_average":0,"_glsr_ranking":0,"_glsr_reviews":0,"footnotes":"","_links_to":"","_links_to_target":""},"class_list":["post-4138","page","type-page","status-publish","hentry"],"acf":[],"yoast_head":"<!-- This site is optimized with the Yoast SEO plugin v27.4 - https:\/\/yoast.com\/product\/yoast-seo-wordpress\/ -->\n<title>Sin compromisos, solo ahorros: Cockrell Hill Planes de electricidad sin contrato - Pronto Power<\/title>\n<meta name=\"description\" content=\"Learn how you can sign up for Pronto Power\u2019s superior service by calling 888 621-2852 today and begin saving money on your Cockrell Hill no contract electricity.\" \/>\n<meta name=\"robots\" content=\"index, follow, max-snippet:-1, max-image-preview:large, max-video-preview:-1\" \/>\n<link rel=\"canonical\" href=\"https:\/\/powermepronto.com\/no-one-offers-prepaid-electricity-this-cheap-in-texas\/no-commitments-just-savings-cockrell-hill-no-contract-electricity-plans\/\" \/>\n<meta property=\"og:locale\" content=\"es_ES\" \/>\n<meta property=\"og:type\" content=\"article\" \/>\n<meta property=\"og:title\" content=\"[:en]No Commitments, Just Savings: Cockrell Hill No Contract Electricity Plans[:es]Sin compromisos, solo ahorros: Cockrell Hill Planes de electricidad sin contrato[:] - Pronto Power\" \/>\n<meta property=\"og:description\" content=\"Learn how you can sign up for Pronto Power\u2019s superior service by calling 888 621-2852 today and begin saving money on your Cockrell Hill no contract electricity.\" \/>\n<meta property=\"og:url\" content=\"https:\/\/powermepronto.com\/no-one-offers-prepaid-electricity-this-cheap-in-texas\/no-commitments-just-savings-cockrell-hill-no-contract-electricity-plans\/\" \/>\n<meta property=\"og:site_name\" content=\"Pronto Power\" \/>\n<meta name=\"twitter:card\" content=\"summary_large_image\" \/>\n<meta name=\"twitter:label1\" content=\"Tiempo de lectura\" \/>\n\t<meta name=\"twitter:data1\" content=\"5 minutos\" \/>\n<script type=\"application\/ld+json\" class=\"yoast-schema-graph\">{\"@context\":\"https:\\\/\\\/schema.org\",\"@graph\":[{\"@type\":\"WebPage\",\"@id\":\"https:\\\/\\\/powermepronto.com\\\/no-one-offers-prepaid-electricity-this-cheap-in-texas\\\/no-commitments-just-savings-cockrell-hill-no-contract-electricity-plans\\\/\",\"url\":\"https:\\\/\\\/powermepronto.com\\\/no-one-offers-prepaid-electricity-this-cheap-in-texas\\\/no-commitments-just-savings-cockrell-hill-no-contract-electricity-plans\\\/\",\"name\":\"[:en]No Commitments, Just Savings: Cockrell Hill No Contract Electricity Plans[:es]Sin compromisos, solo ahorros: Cockrell Hill Planes de electricidad sin contrato[:] - Pronto Power\",\"isPartOf\":{\"@id\":\"https:\\\/\\\/powermepronto.com\\\/en\\\/#website\"},\"datePublished\":\"2024-08-15T13:30:49+00:00\",\"description\":\"Learn how you can sign up for Pronto Power\u2019s superior service by calling 888 621-2852 today and begin saving money on your Cockrell Hill no contract electricity.\",\"breadcrumb\":{\"@id\":\"https:\\\/\\\/powermepronto.com\\\/no-one-offers-prepaid-electricity-this-cheap-in-texas\\\/no-commitments-just-savings-cockrell-hill-no-contract-electricity-plans\\\/#breadcrumb\"},\"inLanguage\":\"es\",\"potentialAction\":[{\"@type\":\"ReadAction\",\"target\":[\"https:\\\/\\\/powermepronto.com\\\/no-one-offers-prepaid-electricity-this-cheap-in-texas\\\/no-commitments-just-savings-cockrell-hill-no-contract-electricity-plans\\\/\"]}]},{\"@type\":\"BreadcrumbList\",\"@id\":\"https:\\\/\\\/powermepronto.com\\\/no-one-offers-prepaid-electricity-this-cheap-in-texas\\\/no-commitments-just-savings-cockrell-hill-no-contract-electricity-plans\\\/#breadcrumb\",\"itemListElement\":[{\"@type\":\"ListItem\",\"position\":1,\"name\":\"Home\",\"item\":\"https:\\\/\\\/powermepronto.com\\\/en\\\/\"},{\"@type\":\"ListItem\",\"position\":2,\"name\":\"No One Offers Prepaid Electricity This Cheap in Texas!\",\"item\":\"https:\\\/\\\/powermepronto.com\\\/no-one-offers-prepaid-electricity-this-cheap-in-texas\\\/\"},{\"@type\":\"ListItem\",\"position\":3,\"name\":\"No Commitments, Just Savings: Cockrell Hill No Contract Electricity Plans\"}]},{\"@type\":\"WebSite\",\"@id\":\"https:\\\/\\\/powermepronto.com\\\/en\\\/#website\",\"url\":\"https:\\\/\\\/powermepronto.com\\\/en\\\/\",\"name\":\"Pronto Power\",\"description\":\"\",\"potentialAction\":[{\"@type\":\"SearchAction\",\"target\":{\"@type\":\"EntryPoint\",\"urlTemplate\":\"https:\\\/\\\/powermepronto.com\\\/en\\\/?s={search_term_string}\"},\"query-input\":{\"@type\":\"PropertyValueSpecification\",\"valueRequired\":true,\"valueName\":\"search_term_string\"}}],\"inLanguage\":\"es\"}]}<\/script>\n<!-- \/ Yoast SEO plugin. -->","yoast_head_json":{"title":"[:en]No Commitments, Just Savings: Cockrell Hill No Contract Electricity Plans[:es]Sin compromisos, solo ahorros: Cockrell Hill Planes de electricidad sin contrato[:] - Pronto Power","description":"Learn how you can sign up for Pronto Power\u2019s superior service by calling 888 621-2852 today and begin saving money on your Cockrell Hill no contract electricity.","robots":{"index":"index","follow":"follow","max-snippet":"max-snippet:-1","max-image-preview":"max-image-preview:large","max-video-preview":"max-video-preview:-1"},"canonical":"https:\/\/powermepronto.com\/no-one-offers-prepaid-electricity-this-cheap-in-texas\/no-commitments-just-savings-cockrell-hill-no-contract-electricity-plans\/","og_locale":"es_ES","og_type":"article","og_title":"[:en]No Commitments, Just Savings: Cockrell Hill No Contract Electricity Plans[:es]Sin compromisos, solo ahorros: Cockrell Hill Planes de electricidad sin contrato[:] - Pronto Power","og_description":"Learn how you can sign up for Pronto Power\u2019s superior service by calling 888 621-2852 today and begin saving money on your Cockrell Hill no contract electricity.","og_url":"https:\/\/powermepronto.com\/no-one-offers-prepaid-electricity-this-cheap-in-texas\/no-commitments-just-savings-cockrell-hill-no-contract-electricity-plans\/","og_site_name":"Pronto Power","twitter_card":"summary_large_image","twitter_misc":{"Tiempo de lectura":"5 minutos"},"schema":{"@context":"https:\/\/schema.org","@graph":[{"@type":"WebPage","@id":"https:\/\/powermepronto.com\/no-one-offers-prepaid-electricity-this-cheap-in-texas\/no-commitments-just-savings-cockrell-hill-no-contract-electricity-plans\/","url":"https:\/\/powermepronto.com\/no-one-offers-prepaid-electricity-this-cheap-in-texas\/no-commitments-just-savings-cockrell-hill-no-contract-electricity-plans\/","name":"[:en]No Commitments, Just Savings: Cockrell Hill No Contract Electricity Plans[:es]Sin compromisos, solo ahorros: Cockrell Hill Planes de electricidad sin contrato[:] - Pronto Power","isPartOf":{"@id":"https:\/\/powermepronto.com\/en\/#website"},"datePublished":"2024-08-15T13:30:49+00:00","description":"Learn how you can sign up for Pronto Power\u2019s superior service by calling 888 621-2852 today and begin saving money on your Cockrell Hill no contract electricity.","breadcrumb":{"@id":"https:\/\/powermepronto.com\/no-one-offers-prepaid-electricity-this-cheap-in-texas\/no-commitments-just-savings-cockrell-hill-no-contract-electricity-plans\/#breadcrumb"},"inLanguage":"es","potentialAction":[{"@type":"ReadAction","target":["https:\/\/powermepronto.com\/no-one-offers-prepaid-electricity-this-cheap-in-texas\/no-commitments-just-savings-cockrell-hill-no-contract-electricity-plans\/"]}]},{"@type":"BreadcrumbList","@id":"https:\/\/powermepronto.com\/no-one-offers-prepaid-electricity-this-cheap-in-texas\/no-commitments-just-savings-cockrell-hill-no-contract-electricity-plans\/#breadcrumb","itemListElement":[{"@type":"ListItem","position":1,"name":"Home","item":"https:\/\/powermepronto.com\/en\/"},{"@type":"ListItem","position":2,"name":"No One Offers Prepaid Electricity This Cheap in Texas!","item":"https:\/\/powermepronto.com\/no-one-offers-prepaid-electricity-this-cheap-in-texas\/"},{"@type":"ListItem","position":3,"name":"No Commitments, Just Savings: Cockrell Hill No Contract Electricity Plans"}]},{"@type":"WebSite","@id":"https:\/\/powermepronto.com\/en\/#website","url":"https:\/\/powermepronto.com\/en\/","name":"Pronto Power","description":"","potentialAction":[{"@type":"SearchAction","target":{"@type":"EntryPoint","urlTemplate":"https:\/\/powermepronto.com\/en\/?s={search_term_string}"},"query-input":{"@type":"PropertyValueSpecification","valueRequired":true,"valueName":"search_term_string"}}],"inLanguage":"es"}]}},"_links":{"self":[{"href":"https:\/\/powermepronto.com\/es\/wp-json\/wp\/v2\/pages\/4138","targetHints":{"allow":["GET"]}}],"collection":[{"href":"https:\/\/powermepronto.com\/es\/wp-json\/wp\/v2\/pages"}],"about":[{"href":"https:\/\/powermepronto.com\/es\/wp-json\/wp\/v2\/types\/page"}],"author":[{"embeddable":true,"href":"https:\/\/powermepronto.com\/es\/wp-json\/wp\/v2\/users\/1"}],"replies":[{"embeddable":true,"href":"https:\/\/powermepronto.com\/es\/wp-json\/wp\/v2\/comments?post=4138"}],"version-history":[{"count":1,"href":"https:\/\/powermepronto.com\/es\/wp-json\/wp\/v2\/pages\/4138\/revisions"}],"predecessor-version":[{"id":4139,"href":"https:\/\/powermepronto.com\/es\/wp-json\/wp\/v2\/pages\/4138\/revisions\/4139"}],"up":[{"embeddable":true,"href":"https:\/\/powermepronto.com\/es\/wp-json\/wp\/v2\/pages\/1465"}],"wp:attachment":[{"href":"https:\/\/powermepronto.com\/es\/wp-json\/wp\/v2\/media?parent=4138"}],"curies":[{"name":"wp","href":"https:\/\/api.w.org\/{rel}","templated":true}]}}