{"id":4136,"date":"2024-08-15T08:26:11","date_gmt":"2024-08-15T13:26:11","guid":{"rendered":"https:\/\/powermepronto.com\/?page_id=4136"},"modified":"2024-08-15T08:26:11","modified_gmt":"2024-08-15T13:26:11","slug":"affordable-arlington-prepaid-electricity-with-no-credit-check-and-no-contract","status":"publish","type":"page","link":"https:\/\/powermepronto.com\/es\/arlingtons-cheapest-no-deposit-electric-company\/affordable-arlington-prepaid-electricity-with-no-credit-check-and-no-contract\/","title":{"rendered":"Electricidad prepagada asequible de Arlington sin verificaci\u00f3n de cr\u00e9dito y sin contrato"},"content":{"rendered":"<p><span style=\"font-weight: 400;\"><\/span><span style=\"font-weight: 400;\">\u00a0<\/span><\/p>\n<p><span style=\"font-weight: 400;\">Los clientes de Arlington merecen una gran energ\u00eda el\u00e9ctrica sin la ansiedad de una verificaci\u00f3n de cr\u00e9dito o un gran dep\u00f3sito para comenzar el servicio, y eso es exactamente lo que reciben los clientes de electricidad prepagada de Arlington con Pronto Power.<\/span><span style=\"font-weight: 400;\">\u00a0<\/span><\/p>\n<h2><b>Usa energ\u00eda prepagada sin problemas y sin preocupaciones.<\/b><span style=\"font-weight: 400;\">\u00a0<\/span><\/h2>\n<p><span style=\"font-weight: 400;\">Los clientes de prepago de Pronto Power pueden inscribirse r\u00e1pidamente, generalmente en una hora si son uno del 98% de los hogares en Texas con un medidor inteligente, sin tener que proporcionar un n\u00famero de seguro social para una verificaci\u00f3n de cr\u00e9dito. Y nunca pedimos un dep\u00f3sito o un mes por adelantado. Su \u00fanico gasto de bolsillo es el dinero que agrega a su cuenta cuando se inscribe en el plan prepago de Pronto Power.<\/span><b>\u00a0<\/b><\/p>\n<h2><b>\u00bfPor qu\u00e9 tanto alboroto el servicio de prepago?<\/b><span style=\"font-weight: 400;\">\u00a0<\/span><\/h2>\n<p><span style=\"font-weight: 400;\">El servicio de prepago es solo eso: pagas por adelantado tu servicio. Debido a que su saldo nunca es negativo, no hay necesidad de un dep\u00f3sito, una verificaci\u00f3n de cr\u00e9dito o un contrato. Sabemos que seguir\u00e1 siendo cliente simplemente porque tenemos las mejores tarifas y el equipo de servicio al cliente m\u00e1s servicial.<\/span><b>\u00a0<\/b><\/p>\n<h2><b>Use una aplicaci\u00f3n conveniente para sus servicios.<\/b><\/h2>\n<p><span style=\"font-weight: 400;\">\u00a0<\/span><span style=\"font-weight: 400;\">Nuestros clientes pueden acceder a una aplicaci\u00f3n para pagar facturas, verificar saldos y monitorear el uso de electricidad mediante el uso de nuestra aplicaci\u00f3n. Estas son algunas de las cosas que puedes hacer con nuestra aplicaci\u00f3n:<\/span><\/p>\n<ul>\n<li><span style=\"font-weight: 400;\"> Pague su factura: Todas las ma\u00f1anas recibir\u00e1 un mensaje de texto, un correo electr\u00f3nico o ambos para informarle su saldo actual. Tiene la opci\u00f3n de pagar su factura en ese momento o esperar un tiempo. Mientras tenga un centavo en su cuenta, su electricidad permanece encendida. Puede pagar en cualquier momento que desee: diariamente, semanalmente o el d\u00eda en que se le pague.<\/span><\/li>\n<li><span style=\"font-weight: 400;\"> Revisa tu saldo: Cada vez que abres tu aplicaci\u00f3n, puedes ver la cantidad de fondos en tu cuenta. Si te est\u00e1s quedando corto y tu cuenta bancaria tambi\u00e9n se est\u00e1 quedando corta, llama o env\u00eda un mensaje de texto a nuestro equipo de atenci\u00f3n al cliente. Podemos diferir su cuenta hasta su pr\u00f3ximo cheque de pago sin cargo, u ofrecerle un pr\u00e9stamo sin intereses para que su saldo vuelva a estar por encima de los n\u00fameros rojos. Si pides prestados $50, puedes devolver una peque\u00f1a cantidad cada semana hasta que se liquide la cuenta.<\/span><\/li>\n<li><span style=\"font-weight: 400;\"> Monitoree su uso: Cada vez que desee saber cu\u00e1nta energ\u00eda est\u00e1 consumiendo, eche un vistazo a su aplicaci\u00f3n. Si est\u00e1 en casa, apague los electrodom\u00e9sticos uno a la vez y observe c\u00f3mo el medidor gira m\u00e1s lentamente. A continuaci\u00f3n, recorra la casa y encienda los electrodom\u00e9sticos para ver c\u00f3mo afectan al medidor. Los estudios han demostrado que los consumidores que tienen acceso a un medidor inteligente tienen m\u00e1s probabilidades de usar menos electricidad porque son m\u00e1s conscientes de la cantidad de energ\u00eda que consumen.<\/span><\/li>\n<\/ul>\n<h2><b>\u00a1Ll\u00e1menos para obtener m\u00e1s detalles!<\/b><\/h2>\n<p><span style=\"font-weight: 400;\">Llame a su equipo de servicio al cliente de Pronto Power hoy al 844 621-2852 para inscribirse en la mejor electricidad prepagada de Arlington en el mercado. Esperamos tenerlo como nuestro valioso cliente.<\/span><\/p>\n<p class=\"p1\"><\/p>","protected":false},"excerpt":{"rendered":"<p>\u00a0 Los clientes de Arlington merecen una gran energ\u00eda el\u00e9ctrica sin la ansiedad de una verificaci\u00f3n de cr\u00e9dito o un gran dep\u00f3sito para comenzar el servicio, y eso es exactamente lo que reciben los clientes de electricidad prepagada de Arlington con Pronto Power.\u00a0 Usa energ\u00eda prepagada sin problemas y sin preocupaciones.\u00a0 Los clientes de prepago &hellip; <a href=\"https:\/\/powermepronto.com\/es\/arlingtons-cheapest-no-deposit-electric-company\/affordable-arlington-prepaid-electricity-with-no-credit-check-and-no-contract\/\" class=\"more-link\">Continue reading <span class=\"screen-reader-text\">Electricidad prepagada asequible de Arlington sin verificaci\u00f3n de cr\u00e9dito y sin contrato<\/span><\/a><\/p>\n","protected":false},"author":1,"featured_media":0,"parent":2205,"menu_order":0,"comment_status":"closed","ping_status":"closed","template":"","meta":{"_acf_changed":false,"_glsr_average":0,"_glsr_ranking":0,"_glsr_reviews":0,"footnotes":"","_links_to":"","_links_to_target":""},"class_list":["post-4136","page","type-page","status-publish","hentry"],"acf":[],"yoast_head":"<!-- This site is optimized with the Yoast SEO plugin v27.4 - https:\/\/yoast.com\/product\/yoast-seo-wordpress\/ -->\n<title>Electricidad prepagada asequible de Arlington sin verificaci\u00f3n de cr\u00e9dito y sin contrato - Pronto Power<\/title>\n<meta name=\"description\" content=\"Call your Pronto Power customer service team today at 844 621-2852 to sign up for the best Arlington prepaid electricity on the market.\" \/>\n<meta name=\"robots\" content=\"index, follow, max-snippet:-1, max-image-preview:large, max-video-preview:-1\" \/>\n<link rel=\"canonical\" href=\"https:\/\/powermepronto.com\/arlingtons-cheapest-no-deposit-electric-company\/affordable-arlington-prepaid-electricity-with-no-credit-check-and-no-contract\/\" \/>\n<meta property=\"og:locale\" content=\"es_ES\" \/>\n<meta property=\"og:type\" content=\"article\" \/>\n<meta property=\"og:title\" content=\"[:en]Affordable Arlington Prepaid Electricity with No Credit Check and No Contract [:es]Electricidad prepagada asequible de Arlington sin verificaci\u00f3n de cr\u00e9dito y sin contrato[:] - Pronto Power\" \/>\n<meta property=\"og:description\" content=\"Call your Pronto Power customer service team today at 844 621-2852 to sign up for the best Arlington prepaid electricity on the market.\" \/>\n<meta property=\"og:url\" content=\"https:\/\/powermepronto.com\/arlingtons-cheapest-no-deposit-electric-company\/affordable-arlington-prepaid-electricity-with-no-credit-check-and-no-contract\/\" \/>\n<meta property=\"og:site_name\" content=\"Pronto Power\" \/>\n<meta name=\"twitter:card\" content=\"summary_large_image\" \/>\n<meta name=\"twitter:label1\" content=\"Tiempo de lectura\" \/>\n\t<meta name=\"twitter:data1\" content=\"5 minutos\" \/>\n<script type=\"application\/ld+json\" class=\"yoast-schema-graph\">{\"@context\":\"https:\\\/\\\/schema.org\",\"@graph\":[{\"@type\":\"WebPage\",\"@id\":\"https:\\\/\\\/powermepronto.com\\\/arlingtons-cheapest-no-deposit-electric-company\\\/affordable-arlington-prepaid-electricity-with-no-credit-check-and-no-contract\\\/\",\"url\":\"https:\\\/\\\/powermepronto.com\\\/arlingtons-cheapest-no-deposit-electric-company\\\/affordable-arlington-prepaid-electricity-with-no-credit-check-and-no-contract\\\/\",\"name\":\"[:en]Affordable Arlington Prepaid Electricity with No Credit Check and No Contract [:es]Electricidad prepagada asequible de Arlington sin verificaci\u00f3n de cr\u00e9dito y sin contrato[:] - Pronto Power\",\"isPartOf\":{\"@id\":\"https:\\\/\\\/powermepronto.com\\\/en\\\/#website\"},\"datePublished\":\"2024-08-15T13:26:11+00:00\",\"description\":\"Call your Pronto Power customer service team today at 844 621-2852 to sign up for the best Arlington prepaid electricity on the market.\",\"breadcrumb\":{\"@id\":\"https:\\\/\\\/powermepronto.com\\\/arlingtons-cheapest-no-deposit-electric-company\\\/affordable-arlington-prepaid-electricity-with-no-credit-check-and-no-contract\\\/#breadcrumb\"},\"inLanguage\":\"es\",\"potentialAction\":[{\"@type\":\"ReadAction\",\"target\":[\"https:\\\/\\\/powermepronto.com\\\/arlingtons-cheapest-no-deposit-electric-company\\\/affordable-arlington-prepaid-electricity-with-no-credit-check-and-no-contract\\\/\"]}]},{\"@type\":\"BreadcrumbList\",\"@id\":\"https:\\\/\\\/powermepronto.com\\\/arlingtons-cheapest-no-deposit-electric-company\\\/affordable-arlington-prepaid-electricity-with-no-credit-check-and-no-contract\\\/#breadcrumb\",\"itemListElement\":[{\"@type\":\"ListItem\",\"position\":1,\"name\":\"Home\",\"item\":\"https:\\\/\\\/powermepronto.com\\\/en\\\/\"},{\"@type\":\"ListItem\",\"position\":2,\"name\":\"Arlington\u2019s Cheapest No-Deposit Electric Company\",\"item\":\"https:\\\/\\\/powermepronto.com\\\/arlingtons-cheapest-no-deposit-electric-company\\\/\"},{\"@type\":\"ListItem\",\"position\":3,\"name\":\"Affordable Arlington Prepaid Electricity with No Credit Check and No Contract\"}]},{\"@type\":\"WebSite\",\"@id\":\"https:\\\/\\\/powermepronto.com\\\/en\\\/#website\",\"url\":\"https:\\\/\\\/powermepronto.com\\\/en\\\/\",\"name\":\"Pronto Power\",\"description\":\"\",\"potentialAction\":[{\"@type\":\"SearchAction\",\"target\":{\"@type\":\"EntryPoint\",\"urlTemplate\":\"https:\\\/\\\/powermepronto.com\\\/en\\\/?s={search_term_string}\"},\"query-input\":{\"@type\":\"PropertyValueSpecification\",\"valueRequired\":true,\"valueName\":\"search_term_string\"}}],\"inLanguage\":\"es\"}]}<\/script>\n<!-- \/ Yoast SEO plugin. -->","yoast_head_json":{"title":"[:en]Affordable Arlington Prepaid Electricity with No Credit Check and No Contract [:es]Electricidad prepagada asequible de Arlington sin verificaci\u00f3n de cr\u00e9dito y sin contrato[:] - Pronto Power","description":"Call your Pronto Power customer service team today at 844 621-2852 to sign up for the best Arlington prepaid electricity on the market.","robots":{"index":"index","follow":"follow","max-snippet":"max-snippet:-1","max-image-preview":"max-image-preview:large","max-video-preview":"max-video-preview:-1"},"canonical":"https:\/\/powermepronto.com\/arlingtons-cheapest-no-deposit-electric-company\/affordable-arlington-prepaid-electricity-with-no-credit-check-and-no-contract\/","og_locale":"es_ES","og_type":"article","og_title":"[:en]Affordable Arlington Prepaid Electricity with No Credit Check and No Contract [:es]Electricidad prepagada asequible de Arlington sin verificaci\u00f3n de cr\u00e9dito y sin contrato[:] - Pronto Power","og_description":"Call your Pronto Power customer service team today at 844 621-2852 to sign up for the best Arlington prepaid electricity on the market.","og_url":"https:\/\/powermepronto.com\/arlingtons-cheapest-no-deposit-electric-company\/affordable-arlington-prepaid-electricity-with-no-credit-check-and-no-contract\/","og_site_name":"Pronto Power","twitter_card":"summary_large_image","twitter_misc":{"Tiempo de lectura":"5 minutos"},"schema":{"@context":"https:\/\/schema.org","@graph":[{"@type":"WebPage","@id":"https:\/\/powermepronto.com\/arlingtons-cheapest-no-deposit-electric-company\/affordable-arlington-prepaid-electricity-with-no-credit-check-and-no-contract\/","url":"https:\/\/powermepronto.com\/arlingtons-cheapest-no-deposit-electric-company\/affordable-arlington-prepaid-electricity-with-no-credit-check-and-no-contract\/","name":"[:en]Affordable Arlington Prepaid Electricity with No Credit Check and No Contract [:es]Electricidad prepagada asequible de Arlington sin verificaci\u00f3n de cr\u00e9dito y sin contrato[:] - Pronto Power","isPartOf":{"@id":"https:\/\/powermepronto.com\/en\/#website"},"datePublished":"2024-08-15T13:26:11+00:00","description":"Call your Pronto Power customer service team today at 844 621-2852 to sign up for the best Arlington prepaid electricity on the market.","breadcrumb":{"@id":"https:\/\/powermepronto.com\/arlingtons-cheapest-no-deposit-electric-company\/affordable-arlington-prepaid-electricity-with-no-credit-check-and-no-contract\/#breadcrumb"},"inLanguage":"es","potentialAction":[{"@type":"ReadAction","target":["https:\/\/powermepronto.com\/arlingtons-cheapest-no-deposit-electric-company\/affordable-arlington-prepaid-electricity-with-no-credit-check-and-no-contract\/"]}]},{"@type":"BreadcrumbList","@id":"https:\/\/powermepronto.com\/arlingtons-cheapest-no-deposit-electric-company\/affordable-arlington-prepaid-electricity-with-no-credit-check-and-no-contract\/#breadcrumb","itemListElement":[{"@type":"ListItem","position":1,"name":"Home","item":"https:\/\/powermepronto.com\/en\/"},{"@type":"ListItem","position":2,"name":"Arlington\u2019s Cheapest No-Deposit Electric Company","item":"https:\/\/powermepronto.com\/arlingtons-cheapest-no-deposit-electric-company\/"},{"@type":"ListItem","position":3,"name":"Affordable Arlington Prepaid Electricity with No Credit Check and No Contract"}]},{"@type":"WebSite","@id":"https:\/\/powermepronto.com\/en\/#website","url":"https:\/\/powermepronto.com\/en\/","name":"Pronto Power","description":"","potentialAction":[{"@type":"SearchAction","target":{"@type":"EntryPoint","urlTemplate":"https:\/\/powermepronto.com\/en\/?s={search_term_string}"},"query-input":{"@type":"PropertyValueSpecification","valueRequired":true,"valueName":"search_term_string"}}],"inLanguage":"es"}]}},"_links":{"self":[{"href":"https:\/\/powermepronto.com\/es\/wp-json\/wp\/v2\/pages\/4136","targetHints":{"allow":["GET"]}}],"collection":[{"href":"https:\/\/powermepronto.com\/es\/wp-json\/wp\/v2\/pages"}],"about":[{"href":"https:\/\/powermepronto.com\/es\/wp-json\/wp\/v2\/types\/page"}],"author":[{"embeddable":true,"href":"https:\/\/powermepronto.com\/es\/wp-json\/wp\/v2\/users\/1"}],"replies":[{"embeddable":true,"href":"https:\/\/powermepronto.com\/es\/wp-json\/wp\/v2\/comments?post=4136"}],"version-history":[{"count":1,"href":"https:\/\/powermepronto.com\/es\/wp-json\/wp\/v2\/pages\/4136\/revisions"}],"predecessor-version":[{"id":4137,"href":"https:\/\/powermepronto.com\/es\/wp-json\/wp\/v2\/pages\/4136\/revisions\/4137"}],"up":[{"embeddable":true,"href":"https:\/\/powermepronto.com\/es\/wp-json\/wp\/v2\/pages\/2205"}],"wp:attachment":[{"href":"https:\/\/powermepronto.com\/es\/wp-json\/wp\/v2\/media?parent=4136"}],"curies":[{"name":"wp","href":"https:\/\/api.w.org\/{rel}","templated":true}]}}