{"id":4134,"date":"2024-08-15T08:23:13","date_gmt":"2024-08-15T13:23:13","guid":{"rendered":"https:\/\/powermepronto.com\/?page_id=4134"},"modified":"2024-08-15T08:23:13","modified_gmt":"2024-08-15T13:23:13","slug":"enjoy-hassle-free-fort-worth-electricity-with-affordable-prepaid-plans","status":"publish","type":"page","link":"https:\/\/powermepronto.com\/es\/cheaper-than-all-other-prepaid-electric-companies-in-fort-worth\/enjoy-hassle-free-fort-worth-electricity-with-affordable-prepaid-plans\/","title":{"rendered":"Disfruta de la electricidad sin complicaciones de Fort Worth con planes prepagados asequibles"},"content":{"rendered":"<p><span style=\"font-weight: 400;\"><\/span><span style=\"font-weight: 400;\">\u00a0<\/span><\/p>\n<p><span style=\"font-weight: 400;\">Muchas veces \u00abasequible\u00bb y \u00absin complicaciones\u00bb es una elecci\u00f3n que tienes que hacer: \u00bfcu\u00e1l es mejor para ti? El gigante de la electricidad de Fort Worth, Pronto Power, tiene una tercera opci\u00f3n: puedes tener ambas. Nuestra promesa de energ\u00eda sin problemas dentro de una hora significa que la mayor\u00eda de los clientes tendr\u00e1n un servicio de calidad de Pronto Power sin verificaci\u00f3n de cr\u00e9dito, dep\u00f3sito, contrato o cualquier otro tr\u00e1mite burocr\u00e1tico en menos de 60 minutos. Nuestro plan prepago permite que todo esto le suceda a cada uno de nuestros clientes prepagos.<\/span><span style=\"font-weight: 400;\">\u00a0<\/span><\/p>\n<h2><b>Sin verificaci\u00f3n de cr\u00e9dito, sin contrato<\/b><span style=\"font-weight: 400;\">\u00a0<\/span><\/h2>\n<p><span style=\"font-weight: 400;\">La mayor\u00eda de las compa\u00f1\u00edas el\u00e9ctricas piden un n\u00famero de seguro social para realizar una verificaci\u00f3n de cr\u00e9dito, luego necesitan un dep\u00f3sito y un pago por adelantado para comenzar el servicio. Y luego tienes que firmar un contrato para asegurar tarifas especiales que pueden durar solo unos meses. Parece que no puedes ganar. Con Pronto Power, nunca les pedimos a nuestros clientes de prepago que paguen un dep\u00f3sito o firmen un contrato. Los clientes de prepago nos proporcionan informaci\u00f3n b\u00e1sica y siempre que su hogar tenga un medidor inteligente (el 98% de los hogares de Texas lo tienen), su servicio comenzar\u00e1 en una hora.<\/span><\/p>\n<h2><b>\u00bfDe qu\u00e9 otra manera puede Pronto Power ahorrarle dinero?<\/b><span style=\"font-weight: 400;\">?<\/span><\/h2>\n<p><span style=\"font-weight: 400;\">\u00a0<\/span><span style=\"font-weight: 400;\">Los clientes de prepago de Pronto Power nunca pagan un dep\u00f3sito para comenzar el servicio porque no realizamos verificaciones de cr\u00e9dito, por lo que nunca pedimos n\u00fameros de seguro social. Esta regla se aplica a todos los clientes, no solo a unos pocos. Cuando se inscriba en el servicio, no tendr\u00e1 que darnos un n\u00famero de seguro social, no le pedimos un dep\u00f3sito, no paga un mes por adelantado y no tendr\u00e1 una tarifa de instalaci\u00f3n o registro. El \u00fanico gasto de bolsillo que tiene son los fondos que agrega a su cuenta cuando comienza el servicio. Este dinero es tuyo para pagar contra tu consumo de electricidad. Lo usas hasta que se agota y puedes agregar m\u00e1s dinero en cualquier momento. Siempre que su cuenta contenga al menos un centavo, su electricidad est\u00e1 encendida. Enviamos un mensaje de texto o correo electr\u00f3nico todas las ma\u00f1anas a las 7:00 o en cualquier momento en que su saldo baje demasiado para que pueda agregar m\u00e1s fondos.<\/span><b>\u00a0<\/b><\/p>\n<h2><b>Demasiadas facturas, poco dinero<\/b><\/h2>\n<p><span style=\"font-weight: 400;\">Algunos meses son m\u00e1s dif\u00edciles que otros, y parece que no puede mantenerse al d\u00eda con sus facturas debido a una factura m\u00e9dica inesperada o un accidente automovil\u00edstico. Pronto Power entiende que el dinero puede ser escaso entre cheques de pago. Si descubre que no puede pagar su factura a tiempo, trabajaremos con usted y le ofreceremos una extensi\u00f3n gratuita de su factura hasta su pr\u00f3ximo cheque de pago. Nuestro equipo de atenci\u00f3n al cliente est\u00e1 dispuesto a ayudarte cuando m\u00e1s lo necesites. P\u00f3ngase en contacto con nosotros antes de la 1:00 de esa tarde y nos aseguraremos de que su cuenta permanezca abierta hasta su pr\u00f3ximo cheque de pago.<\/span><span style=\"font-weight: 400;\">\u00a0<\/span><\/p>\n<p><span style=\"font-weight: 400;\">Otra opci\u00f3n es utilizar nuestros planes de pago diferido, donde Pronto Power le presta suficiente dinero para pagar su saldo negativo m\u00e1s $20 adicionales. Puedes devolver el importe aplazado en cuotas semanales hasta que se pague el importe. Este servicio tambi\u00e9n es gratuito.<\/span><\/p>\n<p><span style=\"font-weight: 400;\">Sea cual sea su elecci\u00f3n, queremos asegurarnos de que pueda pagar su factura sin sacrificar su forma de vida.<\/span><\/p>\n<p><span style=\"font-weight: 400;\">\u00a0<\/span><span style=\"font-weight: 400;\">Llame al equipo de servicio al cliente de Pronto Power hoy al 844 621-2852 para inscribirse en la electricidad de Fort Worth a las tarifas m\u00e1s bajas posibles.<\/span><\/p>\n<p class=\"p1\"><\/p>","protected":false},"excerpt":{"rendered":"<p>\u00a0 Muchas veces \u00abasequible\u00bb y \u00absin complicaciones\u00bb es una elecci\u00f3n que tienes que hacer: \u00bfcu\u00e1l es mejor para ti? El gigante de la electricidad de Fort Worth, Pronto Power, tiene una tercera opci\u00f3n: puedes tener ambas. Nuestra promesa de energ\u00eda sin problemas dentro de una hora significa que la mayor\u00eda de los clientes tendr\u00e1n un &hellip; <a href=\"https:\/\/powermepronto.com\/es\/cheaper-than-all-other-prepaid-electric-companies-in-fort-worth\/enjoy-hassle-free-fort-worth-electricity-with-affordable-prepaid-plans\/\" class=\"more-link\">Continue reading <span class=\"screen-reader-text\">Disfruta de la electricidad sin complicaciones de Fort Worth con planes prepagados asequibles<\/span><\/a><\/p>\n","protected":false},"author":1,"featured_media":0,"parent":2309,"menu_order":0,"comment_status":"closed","ping_status":"closed","template":"","meta":{"_acf_changed":false,"_glsr_average":0,"_glsr_ranking":0,"_glsr_reviews":0,"footnotes":"","_links_to":"","_links_to_target":""},"class_list":["post-4134","page","type-page","status-publish","hentry"],"acf":[],"yoast_head":"<!-- This site is optimized with the Yoast SEO plugin v27.5 - https:\/\/yoast.com\/product\/yoast-seo-wordpress\/ -->\n<title>Disfruta de la electricidad sin complicaciones de Fort Worth con planes prepagados asequibles - Pronto Power<\/title>\n<meta name=\"description\" content=\"Call Pronto Power\u2019s customer service team today at 844 621-2852 to sign up for Fort Worth electricity at the lowest rates possible.\" \/>\n<meta name=\"robots\" content=\"index, follow, max-snippet:-1, max-image-preview:large, max-video-preview:-1\" \/>\n<link rel=\"canonical\" href=\"https:\/\/powermepronto.com\/cheaper-than-all-other-prepaid-electric-companies-in-fort-worth\/enjoy-hassle-free-fort-worth-electricity-with-affordable-prepaid-plans\/\" \/>\n<meta property=\"og:locale\" content=\"es_ES\" \/>\n<meta property=\"og:type\" content=\"article\" \/>\n<meta property=\"og:title\" content=\"[:en]Enjoy Hassle-Free Fort Worth Electricity with Affordable Prepaid Plans[:es]Disfruta de la electricidad sin complicaciones de Fort Worth con planes prepagados asequibles[:] - Pronto Power\" \/>\n<meta property=\"og:description\" content=\"Call Pronto Power\u2019s customer service team today at 844 621-2852 to sign up for Fort Worth electricity at the lowest rates possible.\" \/>\n<meta property=\"og:url\" content=\"https:\/\/powermepronto.com\/cheaper-than-all-other-prepaid-electric-companies-in-fort-worth\/enjoy-hassle-free-fort-worth-electricity-with-affordable-prepaid-plans\/\" \/>\n<meta property=\"og:site_name\" content=\"Pronto Power\" \/>\n<meta name=\"twitter:card\" content=\"summary_large_image\" \/>\n<meta name=\"twitter:label1\" content=\"Tiempo de lectura\" \/>\n\t<meta name=\"twitter:data1\" content=\"5 minutos\" \/>\n<script type=\"application\/ld+json\" class=\"yoast-schema-graph\">{\"@context\":\"https:\\\/\\\/schema.org\",\"@graph\":[{\"@type\":\"WebPage\",\"@id\":\"https:\\\/\\\/powermepronto.com\\\/cheaper-than-all-other-prepaid-electric-companies-in-fort-worth\\\/enjoy-hassle-free-fort-worth-electricity-with-affordable-prepaid-plans\\\/\",\"url\":\"https:\\\/\\\/powermepronto.com\\\/cheaper-than-all-other-prepaid-electric-companies-in-fort-worth\\\/enjoy-hassle-free-fort-worth-electricity-with-affordable-prepaid-plans\\\/\",\"name\":\"[:en]Enjoy Hassle-Free Fort Worth Electricity with Affordable Prepaid Plans[:es]Disfruta de la electricidad sin complicaciones de Fort Worth con planes prepagados asequibles[:] - Pronto Power\",\"isPartOf\":{\"@id\":\"https:\\\/\\\/powermepronto.com\\\/en\\\/#website\"},\"datePublished\":\"2024-08-15T13:23:13+00:00\",\"description\":\"Call Pronto Power\u2019s customer service team today at 844 621-2852 to sign up for Fort Worth electricity at the lowest rates possible.\",\"breadcrumb\":{\"@id\":\"https:\\\/\\\/powermepronto.com\\\/cheaper-than-all-other-prepaid-electric-companies-in-fort-worth\\\/enjoy-hassle-free-fort-worth-electricity-with-affordable-prepaid-plans\\\/#breadcrumb\"},\"inLanguage\":\"es\",\"potentialAction\":[{\"@type\":\"ReadAction\",\"target\":[\"https:\\\/\\\/powermepronto.com\\\/cheaper-than-all-other-prepaid-electric-companies-in-fort-worth\\\/enjoy-hassle-free-fort-worth-electricity-with-affordable-prepaid-plans\\\/\"]}]},{\"@type\":\"BreadcrumbList\",\"@id\":\"https:\\\/\\\/powermepronto.com\\\/cheaper-than-all-other-prepaid-electric-companies-in-fort-worth\\\/enjoy-hassle-free-fort-worth-electricity-with-affordable-prepaid-plans\\\/#breadcrumb\",\"itemListElement\":[{\"@type\":\"ListItem\",\"position\":1,\"name\":\"Home\",\"item\":\"https:\\\/\\\/powermepronto.com\\\/en\\\/\"},{\"@type\":\"ListItem\",\"position\":2,\"name\":\"Cheaper Than All Other Prepaid Electric Companies in Fort Worth\",\"item\":\"https:\\\/\\\/powermepronto.com\\\/es\\\/cheaper-than-all-other-prepaid-electric-companies-in-fort-worth\\\/\"},{\"@type\":\"ListItem\",\"position\":3,\"name\":\"Enjoy Hassle-Free Fort Worth Electricity with Affordable Prepaid Plans\"}]},{\"@type\":\"WebSite\",\"@id\":\"https:\\\/\\\/powermepronto.com\\\/en\\\/#website\",\"url\":\"https:\\\/\\\/powermepronto.com\\\/en\\\/\",\"name\":\"Pronto Power\",\"description\":\"\",\"potentialAction\":[{\"@type\":\"SearchAction\",\"target\":{\"@type\":\"EntryPoint\",\"urlTemplate\":\"https:\\\/\\\/powermepronto.com\\\/en\\\/?s={search_term_string}\"},\"query-input\":{\"@type\":\"PropertyValueSpecification\",\"valueRequired\":true,\"valueName\":\"search_term_string\"}}],\"inLanguage\":\"es\"}]}<\/script>\n<!-- \/ Yoast SEO plugin. -->","yoast_head_json":{"title":"[:en]Enjoy Hassle-Free Fort Worth Electricity with Affordable Prepaid Plans[:es]Disfruta de la electricidad sin complicaciones de Fort Worth con planes prepagados asequibles[:] - Pronto Power","description":"Call Pronto Power\u2019s customer service team today at 844 621-2852 to sign up for Fort Worth electricity at the lowest rates possible.","robots":{"index":"index","follow":"follow","max-snippet":"max-snippet:-1","max-image-preview":"max-image-preview:large","max-video-preview":"max-video-preview:-1"},"canonical":"https:\/\/powermepronto.com\/cheaper-than-all-other-prepaid-electric-companies-in-fort-worth\/enjoy-hassle-free-fort-worth-electricity-with-affordable-prepaid-plans\/","og_locale":"es_ES","og_type":"article","og_title":"[:en]Enjoy Hassle-Free Fort Worth Electricity with Affordable Prepaid Plans[:es]Disfruta de la electricidad sin complicaciones de Fort Worth con planes prepagados asequibles[:] - Pronto Power","og_description":"Call Pronto Power\u2019s customer service team today at 844 621-2852 to sign up for Fort Worth electricity at the lowest rates possible.","og_url":"https:\/\/powermepronto.com\/cheaper-than-all-other-prepaid-electric-companies-in-fort-worth\/enjoy-hassle-free-fort-worth-electricity-with-affordable-prepaid-plans\/","og_site_name":"Pronto Power","twitter_card":"summary_large_image","twitter_misc":{"Tiempo de lectura":"5 minutos"},"schema":{"@context":"https:\/\/schema.org","@graph":[{"@type":"WebPage","@id":"https:\/\/powermepronto.com\/cheaper-than-all-other-prepaid-electric-companies-in-fort-worth\/enjoy-hassle-free-fort-worth-electricity-with-affordable-prepaid-plans\/","url":"https:\/\/powermepronto.com\/cheaper-than-all-other-prepaid-electric-companies-in-fort-worth\/enjoy-hassle-free-fort-worth-electricity-with-affordable-prepaid-plans\/","name":"[:en]Enjoy Hassle-Free Fort Worth Electricity with Affordable Prepaid Plans[:es]Disfruta de la electricidad sin complicaciones de Fort Worth con planes prepagados asequibles[:] - Pronto Power","isPartOf":{"@id":"https:\/\/powermepronto.com\/en\/#website"},"datePublished":"2024-08-15T13:23:13+00:00","description":"Call Pronto Power\u2019s customer service team today at 844 621-2852 to sign up for Fort Worth electricity at the lowest rates possible.","breadcrumb":{"@id":"https:\/\/powermepronto.com\/cheaper-than-all-other-prepaid-electric-companies-in-fort-worth\/enjoy-hassle-free-fort-worth-electricity-with-affordable-prepaid-plans\/#breadcrumb"},"inLanguage":"es","potentialAction":[{"@type":"ReadAction","target":["https:\/\/powermepronto.com\/cheaper-than-all-other-prepaid-electric-companies-in-fort-worth\/enjoy-hassle-free-fort-worth-electricity-with-affordable-prepaid-plans\/"]}]},{"@type":"BreadcrumbList","@id":"https:\/\/powermepronto.com\/cheaper-than-all-other-prepaid-electric-companies-in-fort-worth\/enjoy-hassle-free-fort-worth-electricity-with-affordable-prepaid-plans\/#breadcrumb","itemListElement":[{"@type":"ListItem","position":1,"name":"Home","item":"https:\/\/powermepronto.com\/en\/"},{"@type":"ListItem","position":2,"name":"Cheaper Than All Other Prepaid Electric Companies in Fort Worth","item":"https:\/\/powermepronto.com\/es\/cheaper-than-all-other-prepaid-electric-companies-in-fort-worth\/"},{"@type":"ListItem","position":3,"name":"Enjoy Hassle-Free Fort Worth Electricity with Affordable Prepaid Plans"}]},{"@type":"WebSite","@id":"https:\/\/powermepronto.com\/en\/#website","url":"https:\/\/powermepronto.com\/en\/","name":"Pronto Power","description":"","potentialAction":[{"@type":"SearchAction","target":{"@type":"EntryPoint","urlTemplate":"https:\/\/powermepronto.com\/en\/?s={search_term_string}"},"query-input":{"@type":"PropertyValueSpecification","valueRequired":true,"valueName":"search_term_string"}}],"inLanguage":"es"}]}},"_links":{"self":[{"href":"https:\/\/powermepronto.com\/es\/wp-json\/wp\/v2\/pages\/4134","targetHints":{"allow":["GET"]}}],"collection":[{"href":"https:\/\/powermepronto.com\/es\/wp-json\/wp\/v2\/pages"}],"about":[{"href":"https:\/\/powermepronto.com\/es\/wp-json\/wp\/v2\/types\/page"}],"author":[{"embeddable":true,"href":"https:\/\/powermepronto.com\/es\/wp-json\/wp\/v2\/users\/1"}],"replies":[{"embeddable":true,"href":"https:\/\/powermepronto.com\/es\/wp-json\/wp\/v2\/comments?post=4134"}],"version-history":[{"count":1,"href":"https:\/\/powermepronto.com\/es\/wp-json\/wp\/v2\/pages\/4134\/revisions"}],"predecessor-version":[{"id":4135,"href":"https:\/\/powermepronto.com\/es\/wp-json\/wp\/v2\/pages\/4134\/revisions\/4135"}],"up":[{"embeddable":true,"href":"https:\/\/powermepronto.com\/es\/wp-json\/wp\/v2\/pages\/2309"}],"wp:attachment":[{"href":"https:\/\/powermepronto.com\/es\/wp-json\/wp\/v2\/media?parent=4134"}],"curies":[{"name":"wp","href":"https:\/\/api.w.org\/{rel}","templated":true}]}}