{"id":4105,"date":"2024-08-02T07:51:09","date_gmt":"2024-08-02T12:51:09","guid":{"rendered":"https:\/\/powermepronto.com\/?page_id=4105"},"modified":"2024-08-02T07:51:09","modified_gmt":"2024-08-02T12:51:09","slug":"get-the-cheapest-austin-no-deposit-electricity","status":"publish","type":"page","link":"https:\/\/powermepronto.com\/es\/austin-prepaid-electricity-with-the-lowest-rates\/get-the-cheapest-austin-no-deposit-electricity\/","title":{"rendered":"Obtenga la electricidad sin dep\u00f3sito m\u00e1s barata de Austin"},"content":{"rendered":"<p class=\"p1\"><\/p>\n<p><span style=\"font-weight: 400;\">Vivir en Austin no es barato, pero sus tarifas el\u00e9ctricas pueden ser significativamente menos costosas con el mejor proveedor de electricidad sin dep\u00f3sito de Austin, Pronto Power.<\/span><span style=\"font-weight: 400;\">\u00a0<\/span><\/p>\n<h2><strong>Sin dep\u00f3sito en el servicio prepago<\/strong><\/h2>\n<p><span style=\"font-weight: 400;\">\u00bfC\u00f3mo puede ser que tantos proveedores de electricidad exijan un dep\u00f3sito para que sus clientes comiencen el servicio pero Pronto Power no? Es sencillo cuando te inscribes en el servicio de prepago. Con la electricidad prepaga, pagas por adelantado agregando fondos a tu cuenta a trav\u00e9s de una aplicaci\u00f3n en tu tel\u00e9fono. Con solo unos pocos clics, agrega la cantidad que desee en cualquier momento del d\u00eda, cualquier d\u00eda de la semana. Y mientras su cuenta supere 1\u00a2, su servicio permanece activo.<\/span><\/p>\n<p><span style=\"font-weight: 400;\">\u00a0<\/span><span style=\"font-weight: 400;\">Un dep\u00f3sito act\u00faa como un colch\u00f3n en caso de que no se pague su factura. Le da a la compa\u00f1\u00eda el\u00e9ctrica los fondos necesarios para garantizar que se les pague. Con el servicio prepago, los fondos se agregan antes de que comience el servicio, lo que significa que su cuenta nunca est\u00e1 atrasada. Eso significa que nunca tendr\u00e1 que pagar un dep\u00f3sito. De hecho, ni siquiera tiene que dar su n\u00famero de seguro social y nunca realizamos una verificaci\u00f3n de cr\u00e9dito.<\/span><\/p>\n<h2><strong>Excelentes tarifas todo el tiempo<\/strong><\/h2>\n<p><span style=\"font-weight: 400;\">\u00a0<\/span><span style=\"font-weight: 400;\">Probablemente haya visto vallas publicitarias gigantes que anuncian tarifas el\u00e9ctricas baratas, incluso menos costosas que las tarifas de Pronto Power. Pero cuando examinas la letra peque\u00f1a, te das cuenta de que sus tarifas est\u00e1n vinculadas a un contrato, y las tarifas pueden ser solo tan bajas durante varios meses, y luego aumentar bruscamente mientras sus clientes a\u00fan est\u00e1n bajo contrato y no pueden cambiar a otra compa\u00f1\u00eda el\u00e9ctrica. Pronto Power no ata a sus clientes a un contrato, y las tarifas anunciadas son las tarifas que usted espera sin letra peque\u00f1a para leer.<\/span><\/p>\n<h2><strong>Tarifas iniciales bajas<\/strong><\/h2>\n<p><span style=\"font-weight: 400;\">Adem\u00e1s de no tener que pagar un dep\u00f3sito, tampoco tiene que preocuparse por un mes de anticipaci\u00f3n, una tarifa de solicitud, cargos por equipo u otras tarifas ocultas que puede encontrar que otros proveedores de electricidad cobran a los nuevos clientes.<\/span><\/p>\n<h2><strong>Nuevo servicio \u2013 \u00a1Pronto!<\/strong><\/h2>\n<p><span style=\"font-weight: 400;\">Una vez que se decida por el mejor proveedor minorista de energ\u00eda, Pronto Power, querr\u00e1 comenzar a ahorrar dinero de inmediato. Pronto Power tendr\u00e1 su energ\u00eda conectada en menos de una hora, siempre y cuando su hogar tenga un medidor inteligente. Una vez que est\u00e9 conectado, puede controlar f\u00edsicamente sus ahorros, ya que brindamos nuestro servicio en una aplicaci\u00f3n f\u00e1cil de usar que monitorea su uso de energ\u00eda en tiempo real.<\/span><\/p>\n<p><span style=\"font-weight: 400;\">\u00a0<\/span><span style=\"font-weight: 400;\">Los clientes han informado que usan menos electricidad cuando ven c\u00f3mo se consume la energ\u00eda. Esta pr\u00e1ctica aplicaci\u00f3n tambi\u00e9n le permite solucionar algunos problemas de energ\u00eda, como una tostadora vieja que usa demasiada electricidad cuando est\u00e1 enchufada. Debido a que puede ver cambios inmediatos en su uso de electricidad, puede saber qu\u00e9 electrodom\u00e9stico est\u00e1 causando una fluctuaci\u00f3n extra\u00f1a en la energ\u00eda y determinar si necesita reemplazarlo o repararlo.<\/span><\/p>\n<p><span style=\"font-weight: 400;\">Recuerde que los electrodom\u00e9sticos m\u00e1s nuevos suelen ser mucho m\u00e1s eficientes energ\u00e9ticamente, por lo que en muchos casos puede recuperar r\u00e1pidamente el dinero que gasta en un electrodom\u00e9stico nuevo.<\/span><\/p>\n<h2><span style=\"font-weight: 400;\">\u00a0<\/span><strong>\u00bfC\u00f3mo empiezo?<\/strong><\/h2>\n<p><span style=\"font-weight: 400;\">Reg\u00edstrese para recibir electricidad sin dep\u00f3sito en Austin a trav\u00e9s de Pronto Power llamando a uno de nuestros representantes de servicio al cliente al 888 621-2852. En una hora podr\u00eda tener un gran servicio a una tarifa fant\u00e1stica. \u00a1Esperamos tenerte en la familia Pronto Power!<\/span><\/p>\n<p class=\"p1\"><\/p>","protected":false},"excerpt":{"rendered":"<p>Vivir en Austin no es barato, pero sus tarifas el\u00e9ctricas pueden ser significativamente menos costosas con el mejor proveedor de electricidad sin dep\u00f3sito de Austin, Pronto Power.\u00a0 Sin dep\u00f3sito en el servicio prepago \u00bfC\u00f3mo puede ser que tantos proveedores de electricidad exijan un dep\u00f3sito para que sus clientes comiencen el servicio pero Pronto Power no? &hellip; <a href=\"https:\/\/powermepronto.com\/es\/austin-prepaid-electricity-with-the-lowest-rates\/get-the-cheapest-austin-no-deposit-electricity\/\" class=\"more-link\">Continue reading <span class=\"screen-reader-text\">Obtenga la electricidad sin dep\u00f3sito m\u00e1s barata de Austin<\/span><\/a><\/p>\n","protected":false},"author":1,"featured_media":0,"parent":3795,"menu_order":0,"comment_status":"closed","ping_status":"closed","template":"","meta":{"_acf_changed":false,"_glsr_average":0,"_glsr_ranking":0,"_glsr_reviews":0,"footnotes":"","_links_to":"","_links_to_target":""},"class_list":["post-4105","page","type-page","status-publish","hentry"],"acf":[],"yoast_head":"<!-- This site is optimized with the Yoast SEO plugin v27.5 - https:\/\/yoast.com\/product\/yoast-seo-wordpress\/ -->\n<title>Obtenga la electricidad sin dep\u00f3sito m\u00e1s barata de Austin - Pronto Power<\/title>\n<meta name=\"robots\" content=\"index, follow, max-snippet:-1, max-image-preview:large, max-video-preview:-1\" \/>\n<link rel=\"canonical\" href=\"https:\/\/powermepronto.com\/austin-prepaid-electricity-with-the-lowest-rates\/get-the-cheapest-austin-no-deposit-electricity\/\" \/>\n<meta property=\"og:locale\" content=\"es_ES\" \/>\n<meta property=\"og:type\" content=\"article\" \/>\n<meta property=\"og:title\" content=\"[:en]Get the Cheapest Austin No Deposit Electricity[:es]Obtenga la electricidad sin dep\u00f3sito m\u00e1s barata de Austin[:] - Pronto Power\" \/>\n<meta property=\"og:description\" content=\"Vivir en Austin no es barato, pero sus tarifas el\u00e9ctricas pueden ser significativamente menos costosas con el mejor proveedor de electricidad sin dep\u00f3sito de Austin, Pronto Power.\u00a0 Sin dep\u00f3sito en el servicio prepago \u00bfC\u00f3mo puede ser que tantos proveedores de electricidad exijan un dep\u00f3sito para que sus clientes comiencen el servicio pero Pronto Power no? &hellip; Continue reading Obtenga la electricidad sin dep\u00f3sito m\u00e1s barata de Austin\" \/>\n<meta property=\"og:url\" content=\"https:\/\/powermepronto.com\/austin-prepaid-electricity-with-the-lowest-rates\/get-the-cheapest-austin-no-deposit-electricity\/\" \/>\n<meta property=\"og:site_name\" content=\"Pronto Power\" \/>\n<meta name=\"twitter:card\" content=\"summary_large_image\" \/>\n<meta name=\"twitter:label1\" content=\"Tiempo de lectura\" \/>\n\t<meta name=\"twitter:data1\" content=\"5 minutos\" \/>\n<script type=\"application\/ld+json\" class=\"yoast-schema-graph\">{\"@context\":\"https:\\\/\\\/schema.org\",\"@graph\":[{\"@type\":\"WebPage\",\"@id\":\"https:\\\/\\\/powermepronto.com\\\/austin-prepaid-electricity-with-the-lowest-rates\\\/get-the-cheapest-austin-no-deposit-electricity\\\/\",\"url\":\"https:\\\/\\\/powermepronto.com\\\/austin-prepaid-electricity-with-the-lowest-rates\\\/get-the-cheapest-austin-no-deposit-electricity\\\/\",\"name\":\"[:en]Get the Cheapest Austin No Deposit Electricity[:es]Obtenga la electricidad sin dep\u00f3sito m\u00e1s barata de Austin[:] - Pronto Power\",\"isPartOf\":{\"@id\":\"https:\\\/\\\/powermepronto.com\\\/en\\\/#website\"},\"datePublished\":\"2024-08-02T12:51:09+00:00\",\"breadcrumb\":{\"@id\":\"https:\\\/\\\/powermepronto.com\\\/austin-prepaid-electricity-with-the-lowest-rates\\\/get-the-cheapest-austin-no-deposit-electricity\\\/#breadcrumb\"},\"inLanguage\":\"es\",\"potentialAction\":[{\"@type\":\"ReadAction\",\"target\":[\"https:\\\/\\\/powermepronto.com\\\/austin-prepaid-electricity-with-the-lowest-rates\\\/get-the-cheapest-austin-no-deposit-electricity\\\/\"]}]},{\"@type\":\"BreadcrumbList\",\"@id\":\"https:\\\/\\\/powermepronto.com\\\/austin-prepaid-electricity-with-the-lowest-rates\\\/get-the-cheapest-austin-no-deposit-electricity\\\/#breadcrumb\",\"itemListElement\":[{\"@type\":\"ListItem\",\"position\":1,\"name\":\"Home\",\"item\":\"https:\\\/\\\/powermepronto.com\\\/en\\\/\"},{\"@type\":\"ListItem\",\"position\":2,\"name\":\"Austin Prepaid Electricity with the Lowest Rates\",\"item\":\"https:\\\/\\\/powermepronto.com\\\/austin-prepaid-electricity-with-the-lowest-rates\\\/\"},{\"@type\":\"ListItem\",\"position\":3,\"name\":\"Get the Cheapest Austin No Deposit Electricity\"}]},{\"@type\":\"WebSite\",\"@id\":\"https:\\\/\\\/powermepronto.com\\\/en\\\/#website\",\"url\":\"https:\\\/\\\/powermepronto.com\\\/en\\\/\",\"name\":\"Pronto Power\",\"description\":\"\",\"potentialAction\":[{\"@type\":\"SearchAction\",\"target\":{\"@type\":\"EntryPoint\",\"urlTemplate\":\"https:\\\/\\\/powermepronto.com\\\/en\\\/?s={search_term_string}\"},\"query-input\":{\"@type\":\"PropertyValueSpecification\",\"valueRequired\":true,\"valueName\":\"search_term_string\"}}],\"inLanguage\":\"es\"}]}<\/script>\n<!-- \/ Yoast SEO plugin. -->","yoast_head_json":{"title":"[:en]Get the Cheapest Austin No Deposit Electricity[:es]Obtenga la electricidad sin dep\u00f3sito m\u00e1s barata de Austin[:] - Pronto Power","robots":{"index":"index","follow":"follow","max-snippet":"max-snippet:-1","max-image-preview":"max-image-preview:large","max-video-preview":"max-video-preview:-1"},"canonical":"https:\/\/powermepronto.com\/austin-prepaid-electricity-with-the-lowest-rates\/get-the-cheapest-austin-no-deposit-electricity\/","og_locale":"es_ES","og_type":"article","og_title":"[:en]Get the Cheapest Austin No Deposit Electricity[:es]Obtenga la electricidad sin dep\u00f3sito m\u00e1s barata de Austin[:] - Pronto Power","og_description":"Vivir en Austin no es barato, pero sus tarifas el\u00e9ctricas pueden ser significativamente menos costosas con el mejor proveedor de electricidad sin dep\u00f3sito de Austin, Pronto Power.\u00a0 Sin dep\u00f3sito en el servicio prepago \u00bfC\u00f3mo puede ser que tantos proveedores de electricidad exijan un dep\u00f3sito para que sus clientes comiencen el servicio pero Pronto Power no? &hellip; Continue reading Obtenga la electricidad sin dep\u00f3sito m\u00e1s barata de Austin","og_url":"https:\/\/powermepronto.com\/austin-prepaid-electricity-with-the-lowest-rates\/get-the-cheapest-austin-no-deposit-electricity\/","og_site_name":"Pronto Power","twitter_card":"summary_large_image","twitter_misc":{"Tiempo de lectura":"5 minutos"},"schema":{"@context":"https:\/\/schema.org","@graph":[{"@type":"WebPage","@id":"https:\/\/powermepronto.com\/austin-prepaid-electricity-with-the-lowest-rates\/get-the-cheapest-austin-no-deposit-electricity\/","url":"https:\/\/powermepronto.com\/austin-prepaid-electricity-with-the-lowest-rates\/get-the-cheapest-austin-no-deposit-electricity\/","name":"[:en]Get the Cheapest Austin No Deposit Electricity[:es]Obtenga la electricidad sin dep\u00f3sito m\u00e1s barata de Austin[:] - Pronto Power","isPartOf":{"@id":"https:\/\/powermepronto.com\/en\/#website"},"datePublished":"2024-08-02T12:51:09+00:00","breadcrumb":{"@id":"https:\/\/powermepronto.com\/austin-prepaid-electricity-with-the-lowest-rates\/get-the-cheapest-austin-no-deposit-electricity\/#breadcrumb"},"inLanguage":"es","potentialAction":[{"@type":"ReadAction","target":["https:\/\/powermepronto.com\/austin-prepaid-electricity-with-the-lowest-rates\/get-the-cheapest-austin-no-deposit-electricity\/"]}]},{"@type":"BreadcrumbList","@id":"https:\/\/powermepronto.com\/austin-prepaid-electricity-with-the-lowest-rates\/get-the-cheapest-austin-no-deposit-electricity\/#breadcrumb","itemListElement":[{"@type":"ListItem","position":1,"name":"Home","item":"https:\/\/powermepronto.com\/en\/"},{"@type":"ListItem","position":2,"name":"Austin Prepaid Electricity with the Lowest Rates","item":"https:\/\/powermepronto.com\/austin-prepaid-electricity-with-the-lowest-rates\/"},{"@type":"ListItem","position":3,"name":"Get the Cheapest Austin No Deposit Electricity"}]},{"@type":"WebSite","@id":"https:\/\/powermepronto.com\/en\/#website","url":"https:\/\/powermepronto.com\/en\/","name":"Pronto Power","description":"","potentialAction":[{"@type":"SearchAction","target":{"@type":"EntryPoint","urlTemplate":"https:\/\/powermepronto.com\/en\/?s={search_term_string}"},"query-input":{"@type":"PropertyValueSpecification","valueRequired":true,"valueName":"search_term_string"}}],"inLanguage":"es"}]}},"_links":{"self":[{"href":"https:\/\/powermepronto.com\/es\/wp-json\/wp\/v2\/pages\/4105","targetHints":{"allow":["GET"]}}],"collection":[{"href":"https:\/\/powermepronto.com\/es\/wp-json\/wp\/v2\/pages"}],"about":[{"href":"https:\/\/powermepronto.com\/es\/wp-json\/wp\/v2\/types\/page"}],"author":[{"embeddable":true,"href":"https:\/\/powermepronto.com\/es\/wp-json\/wp\/v2\/users\/1"}],"replies":[{"embeddable":true,"href":"https:\/\/powermepronto.com\/es\/wp-json\/wp\/v2\/comments?post=4105"}],"version-history":[{"count":1,"href":"https:\/\/powermepronto.com\/es\/wp-json\/wp\/v2\/pages\/4105\/revisions"}],"predecessor-version":[{"id":4106,"href":"https:\/\/powermepronto.com\/es\/wp-json\/wp\/v2\/pages\/4105\/revisions\/4106"}],"up":[{"embeddable":true,"href":"https:\/\/powermepronto.com\/es\/wp-json\/wp\/v2\/pages\/3795"}],"wp:attachment":[{"href":"https:\/\/powermepronto.com\/es\/wp-json\/wp\/v2\/media?parent=4105"}],"curies":[{"name":"wp","href":"https:\/\/api.w.org\/{rel}","templated":true}]}}