{"id":4103,"date":"2024-08-02T07:47:07","date_gmt":"2024-08-02T12:47:07","guid":{"rendered":"https:\/\/powermepronto.com\/?page_id=4103"},"modified":"2024-08-02T07:47:07","modified_gmt":"2024-08-02T12:47:07","slug":"no-contract-no-hidden-fees-sachse-electric-company","status":"publish","type":"page","link":"https:\/\/powermepronto.com\/es\/cheap-electricity-with-no-deposit-for-all-of-texas\/no-contract-no-hidden-fees-sachse-electric-company\/","title":{"rendered":"Sin contrato, sin cargos ocultos, Sachse Electric Company"},"content":{"rendered":"<p class=\"p1\"><\/p>\n<p><span style=\"font-weight: 400;\">Pronto Power hace que sea m\u00e1s f\u00e1cil que nunca comparar precios y encontrar la compa\u00f1\u00eda el\u00e9ctrica Sachse perfecta para sus necesidades. A diferencia de otros proveedores de electricidad, ofrecemos un servicio de prepago que elimina la necesidad de un contrato, una tarifa de inicio, un mes de pago por adelantado, un dep\u00f3sito o cualquier tarifa oculta.<\/span><\/p>\n<h2><span style=\"font-weight: 400;\">\u00a0<\/span><strong>\u00bfQu\u00e9 es el servicio prepago?<\/strong><\/h2>\n<p><span style=\"font-weight: 400;\">La facturaci\u00f3n mensual tradicional significa que su factura llega en un d\u00eda espec\u00edfico de cada mes y usted paga por los servicios prestados. Esto podr\u00eda dejarlo en un aprieto cuando los costos de electricidad se disparen durante una ola de calor o fr\u00edo. El servicio de prepago es diferente: usted deposita dinero en su cuenta y controla ese dinero a medida que se utiliza para suministrarle energ\u00eda de alta calidad. Esto le da la opci\u00f3n de pagar a su ritmo, y siempre que su cuenta est\u00e9 por encima de 1\u00a2, su energ\u00eda permanece encendida.<\/span><\/p>\n<h2><strong>Prepago = sin verificaci\u00f3n de cr\u00e9dito<\/strong><\/h2>\n<p><span style=\"font-weight: 400;\">Una ventaja del servicio prepagado de Pronto Power es que no requerimos una verificaci\u00f3n de cr\u00e9dito. Muchos tejanos no han tenido la oportunidad de establecer cr\u00e9dito, lo que generalmente conduce a un puntaje de cr\u00e9dito bajo y un dep\u00f3sito considerable. Uno de los beneficios del servicio prepagado es que puede comenzar incluso si no tiene cr\u00e9dito o tiene mal cr\u00e9dito porque Pronto Power nunca realiza una verificaci\u00f3n de cr\u00e9dito de nuestros clientes prepagados. Eso tambi\u00e9n significa que nunca tendr\u00e1 que pagar un dep\u00f3sito para iniciar el servicio. Agrega una peque\u00f1a tarifa a su cuenta prepaga y contin\u00faa agregando fondos en su horario, diariamente, semanalmente, en cada per\u00edodo de pago, lo que elija.<\/span><\/p>\n<p><span style=\"font-weight: 400;\">Otro beneficio del servicio prepago son sus recordatorios diarios, ya sea por mensaje de texto o correo electr\u00f3nico. Cada ma\u00f1ana se te informar\u00e1 de la cantidad que tienes en tu cuenta y podr\u00e1s tomar la decisi\u00f3n de a\u00f1adir fondos en ese momento o esperar hasta m\u00e1s tarde. Pero, \u00bfqu\u00e9 sucede cuando es necesario agregar fondos a su cuenta Pronto Power a d\u00edas de su cheque de pago?<\/span><\/p>\n<h2><strong>La ayuda est\u00e1 en camino<\/strong><\/h2>\n<p><span style=\"font-weight: 400;\">Nuestros recordatorios diarios por mensaje de texto o correo electr\u00f3nico lo mantendr\u00e1n informado sobre el saldo de su cuenta para que pueda tomar decisiones informadas sobre c\u00f3mo agregar fondos. Y si alguna vez te encuentras en una situaci\u00f3n en la que no puedes pagar tu factura, podemos ofrecerte un aplazamiento de la factura para garantizar que tu energ\u00eda permanezca encendida cuando m\u00e1s la necesites.<\/span><\/p>\n<p><span style=\"font-weight: 400;\">Es obvio que algunos meses requieren m\u00e1s energ\u00eda que otros, como el calor del verano o los meses desesperadamente fr\u00edos del invierno. Cuando tu presupuesto no te permita pagar tu factura, cont\u00e1ctanos. Podemos diferir tu factura para que tu energ\u00eda permanezca encendida cuando m\u00e1s la necesites. Ll\u00e1menos al 888 234-1373 y hable con uno de nuestros representantes de servicio al cliente antes de la 1:00 pm cuando vea que su cuenta tiene pocos fondos. Nunca cobramos un cargo por pago atrasado mientras espera su cheque de pago.<\/span><\/p>\n<p><span style=\"font-weight: 400;\">\u00bfA qu\u00e9 esperas? Llame a Pronto Power, su compa\u00f1\u00eda de electricidad de Sachse, hoy al 888-621-2852 para comenzar a ahorrar dinero en su factura de electricidad con nuestro servicio prepago.<\/span><\/p>\n<p class=\"p1\"><\/p>","protected":false},"excerpt":{"rendered":"<p>Pronto Power hace que sea m\u00e1s f\u00e1cil que nunca comparar precios y encontrar la compa\u00f1\u00eda el\u00e9ctrica Sachse perfecta para sus necesidades. A diferencia de otros proveedores de electricidad, ofrecemos un servicio de prepago que elimina la necesidad de un contrato, una tarifa de inicio, un mes de pago por adelantado, un dep\u00f3sito o cualquier tarifa &hellip; <a href=\"https:\/\/powermepronto.com\/es\/cheap-electricity-with-no-deposit-for-all-of-texas\/no-contract-no-hidden-fees-sachse-electric-company\/\" class=\"more-link\">Continue reading <span class=\"screen-reader-text\">Sin contrato, sin cargos ocultos, Sachse Electric Company<\/span><\/a><\/p>\n","protected":false},"author":1,"featured_media":0,"parent":128,"menu_order":0,"comment_status":"closed","ping_status":"closed","template":"","meta":{"_acf_changed":false,"_glsr_average":0,"_glsr_ranking":0,"_glsr_reviews":0,"footnotes":"","_links_to":"","_links_to_target":""},"class_list":["post-4103","page","type-page","status-publish","hentry"],"acf":[],"yoast_head":"<!-- This site is optimized with the Yoast SEO plugin v27.4 - https:\/\/yoast.com\/product\/yoast-seo-wordpress\/ -->\n<title>Sin contrato, sin cargos ocultos, Sachse Electric Company - Pronto Power<\/title>\n<meta name=\"robots\" content=\"index, follow, max-snippet:-1, max-image-preview:large, max-video-preview:-1\" \/>\n<link rel=\"canonical\" href=\"https:\/\/powermepronto.com\/cheap-electricity-with-no-deposit-for-all-of-texas\/no-contract-no-hidden-fees-sachse-electric-company\/\" \/>\n<meta property=\"og:locale\" content=\"es_ES\" \/>\n<meta property=\"og:type\" content=\"article\" \/>\n<meta property=\"og:title\" content=\"[:en]No Contract No Hidden Fees Sachse Electric Company[:es]Sin contrato, sin cargos ocultos, Sachse Electric Company[:] - Pronto Power\" \/>\n<meta property=\"og:description\" content=\"Pronto Power hace que sea m\u00e1s f\u00e1cil que nunca comparar precios y encontrar la compa\u00f1\u00eda el\u00e9ctrica Sachse perfecta para sus necesidades. A diferencia de otros proveedores de electricidad, ofrecemos un servicio de prepago que elimina la necesidad de un contrato, una tarifa de inicio, un mes de pago por adelantado, un dep\u00f3sito o cualquier tarifa &hellip; Continue reading Sin contrato, sin cargos ocultos, Sachse Electric Company\" \/>\n<meta property=\"og:url\" content=\"https:\/\/powermepronto.com\/cheap-electricity-with-no-deposit-for-all-of-texas\/no-contract-no-hidden-fees-sachse-electric-company\/\" \/>\n<meta property=\"og:site_name\" content=\"Pronto Power\" \/>\n<meta name=\"twitter:card\" content=\"summary_large_image\" \/>\n<meta name=\"twitter:label1\" content=\"Tiempo de lectura\" \/>\n\t<meta name=\"twitter:data1\" content=\"5 minutos\" \/>\n<script type=\"application\/ld+json\" class=\"yoast-schema-graph\">{\"@context\":\"https:\\\/\\\/schema.org\",\"@graph\":[{\"@type\":\"WebPage\",\"@id\":\"https:\\\/\\\/powermepronto.com\\\/cheap-electricity-with-no-deposit-for-all-of-texas\\\/no-contract-no-hidden-fees-sachse-electric-company\\\/\",\"url\":\"https:\\\/\\\/powermepronto.com\\\/cheap-electricity-with-no-deposit-for-all-of-texas\\\/no-contract-no-hidden-fees-sachse-electric-company\\\/\",\"name\":\"[:en]No Contract No Hidden Fees Sachse Electric Company[:es]Sin contrato, sin cargos ocultos, Sachse Electric Company[:] - Pronto Power\",\"isPartOf\":{\"@id\":\"https:\\\/\\\/powermepronto.com\\\/en\\\/#website\"},\"datePublished\":\"2024-08-02T12:47:07+00:00\",\"breadcrumb\":{\"@id\":\"https:\\\/\\\/powermepronto.com\\\/cheap-electricity-with-no-deposit-for-all-of-texas\\\/no-contract-no-hidden-fees-sachse-electric-company\\\/#breadcrumb\"},\"inLanguage\":\"es\",\"potentialAction\":[{\"@type\":\"ReadAction\",\"target\":[\"https:\\\/\\\/powermepronto.com\\\/cheap-electricity-with-no-deposit-for-all-of-texas\\\/no-contract-no-hidden-fees-sachse-electric-company\\\/\"]}]},{\"@type\":\"BreadcrumbList\",\"@id\":\"https:\\\/\\\/powermepronto.com\\\/cheap-electricity-with-no-deposit-for-all-of-texas\\\/no-contract-no-hidden-fees-sachse-electric-company\\\/#breadcrumb\",\"itemListElement\":[{\"@type\":\"ListItem\",\"position\":1,\"name\":\"Home\",\"item\":\"https:\\\/\\\/powermepronto.com\\\/en\\\/\"},{\"@type\":\"ListItem\",\"position\":2,\"name\":\"Cheap Electricity with No Deposit for All of Texas\",\"item\":\"https:\\\/\\\/powermepronto.com\\\/cheap-electricity-with-no-deposit-for-all-of-texas\\\/\"},{\"@type\":\"ListItem\",\"position\":3,\"name\":\"No Contract No Hidden Fees Sachse Electric Company\"}]},{\"@type\":\"WebSite\",\"@id\":\"https:\\\/\\\/powermepronto.com\\\/en\\\/#website\",\"url\":\"https:\\\/\\\/powermepronto.com\\\/en\\\/\",\"name\":\"Pronto Power\",\"description\":\"\",\"potentialAction\":[{\"@type\":\"SearchAction\",\"target\":{\"@type\":\"EntryPoint\",\"urlTemplate\":\"https:\\\/\\\/powermepronto.com\\\/en\\\/?s={search_term_string}\"},\"query-input\":{\"@type\":\"PropertyValueSpecification\",\"valueRequired\":true,\"valueName\":\"search_term_string\"}}],\"inLanguage\":\"es\"}]}<\/script>\n<!-- \/ Yoast SEO plugin. -->","yoast_head_json":{"title":"[:en]No Contract No Hidden Fees Sachse Electric Company[:es]Sin contrato, sin cargos ocultos, Sachse Electric Company[:] - Pronto Power","robots":{"index":"index","follow":"follow","max-snippet":"max-snippet:-1","max-image-preview":"max-image-preview:large","max-video-preview":"max-video-preview:-1"},"canonical":"https:\/\/powermepronto.com\/cheap-electricity-with-no-deposit-for-all-of-texas\/no-contract-no-hidden-fees-sachse-electric-company\/","og_locale":"es_ES","og_type":"article","og_title":"[:en]No Contract No Hidden Fees Sachse Electric Company[:es]Sin contrato, sin cargos ocultos, Sachse Electric Company[:] - Pronto Power","og_description":"Pronto Power hace que sea m\u00e1s f\u00e1cil que nunca comparar precios y encontrar la compa\u00f1\u00eda el\u00e9ctrica Sachse perfecta para sus necesidades. A diferencia de otros proveedores de electricidad, ofrecemos un servicio de prepago que elimina la necesidad de un contrato, una tarifa de inicio, un mes de pago por adelantado, un dep\u00f3sito o cualquier tarifa &hellip; Continue reading Sin contrato, sin cargos ocultos, Sachse Electric Company","og_url":"https:\/\/powermepronto.com\/cheap-electricity-with-no-deposit-for-all-of-texas\/no-contract-no-hidden-fees-sachse-electric-company\/","og_site_name":"Pronto Power","twitter_card":"summary_large_image","twitter_misc":{"Tiempo de lectura":"5 minutos"},"schema":{"@context":"https:\/\/schema.org","@graph":[{"@type":"WebPage","@id":"https:\/\/powermepronto.com\/cheap-electricity-with-no-deposit-for-all-of-texas\/no-contract-no-hidden-fees-sachse-electric-company\/","url":"https:\/\/powermepronto.com\/cheap-electricity-with-no-deposit-for-all-of-texas\/no-contract-no-hidden-fees-sachse-electric-company\/","name":"[:en]No Contract No Hidden Fees Sachse Electric Company[:es]Sin contrato, sin cargos ocultos, Sachse Electric Company[:] - Pronto Power","isPartOf":{"@id":"https:\/\/powermepronto.com\/en\/#website"},"datePublished":"2024-08-02T12:47:07+00:00","breadcrumb":{"@id":"https:\/\/powermepronto.com\/cheap-electricity-with-no-deposit-for-all-of-texas\/no-contract-no-hidden-fees-sachse-electric-company\/#breadcrumb"},"inLanguage":"es","potentialAction":[{"@type":"ReadAction","target":["https:\/\/powermepronto.com\/cheap-electricity-with-no-deposit-for-all-of-texas\/no-contract-no-hidden-fees-sachse-electric-company\/"]}]},{"@type":"BreadcrumbList","@id":"https:\/\/powermepronto.com\/cheap-electricity-with-no-deposit-for-all-of-texas\/no-contract-no-hidden-fees-sachse-electric-company\/#breadcrumb","itemListElement":[{"@type":"ListItem","position":1,"name":"Home","item":"https:\/\/powermepronto.com\/en\/"},{"@type":"ListItem","position":2,"name":"Cheap Electricity with No Deposit for All of Texas","item":"https:\/\/powermepronto.com\/cheap-electricity-with-no-deposit-for-all-of-texas\/"},{"@type":"ListItem","position":3,"name":"No Contract No Hidden Fees Sachse Electric Company"}]},{"@type":"WebSite","@id":"https:\/\/powermepronto.com\/en\/#website","url":"https:\/\/powermepronto.com\/en\/","name":"Pronto Power","description":"","potentialAction":[{"@type":"SearchAction","target":{"@type":"EntryPoint","urlTemplate":"https:\/\/powermepronto.com\/en\/?s={search_term_string}"},"query-input":{"@type":"PropertyValueSpecification","valueRequired":true,"valueName":"search_term_string"}}],"inLanguage":"es"}]}},"_links":{"self":[{"href":"https:\/\/powermepronto.com\/es\/wp-json\/wp\/v2\/pages\/4103","targetHints":{"allow":["GET"]}}],"collection":[{"href":"https:\/\/powermepronto.com\/es\/wp-json\/wp\/v2\/pages"}],"about":[{"href":"https:\/\/powermepronto.com\/es\/wp-json\/wp\/v2\/types\/page"}],"author":[{"embeddable":true,"href":"https:\/\/powermepronto.com\/es\/wp-json\/wp\/v2\/users\/1"}],"replies":[{"embeddable":true,"href":"https:\/\/powermepronto.com\/es\/wp-json\/wp\/v2\/comments?post=4103"}],"version-history":[{"count":1,"href":"https:\/\/powermepronto.com\/es\/wp-json\/wp\/v2\/pages\/4103\/revisions"}],"predecessor-version":[{"id":4104,"href":"https:\/\/powermepronto.com\/es\/wp-json\/wp\/v2\/pages\/4103\/revisions\/4104"}],"up":[{"embeddable":true,"href":"https:\/\/powermepronto.com\/es\/wp-json\/wp\/v2\/pages\/128"}],"wp:attachment":[{"href":"https:\/\/powermepronto.com\/es\/wp-json\/wp\/v2\/media?parent=4103"}],"curies":[{"name":"wp","href":"https:\/\/api.w.org\/{rel}","templated":true}]}}