{"id":4035,"date":"2024-03-05T07:51:06","date_gmt":"2024-03-05T13:51:06","guid":{"rendered":"https:\/\/powermepronto.com\/?page_id=4035"},"modified":"2024-03-05T07:51:06","modified_gmt":"2024-03-05T13:51:06","slug":"allen-no-contract-power-quick-hassle-free-and-affordable","status":"publish","type":"page","link":"https:\/\/powermepronto.com\/es\/get-the-cheapest-allen-no-deposit-electricity-around\/allen-no-contract-power-quick-hassle-free-and-affordable\/","title":{"rendered":"Sin Contrato en Allen: R\u00e1pido, Sin Complicaciones y Asequible"},"content":{"rendered":"<p><span style=\"font-weight: 400;\"><\/span><\/p>\n<p>&nbsp;<\/p>\n<p><span style=\"font-weight: 400;\">Cuando comienza el servicio el\u00e9ctrico con la mayor\u00eda de las empresas, se le aplicar\u00e1 una verificaci\u00f3n de cr\u00e9dito, que a menudo genera un dep\u00f3sito, antes de que pueda comenzar el servicio. Luego, la empresa quiere que firmes un contrato con mucha letra peque\u00f1a, pagues una tarifa inicial y te cobren un mes por adelantado por tu servicio.<\/span><\/p>\n<p><span style=\"font-weight: 400;\">Pronto Power es diferente. Su proveedor de energ\u00eda sin contrato de Allen, Pronto Power, ofrece servicio el\u00e9ctrico prepago que nunca requiere dep\u00f3sito. Tambi\u00e9n paga mes a mes sin contrato; puede cancelar el servicio en cualquier momento que desee. Es por eso que nuestro equipo de atenci\u00f3n al cliente trabaja con todos nuestros clientes para asegurarse de que su servicio sea incre\u00edble.<\/span><\/p>\n<p>&nbsp;<\/p>\n<h2><b>Inicio R\u00e1pido del Servicio<\/b><\/h2>\n<p>&nbsp;<\/p>\n<p><span style=\"font-weight: 400;\">\u201cConectado en una hora\u201d es m\u00e1s que un eslogan; as\u00ed de r\u00e1pido puede tener energ\u00eda cuando se registra para recibir el servicio. Todo lo que necesita hacer es llamar al 844-621-2852 y hablar con uno de nuestros representantes de servicio al cliente de calidad. Estaremos encantados de ayudarle a configurar el servicio descargando una aplicaci\u00f3n y agregando fondos iniciales a su cuenta. Estos fondos son para que usted pague por su servicio.<\/span><\/p>\n<p>&nbsp;<\/p>\n<p><span style=\"font-weight: 400;\">Debido a que la mayor\u00eda (98%) de los hogares en Texas cuentan con un medidor inteligente, activar el servicio de Pronto Power realmente puede comenzar en una hora.<\/span><\/p>\n<p>&nbsp;<\/p>\n<h2><b>Gesti\u00f3n de Cuentas sin Complicaciones<\/b><\/h2>\n<p>&nbsp;<\/p>\n<p><span style=\"font-weight: 400;\">Nunca cobramos un dep\u00f3sito a nuestros clientes de prepago y nunca realizamos una verificaci\u00f3n de cr\u00e9dito. Esto nos ahorra tiempo y a usted el dolor de cabeza de esperar para saber si necesita pagar un dep\u00f3sito. Sin necesidad de una verificaci\u00f3n de cr\u00e9dito, tampoco le solicitamos su n\u00famero de seguro social.<\/span><\/p>\n<p>&nbsp;<\/p>\n<p><span style=\"font-weight: 400;\">El servicio prepago significa que no tendr\u00e1 una factura enorme al final de cada mes. Usted paga por su servicio a medida que lo usa, y un mensaje de texto o correo electr\u00f3nico cada ma\u00f1ana le informa la cantidad de kilovatios-hora que ha usado junto con la cantidad de dinero en su cuenta. T\u00fa tomas la decisi\u00f3n de si quieres agregar fondos o no.<\/span><\/p>\n<p>&nbsp;<\/p>\n<p><span style=\"font-weight: 400;\">Siempre que tenga al menos un centavo en su cuenta, su cuenta se considera vigente. Agregar fondos es f\u00e1cil: puede transferir dinero directamente a la aplicaci\u00f3n o llamar al 844 621-2852. Tambi\u00e9n decides cu\u00e1nto dinero deseas agregar y si deseas pagar diariamente, semanalmente o cuando te paguen.<\/span><\/p>\n<p>&nbsp;<\/p>\n<p><span style=\"font-weight: 400;\">Si alguna vez se encuentra en un aprieto y no puede pagar su factura cuando el monto en su cuenta es cr\u00edticamente bajo, llame a nuestro equipo de servicio al cliente antes de la 1:00 para diferir la facturaci\u00f3n hasta su pr\u00f3ximo cheque de pago. Este servicio es gratuito sin cargos por reconexi\u00f3n ni cargos por pagos atrasados.<\/span><\/p>\n<p>&nbsp;<\/p>\n<h2><b>Energ\u00eda Prepaga Asequible<\/b><\/h2>\n<p>&nbsp;<\/p>\n<p><span style=\"font-weight: 400;\">Cuando Pronto Power afirma que tiene las tarifas m\u00e1s bajas de Texas, lo decimos en serio. Si bien algunas empresas pueden ofrecer tarifas especiales \u201cintroductorias\u201d, esas tarifas a menudo aumentan dr\u00e1sticamente al final de un mes de servicio. Para entonces, sus clientes han firmado un contrato de un a\u00f1o y est\u00e1n atrapados en un servicio con tarifas por minuto exorbitantes. Comparando manzanas con manzanas, Pronto Power es claramente el l\u00edder en gran potencia al mejor precio.<\/span><\/p>\n<p>&nbsp;<\/p>\n<p><span style=\"font-weight: 400;\">Obtenga m\u00e1s informaci\u00f3n sobre su l\u00edder en energ\u00eda sin contrato de Allen, Pronto Power, llamando hoy al 844 621-2852. Esperamos darle la bienvenida a la familia Pronto Power.<\/span><\/p>\n<p class=\"p1\"><\/p>","protected":false},"excerpt":{"rendered":"<p>&nbsp; Cuando comienza el servicio el\u00e9ctrico con la mayor\u00eda de las empresas, se le aplicar\u00e1 una verificaci\u00f3n de cr\u00e9dito, que a menudo genera un dep\u00f3sito, antes de que pueda comenzar el servicio. Luego, la empresa quiere que firmes un contrato con mucha letra peque\u00f1a, pagues una tarifa inicial y te cobren un mes por adelantado &hellip; <a href=\"https:\/\/powermepronto.com\/es\/get-the-cheapest-allen-no-deposit-electricity-around\/allen-no-contract-power-quick-hassle-free-and-affordable\/\" class=\"more-link\">Continue reading <span class=\"screen-reader-text\">Sin Contrato en Allen: R\u00e1pido, Sin Complicaciones y Asequible<\/span><\/a><\/p>\n","protected":false},"author":1,"featured_media":0,"parent":3814,"menu_order":0,"comment_status":"closed","ping_status":"closed","template":"","meta":{"_acf_changed":false,"_glsr_average":0,"_glsr_ranking":0,"_glsr_reviews":0,"footnotes":"","_links_to":"","_links_to_target":""},"class_list":["post-4035","page","type-page","status-publish","hentry"],"acf":[],"yoast_head":"<!-- This site is optimized with the Yoast SEO plugin v27.6 - https:\/\/yoast.com\/product\/yoast-seo-wordpress\/ -->\n<title>Sin Contrato en Allen: R\u00e1pido, Sin Complicaciones y Asequible - Pronto Power<\/title>\n<meta name=\"description\" content=\"Learn more about your Allen no contract power leader, Pronto Power, by calling 844 621-2852 today.\" \/>\n<meta name=\"robots\" content=\"index, follow, max-snippet:-1, max-image-preview:large, max-video-preview:-1\" \/>\n<link rel=\"canonical\" href=\"https:\/\/powermepronto.com\/get-the-cheapest-allen-no-deposit-electricity-around\/allen-no-contract-power-quick-hassle-free-and-affordable\/\" \/>\n<meta property=\"og:locale\" content=\"es_ES\" \/>\n<meta property=\"og:type\" content=\"article\" \/>\n<meta property=\"og:title\" content=\"[:en]Allen No Contract Power: Quick, Hassle-Free, and Affordable[:es]Sin Contrato en Allen: R\u00e1pido, Sin Complicaciones y Asequible[:] - Pronto Power\" \/>\n<meta property=\"og:description\" content=\"Learn more about your Allen no contract power leader, Pronto Power, by calling 844 621-2852 today.\" \/>\n<meta property=\"og:url\" content=\"https:\/\/powermepronto.com\/get-the-cheapest-allen-no-deposit-electricity-around\/allen-no-contract-power-quick-hassle-free-and-affordable\/\" \/>\n<meta property=\"og:site_name\" content=\"Pronto Power\" \/>\n<meta name=\"twitter:card\" content=\"summary_large_image\" \/>\n<meta name=\"twitter:label1\" content=\"Tiempo de lectura\" \/>\n\t<meta name=\"twitter:data1\" content=\"5 minutos\" \/>\n<script type=\"application\/ld+json\" class=\"yoast-schema-graph\">{\"@context\":\"https:\\\/\\\/schema.org\",\"@graph\":[{\"@type\":\"WebPage\",\"@id\":\"https:\\\/\\\/powermepronto.com\\\/get-the-cheapest-allen-no-deposit-electricity-around\\\/allen-no-contract-power-quick-hassle-free-and-affordable\\\/\",\"url\":\"https:\\\/\\\/powermepronto.com\\\/get-the-cheapest-allen-no-deposit-electricity-around\\\/allen-no-contract-power-quick-hassle-free-and-affordable\\\/\",\"name\":\"[:en]Allen No Contract Power: Quick, Hassle-Free, and Affordable[:es]Sin Contrato en Allen: R\u00e1pido, Sin Complicaciones y Asequible[:] - Pronto Power\",\"isPartOf\":{\"@id\":\"https:\\\/\\\/powermepronto.com\\\/en\\\/#website\"},\"datePublished\":\"2024-03-05T13:51:06+00:00\",\"description\":\"Learn more about your Allen no contract power leader, Pronto Power, by calling 844 621-2852 today.\",\"breadcrumb\":{\"@id\":\"https:\\\/\\\/powermepronto.com\\\/get-the-cheapest-allen-no-deposit-electricity-around\\\/allen-no-contract-power-quick-hassle-free-and-affordable\\\/#breadcrumb\"},\"inLanguage\":\"es\",\"potentialAction\":[{\"@type\":\"ReadAction\",\"target\":[\"https:\\\/\\\/powermepronto.com\\\/get-the-cheapest-allen-no-deposit-electricity-around\\\/allen-no-contract-power-quick-hassle-free-and-affordable\\\/\"]}]},{\"@type\":\"BreadcrumbList\",\"@id\":\"https:\\\/\\\/powermepronto.com\\\/get-the-cheapest-allen-no-deposit-electricity-around\\\/allen-no-contract-power-quick-hassle-free-and-affordable\\\/#breadcrumb\",\"itemListElement\":[{\"@type\":\"ListItem\",\"position\":1,\"name\":\"Home\",\"item\":\"https:\\\/\\\/powermepronto.com\\\/en\\\/\"},{\"@type\":\"ListItem\",\"position\":2,\"name\":\"Get the Cheapest Allen No Deposit Electricity Around\",\"item\":\"https:\\\/\\\/powermepronto.com\\\/get-the-cheapest-allen-no-deposit-electricity-around\\\/\"},{\"@type\":\"ListItem\",\"position\":3,\"name\":\"Allen No Contract Power: Quick, Hassle-Free, and Affordable\"}]},{\"@type\":\"WebSite\",\"@id\":\"https:\\\/\\\/powermepronto.com\\\/en\\\/#website\",\"url\":\"https:\\\/\\\/powermepronto.com\\\/en\\\/\",\"name\":\"Pronto Power\",\"description\":\"\",\"potentialAction\":[{\"@type\":\"SearchAction\",\"target\":{\"@type\":\"EntryPoint\",\"urlTemplate\":\"https:\\\/\\\/powermepronto.com\\\/en\\\/?s={search_term_string}\"},\"query-input\":{\"@type\":\"PropertyValueSpecification\",\"valueRequired\":true,\"valueName\":\"search_term_string\"}}],\"inLanguage\":\"es\"}]}<\/script>\n<!-- \/ Yoast SEO plugin. -->","yoast_head_json":{"title":"[:en]Allen No Contract Power: Quick, Hassle-Free, and Affordable[:es]Sin Contrato en Allen: R\u00e1pido, Sin Complicaciones y Asequible[:] - Pronto Power","description":"Learn more about your Allen no contract power leader, Pronto Power, by calling 844 621-2852 today.","robots":{"index":"index","follow":"follow","max-snippet":"max-snippet:-1","max-image-preview":"max-image-preview:large","max-video-preview":"max-video-preview:-1"},"canonical":"https:\/\/powermepronto.com\/get-the-cheapest-allen-no-deposit-electricity-around\/allen-no-contract-power-quick-hassle-free-and-affordable\/","og_locale":"es_ES","og_type":"article","og_title":"[:en]Allen No Contract Power: Quick, Hassle-Free, and Affordable[:es]Sin Contrato en Allen: R\u00e1pido, Sin Complicaciones y Asequible[:] - Pronto Power","og_description":"Learn more about your Allen no contract power leader, Pronto Power, by calling 844 621-2852 today.","og_url":"https:\/\/powermepronto.com\/get-the-cheapest-allen-no-deposit-electricity-around\/allen-no-contract-power-quick-hassle-free-and-affordable\/","og_site_name":"Pronto Power","twitter_card":"summary_large_image","twitter_misc":{"Tiempo de lectura":"5 minutos"},"schema":{"@context":"https:\/\/schema.org","@graph":[{"@type":"WebPage","@id":"https:\/\/powermepronto.com\/get-the-cheapest-allen-no-deposit-electricity-around\/allen-no-contract-power-quick-hassle-free-and-affordable\/","url":"https:\/\/powermepronto.com\/get-the-cheapest-allen-no-deposit-electricity-around\/allen-no-contract-power-quick-hassle-free-and-affordable\/","name":"[:en]Allen No Contract Power: Quick, Hassle-Free, and Affordable[:es]Sin Contrato en Allen: R\u00e1pido, Sin Complicaciones y Asequible[:] - Pronto Power","isPartOf":{"@id":"https:\/\/powermepronto.com\/en\/#website"},"datePublished":"2024-03-05T13:51:06+00:00","description":"Learn more about your Allen no contract power leader, Pronto Power, by calling 844 621-2852 today.","breadcrumb":{"@id":"https:\/\/powermepronto.com\/get-the-cheapest-allen-no-deposit-electricity-around\/allen-no-contract-power-quick-hassle-free-and-affordable\/#breadcrumb"},"inLanguage":"es","potentialAction":[{"@type":"ReadAction","target":["https:\/\/powermepronto.com\/get-the-cheapest-allen-no-deposit-electricity-around\/allen-no-contract-power-quick-hassle-free-and-affordable\/"]}]},{"@type":"BreadcrumbList","@id":"https:\/\/powermepronto.com\/get-the-cheapest-allen-no-deposit-electricity-around\/allen-no-contract-power-quick-hassle-free-and-affordable\/#breadcrumb","itemListElement":[{"@type":"ListItem","position":1,"name":"Home","item":"https:\/\/powermepronto.com\/en\/"},{"@type":"ListItem","position":2,"name":"Get the Cheapest Allen No Deposit Electricity Around","item":"https:\/\/powermepronto.com\/get-the-cheapest-allen-no-deposit-electricity-around\/"},{"@type":"ListItem","position":3,"name":"Allen No Contract Power: Quick, Hassle-Free, and Affordable"}]},{"@type":"WebSite","@id":"https:\/\/powermepronto.com\/en\/#website","url":"https:\/\/powermepronto.com\/en\/","name":"Pronto Power","description":"","potentialAction":[{"@type":"SearchAction","target":{"@type":"EntryPoint","urlTemplate":"https:\/\/powermepronto.com\/en\/?s={search_term_string}"},"query-input":{"@type":"PropertyValueSpecification","valueRequired":true,"valueName":"search_term_string"}}],"inLanguage":"es"}]}},"_links":{"self":[{"href":"https:\/\/powermepronto.com\/es\/wp-json\/wp\/v2\/pages\/4035","targetHints":{"allow":["GET"]}}],"collection":[{"href":"https:\/\/powermepronto.com\/es\/wp-json\/wp\/v2\/pages"}],"about":[{"href":"https:\/\/powermepronto.com\/es\/wp-json\/wp\/v2\/types\/page"}],"author":[{"embeddable":true,"href":"https:\/\/powermepronto.com\/es\/wp-json\/wp\/v2\/users\/1"}],"replies":[{"embeddable":true,"href":"https:\/\/powermepronto.com\/es\/wp-json\/wp\/v2\/comments?post=4035"}],"version-history":[{"count":1,"href":"https:\/\/powermepronto.com\/es\/wp-json\/wp\/v2\/pages\/4035\/revisions"}],"predecessor-version":[{"id":4036,"href":"https:\/\/powermepronto.com\/es\/wp-json\/wp\/v2\/pages\/4035\/revisions\/4036"}],"up":[{"embeddable":true,"href":"https:\/\/powermepronto.com\/es\/wp-json\/wp\/v2\/pages\/3814"}],"wp:attachment":[{"href":"https:\/\/powermepronto.com\/es\/wp-json\/wp\/v2\/media?parent=4035"}],"curies":[{"name":"wp","href":"https:\/\/api.w.org\/{rel}","templated":true}]}}