{"id":4029,"date":"2024-03-05T07:41:19","date_gmt":"2024-03-05T13:41:19","guid":{"rendered":"https:\/\/powermepronto.com\/?page_id=4029"},"modified":"2024-03-05T07:41:19","modified_gmt":"2024-03-05T13:41:19","slug":"switch-to-southlake-prepaid-power-and-skip-the-deposit","status":"publish","type":"page","link":"https:\/\/powermepronto.com\/es\/the-cheapest-no-deposit-electricity-in-southlake\/switch-to-southlake-prepaid-power-and-skip-the-deposit\/","title":{"rendered":"Cambie a Southlake Prepaid Power y Omita el Dep\u00f3sito"},"content":{"rendered":"<p><span style=\"font-weight: 400;\"><\/span><\/p>\n<p>&nbsp;<\/p>\n<p><span style=\"font-weight: 400;\">Los dep\u00f3sitos acechan por todas partes. Parece que cada vez que intenta iniciar un nuevo servicio, recibe una verificaci\u00f3n de cr\u00e9dito, un mes de anticipaci\u00f3n, cargos ocultos, letra peque\u00f1a y un dep\u00f3sito. Lo que pensaba que iba a ser un simple cambio resulta costar varios cientos de d\u00f3lares. Si tan solo hubiera otra manera.<\/span><\/p>\n<p>&nbsp;<\/p>\n<p><span style=\"font-weight: 400;\">\u00a1Presentamos Pronto Power, el l\u00edder en energ\u00eda prepaga de Southlake! Pronto Power permite a los clientes omitir la verificaci\u00f3n de cr\u00e9dito y el dep\u00f3sito y dirigirse directamente al mejor servicio al precio m\u00e1s bajo. \u00bfCargos ocultos y letra peque\u00f1a? \u00a1De ninguna manera! No vinculamos a nuestros clientes a un contrato y nos aseguramos de que toda su transacci\u00f3n sea transparente: usted estar\u00e1 informado en cada paso del camino sobre qu\u00e9 esperar de su dinero.<\/span><\/p>\n<p>&nbsp;<\/p>\n<h2><b>\u00a1Sin dep\u00f3sito, no hay problema!<\/b><\/h2>\n<p>&nbsp;<\/p>\n<p><span style=\"font-weight: 400;\">Muchas compa\u00f1\u00edas el\u00e9ctricas realizan una verificaci\u00f3n de cr\u00e9dito de sus clientes para ver si requieren un dep\u00f3sito. En Pronto Power, nunca solicitamos un n\u00famero de seguro social y no nos molestamos en realizar una verificaci\u00f3n de cr\u00e9dito. En cambio, nuestros clientes pagan por su servicio por adelantado y la cantidad que agregan a sus cuentas depende de ellos. Si desea agregar $20 a la vez, adelante. Mientras su cuenta est\u00e9 por encima de cero, la energ\u00eda permanecer\u00e1 encendida y podr\u00e1 disfrutar de las comodidades de la electricidad. Pagar por adelantado significa que su factura siempre est\u00e1 actualizada, lo que significa que Pronto Power no tiene que depender de un dep\u00f3sito para compensar las facturas impagas. \u00a1Todos ganan!<\/span><\/p>\n<p>&nbsp;<\/p>\n<h2><b>Seguimiento de su uso<\/b><\/h2>\n<p><span style=\"font-weight: 400;\">Todas las ma\u00f1anas, Pronto Power se comunica con usted por mensaje de texto o correo electr\u00f3nico, o ambos. Nuestro equipo de atenci\u00f3n al cliente establece correspondencia diaria para informarle su saldo actual y su consumo de electricidad. Pagas online en cualquier momento.<\/span><\/p>\n<p><span style=\"font-weight: 400;\">Algunos meses de gastos inesperados le impiden pagar su factura a tiempo. Pronto Power entiende y trabajar\u00e1 con usted y diferir\u00e1 su pago hasta su pr\u00f3ximo cheque de pago. Simplemente ll\u00e1menos antes de la 1:00 cuando reciba un mensaje de texto explicando que es necesario agregar fondos. Este servicio gratuito brinda tranquilidad y no incurre en cargos por pagos atrasados ni cargos ocultos.<\/span><\/p>\n<p>&nbsp;<\/p>\n<h2><b>Servicio amable en Pronto Power<\/b><\/h2>\n<p>&nbsp;<\/p>\n<p><span style=\"font-weight: 400;\">Le encantar\u00e1n los amables representantes de servicio al cliente de Pronto Power. Nuestro equipo capacitado le ense\u00f1a c\u00f3mo leer su medidor inteligente directamente desde su tel\u00e9fono en tiempo real. Abra la aplicaci\u00f3n y vea qu\u00e9 tan r\u00e1pido est\u00e1 funcionando su medidor. Encienda la lavadora y observe c\u00f3mo aumenta el consumo de energ\u00eda. Apague el lavavajillas y observe c\u00f3mo bajan los n\u00fameros. T\u00fa tomas las decisiones.<\/span><\/p>\n<p><span style=\"font-weight: 400;\">Los clientes que son conscientes de c\u00f3mo consumen electricidad gastan menos y eso beneficia a todos. Al ser consciente de cu\u00e1nta energ\u00eda desperdiciada utiliza su refrigerador, por ejemplo, es posible que desee repararlo o invertir en un nuevo electrodom\u00e9stico que ahorre energ\u00eda. Los electrodom\u00e9sticos nuevos a menudo pueden amortizarse en menos de un a\u00f1o utilizando mucha menos energ\u00eda.<\/span><\/p>\n<p><span style=\"font-weight: 400;\">El mejor lugar al que acudir para obtener energ\u00eda prepaga de Southlake es Pronto Power. Le ahorramos la mayor cantidad de dinero cada mes. Llame a nuestros profesionales de servicio al cliente al 844 621-2852 hoy para comenzar a ahorrar en su pr\u00f3xima factura de electricidad.<\/span><\/p>\n<p class=\"p1\"><\/p>","protected":false},"excerpt":{"rendered":"<p>&nbsp; Los dep\u00f3sitos acechan por todas partes. Parece que cada vez que intenta iniciar un nuevo servicio, recibe una verificaci\u00f3n de cr\u00e9dito, un mes de anticipaci\u00f3n, cargos ocultos, letra peque\u00f1a y un dep\u00f3sito. Lo que pensaba que iba a ser un simple cambio resulta costar varios cientos de d\u00f3lares. Si tan solo hubiera otra manera. &hellip; <a href=\"https:\/\/powermepronto.com\/es\/the-cheapest-no-deposit-electricity-in-southlake\/switch-to-southlake-prepaid-power-and-skip-the-deposit\/\" class=\"more-link\">Continue reading <span class=\"screen-reader-text\">Cambie a Southlake Prepaid Power y Omita el Dep\u00f3sito<\/span><\/a><\/p>\n","protected":false},"author":1,"featured_media":0,"parent":2178,"menu_order":0,"comment_status":"closed","ping_status":"closed","template":"","meta":{"_acf_changed":false,"_glsr_average":0,"_glsr_ranking":0,"_glsr_reviews":0,"footnotes":"","_links_to":"","_links_to_target":""},"class_list":["post-4029","page","type-page","status-publish","hentry"],"acf":[],"yoast_head":"<!-- This site is optimized with the Yoast SEO plugin v27.4 - https:\/\/yoast.com\/product\/yoast-seo-wordpress\/ -->\n<title>Cambie a Southlake Prepaid Power y Omita el Dep\u00f3sito - Pronto Power<\/title>\n<meta name=\"description\" content=\"The ultimate place to go for Southlake prepaid power is Pronto Power. Call our customer service professionals at 844 621-2852 today.\" \/>\n<meta name=\"robots\" content=\"index, follow, max-snippet:-1, max-image-preview:large, max-video-preview:-1\" \/>\n<link rel=\"canonical\" href=\"https:\/\/powermepronto.com\/the-cheapest-no-deposit-electricity-in-southlake\/switch-to-southlake-prepaid-power-and-skip-the-deposit\/\" \/>\n<meta property=\"og:locale\" content=\"es_ES\" \/>\n<meta property=\"og:type\" content=\"article\" \/>\n<meta property=\"og:title\" content=\"[:en]Switch to Southlake Prepaid Power and Skip the Deposit[:es]Cambie a Southlake Prepaid Power y Omita el Dep\u00f3sito[:] - Pronto Power\" \/>\n<meta property=\"og:description\" content=\"The ultimate place to go for Southlake prepaid power is Pronto Power. Call our customer service professionals at 844 621-2852 today.\" \/>\n<meta property=\"og:url\" content=\"https:\/\/powermepronto.com\/the-cheapest-no-deposit-electricity-in-southlake\/switch-to-southlake-prepaid-power-and-skip-the-deposit\/\" \/>\n<meta property=\"og:site_name\" content=\"Pronto Power\" \/>\n<meta name=\"twitter:card\" content=\"summary_large_image\" \/>\n<meta name=\"twitter:label1\" content=\"Tiempo de lectura\" \/>\n\t<meta name=\"twitter:data1\" content=\"5 minutos\" \/>\n<script type=\"application\/ld+json\" class=\"yoast-schema-graph\">{\"@context\":\"https:\\\/\\\/schema.org\",\"@graph\":[{\"@type\":\"WebPage\",\"@id\":\"https:\\\/\\\/powermepronto.com\\\/the-cheapest-no-deposit-electricity-in-southlake\\\/switch-to-southlake-prepaid-power-and-skip-the-deposit\\\/\",\"url\":\"https:\\\/\\\/powermepronto.com\\\/the-cheapest-no-deposit-electricity-in-southlake\\\/switch-to-southlake-prepaid-power-and-skip-the-deposit\\\/\",\"name\":\"[:en]Switch to Southlake Prepaid Power and Skip the Deposit[:es]Cambie a Southlake Prepaid Power y Omita el Dep\u00f3sito[:] - Pronto Power\",\"isPartOf\":{\"@id\":\"https:\\\/\\\/powermepronto.com\\\/en\\\/#website\"},\"datePublished\":\"2024-03-05T13:41:19+00:00\",\"description\":\"The ultimate place to go for Southlake prepaid power is Pronto Power. Call our customer service professionals at 844 621-2852 today.\",\"breadcrumb\":{\"@id\":\"https:\\\/\\\/powermepronto.com\\\/the-cheapest-no-deposit-electricity-in-southlake\\\/switch-to-southlake-prepaid-power-and-skip-the-deposit\\\/#breadcrumb\"},\"inLanguage\":\"es\",\"potentialAction\":[{\"@type\":\"ReadAction\",\"target\":[\"https:\\\/\\\/powermepronto.com\\\/the-cheapest-no-deposit-electricity-in-southlake\\\/switch-to-southlake-prepaid-power-and-skip-the-deposit\\\/\"]}]},{\"@type\":\"BreadcrumbList\",\"@id\":\"https:\\\/\\\/powermepronto.com\\\/the-cheapest-no-deposit-electricity-in-southlake\\\/switch-to-southlake-prepaid-power-and-skip-the-deposit\\\/#breadcrumb\",\"itemListElement\":[{\"@type\":\"ListItem\",\"position\":1,\"name\":\"Home\",\"item\":\"https:\\\/\\\/powermepronto.com\\\/en\\\/\"},{\"@type\":\"ListItem\",\"position\":2,\"name\":\"The Cheapest No-Deposit Electricity in Southlake\",\"item\":\"https:\\\/\\\/powermepronto.com\\\/the-cheapest-no-deposit-electricity-in-southlake\\\/\"},{\"@type\":\"ListItem\",\"position\":3,\"name\":\"Switch to Southlake Prepaid Power and Skip the Deposit\"}]},{\"@type\":\"WebSite\",\"@id\":\"https:\\\/\\\/powermepronto.com\\\/en\\\/#website\",\"url\":\"https:\\\/\\\/powermepronto.com\\\/en\\\/\",\"name\":\"Pronto Power\",\"description\":\"\",\"potentialAction\":[{\"@type\":\"SearchAction\",\"target\":{\"@type\":\"EntryPoint\",\"urlTemplate\":\"https:\\\/\\\/powermepronto.com\\\/en\\\/?s={search_term_string}\"},\"query-input\":{\"@type\":\"PropertyValueSpecification\",\"valueRequired\":true,\"valueName\":\"search_term_string\"}}],\"inLanguage\":\"es\"}]}<\/script>\n<!-- \/ Yoast SEO plugin. -->","yoast_head_json":{"title":"[:en]Switch to Southlake Prepaid Power and Skip the Deposit[:es]Cambie a Southlake Prepaid Power y Omita el Dep\u00f3sito[:] - Pronto Power","description":"The ultimate place to go for Southlake prepaid power is Pronto Power. Call our customer service professionals at 844 621-2852 today.","robots":{"index":"index","follow":"follow","max-snippet":"max-snippet:-1","max-image-preview":"max-image-preview:large","max-video-preview":"max-video-preview:-1"},"canonical":"https:\/\/powermepronto.com\/the-cheapest-no-deposit-electricity-in-southlake\/switch-to-southlake-prepaid-power-and-skip-the-deposit\/","og_locale":"es_ES","og_type":"article","og_title":"[:en]Switch to Southlake Prepaid Power and Skip the Deposit[:es]Cambie a Southlake Prepaid Power y Omita el Dep\u00f3sito[:] - Pronto Power","og_description":"The ultimate place to go for Southlake prepaid power is Pronto Power. Call our customer service professionals at 844 621-2852 today.","og_url":"https:\/\/powermepronto.com\/the-cheapest-no-deposit-electricity-in-southlake\/switch-to-southlake-prepaid-power-and-skip-the-deposit\/","og_site_name":"Pronto Power","twitter_card":"summary_large_image","twitter_misc":{"Tiempo de lectura":"5 minutos"},"schema":{"@context":"https:\/\/schema.org","@graph":[{"@type":"WebPage","@id":"https:\/\/powermepronto.com\/the-cheapest-no-deposit-electricity-in-southlake\/switch-to-southlake-prepaid-power-and-skip-the-deposit\/","url":"https:\/\/powermepronto.com\/the-cheapest-no-deposit-electricity-in-southlake\/switch-to-southlake-prepaid-power-and-skip-the-deposit\/","name":"[:en]Switch to Southlake Prepaid Power and Skip the Deposit[:es]Cambie a Southlake Prepaid Power y Omita el Dep\u00f3sito[:] - Pronto Power","isPartOf":{"@id":"https:\/\/powermepronto.com\/en\/#website"},"datePublished":"2024-03-05T13:41:19+00:00","description":"The ultimate place to go for Southlake prepaid power is Pronto Power. Call our customer service professionals at 844 621-2852 today.","breadcrumb":{"@id":"https:\/\/powermepronto.com\/the-cheapest-no-deposit-electricity-in-southlake\/switch-to-southlake-prepaid-power-and-skip-the-deposit\/#breadcrumb"},"inLanguage":"es","potentialAction":[{"@type":"ReadAction","target":["https:\/\/powermepronto.com\/the-cheapest-no-deposit-electricity-in-southlake\/switch-to-southlake-prepaid-power-and-skip-the-deposit\/"]}]},{"@type":"BreadcrumbList","@id":"https:\/\/powermepronto.com\/the-cheapest-no-deposit-electricity-in-southlake\/switch-to-southlake-prepaid-power-and-skip-the-deposit\/#breadcrumb","itemListElement":[{"@type":"ListItem","position":1,"name":"Home","item":"https:\/\/powermepronto.com\/en\/"},{"@type":"ListItem","position":2,"name":"The Cheapest No-Deposit Electricity in Southlake","item":"https:\/\/powermepronto.com\/the-cheapest-no-deposit-electricity-in-southlake\/"},{"@type":"ListItem","position":3,"name":"Switch to Southlake Prepaid Power and Skip the Deposit"}]},{"@type":"WebSite","@id":"https:\/\/powermepronto.com\/en\/#website","url":"https:\/\/powermepronto.com\/en\/","name":"Pronto Power","description":"","potentialAction":[{"@type":"SearchAction","target":{"@type":"EntryPoint","urlTemplate":"https:\/\/powermepronto.com\/en\/?s={search_term_string}"},"query-input":{"@type":"PropertyValueSpecification","valueRequired":true,"valueName":"search_term_string"}}],"inLanguage":"es"}]}},"_links":{"self":[{"href":"https:\/\/powermepronto.com\/es\/wp-json\/wp\/v2\/pages\/4029","targetHints":{"allow":["GET"]}}],"collection":[{"href":"https:\/\/powermepronto.com\/es\/wp-json\/wp\/v2\/pages"}],"about":[{"href":"https:\/\/powermepronto.com\/es\/wp-json\/wp\/v2\/types\/page"}],"author":[{"embeddable":true,"href":"https:\/\/powermepronto.com\/es\/wp-json\/wp\/v2\/users\/1"}],"replies":[{"embeddable":true,"href":"https:\/\/powermepronto.com\/es\/wp-json\/wp\/v2\/comments?post=4029"}],"version-history":[{"count":1,"href":"https:\/\/powermepronto.com\/es\/wp-json\/wp\/v2\/pages\/4029\/revisions"}],"predecessor-version":[{"id":4030,"href":"https:\/\/powermepronto.com\/es\/wp-json\/wp\/v2\/pages\/4029\/revisions\/4030"}],"up":[{"embeddable":true,"href":"https:\/\/powermepronto.com\/es\/wp-json\/wp\/v2\/pages\/2178"}],"wp:attachment":[{"href":"https:\/\/powermepronto.com\/es\/wp-json\/wp\/v2\/media?parent=4029"}],"curies":[{"name":"wp","href":"https:\/\/api.w.org\/{rel}","templated":true}]}}