{"id":4005,"date":"2024-02-06T13:10:43","date_gmt":"2024-02-06T19:10:43","guid":{"rendered":"https:\/\/powermepronto.com\/?page_id=4005"},"modified":"2024-02-06T13:10:43","modified_gmt":"2024-02-06T19:10:43","slug":"get-dallas-power-within-the-hour-with-pronto-power","status":"publish","type":"page","link":"https:\/\/powermepronto.com\/es\/dallass-cheapest-prepay-electric-company\/get-dallas-power-within-the-hour-with-pronto-power\/","title":{"rendered":"Obtenga Dallas Power en Una hora con Pronto Power"},"content":{"rendered":"<p><span style=\"font-weight: 400;\"><\/span><\/p>\n<p>&nbsp;<\/p>\n<p><span style=\"font-weight: 400;\">Comenzar el servicio con una compa\u00f1\u00eda el\u00e9ctrica de Dallas o transferir el servicio de una compa\u00f1\u00eda existente parece llevar una eternidad. Llamas a un proveedor de servicios, te ponen en espera, te transfieren varias veces y finalmente contactas a alguien que te dice que tu servicio se conectar\u00e1 el pr\u00f3ximo martes. El lema \u00abEnerg\u00eda en una hora\u00bb de Pronto Power se extiende al 98% de todos los tejanos: si tiene un medidor inteligente, su servicio puede comenzar en 60 minutos.<\/span><\/p>\n<h2><b>Con un servicio tan r\u00e1pido, \u00bfrealmente vale la pena?<\/b><\/h2>\n<p><span style=\"font-weight: 400;\">Muchas compa\u00f1\u00edas el\u00e9ctricas anuncian tarifas muy bajas. Sin embargo, esas tasas bajas se dan durante los primeros meses y luego aumentan bruscamente. Lea la letra peque\u00f1a antes de contratar un servicio con cualquier empresa. Descubrir\u00e1 que Pronto Power no tiene cargos ocultos y, cuando compara manzanas con manzanas, Pronto Power siempre es el ganador.<\/span><\/p>\n<p><span style=\"font-weight: 400;\">Otro elemento a considerar es el contrato. Pronto Power nunca pide a los clientes que firmen un contrato; Puedes desconectar tu servicio en cualquier momento sin penalizaci\u00f3n. Preg\u00fantele a cualquier otro proveedor de energ\u00eda si fijan a sus clientes en un contrato y la respuesta probablemente ser\u00e1 bastante diferente. La lealtad de nuestros clientes es alta porque ofrecemos un excelente servicio al cliente, no porque usted firma un contrato y tiene que ser cliente.<\/span><\/p>\n<h2><b>Buenas noticias: \u00a1No hay dep\u00f3sito cuando comienzas el servicio!<\/b><\/h2>\n<p><span style=\"font-weight: 400;\">Aunque muchas otras compa\u00f1\u00edas el\u00e9ctricas anuncian que no hay dep\u00f3sito para comenzar el servicio, la letra peque\u00f1a indica lo contrario. \u00bfQui\u00e9n puede calificar para electricidad sin dep\u00f3sito con todas esas restricciones? Pronto Power comprende que no todo el mundo tiene un puntaje crediticio perfecto. De hecho, ni siquiera realizamos una verificaci\u00f3n de cr\u00e9dito; No tenemos ning\u00fan inter\u00e9s en saber si usted tiene un cr\u00e9dito excelente o no tan bueno. Debido a que ofrecemos servicio prepago, nunca realizamos una verificaci\u00f3n de cr\u00e9dito y no es necesario realizar un dep\u00f3sito. Pagas tu electricidad a medida que la usas.<\/span><\/p>\n<h2><b>\u00bfCu\u00e1nto cuesta iniciar el servicio?<\/b><\/h2>\n<p><span style=\"font-weight: 400;\">Comenzar el servicio con Pronto Power no es tan costoso como podr\u00eda imaginarse. Pronto Power nunca cobra un dep\u00f3sito, tarifa de contrato, tarifa de registro ni ning\u00fan otro cargo inicial a nuestros nuevos clientes. El \u00fanico gasto de bolsillo que tendr\u00e1 ser\u00e1 una peque\u00f1a cantidad que agregar\u00e1 a su cuenta. Este dinero es tuyo. Lo usas para pagar la energ\u00eda. Con nuestro servicio gratuito de notificaci\u00f3n diaria, le enviamos mensajes de texto cuando su cuenta se est\u00e1 agotando para informarle que es momento de agregar fondos adicionales. Siempre que tenga al menos un centavo en su cuenta, habr\u00e1 energ\u00eda en su casa.<\/span><\/p>\n<h2><b>\u00a1Los ahorros siguen llegando!<\/b><\/h2>\n<p><span style=\"font-weight: 400;\">El uso de la aplicaci\u00f3n de Pronto Power le ayuda a controlar su uso de electricidad en tiempo real. Su medidor de energ\u00eda inteligente se conecta a la aplicaci\u00f3n; puedes observar los kilovatios-hora a medida que se mueven. Enciende la secadora y observa cu\u00e1nto cambia el uso. Los estudios lo han demostrado. que monitorear su uso de energ\u00eda reduce la cantidad de electricidad utilizada por el consumidor promedio. A esto lo llamamos \u00ablecturas en tiempo real para ahorros en tiempo real\u00bb. Le permite realizar cambios de forma proactiva.<\/span><\/p>\n<h2><b>Contamos con planes de pago flexibles.<\/b><\/h2>\n<p><span style=\"font-weight: 400;\">Si descubre que no puede pagar su factura a tiempo, inf\u00f3rmenos lo m\u00e1s r\u00e1pido posible llam\u00e1ndonos o enviando mensajes de texto antes de la 1:00 del d\u00eda en que su cuenta necesita fondos adicionales. Podemos trabajar con usted y ofrecerle una extensi\u00f3n gratuita hasta su pr\u00f3ximo cheque de pago. Otra opci\u00f3n son los pagos diferidos si su factura es significativamente m\u00e1s alta de lo que esperaba.<\/span><\/p>\n<p><span style=\"font-weight: 400;\">Encuentre las tarifas de electricidad m\u00e1s bajas en Dallas investigando Pronto Power. Llame a su compa\u00f1\u00eda el\u00e9ctrica de Dallas en cualquier momento al 844-621-2852 para comenzar y luego prep\u00e1rese para una factura mucho m\u00e1s baja cada mes.\u00a0\u00a0<\/span><\/p>\n<p class=\"p1\"><\/p>","protected":false},"excerpt":{"rendered":"<p>&nbsp; Comenzar el servicio con una compa\u00f1\u00eda el\u00e9ctrica de Dallas o transferir el servicio de una compa\u00f1\u00eda existente parece llevar una eternidad. Llamas a un proveedor de servicios, te ponen en espera, te transfieren varias veces y finalmente contactas a alguien que te dice que tu servicio se conectar\u00e1 el pr\u00f3ximo martes. El lema \u00abEnerg\u00eda &hellip; <a href=\"https:\/\/powermepronto.com\/es\/dallass-cheapest-prepay-electric-company\/get-dallas-power-within-the-hour-with-pronto-power\/\" class=\"more-link\">Continue reading <span class=\"screen-reader-text\">Obtenga Dallas Power en Una hora con Pronto Power<\/span><\/a><\/p>\n","protected":false},"author":1,"featured_media":0,"parent":1311,"menu_order":0,"comment_status":"closed","ping_status":"closed","template":"","meta":{"_acf_changed":false,"_glsr_average":0,"_glsr_ranking":0,"_glsr_reviews":0,"footnotes":"","_links_to":"","_links_to_target":""},"class_list":["post-4005","page","type-page","status-publish","hentry"],"acf":[],"yoast_head":"<!-- This site is optimized with the Yoast SEO plugin v27.5 - https:\/\/yoast.com\/product\/yoast-seo-wordpress\/ -->\n<title>Obtenga Dallas Power en Una hora con Pronto Power - Pronto Power<\/title>\n<meta name=\"description\" content=\"Find the lowest electricity rates in Dallas by researching Pronto Power. Call your Dallas power company any time at 844-621-2852 to get started.\" \/>\n<meta name=\"robots\" content=\"index, follow, max-snippet:-1, max-image-preview:large, max-video-preview:-1\" \/>\n<link rel=\"canonical\" href=\"https:\/\/powermepronto.com\/dallass-cheapest-prepay-electric-company\/get-dallas-power-within-the-hour-with-pronto-power\/\" \/>\n<meta property=\"og:locale\" content=\"es_ES\" \/>\n<meta property=\"og:type\" content=\"article\" \/>\n<meta property=\"og:title\" content=\"[:en]Get Dallas Power within the Hour with Pronto Power[:es]Obtenga Dallas Power en Una hora con Pronto Power[:] - Pronto Power\" \/>\n<meta property=\"og:description\" content=\"Find the lowest electricity rates in Dallas by researching Pronto Power. Call your Dallas power company any time at 844-621-2852 to get started.\" \/>\n<meta property=\"og:url\" content=\"https:\/\/powermepronto.com\/dallass-cheapest-prepay-electric-company\/get-dallas-power-within-the-hour-with-pronto-power\/\" \/>\n<meta property=\"og:site_name\" content=\"Pronto Power\" \/>\n<meta name=\"twitter:card\" content=\"summary_large_image\" \/>\n<meta name=\"twitter:label1\" content=\"Tiempo de lectura\" \/>\n\t<meta name=\"twitter:data1\" content=\"6 minutos\" \/>\n<script type=\"application\/ld+json\" class=\"yoast-schema-graph\">{\"@context\":\"https:\\\/\\\/schema.org\",\"@graph\":[{\"@type\":\"WebPage\",\"@id\":\"https:\\\/\\\/powermepronto.com\\\/dallass-cheapest-prepay-electric-company\\\/get-dallas-power-within-the-hour-with-pronto-power\\\/\",\"url\":\"https:\\\/\\\/powermepronto.com\\\/dallass-cheapest-prepay-electric-company\\\/get-dallas-power-within-the-hour-with-pronto-power\\\/\",\"name\":\"[:en]Get Dallas Power within the Hour with Pronto Power[:es]Obtenga Dallas Power en Una hora con Pronto Power[:] - Pronto Power\",\"isPartOf\":{\"@id\":\"https:\\\/\\\/powermepronto.com\\\/en\\\/#website\"},\"datePublished\":\"2024-02-06T19:10:43+00:00\",\"description\":\"Find the lowest electricity rates in Dallas by researching Pronto Power. Call your Dallas power company any time at 844-621-2852 to get started.\",\"breadcrumb\":{\"@id\":\"https:\\\/\\\/powermepronto.com\\\/dallass-cheapest-prepay-electric-company\\\/get-dallas-power-within-the-hour-with-pronto-power\\\/#breadcrumb\"},\"inLanguage\":\"es\",\"potentialAction\":[{\"@type\":\"ReadAction\",\"target\":[\"https:\\\/\\\/powermepronto.com\\\/dallass-cheapest-prepay-electric-company\\\/get-dallas-power-within-the-hour-with-pronto-power\\\/\"]}]},{\"@type\":\"BreadcrumbList\",\"@id\":\"https:\\\/\\\/powermepronto.com\\\/dallass-cheapest-prepay-electric-company\\\/get-dallas-power-within-the-hour-with-pronto-power\\\/#breadcrumb\",\"itemListElement\":[{\"@type\":\"ListItem\",\"position\":1,\"name\":\"Home\",\"item\":\"https:\\\/\\\/powermepronto.com\\\/en\\\/\"},{\"@type\":\"ListItem\",\"position\":2,\"name\":\"Dallas\u2019s Cheapest Prepay Electric Company\",\"item\":\"https:\\\/\\\/powermepronto.com\\\/dallass-cheapest-prepay-electric-company\\\/\"},{\"@type\":\"ListItem\",\"position\":3,\"name\":\"Get Dallas Power within the Hour with Pronto Power\"}]},{\"@type\":\"WebSite\",\"@id\":\"https:\\\/\\\/powermepronto.com\\\/en\\\/#website\",\"url\":\"https:\\\/\\\/powermepronto.com\\\/en\\\/\",\"name\":\"Pronto Power\",\"description\":\"\",\"potentialAction\":[{\"@type\":\"SearchAction\",\"target\":{\"@type\":\"EntryPoint\",\"urlTemplate\":\"https:\\\/\\\/powermepronto.com\\\/en\\\/?s={search_term_string}\"},\"query-input\":{\"@type\":\"PropertyValueSpecification\",\"valueRequired\":true,\"valueName\":\"search_term_string\"}}],\"inLanguage\":\"es\"}]}<\/script>\n<!-- \/ Yoast SEO plugin. -->","yoast_head_json":{"title":"[:en]Get Dallas Power within the Hour with Pronto Power[:es]Obtenga Dallas Power en Una hora con Pronto Power[:] - Pronto Power","description":"Find the lowest electricity rates in Dallas by researching Pronto Power. Call your Dallas power company any time at 844-621-2852 to get started.","robots":{"index":"index","follow":"follow","max-snippet":"max-snippet:-1","max-image-preview":"max-image-preview:large","max-video-preview":"max-video-preview:-1"},"canonical":"https:\/\/powermepronto.com\/dallass-cheapest-prepay-electric-company\/get-dallas-power-within-the-hour-with-pronto-power\/","og_locale":"es_ES","og_type":"article","og_title":"[:en]Get Dallas Power within the Hour with Pronto Power[:es]Obtenga Dallas Power en Una hora con Pronto Power[:] - Pronto Power","og_description":"Find the lowest electricity rates in Dallas by researching Pronto Power. Call your Dallas power company any time at 844-621-2852 to get started.","og_url":"https:\/\/powermepronto.com\/dallass-cheapest-prepay-electric-company\/get-dallas-power-within-the-hour-with-pronto-power\/","og_site_name":"Pronto Power","twitter_card":"summary_large_image","twitter_misc":{"Tiempo de lectura":"6 minutos"},"schema":{"@context":"https:\/\/schema.org","@graph":[{"@type":"WebPage","@id":"https:\/\/powermepronto.com\/dallass-cheapest-prepay-electric-company\/get-dallas-power-within-the-hour-with-pronto-power\/","url":"https:\/\/powermepronto.com\/dallass-cheapest-prepay-electric-company\/get-dallas-power-within-the-hour-with-pronto-power\/","name":"[:en]Get Dallas Power within the Hour with Pronto Power[:es]Obtenga Dallas Power en Una hora con Pronto Power[:] - Pronto Power","isPartOf":{"@id":"https:\/\/powermepronto.com\/en\/#website"},"datePublished":"2024-02-06T19:10:43+00:00","description":"Find the lowest electricity rates in Dallas by researching Pronto Power. Call your Dallas power company any time at 844-621-2852 to get started.","breadcrumb":{"@id":"https:\/\/powermepronto.com\/dallass-cheapest-prepay-electric-company\/get-dallas-power-within-the-hour-with-pronto-power\/#breadcrumb"},"inLanguage":"es","potentialAction":[{"@type":"ReadAction","target":["https:\/\/powermepronto.com\/dallass-cheapest-prepay-electric-company\/get-dallas-power-within-the-hour-with-pronto-power\/"]}]},{"@type":"BreadcrumbList","@id":"https:\/\/powermepronto.com\/dallass-cheapest-prepay-electric-company\/get-dallas-power-within-the-hour-with-pronto-power\/#breadcrumb","itemListElement":[{"@type":"ListItem","position":1,"name":"Home","item":"https:\/\/powermepronto.com\/en\/"},{"@type":"ListItem","position":2,"name":"Dallas\u2019s Cheapest Prepay Electric Company","item":"https:\/\/powermepronto.com\/dallass-cheapest-prepay-electric-company\/"},{"@type":"ListItem","position":3,"name":"Get Dallas Power within the Hour with Pronto Power"}]},{"@type":"WebSite","@id":"https:\/\/powermepronto.com\/en\/#website","url":"https:\/\/powermepronto.com\/en\/","name":"Pronto Power","description":"","potentialAction":[{"@type":"SearchAction","target":{"@type":"EntryPoint","urlTemplate":"https:\/\/powermepronto.com\/en\/?s={search_term_string}"},"query-input":{"@type":"PropertyValueSpecification","valueRequired":true,"valueName":"search_term_string"}}],"inLanguage":"es"}]}},"_links":{"self":[{"href":"https:\/\/powermepronto.com\/es\/wp-json\/wp\/v2\/pages\/4005","targetHints":{"allow":["GET"]}}],"collection":[{"href":"https:\/\/powermepronto.com\/es\/wp-json\/wp\/v2\/pages"}],"about":[{"href":"https:\/\/powermepronto.com\/es\/wp-json\/wp\/v2\/types\/page"}],"author":[{"embeddable":true,"href":"https:\/\/powermepronto.com\/es\/wp-json\/wp\/v2\/users\/1"}],"replies":[{"embeddable":true,"href":"https:\/\/powermepronto.com\/es\/wp-json\/wp\/v2\/comments?post=4005"}],"version-history":[{"count":1,"href":"https:\/\/powermepronto.com\/es\/wp-json\/wp\/v2\/pages\/4005\/revisions"}],"predecessor-version":[{"id":4006,"href":"https:\/\/powermepronto.com\/es\/wp-json\/wp\/v2\/pages\/4005\/revisions\/4006"}],"up":[{"embeddable":true,"href":"https:\/\/powermepronto.com\/es\/wp-json\/wp\/v2\/pages\/1311"}],"wp:attachment":[{"href":"https:\/\/powermepronto.com\/es\/wp-json\/wp\/v2\/media?parent=4005"}],"curies":[{"name":"wp","href":"https:\/\/api.w.org\/{rel}","templated":true}]}}