{"id":4003,"date":"2024-02-06T13:07:15","date_gmt":"2024-02-06T19:07:15","guid":{"rendered":"https:\/\/powermepronto.com\/?page_id=4003"},"modified":"2024-02-06T13:07:15","modified_gmt":"2024-02-06T19:07:15","slug":"no-credit-check-get-fort-worth-prepaid-power-in-a-flash","status":"publish","type":"page","link":"https:\/\/powermepronto.com\/es\/get-the-cheapest-prepaid-electricity-in-fort-worth\/no-credit-check-get-fort-worth-prepaid-power-in-a-flash\/","title":{"rendered":"Sin Verificaci\u00f3n de Cr\u00e9dito: Obtenga Energ\u00eda Prepagada de Fort Worth en un Instante"},"content":{"rendered":"<p><span style=\"font-weight: 400;\"><\/span><\/p>\n<p>&nbsp;<\/p>\n<p><span style=\"font-weight: 400;\">Puede elegir entre muchos proveedores de servicios el\u00e9ctricos en Fort Worth, pero muy pocos de ellos ofrecen servicio sin una verificaci\u00f3n de cr\u00e9dito.\u00a0Ese es uno de los muchos beneficios que recibe como cliente de Pronto Power.\u00a0Su proveedor de energ\u00eda prepagada de Fort Worth, Pronto Power, nunca solicita un n\u00famero de seguro social para comenzar el servicio o realizar una verificaci\u00f3n de cr\u00e9dito, ya que usted paga por su servicio a medida que lo usa.<\/span><\/p>\n<h2><b>Sin Tarifas Ocultas<\/b><\/h2>\n<p><span style=\"font-weight: 400;\">Comenzar el servicio con la mayor\u00eda de los proveedores de servicios p\u00fablicos significa que se ve obligado a pagar un dep\u00f3sito, un mes por adelantado, tarifas de conexi\u00f3n, tarifas de servicio, tarifas de equipo, etc.\u00a0En Pronto Power, no pedimos ninguna de esas tarifas, y el monto de su factura nunca es una sorpresa, ya que tiene acceso a su cuenta con una aplicaci\u00f3n gratuita que puede consultar en cualquier momento que desee.\u00a0La aplicaci\u00f3n tambi\u00e9n le permite verificar su saldo, su consumo de electricidad, pagar su factura y enviar mensajes de texto a un representante de servicio al cliente.<\/span><\/p>\n<h2><b>Check-ins Diarios<\/b><\/h2>\n<p><span style=\"font-weight: 400;\">Todas las ma\u00f1anas a las 7:00 recibes un mensaje de texto, un correo electr\u00f3nico o ambos inform\u00e1ndote cu\u00e1nto debes.\u00a0Si su cuenta es baja, puede pagar a trav\u00e9s de la aplicaci\u00f3n o llamando a nuestro n\u00famero gratuito: 844-621-2852.\u00a0Siempre que su cuenta contenga al menos un centavo, su electricidad permanece encendida.<\/span><\/p>\n<p><span style=\"font-weight: 400;\">Tambi\u00e9n entendemos que la vida pasa y, a veces, sus finanzas no le permiten pagar cuando su cuenta es baja.\u00a0Llame a uno de nuestros representantes de servicio al cliente antes de la 1:00 cuando su cuenta se est\u00e9 quedando sin fondos.\u00a0Y estaremos encantados de aplazar su factura hasta su pr\u00f3ximo cheque de pago sin cargo adicional.<\/span><\/p>\n<h2><b>Aprende a Controlar Tu Consumo El\u00e9ctrico<\/b><\/h2>\n<p><span style=\"font-weight: 400;\">Ense\u00f1amos a nuestros clientes c\u00f3mo leer sus medidores inteligentes desde esta aplicaci\u00f3n en sus tel\u00e9fonos: mire la aplicaci\u00f3n para ver qu\u00e9 tan r\u00e1pido est\u00e1 funcionando su medidor inteligente.\u00a0Cuando el calentador se encienda, observe c\u00f3mo el medidor hace clic m\u00e1s r\u00e1pidamente.\u00a0Encienda el calentador a una temperatura m\u00e1s baja y los n\u00fameros se mover\u00e1n m\u00e1s lentamente.\u00a0Los estudios demuestran que los clientes que son conscientes de c\u00f3mo consumen electricidad tienden a usar menos, y eso conduce a una factura el\u00e9ctrica m\u00e1s baja.<\/span><\/p>\n<p><span style=\"font-weight: 400;\">El aspecto de los mensajes de texto de su aplicaci\u00f3n es una excelente manera de ponerse en contacto con el servicio de atenci\u00f3n al cliente si tiene alguna pregunta.\u00a0H\u00e1ganos saber c\u00f3mo podemos servirle mejor, ya sea para responder una pregunta o pagar una factura.<\/span><\/p>\n<h2><b>\u00bfQu\u00e9 Tan R\u00e1pido Puedo Comenzar el Servicio?<\/b><\/h2>\n<p><span style=\"font-weight: 400;\">Llame hoy al mejor proveedor de electricidad en Fort Worth, Pronto Power, al 844-621-2852.\u00a0Siempre que su hogar est\u00e9 equipado con un medidor inteligente (el 98% de todos los hogares en Texas lo est\u00e1n), podemos transferir su servicio de otro proveedor en menos de una hora.<\/span><\/p>\n<p><span style=\"font-weight: 400;\">Le pedimos una peque\u00f1a cantidad por adelantado para que la agregue a su cuenta.\u00a0Esto no es un dep\u00f3sito ni una tarifa de conexi\u00f3n de servicio.\u00a0Este es dinero para que usted pague por su consumo de electricidad.\u00a0A\u00f1ade m\u00e1s dinero cada vez que caiga por debajo de cierta cantidad, o cada ma\u00f1ana, o una vez a la semana&#8230;\u00a0Pagas en tu horario.\u00a0Estaremos encantados de responder a cualquier pregunta que tenga y esperamos tenerlo como nuestro pr\u00f3ximo cliente de Pronto Power.<\/span><\/p>\n<p class=\"p1\"><\/p>","protected":false},"excerpt":{"rendered":"<p>&nbsp; Puede elegir entre muchos proveedores de servicios el\u00e9ctricos en Fort Worth, pero muy pocos de ellos ofrecen servicio sin una verificaci\u00f3n de cr\u00e9dito.\u00a0Ese es uno de los muchos beneficios que recibe como cliente de Pronto Power.\u00a0Su proveedor de energ\u00eda prepagada de Fort Worth, Pronto Power, nunca solicita un n\u00famero de seguro social para comenzar &hellip; <a href=\"https:\/\/powermepronto.com\/es\/get-the-cheapest-prepaid-electricity-in-fort-worth\/no-credit-check-get-fort-worth-prepaid-power-in-a-flash\/\" class=\"more-link\">Continue reading <span class=\"screen-reader-text\">Sin Verificaci\u00f3n de Cr\u00e9dito: Obtenga Energ\u00eda Prepagada de Fort Worth en un Instante<\/span><\/a><\/p>\n","protected":false},"author":1,"featured_media":0,"parent":3712,"menu_order":0,"comment_status":"closed","ping_status":"closed","template":"","meta":{"_acf_changed":false,"_glsr_average":0,"_glsr_ranking":0,"_glsr_reviews":0,"footnotes":"","_links_to":"","_links_to_target":""},"class_list":["post-4003","page","type-page","status-publish","hentry"],"acf":[],"yoast_head":"<!-- This site is optimized with the Yoast SEO plugin v27.4 - https:\/\/yoast.com\/product\/yoast-seo-wordpress\/ -->\n<title>Sin Verificaci\u00f3n de Cr\u00e9dito: Obtenga Energ\u00eda Prepagada de Fort Worth en un Instante - Pronto Power<\/title>\n<meta name=\"description\" content=\"Call the best electricity provider in Fort Worth, Pronto Power, today at 844-621-2852.\" \/>\n<meta name=\"robots\" content=\"index, follow, max-snippet:-1, max-image-preview:large, max-video-preview:-1\" \/>\n<link rel=\"canonical\" href=\"https:\/\/powermepronto.com\/get-the-cheapest-prepaid-electricity-in-fort-worth\/no-credit-check-get-fort-worth-prepaid-power-in-a-flash\/\" \/>\n<meta property=\"og:locale\" content=\"es_ES\" \/>\n<meta property=\"og:type\" content=\"article\" \/>\n<meta property=\"og:title\" content=\"[:en]No Credit Check: Get Fort Worth Prepaid Power in a Flash[:es]Sin Verificaci\u00f3n de Cr\u00e9dito: Obtenga Energ\u00eda Prepagada de Fort Worth en un Instante[:] - Pronto Power\" \/>\n<meta property=\"og:description\" content=\"Call the best electricity provider in Fort Worth, Pronto Power, today at 844-621-2852.\" \/>\n<meta property=\"og:url\" content=\"https:\/\/powermepronto.com\/get-the-cheapest-prepaid-electricity-in-fort-worth\/no-credit-check-get-fort-worth-prepaid-power-in-a-flash\/\" \/>\n<meta property=\"og:site_name\" content=\"Pronto Power\" \/>\n<meta name=\"twitter:card\" content=\"summary_large_image\" \/>\n<meta name=\"twitter:label1\" content=\"Tiempo de lectura\" \/>\n\t<meta name=\"twitter:data1\" content=\"5 minutos\" \/>\n<script type=\"application\/ld+json\" class=\"yoast-schema-graph\">{\"@context\":\"https:\\\/\\\/schema.org\",\"@graph\":[{\"@type\":\"WebPage\",\"@id\":\"https:\\\/\\\/powermepronto.com\\\/get-the-cheapest-prepaid-electricity-in-fort-worth\\\/no-credit-check-get-fort-worth-prepaid-power-in-a-flash\\\/\",\"url\":\"https:\\\/\\\/powermepronto.com\\\/get-the-cheapest-prepaid-electricity-in-fort-worth\\\/no-credit-check-get-fort-worth-prepaid-power-in-a-flash\\\/\",\"name\":\"[:en]No Credit Check: Get Fort Worth Prepaid Power in a Flash[:es]Sin Verificaci\u00f3n de Cr\u00e9dito: Obtenga Energ\u00eda Prepagada de Fort Worth en un Instante[:] - Pronto Power\",\"isPartOf\":{\"@id\":\"https:\\\/\\\/powermepronto.com\\\/en\\\/#website\"},\"datePublished\":\"2024-02-06T19:07:15+00:00\",\"description\":\"Call the best electricity provider in Fort Worth, Pronto Power, today at 844-621-2852.\",\"breadcrumb\":{\"@id\":\"https:\\\/\\\/powermepronto.com\\\/get-the-cheapest-prepaid-electricity-in-fort-worth\\\/no-credit-check-get-fort-worth-prepaid-power-in-a-flash\\\/#breadcrumb\"},\"inLanguage\":\"es\",\"potentialAction\":[{\"@type\":\"ReadAction\",\"target\":[\"https:\\\/\\\/powermepronto.com\\\/get-the-cheapest-prepaid-electricity-in-fort-worth\\\/no-credit-check-get-fort-worth-prepaid-power-in-a-flash\\\/\"]}]},{\"@type\":\"BreadcrumbList\",\"@id\":\"https:\\\/\\\/powermepronto.com\\\/get-the-cheapest-prepaid-electricity-in-fort-worth\\\/no-credit-check-get-fort-worth-prepaid-power-in-a-flash\\\/#breadcrumb\",\"itemListElement\":[{\"@type\":\"ListItem\",\"position\":1,\"name\":\"Home\",\"item\":\"https:\\\/\\\/powermepronto.com\\\/en\\\/\"},{\"@type\":\"ListItem\",\"position\":2,\"name\":\"Get the Cheapest Prepaid Electricity in Fort Worth\",\"item\":\"https:\\\/\\\/powermepronto.com\\\/get-the-cheapest-prepaid-electricity-in-fort-worth\\\/\"},{\"@type\":\"ListItem\",\"position\":3,\"name\":\"No Credit Check: Get Fort Worth Prepaid Power in a Flash\"}]},{\"@type\":\"WebSite\",\"@id\":\"https:\\\/\\\/powermepronto.com\\\/en\\\/#website\",\"url\":\"https:\\\/\\\/powermepronto.com\\\/en\\\/\",\"name\":\"Pronto Power\",\"description\":\"\",\"potentialAction\":[{\"@type\":\"SearchAction\",\"target\":{\"@type\":\"EntryPoint\",\"urlTemplate\":\"https:\\\/\\\/powermepronto.com\\\/en\\\/?s={search_term_string}\"},\"query-input\":{\"@type\":\"PropertyValueSpecification\",\"valueRequired\":true,\"valueName\":\"search_term_string\"}}],\"inLanguage\":\"es\"}]}<\/script>\n<!-- \/ Yoast SEO plugin. -->","yoast_head_json":{"title":"[:en]No Credit Check: Get Fort Worth Prepaid Power in a Flash[:es]Sin Verificaci\u00f3n de Cr\u00e9dito: Obtenga Energ\u00eda Prepagada de Fort Worth en un Instante[:] - Pronto Power","description":"Call the best electricity provider in Fort Worth, Pronto Power, today at 844-621-2852.","robots":{"index":"index","follow":"follow","max-snippet":"max-snippet:-1","max-image-preview":"max-image-preview:large","max-video-preview":"max-video-preview:-1"},"canonical":"https:\/\/powermepronto.com\/get-the-cheapest-prepaid-electricity-in-fort-worth\/no-credit-check-get-fort-worth-prepaid-power-in-a-flash\/","og_locale":"es_ES","og_type":"article","og_title":"[:en]No Credit Check: Get Fort Worth Prepaid Power in a Flash[:es]Sin Verificaci\u00f3n de Cr\u00e9dito: Obtenga Energ\u00eda Prepagada de Fort Worth en un Instante[:] - Pronto Power","og_description":"Call the best electricity provider in Fort Worth, Pronto Power, today at 844-621-2852.","og_url":"https:\/\/powermepronto.com\/get-the-cheapest-prepaid-electricity-in-fort-worth\/no-credit-check-get-fort-worth-prepaid-power-in-a-flash\/","og_site_name":"Pronto Power","twitter_card":"summary_large_image","twitter_misc":{"Tiempo de lectura":"5 minutos"},"schema":{"@context":"https:\/\/schema.org","@graph":[{"@type":"WebPage","@id":"https:\/\/powermepronto.com\/get-the-cheapest-prepaid-electricity-in-fort-worth\/no-credit-check-get-fort-worth-prepaid-power-in-a-flash\/","url":"https:\/\/powermepronto.com\/get-the-cheapest-prepaid-electricity-in-fort-worth\/no-credit-check-get-fort-worth-prepaid-power-in-a-flash\/","name":"[:en]No Credit Check: Get Fort Worth Prepaid Power in a Flash[:es]Sin Verificaci\u00f3n de Cr\u00e9dito: Obtenga Energ\u00eda Prepagada de Fort Worth en un Instante[:] - Pronto Power","isPartOf":{"@id":"https:\/\/powermepronto.com\/en\/#website"},"datePublished":"2024-02-06T19:07:15+00:00","description":"Call the best electricity provider in Fort Worth, Pronto Power, today at 844-621-2852.","breadcrumb":{"@id":"https:\/\/powermepronto.com\/get-the-cheapest-prepaid-electricity-in-fort-worth\/no-credit-check-get-fort-worth-prepaid-power-in-a-flash\/#breadcrumb"},"inLanguage":"es","potentialAction":[{"@type":"ReadAction","target":["https:\/\/powermepronto.com\/get-the-cheapest-prepaid-electricity-in-fort-worth\/no-credit-check-get-fort-worth-prepaid-power-in-a-flash\/"]}]},{"@type":"BreadcrumbList","@id":"https:\/\/powermepronto.com\/get-the-cheapest-prepaid-electricity-in-fort-worth\/no-credit-check-get-fort-worth-prepaid-power-in-a-flash\/#breadcrumb","itemListElement":[{"@type":"ListItem","position":1,"name":"Home","item":"https:\/\/powermepronto.com\/en\/"},{"@type":"ListItem","position":2,"name":"Get the Cheapest Prepaid Electricity in Fort Worth","item":"https:\/\/powermepronto.com\/get-the-cheapest-prepaid-electricity-in-fort-worth\/"},{"@type":"ListItem","position":3,"name":"No Credit Check: Get Fort Worth Prepaid Power in a Flash"}]},{"@type":"WebSite","@id":"https:\/\/powermepronto.com\/en\/#website","url":"https:\/\/powermepronto.com\/en\/","name":"Pronto Power","description":"","potentialAction":[{"@type":"SearchAction","target":{"@type":"EntryPoint","urlTemplate":"https:\/\/powermepronto.com\/en\/?s={search_term_string}"},"query-input":{"@type":"PropertyValueSpecification","valueRequired":true,"valueName":"search_term_string"}}],"inLanguage":"es"}]}},"_links":{"self":[{"href":"https:\/\/powermepronto.com\/es\/wp-json\/wp\/v2\/pages\/4003","targetHints":{"allow":["GET"]}}],"collection":[{"href":"https:\/\/powermepronto.com\/es\/wp-json\/wp\/v2\/pages"}],"about":[{"href":"https:\/\/powermepronto.com\/es\/wp-json\/wp\/v2\/types\/page"}],"author":[{"embeddable":true,"href":"https:\/\/powermepronto.com\/es\/wp-json\/wp\/v2\/users\/1"}],"replies":[{"embeddable":true,"href":"https:\/\/powermepronto.com\/es\/wp-json\/wp\/v2\/comments?post=4003"}],"version-history":[{"count":1,"href":"https:\/\/powermepronto.com\/es\/wp-json\/wp\/v2\/pages\/4003\/revisions"}],"predecessor-version":[{"id":4004,"href":"https:\/\/powermepronto.com\/es\/wp-json\/wp\/v2\/pages\/4003\/revisions\/4004"}],"up":[{"embeddable":true,"href":"https:\/\/powermepronto.com\/es\/wp-json\/wp\/v2\/pages\/3712"}],"wp:attachment":[{"href":"https:\/\/powermepronto.com\/es\/wp-json\/wp\/v2\/media?parent=4003"}],"curies":[{"name":"wp","href":"https:\/\/api.w.org\/{rel}","templated":true}]}}