{"id":3976,"date":"2024-01-05T14:31:12","date_gmt":"2024-01-05T20:31:12","guid":{"rendered":"https:\/\/powermepronto.com\/?page_id=3976"},"modified":"2024-01-05T14:31:12","modified_gmt":"2024-01-05T20:31:12","slug":"no-credit-check-required-power-your-home-with-everman-prepaid-electricity","status":"publish","type":"page","link":"https:\/\/powermepronto.com\/es\/no-credit-check-required-power-your-home-with-everman-prepaid-electricity\/","title":{"rendered":"No Se Requiere Verificaci\u00f3n de Cr\u00e9dito"},"content":{"rendered":"<p><\/span><\/p>\n<p>&nbsp;<\/p>\n<p><span style=\"font-weight: 400;\">La desregulaci\u00f3n de la energ\u00eda en Texas abri\u00f3 el mercado a los proveedores de energ\u00eda y el costo de la electricidad cay\u00f3 r\u00e1pidamente. Esto llev\u00f3 a que una gran cantidad de proveedores de electricidad compitieran por su negocio y abundaran los trucos para encerrarlo en su servicio antes de aumentar las tarifas. Pronto Power cree que sus clientes de electricidad prepago de Everman merecen transparencia. Descubra c\u00f3mo puede convertirse en cliente de Pronto Power sin verificaci\u00f3n de cr\u00e9dito ni preocupaciones.<\/span><\/p>\n<p>&nbsp;<\/p>\n<h2><b>Energ\u00eda Prepago<\/b><\/h2>\n<p><span style=\"font-weight: 400;\">Con una peque\u00f1a tarifa inicial agregada a su cuenta, puede comenzar su servicio con Pronto Power. De hecho, el 98 % de los clientes reciben servicio en una hora o menos: \u00a1eso es energ\u00eda en una hora! La tarifa inicial no es un dep\u00f3sito ni una tarifa oculta. Es su dinero depositado en su cuenta. Lo utilizas para pagar tu servicio el\u00e9ctrico.<\/span><\/p>\n<p>&nbsp;<\/p>\n<p><span style=\"font-weight: 400;\">Con una aplicaci\u00f3n en l\u00ednea, puedes ver en tiempo real c\u00f3mo est\u00e1s usando tu electricidad. Observe c\u00f3mo los n\u00fameros de su medidor aumentan m\u00e1s r\u00e1pido cuando lava la ropa y luego disminuyen cuando se apaga el aire acondicionado. Muchos estudios han demostrado que cuando los clientes comprenden cu\u00e1nto servicio el\u00e9ctrico utilizan, utilizan menos. Esto tambi\u00e9n reduce su factura.<\/span><\/p>\n<p>&nbsp;<\/p>\n<p><span style=\"font-weight: 400;\">Todas las ma\u00f1anas se le env\u00eda un mensaje de texto, un correo electr\u00f3nico o ambos explic\u00e1ndole su uso y cu\u00e1nto dinero tiene en su cuenta. Mientras tu cuenta tenga al menos un centavo, tienes poder. Cuando descubra que su cuenta se est\u00e1 agotando, agregue dinero desde la comodidad de su tel\u00e9fono. Si descubre que no puede realizar un pago, llame a nuestro amigable equipo de servicio al cliente para obtener una protecci\u00f3n o extensi\u00f3n de la cuenta. Estamos encantados de ayudarle.<\/span><\/p>\n<p>&nbsp;<\/p>\n<h2><b>Sin Verificaci\u00f3n de Cr\u00e9dito, Sin Dep\u00f3sito<\/b><\/h2>\n<p><span style=\"font-weight: 400;\">Debido a que nuestro servicio es prepago, no solicitamos un n\u00famero de seguro social para realizar una verificaci\u00f3n de cr\u00e9dito. Esto significa que incluso si su cr\u00e9dito no es perfecto, a\u00fan puede pagar el servicio el\u00e9ctrico a trav\u00e9s de Pronto Power. Tampoco requerimos un dep\u00f3sito para nuestros clientes. Pagas por adelantado tu servicio y est\u00e1s listo para ser cliente de Pronto Power.<\/span><\/p>\n<p>&nbsp;<\/p>\n<h2><b>Excelentes Precios, Garantizados.<\/b><\/h2>\n<p><span style=\"font-weight: 400;\">Pronto Power determin\u00f3 que gastar dinero en sus clientes en lugar de publicidad enga\u00f1osa les ahorraba dinero a los clientes. Los clientes, a su vez, se lo contaron a sus amigos, quienes tambi\u00e9n se registraron para recibir el servicio. Este tipo de publicidad de boca en boca demostr\u00f3 ser muy rentable y mantiene las facturas de los clientes a un ritmo mucho m\u00e1s bajo.<\/span><\/p>\n<p>&nbsp;<\/p>\n<p><span style=\"font-weight: 400;\">\u00bfListo para cambiar? Llame hoy al 844-621-2852 y pregunte por el proveedor de electricidad m\u00e1s r\u00e1pido de Texas: Pronto Power, su campe\u00f3n de electricidad prepaga de Everman.<\/span><\/p>\n<p class=\"p1\"><\/p>","protected":false},"excerpt":{"rendered":"<p>&nbsp; La desregulaci\u00f3n de la energ\u00eda en Texas abri\u00f3 el mercado a los proveedores de energ\u00eda y el costo de la electricidad cay\u00f3 r\u00e1pidamente. Esto llev\u00f3 a que una gran cantidad de proveedores de electricidad compitieran por su negocio y abundaran los trucos para encerrarlo en su servicio antes de aumentar las tarifas. Pronto Power &hellip; <a href=\"https:\/\/powermepronto.com\/es\/no-credit-check-required-power-your-home-with-everman-prepaid-electricity\/\" class=\"more-link\">Continue reading <span class=\"screen-reader-text\">No Se Requiere Verificaci\u00f3n de Cr\u00e9dito<\/span><\/a><\/p>\n","protected":false},"author":1,"featured_media":0,"parent":0,"menu_order":0,"comment_status":"closed","ping_status":"closed","template":"","meta":{"_acf_changed":false,"_glsr_average":0,"_glsr_ranking":0,"_glsr_reviews":0,"footnotes":"","_links_to":"","_links_to_target":""},"class_list":["post-3976","page","type-page","status-publish","hentry"],"acf":[],"yoast_head":"<!-- This site is optimized with the Yoast SEO plugin v27.5 - https:\/\/yoast.com\/product\/yoast-seo-wordpress\/ -->\n<title>No Se Requiere Verificaci\u00f3n de Cr\u00e9dito - Pronto Power<\/title>\n<meta name=\"description\" content=\"Call 844-621-2852 today and ask for Texas\u2019s fastest electricity provider \u2013 Pronto Power, your Everman prepaid electricity champion.\u00a0\" \/>\n<meta name=\"robots\" content=\"index, follow, max-snippet:-1, max-image-preview:large, max-video-preview:-1\" \/>\n<link rel=\"canonical\" href=\"https:\/\/powermepronto.com\/no-credit-check-required-power-your-home-with-everman-prepaid-electricity\/\" \/>\n<meta property=\"og:locale\" content=\"es_ES\" \/>\n<meta property=\"og:type\" content=\"article\" \/>\n<meta property=\"og:title\" content=\"[:en]No Credit Check Required: Power Your Home with Everman Prepaid Electricity[:es] No Se Requiere Verificaci\u00f3n de Cr\u00e9dito[:] - Pronto Power\" \/>\n<meta property=\"og:description\" content=\"Call 844-621-2852 today and ask for Texas\u2019s fastest electricity provider \u2013 Pronto Power, your Everman prepaid electricity champion.\u00a0\" \/>\n<meta property=\"og:url\" content=\"https:\/\/powermepronto.com\/no-credit-check-required-power-your-home-with-everman-prepaid-electricity\/\" \/>\n<meta property=\"og:site_name\" content=\"Pronto Power\" \/>\n<meta name=\"twitter:card\" content=\"summary_large_image\" \/>\n<meta name=\"twitter:label1\" content=\"Tiempo de lectura\" \/>\n\t<meta name=\"twitter:data1\" content=\"4 minutos\" \/>\n<script type=\"application\/ld+json\" class=\"yoast-schema-graph\">{\"@context\":\"https:\\\/\\\/schema.org\",\"@graph\":[{\"@type\":\"WebPage\",\"@id\":\"https:\\\/\\\/powermepronto.com\\\/no-credit-check-required-power-your-home-with-everman-prepaid-electricity\\\/\",\"url\":\"https:\\\/\\\/powermepronto.com\\\/no-credit-check-required-power-your-home-with-everman-prepaid-electricity\\\/\",\"name\":\"[:en]No Credit Check Required: Power Your Home with Everman Prepaid Electricity[:es] No Se Requiere Verificaci\u00f3n de Cr\u00e9dito[:] - Pronto Power\",\"isPartOf\":{\"@id\":\"https:\\\/\\\/powermepronto.com\\\/en\\\/#website\"},\"datePublished\":\"2024-01-05T20:31:12+00:00\",\"description\":\"Call 844-621-2852 today and ask for Texas\u2019s fastest electricity provider \u2013 Pronto Power, your Everman prepaid electricity champion.\u00a0\",\"breadcrumb\":{\"@id\":\"https:\\\/\\\/powermepronto.com\\\/no-credit-check-required-power-your-home-with-everman-prepaid-electricity\\\/#breadcrumb\"},\"inLanguage\":\"es\",\"potentialAction\":[{\"@type\":\"ReadAction\",\"target\":[\"https:\\\/\\\/powermepronto.com\\\/no-credit-check-required-power-your-home-with-everman-prepaid-electricity\\\/\"]}]},{\"@type\":\"BreadcrumbList\",\"@id\":\"https:\\\/\\\/powermepronto.com\\\/no-credit-check-required-power-your-home-with-everman-prepaid-electricity\\\/#breadcrumb\",\"itemListElement\":[{\"@type\":\"ListItem\",\"position\":1,\"name\":\"Home\",\"item\":\"https:\\\/\\\/powermepronto.com\\\/en\\\/\"},{\"@type\":\"ListItem\",\"position\":2,\"name\":\"No Credit Check Required: Power Your Home with Everman Prepaid Electricity\"}]},{\"@type\":\"WebSite\",\"@id\":\"https:\\\/\\\/powermepronto.com\\\/en\\\/#website\",\"url\":\"https:\\\/\\\/powermepronto.com\\\/en\\\/\",\"name\":\"Pronto Power\",\"description\":\"\",\"potentialAction\":[{\"@type\":\"SearchAction\",\"target\":{\"@type\":\"EntryPoint\",\"urlTemplate\":\"https:\\\/\\\/powermepronto.com\\\/en\\\/?s={search_term_string}\"},\"query-input\":{\"@type\":\"PropertyValueSpecification\",\"valueRequired\":true,\"valueName\":\"search_term_string\"}}],\"inLanguage\":\"es\"}]}<\/script>\n<!-- \/ Yoast SEO plugin. -->","yoast_head_json":{"title":"[:en]No Credit Check Required: Power Your Home with Everman Prepaid Electricity[:es] No Se Requiere Verificaci\u00f3n de Cr\u00e9dito[:] - Pronto Power","description":"Call 844-621-2852 today and ask for Texas\u2019s fastest electricity provider \u2013 Pronto Power, your Everman prepaid electricity champion.\u00a0","robots":{"index":"index","follow":"follow","max-snippet":"max-snippet:-1","max-image-preview":"max-image-preview:large","max-video-preview":"max-video-preview:-1"},"canonical":"https:\/\/powermepronto.com\/no-credit-check-required-power-your-home-with-everman-prepaid-electricity\/","og_locale":"es_ES","og_type":"article","og_title":"[:en]No Credit Check Required: Power Your Home with Everman Prepaid Electricity[:es] No Se Requiere Verificaci\u00f3n de Cr\u00e9dito[:] - Pronto Power","og_description":"Call 844-621-2852 today and ask for Texas\u2019s fastest electricity provider \u2013 Pronto Power, your Everman prepaid electricity champion.\u00a0","og_url":"https:\/\/powermepronto.com\/no-credit-check-required-power-your-home-with-everman-prepaid-electricity\/","og_site_name":"Pronto Power","twitter_card":"summary_large_image","twitter_misc":{"Tiempo de lectura":"4 minutos"},"schema":{"@context":"https:\/\/schema.org","@graph":[{"@type":"WebPage","@id":"https:\/\/powermepronto.com\/no-credit-check-required-power-your-home-with-everman-prepaid-electricity\/","url":"https:\/\/powermepronto.com\/no-credit-check-required-power-your-home-with-everman-prepaid-electricity\/","name":"[:en]No Credit Check Required: Power Your Home with Everman Prepaid Electricity[:es] No Se Requiere Verificaci\u00f3n de Cr\u00e9dito[:] - Pronto Power","isPartOf":{"@id":"https:\/\/powermepronto.com\/en\/#website"},"datePublished":"2024-01-05T20:31:12+00:00","description":"Call 844-621-2852 today and ask for Texas\u2019s fastest electricity provider \u2013 Pronto Power, your Everman prepaid electricity champion.\u00a0","breadcrumb":{"@id":"https:\/\/powermepronto.com\/no-credit-check-required-power-your-home-with-everman-prepaid-electricity\/#breadcrumb"},"inLanguage":"es","potentialAction":[{"@type":"ReadAction","target":["https:\/\/powermepronto.com\/no-credit-check-required-power-your-home-with-everman-prepaid-electricity\/"]}]},{"@type":"BreadcrumbList","@id":"https:\/\/powermepronto.com\/no-credit-check-required-power-your-home-with-everman-prepaid-electricity\/#breadcrumb","itemListElement":[{"@type":"ListItem","position":1,"name":"Home","item":"https:\/\/powermepronto.com\/en\/"},{"@type":"ListItem","position":2,"name":"No Credit Check Required: Power Your Home with Everman Prepaid Electricity"}]},{"@type":"WebSite","@id":"https:\/\/powermepronto.com\/en\/#website","url":"https:\/\/powermepronto.com\/en\/","name":"Pronto Power","description":"","potentialAction":[{"@type":"SearchAction","target":{"@type":"EntryPoint","urlTemplate":"https:\/\/powermepronto.com\/en\/?s={search_term_string}"},"query-input":{"@type":"PropertyValueSpecification","valueRequired":true,"valueName":"search_term_string"}}],"inLanguage":"es"}]}},"_links":{"self":[{"href":"https:\/\/powermepronto.com\/es\/wp-json\/wp\/v2\/pages\/3976","targetHints":{"allow":["GET"]}}],"collection":[{"href":"https:\/\/powermepronto.com\/es\/wp-json\/wp\/v2\/pages"}],"about":[{"href":"https:\/\/powermepronto.com\/es\/wp-json\/wp\/v2\/types\/page"}],"author":[{"embeddable":true,"href":"https:\/\/powermepronto.com\/es\/wp-json\/wp\/v2\/users\/1"}],"replies":[{"embeddable":true,"href":"https:\/\/powermepronto.com\/es\/wp-json\/wp\/v2\/comments?post=3976"}],"version-history":[{"count":1,"href":"https:\/\/powermepronto.com\/es\/wp-json\/wp\/v2\/pages\/3976\/revisions"}],"predecessor-version":[{"id":3977,"href":"https:\/\/powermepronto.com\/es\/wp-json\/wp\/v2\/pages\/3976\/revisions\/3977"}],"wp:attachment":[{"href":"https:\/\/powermepronto.com\/es\/wp-json\/wp\/v2\/media?parent=3976"}],"curies":[{"name":"wp","href":"https:\/\/api.w.org\/{rel}","templated":true}]}}