{"id":3972,"date":"2024-01-05T14:24:41","date_gmt":"2024-01-05T20:24:41","guid":{"rendered":"https:\/\/powermepronto.com\/?page_id=3972"},"modified":"2024-01-05T14:24:41","modified_gmt":"2024-01-05T20:24:41","slug":"switch-to-the-cheapest-blue-mound-prepaid-power-plan","status":"publish","type":"page","link":"https:\/\/powermepronto.com\/es\/switch-to-the-cheapest-blue-mound-prepaid-power-plan\/","title":{"rendered":"Cambie al Plan de Energ\u00eda Prepago de Blue Mound M\u00e1s Econ\u00f3mico"},"content":{"rendered":"<p class=\"p1\"><\/span><\/p>\n<p><span style=\"font-weight: 400;\">El clima de Texas es impredecible, lo que significa que su factura de electricidad tambi\u00e9n lo es. \u00bfC\u00f3mo puede estar seguro de que su factura de energ\u00eda es lo m\u00e1s baja posible? Cambie al l\u00edder en energ\u00eda prepaga de Blue Mound, Pronto Power. Las tarifas de Pronto Power son las m\u00e1s baratas de Blue Mound, \u00a1y las m\u00e1s baratas de Texas!<\/span><\/p>\n<p class=\"p1\">\n<p><span style=\"font-weight: 400;\">Muchos anuncios de compa\u00f1\u00edas el\u00e9ctricas afirman que su compa\u00f1\u00eda ofrece la electricidad prepaga de menor costo en Blue Mound, pero lea la letra peque\u00f1a y compare manzanas con manzanas. Pronto Power ofrece la misma tarifa baja por minuto ya sea que haya sido cliente durante 10 d\u00edas o 10 a\u00f1os. En otras palabras, nunca ofrecemos una tarifa introductoria para luego cambiarla unos meses m\u00e1s tarde mientras lo fijamos en un contrato por un a\u00f1o o m\u00e1s. De hecho, Pronto Power ni siquiera te obliga a firmar un contrato de servicio. Pagas mes a mes por la energ\u00eda prepaga m\u00e1s baja en Blue Mound. \u00bfC\u00f3mo podemos hacer esto?<\/span><\/p>\n<h2><b>Desregulaci\u00f3n<\/b><\/h2>\n<p><span style=\"font-weight: 400;\">En 2002, las compa\u00f1\u00edas el\u00e9ctricas de Texas se liberalizaron, lo que provoc\u00f3 una gran cantidad de proveedores de energ\u00eda que compet\u00edan por su negocio. Este mercado competitivo hizo bajar los precios para todos los tejanos. Para destacarse por encima de la multitud, Pronto Power determin\u00f3 que gastar dinero en los clientes, en lugar de en publicidad, les ahorraba dinero. Los clientes, a su vez, se lo contaron a sus amigos, quienes tambi\u00e9n se registraron para recibir el servicio. Este tipo de publicidad boca a boca es rentable; Reduce su factura de energ\u00eda mensual ya que los gastos generales de Pronto Power son menores.<\/span><\/p>\n<p class=\"p1\">\n<h2><span style=\"font-weight: 400;\">\u200b <\/span><b>Energ\u00eda Prepago<\/b><\/h2>\n<p class=\"p1\">\n<p><span style=\"font-weight: 400;\">Pronto Power comprende que no todo el mundo tiene un puntaje crediticio perfecto. Muchos de nuestros clientes son estudiantes universitarios, personas con ingresos fijos, familias nuevas y clientes mayores. Debido a que ofrecemos servicio prepago, no es necesario realizar un dep\u00f3sito ya que usted paga su servicio por adelantado. Cuando te registras, colocas una peque\u00f1a cantidad de dinero en tu cuenta. Esto no es un dep\u00f3sito ni una tarifa de inscripci\u00f3n: es su dinero por su servicio. De hecho, Pronto Power no exige una verificaci\u00f3n de cr\u00e9dito a los clientes ni cobra un dep\u00f3sito para comenzar el servicio. Nos enorgullecemos de ser transparentes cuando comienza su servicio y durante todo su servicio con nosotros. Usted sabe exactamente cu\u00e1nto se le cobrar\u00e1 sin cargos ocultos.<\/span><\/p>\n<p class=\"p1\">\n<h2><b>Seguimiento de su uso<\/b><\/h2>\n<p class=\"p1\">\n<p><span style=\"font-weight: 400;\">Cuando te registras para recibir el servicio, puedes realizar un seguimiento de tu uso de energ\u00eda en una aplicaci\u00f3n. Su medidor de energ\u00eda inteligente se conecta a una aplicaci\u00f3n de tel\u00e9fono y puede ver los kilovatios-hora a medida que cambian revisando su tel\u00e9fono. Enciende la secadora y observa cu\u00e1nto cambia el uso. Se ha demostrado que monitorear su uso de energ\u00eda reduce la cantidad de electricidad utilizada por el consumidor promedio. A esto lo llamamos \u00ablecturas en tiempo real para ahorros en tiempo real\u00bb. Le permite realizar cambios de forma proactiva en lugar de esperar una gran factura y reaccionar.<\/span><\/p>\n<p class=\"p1\">\n<h2><b>Grandeza del servicio al cliente<\/b><\/h2>\n<p class=\"p1\">\n<p><span style=\"font-weight: 400;\">\u00bfNo est\u00e1s seguro de c\u00f3mo leer el medidor en la aplicaci\u00f3n? Nuestros representantes de servicio al cliente est\u00e1n disponibles si tiene alguna pregunta relacionada con su medidor o cualquier otro aspecto de su servicio.<\/span><\/p>\n<p class=\"p1\">\n<p><span style=\"font-weight: 400;\">Nuestro servicio de notificaci\u00f3n gratuito se comunica con usted todas las ma\u00f1anas por mensaje de texto, correo electr\u00f3nico o ambos para informarle cu\u00e1nta energ\u00eda est\u00e1 utilizando y cu\u00e1nto dinero hay en su cuenta. Puede agregar fondos f\u00e1cilmente directamente a su cuenta a trav\u00e9s de la aplicaci\u00f3n de su tel\u00e9fono. No es necesario llamar con una tarjeta de cr\u00e9dito ni emitir un cheque cada vez que agrega m\u00e1s fondos a su cuenta. Y mientras tengas al menos un centavo en tu cuenta, tendr\u00e1s luz en tu casa.<\/span><\/p>\n<p><span style=\"font-weight: 400;\">Cada vez que descubra que se est\u00e1 quedando sin dinero antes de quedarse sin facturas, llame a nuestro amigable equipo de servicio al cliente para diferir el pago hasta su pr\u00f3ximo cheque de pago. Este servicio es gratuito; Mientras tanto, no acumular\u00e1s ninguna tarifa. Los planes de pago diferido tambi\u00e9n le permiten devolver lo que sea manejable.<\/span><\/p>\n<p><span style=\"font-weight: 400;\">Llame hoy a su compa\u00f1\u00eda de energ\u00eda prepaga de Blue Mound al 888-234-1373 para hablar con un representante de servicio al cliente sobre c\u00f3mo cambiar su servicio a Pronto Power para que pueda comenzar a ver una factura de electricidad menos costosa.<\/span><\/p>\n<p class=\"p1\"><\/p>","protected":false},"excerpt":{"rendered":"<p>El clima de Texas es impredecible, lo que significa que su factura de electricidad tambi\u00e9n lo es. \u00bfC\u00f3mo puede estar seguro de que su factura de energ\u00eda es lo m\u00e1s baja posible? Cambie al l\u00edder en energ\u00eda prepaga de Blue Mound, Pronto Power. Las tarifas de Pronto Power son las m\u00e1s baratas de Blue Mound, &hellip; <a href=\"https:\/\/powermepronto.com\/es\/switch-to-the-cheapest-blue-mound-prepaid-power-plan\/\" class=\"more-link\">Continue reading <span class=\"screen-reader-text\">Cambie al Plan de Energ\u00eda Prepago de Blue Mound M\u00e1s Econ\u00f3mico<\/span><\/a><\/p>\n","protected":false},"author":1,"featured_media":0,"parent":0,"menu_order":0,"comment_status":"closed","ping_status":"closed","template":"","meta":{"_acf_changed":false,"_glsr_average":0,"_glsr_ranking":0,"_glsr_reviews":0,"footnotes":"","_links_to":"","_links_to_target":""},"class_list":["post-3972","page","type-page","status-publish","hentry"],"acf":[],"yoast_head":"<!-- This site is optimized with the Yoast SEO plugin v27.5 - https:\/\/yoast.com\/product\/yoast-seo-wordpress\/ -->\n<title>Cambie al Plan de Energ\u00eda Prepago de Blue Mound M\u00e1s Econ\u00f3mico - Pronto Power<\/title>\n<meta name=\"robots\" content=\"index, follow, max-snippet:-1, max-image-preview:large, max-video-preview:-1\" \/>\n<link rel=\"canonical\" href=\"https:\/\/powermepronto.com\/switch-to-the-cheapest-blue-mound-prepaid-power-plan\/\" \/>\n<meta property=\"og:locale\" content=\"es_ES\" \/>\n<meta property=\"og:type\" content=\"article\" \/>\n<meta property=\"og:title\" content=\"[:en]Switch to the Cheapest Blue Mound Prepaid Power Plan [:es]Cambie al Plan de Energ\u00eda Prepago de Blue Mound M\u00e1s Econ\u00f3mico[:] - Pronto Power\" \/>\n<meta property=\"og:description\" content=\"El clima de Texas es impredecible, lo que significa que su factura de electricidad tambi\u00e9n lo es. \u00bfC\u00f3mo puede estar seguro de que su factura de energ\u00eda es lo m\u00e1s baja posible? Cambie al l\u00edder en energ\u00eda prepaga de Blue Mound, Pronto Power. Las tarifas de Pronto Power son las m\u00e1s baratas de Blue Mound, &hellip; Continue reading Cambie al Plan de Energ\u00eda Prepago de Blue Mound M\u00e1s Econ\u00f3mico\" \/>\n<meta property=\"og:url\" content=\"https:\/\/powermepronto.com\/switch-to-the-cheapest-blue-mound-prepaid-power-plan\/\" \/>\n<meta property=\"og:site_name\" content=\"Pronto Power\" \/>\n<meta name=\"twitter:card\" content=\"summary_large_image\" \/>\n<meta name=\"twitter:label1\" content=\"Tiempo de lectura\" \/>\n\t<meta name=\"twitter:data1\" content=\"7 minutos\" \/>\n<script type=\"application\/ld+json\" class=\"yoast-schema-graph\">{\"@context\":\"https:\\\/\\\/schema.org\",\"@graph\":[{\"@type\":\"WebPage\",\"@id\":\"https:\\\/\\\/powermepronto.com\\\/switch-to-the-cheapest-blue-mound-prepaid-power-plan\\\/\",\"url\":\"https:\\\/\\\/powermepronto.com\\\/switch-to-the-cheapest-blue-mound-prepaid-power-plan\\\/\",\"name\":\"[:en]Switch to the Cheapest Blue Mound Prepaid Power Plan [:es]Cambie al Plan de Energ\u00eda Prepago de Blue Mound M\u00e1s Econ\u00f3mico[:] - Pronto Power\",\"isPartOf\":{\"@id\":\"https:\\\/\\\/powermepronto.com\\\/en\\\/#website\"},\"datePublished\":\"2024-01-05T20:24:41+00:00\",\"breadcrumb\":{\"@id\":\"https:\\\/\\\/powermepronto.com\\\/switch-to-the-cheapest-blue-mound-prepaid-power-plan\\\/#breadcrumb\"},\"inLanguage\":\"es\",\"potentialAction\":[{\"@type\":\"ReadAction\",\"target\":[\"https:\\\/\\\/powermepronto.com\\\/switch-to-the-cheapest-blue-mound-prepaid-power-plan\\\/\"]}]},{\"@type\":\"BreadcrumbList\",\"@id\":\"https:\\\/\\\/powermepronto.com\\\/switch-to-the-cheapest-blue-mound-prepaid-power-plan\\\/#breadcrumb\",\"itemListElement\":[{\"@type\":\"ListItem\",\"position\":1,\"name\":\"Home\",\"item\":\"https:\\\/\\\/powermepronto.com\\\/en\\\/\"},{\"@type\":\"ListItem\",\"position\":2,\"name\":\"Switch to the Cheapest Blue Mound Prepaid Power Plan\"}]},{\"@type\":\"WebSite\",\"@id\":\"https:\\\/\\\/powermepronto.com\\\/en\\\/#website\",\"url\":\"https:\\\/\\\/powermepronto.com\\\/en\\\/\",\"name\":\"Pronto Power\",\"description\":\"\",\"potentialAction\":[{\"@type\":\"SearchAction\",\"target\":{\"@type\":\"EntryPoint\",\"urlTemplate\":\"https:\\\/\\\/powermepronto.com\\\/en\\\/?s={search_term_string}\"},\"query-input\":{\"@type\":\"PropertyValueSpecification\",\"valueRequired\":true,\"valueName\":\"search_term_string\"}}],\"inLanguage\":\"es\"}]}<\/script>\n<!-- \/ Yoast SEO plugin. -->","yoast_head_json":{"title":"[:en]Switch to the Cheapest Blue Mound Prepaid Power Plan [:es]Cambie al Plan de Energ\u00eda Prepago de Blue Mound M\u00e1s Econ\u00f3mico[:] - Pronto Power","robots":{"index":"index","follow":"follow","max-snippet":"max-snippet:-1","max-image-preview":"max-image-preview:large","max-video-preview":"max-video-preview:-1"},"canonical":"https:\/\/powermepronto.com\/switch-to-the-cheapest-blue-mound-prepaid-power-plan\/","og_locale":"es_ES","og_type":"article","og_title":"[:en]Switch to the Cheapest Blue Mound Prepaid Power Plan [:es]Cambie al Plan de Energ\u00eda Prepago de Blue Mound M\u00e1s Econ\u00f3mico[:] - Pronto Power","og_description":"El clima de Texas es impredecible, lo que significa que su factura de electricidad tambi\u00e9n lo es. \u00bfC\u00f3mo puede estar seguro de que su factura de energ\u00eda es lo m\u00e1s baja posible? Cambie al l\u00edder en energ\u00eda prepaga de Blue Mound, Pronto Power. Las tarifas de Pronto Power son las m\u00e1s baratas de Blue Mound, &hellip; Continue reading Cambie al Plan de Energ\u00eda Prepago de Blue Mound M\u00e1s Econ\u00f3mico","og_url":"https:\/\/powermepronto.com\/switch-to-the-cheapest-blue-mound-prepaid-power-plan\/","og_site_name":"Pronto Power","twitter_card":"summary_large_image","twitter_misc":{"Tiempo de lectura":"7 minutos"},"schema":{"@context":"https:\/\/schema.org","@graph":[{"@type":"WebPage","@id":"https:\/\/powermepronto.com\/switch-to-the-cheapest-blue-mound-prepaid-power-plan\/","url":"https:\/\/powermepronto.com\/switch-to-the-cheapest-blue-mound-prepaid-power-plan\/","name":"[:en]Switch to the Cheapest Blue Mound Prepaid Power Plan [:es]Cambie al Plan de Energ\u00eda Prepago de Blue Mound M\u00e1s Econ\u00f3mico[:] - Pronto Power","isPartOf":{"@id":"https:\/\/powermepronto.com\/en\/#website"},"datePublished":"2024-01-05T20:24:41+00:00","breadcrumb":{"@id":"https:\/\/powermepronto.com\/switch-to-the-cheapest-blue-mound-prepaid-power-plan\/#breadcrumb"},"inLanguage":"es","potentialAction":[{"@type":"ReadAction","target":["https:\/\/powermepronto.com\/switch-to-the-cheapest-blue-mound-prepaid-power-plan\/"]}]},{"@type":"BreadcrumbList","@id":"https:\/\/powermepronto.com\/switch-to-the-cheapest-blue-mound-prepaid-power-plan\/#breadcrumb","itemListElement":[{"@type":"ListItem","position":1,"name":"Home","item":"https:\/\/powermepronto.com\/en\/"},{"@type":"ListItem","position":2,"name":"Switch to the Cheapest Blue Mound Prepaid Power Plan"}]},{"@type":"WebSite","@id":"https:\/\/powermepronto.com\/en\/#website","url":"https:\/\/powermepronto.com\/en\/","name":"Pronto Power","description":"","potentialAction":[{"@type":"SearchAction","target":{"@type":"EntryPoint","urlTemplate":"https:\/\/powermepronto.com\/en\/?s={search_term_string}"},"query-input":{"@type":"PropertyValueSpecification","valueRequired":true,"valueName":"search_term_string"}}],"inLanguage":"es"}]}},"_links":{"self":[{"href":"https:\/\/powermepronto.com\/es\/wp-json\/wp\/v2\/pages\/3972","targetHints":{"allow":["GET"]}}],"collection":[{"href":"https:\/\/powermepronto.com\/es\/wp-json\/wp\/v2\/pages"}],"about":[{"href":"https:\/\/powermepronto.com\/es\/wp-json\/wp\/v2\/types\/page"}],"author":[{"embeddable":true,"href":"https:\/\/powermepronto.com\/es\/wp-json\/wp\/v2\/users\/1"}],"replies":[{"embeddable":true,"href":"https:\/\/powermepronto.com\/es\/wp-json\/wp\/v2\/comments?post=3972"}],"version-history":[{"count":1,"href":"https:\/\/powermepronto.com\/es\/wp-json\/wp\/v2\/pages\/3972\/revisions"}],"predecessor-version":[{"id":3973,"href":"https:\/\/powermepronto.com\/es\/wp-json\/wp\/v2\/pages\/3972\/revisions\/3973"}],"wp:attachment":[{"href":"https:\/\/powermepronto.com\/es\/wp-json\/wp\/v2\/media?parent=3972"}],"curies":[{"name":"wp","href":"https:\/\/api.w.org\/{rel}","templated":true}]}}