{"id":3955,"date":"2023-12-11T13:48:14","date_gmt":"2023-12-11T19:48:14","guid":{"rendered":"https:\/\/powermepronto.com\/?page_id=3955"},"modified":"2023-12-11T13:48:14","modified_gmt":"2023-12-11T19:48:14","slug":"enjoy-arlington-prepaid-power-without-the-credit-check","status":"publish","type":"page","link":"https:\/\/powermepronto.com\/es\/enjoy-arlington-prepaid-power-without-the-credit-check\/","title":{"rendered":"Disfrute De La Energ\u00eda Prepaga De Arlington Sin Verificaci\u00f3n de Cr\u00e9dito"},"content":{"rendered":"<p><span style=\"font-weight: 400;\"><\/span><\/p>\n<p>&nbsp;<\/p>\n<p><span style=\"font-weight: 400;\">Has o\u00eddo hablar de la energ\u00eda prepago, pero realmente no sabes qu\u00e9 significa \u201cenerg\u00eda prepago\u201d. Para la mayor\u00eda de los consumidores, pagar la factura de la luz resulta complicado. Cada mes llegan las facturas y temes abrir el sobre, seguro que la factura ser\u00e1 mucho mayor de lo que quieres pagar. Pero con Pronto Power, l\u00edder en energ\u00eda prepaga de Arlington, preocuparse por lo que pagar\u00e1 es cosa del pasado.<\/span><\/p>\n<p>&nbsp;<\/p>\n<h2><b>\u00bfQu\u00e9 es la Energ\u00eda Prepago?<\/b><\/h2>\n<p><span style=\"font-weight: 400;\">Con la energ\u00eda prepaga, usted paga lo que puede pagar en un horario con el que se sienta c\u00f3modo pagando. Puedes pagar un poco todos los d\u00edas, una vez a la semana o una vez al mes. Mientras su cuenta muestre al menos un centavo, su electricidad seguir\u00e1 fluyendo. As\u00ed es como funciona: cuando te registras en el plan de energ\u00eda prepago de Pronto Power en Arlington, pagas una peque\u00f1a cantidad por adelantado. Esta cantidad no es un dep\u00f3sito. Es el dinero que utilizas para pagar tu electricidad.<\/span><\/p>\n<p>&nbsp;<\/p>\n<p><span style=\"font-weight: 400;\">A medida que usas energ\u00eda, la cantidad de dinero en tu cuenta disminuye. Todas las ma\u00f1anas recibe un mensaje de texto o correo electr\u00f3nico inform\u00e1ndole cu\u00e1nto dinero queda en su cuenta. T\u00fa decides si es momento de agregar m\u00e1s fondos o no. Este programa de pago por uso significa que su factura est\u00e1 actualizada al final del ciclo de facturaci\u00f3n, \u00a1sin sorpresas!<\/span><\/p>\n<p>&nbsp;<\/p>\n<h2><b>\u00bfC\u00f3mo Me Inscribo En El Plan Prepago De Pronto Power?<\/b><\/h2>\n<p><span style=\"font-weight: 400;\">Registrarse en la compa\u00f1\u00eda de energ\u00eda prepaga de Arlington, Pronto Power, es muy f\u00e1cil. De hecho, siempre que tenga un medidor inteligente, generalmente podr\u00e1 conectarse en una hora con una empresa que ofrece las tarifas el\u00e9ctricas prepagas m\u00e1s bajas de Arlington junto con un excelente servicio al cliente.<\/span><\/p>\n<p><span style=\"font-weight: 400;\">Pronto Power realmente lo tiene todo y le brindamos la atenci\u00f3n que se merece. Basamos nuestra reputaci\u00f3n en ello porque nunca hacemos que nuestros clientes firmen un contrato por ning\u00fan per\u00edodo de tiempo. Eres libre de irte cuando quieras, pero nos esforzamos por mantener contentos a nuestros clientes.<\/span><\/p>\n<p>&nbsp;<\/p>\n<h2><b>Sea Responsable De Du Uso De Energ\u00eda<\/b><\/h2>\n<p><span style=\"font-weight: 400;\">Otra ventaja que le brinda Pronto Power es la posibilidad de ver su medidor en tiempo real desde una aplicaci\u00f3n en su tel\u00e9fono. Puede ver cu\u00e1nta energ\u00eda est\u00e1 usando cuando el aire acondicionado est\u00e1 funcionando en comparaci\u00f3n con cuando usa un ventilador y decidir cu\u00e1l prefiere usar.<\/span><\/p>\n<p>&nbsp;<\/p>\n<p><span style=\"font-weight: 400;\">Algunos meses son mucho m\u00e1s calurosos o m\u00e1s fr\u00edos que otros y su uso de energ\u00eda cambia con el tiempo. Si tiene alg\u00fan problema para pagar su factura, cont\u00e1ctenos lo antes posible. Crearemos un plan de pago flexible espec\u00edfico para sus necesidades. D\u00edgale adi\u00f3s a los contratos y dep\u00f3sitos y hola al extraordinario servicio al cliente y a la compa\u00f1\u00eda de energ\u00eda prepaga de Arlington, Pronto Power. Te alegrar\u00e1s de haber cambiado.<\/span><\/p>\n<p>&nbsp;<\/p>","protected":false},"excerpt":{"rendered":"<p>&nbsp; Has o\u00eddo hablar de la energ\u00eda prepago, pero realmente no sabes qu\u00e9 significa \u201cenerg\u00eda prepago\u201d. Para la mayor\u00eda de los consumidores, pagar la factura de la luz resulta complicado. Cada mes llegan las facturas y temes abrir el sobre, seguro que la factura ser\u00e1 mucho mayor de lo que quieres pagar. Pero con Pronto &hellip; <a href=\"https:\/\/powermepronto.com\/es\/enjoy-arlington-prepaid-power-without-the-credit-check\/\" class=\"more-link\">Continue reading <span class=\"screen-reader-text\">Disfrute De La Energ\u00eda Prepaga De Arlington Sin Verificaci\u00f3n de Cr\u00e9dito<\/span><\/a><\/p>\n","protected":false},"author":1,"featured_media":0,"parent":0,"menu_order":0,"comment_status":"closed","ping_status":"closed","template":"","meta":{"_acf_changed":false,"_glsr_average":0,"_glsr_ranking":0,"_glsr_reviews":0,"footnotes":"","_links_to":"","_links_to_target":""},"class_list":["post-3955","page","type-page","status-publish","hentry"],"acf":[],"yoast_head":"<!-- This site is optimized with the Yoast SEO plugin v27.5 - https:\/\/yoast.com\/product\/yoast-seo-wordpress\/ -->\n<title>Disfrute De La Energ\u00eda Prepaga De Arlington Sin Verificaci\u00f3n de Cr\u00e9dito - Pronto Power<\/title>\n<meta name=\"description\" content=\"Say goodbye to contracts and deposits and hello to extraordinary customer service and Arlington\u2019s prepaid power company, Pronto Power.\" \/>\n<meta name=\"robots\" content=\"index, follow, max-snippet:-1, max-image-preview:large, max-video-preview:-1\" \/>\n<link rel=\"canonical\" href=\"https:\/\/powermepronto.com\/enjoy-arlington-prepaid-power-without-the-credit-check\/\" \/>\n<meta property=\"og:locale\" content=\"es_ES\" \/>\n<meta property=\"og:type\" content=\"article\" \/>\n<meta property=\"og:title\" content=\"[:en]Enjoy Arlington Prepaid Power Without the Credit Check[:es]Disfrute De La Energ\u00eda Prepaga De Arlington Sin Verificaci\u00f3n de Cr\u00e9dito[:] - Pronto Power\" \/>\n<meta property=\"og:description\" content=\"Say goodbye to contracts and deposits and hello to extraordinary customer service and Arlington\u2019s prepaid power company, Pronto Power.\" \/>\n<meta property=\"og:url\" content=\"https:\/\/powermepronto.com\/enjoy-arlington-prepaid-power-without-the-credit-check\/\" \/>\n<meta property=\"og:site_name\" content=\"Pronto Power\" \/>\n<meta name=\"twitter:card\" content=\"summary_large_image\" \/>\n<meta name=\"twitter:label1\" content=\"Tiempo de lectura\" \/>\n\t<meta name=\"twitter:data1\" content=\"4 minutos\" \/>\n<script type=\"application\/ld+json\" class=\"yoast-schema-graph\">{\"@context\":\"https:\\\/\\\/schema.org\",\"@graph\":[{\"@type\":\"WebPage\",\"@id\":\"https:\\\/\\\/powermepronto.com\\\/enjoy-arlington-prepaid-power-without-the-credit-check\\\/\",\"url\":\"https:\\\/\\\/powermepronto.com\\\/enjoy-arlington-prepaid-power-without-the-credit-check\\\/\",\"name\":\"[:en]Enjoy Arlington Prepaid Power Without the Credit Check[:es]Disfrute De La Energ\u00eda Prepaga De Arlington Sin Verificaci\u00f3n de Cr\u00e9dito[:] - Pronto Power\",\"isPartOf\":{\"@id\":\"https:\\\/\\\/powermepronto.com\\\/en\\\/#website\"},\"datePublished\":\"2023-12-11T19:48:14+00:00\",\"description\":\"Say goodbye to contracts and deposits and hello to extraordinary customer service and Arlington\u2019s prepaid power company, Pronto Power.\",\"breadcrumb\":{\"@id\":\"https:\\\/\\\/powermepronto.com\\\/enjoy-arlington-prepaid-power-without-the-credit-check\\\/#breadcrumb\"},\"inLanguage\":\"es\",\"potentialAction\":[{\"@type\":\"ReadAction\",\"target\":[\"https:\\\/\\\/powermepronto.com\\\/enjoy-arlington-prepaid-power-without-the-credit-check\\\/\"]}]},{\"@type\":\"BreadcrumbList\",\"@id\":\"https:\\\/\\\/powermepronto.com\\\/enjoy-arlington-prepaid-power-without-the-credit-check\\\/#breadcrumb\",\"itemListElement\":[{\"@type\":\"ListItem\",\"position\":1,\"name\":\"Home\",\"item\":\"https:\\\/\\\/powermepronto.com\\\/en\\\/\"},{\"@type\":\"ListItem\",\"position\":2,\"name\":\"Enjoy Arlington Prepaid Power Without the Credit Check\"}]},{\"@type\":\"WebSite\",\"@id\":\"https:\\\/\\\/powermepronto.com\\\/en\\\/#website\",\"url\":\"https:\\\/\\\/powermepronto.com\\\/en\\\/\",\"name\":\"Pronto Power\",\"description\":\"\",\"potentialAction\":[{\"@type\":\"SearchAction\",\"target\":{\"@type\":\"EntryPoint\",\"urlTemplate\":\"https:\\\/\\\/powermepronto.com\\\/en\\\/?s={search_term_string}\"},\"query-input\":{\"@type\":\"PropertyValueSpecification\",\"valueRequired\":true,\"valueName\":\"search_term_string\"}}],\"inLanguage\":\"es\"}]}<\/script>\n<!-- \/ Yoast SEO plugin. -->","yoast_head_json":{"title":"[:en]Enjoy Arlington Prepaid Power Without the Credit Check[:es]Disfrute De La Energ\u00eda Prepaga De Arlington Sin Verificaci\u00f3n de Cr\u00e9dito[:] - Pronto Power","description":"Say goodbye to contracts and deposits and hello to extraordinary customer service and Arlington\u2019s prepaid power company, Pronto Power.","robots":{"index":"index","follow":"follow","max-snippet":"max-snippet:-1","max-image-preview":"max-image-preview:large","max-video-preview":"max-video-preview:-1"},"canonical":"https:\/\/powermepronto.com\/enjoy-arlington-prepaid-power-without-the-credit-check\/","og_locale":"es_ES","og_type":"article","og_title":"[:en]Enjoy Arlington Prepaid Power Without the Credit Check[:es]Disfrute De La Energ\u00eda Prepaga De Arlington Sin Verificaci\u00f3n de Cr\u00e9dito[:] - Pronto Power","og_description":"Say goodbye to contracts and deposits and hello to extraordinary customer service and Arlington\u2019s prepaid power company, Pronto Power.","og_url":"https:\/\/powermepronto.com\/enjoy-arlington-prepaid-power-without-the-credit-check\/","og_site_name":"Pronto Power","twitter_card":"summary_large_image","twitter_misc":{"Tiempo de lectura":"4 minutos"},"schema":{"@context":"https:\/\/schema.org","@graph":[{"@type":"WebPage","@id":"https:\/\/powermepronto.com\/enjoy-arlington-prepaid-power-without-the-credit-check\/","url":"https:\/\/powermepronto.com\/enjoy-arlington-prepaid-power-without-the-credit-check\/","name":"[:en]Enjoy Arlington Prepaid Power Without the Credit Check[:es]Disfrute De La Energ\u00eda Prepaga De Arlington Sin Verificaci\u00f3n de Cr\u00e9dito[:] - Pronto Power","isPartOf":{"@id":"https:\/\/powermepronto.com\/en\/#website"},"datePublished":"2023-12-11T19:48:14+00:00","description":"Say goodbye to contracts and deposits and hello to extraordinary customer service and Arlington\u2019s prepaid power company, Pronto Power.","breadcrumb":{"@id":"https:\/\/powermepronto.com\/enjoy-arlington-prepaid-power-without-the-credit-check\/#breadcrumb"},"inLanguage":"es","potentialAction":[{"@type":"ReadAction","target":["https:\/\/powermepronto.com\/enjoy-arlington-prepaid-power-without-the-credit-check\/"]}]},{"@type":"BreadcrumbList","@id":"https:\/\/powermepronto.com\/enjoy-arlington-prepaid-power-without-the-credit-check\/#breadcrumb","itemListElement":[{"@type":"ListItem","position":1,"name":"Home","item":"https:\/\/powermepronto.com\/en\/"},{"@type":"ListItem","position":2,"name":"Enjoy Arlington Prepaid Power Without the Credit Check"}]},{"@type":"WebSite","@id":"https:\/\/powermepronto.com\/en\/#website","url":"https:\/\/powermepronto.com\/en\/","name":"Pronto Power","description":"","potentialAction":[{"@type":"SearchAction","target":{"@type":"EntryPoint","urlTemplate":"https:\/\/powermepronto.com\/en\/?s={search_term_string}"},"query-input":{"@type":"PropertyValueSpecification","valueRequired":true,"valueName":"search_term_string"}}],"inLanguage":"es"}]}},"_links":{"self":[{"href":"https:\/\/powermepronto.com\/es\/wp-json\/wp\/v2\/pages\/3955","targetHints":{"allow":["GET"]}}],"collection":[{"href":"https:\/\/powermepronto.com\/es\/wp-json\/wp\/v2\/pages"}],"about":[{"href":"https:\/\/powermepronto.com\/es\/wp-json\/wp\/v2\/types\/page"}],"author":[{"embeddable":true,"href":"https:\/\/powermepronto.com\/es\/wp-json\/wp\/v2\/users\/1"}],"replies":[{"embeddable":true,"href":"https:\/\/powermepronto.com\/es\/wp-json\/wp\/v2\/comments?post=3955"}],"version-history":[{"count":1,"href":"https:\/\/powermepronto.com\/es\/wp-json\/wp\/v2\/pages\/3955\/revisions"}],"predecessor-version":[{"id":3956,"href":"https:\/\/powermepronto.com\/es\/wp-json\/wp\/v2\/pages\/3955\/revisions\/3956"}],"wp:attachment":[{"href":"https:\/\/powermepronto.com\/es\/wp-json\/wp\/v2\/media?parent=3955"}],"curies":[{"name":"wp","href":"https:\/\/api.w.org\/{rel}","templated":true}]}}