{"id":3951,"date":"2023-12-11T13:41:35","date_gmt":"2023-12-11T19:41:35","guid":{"rendered":"https:\/\/powermepronto.com\/?page_id=3951"},"modified":"2023-12-11T13:41:35","modified_gmt":"2023-12-11T19:41:35","slug":"save-more-with-the-cheapest-prepaid-power-in-fort-worth","status":"publish","type":"page","link":"https:\/\/powermepronto.com\/es\/save-more-with-the-cheapest-prepaid-power-in-fort-worth\/","title":{"rendered":"Ahorre M\u00e1s Con La Energ\u00eda Prepaga M\u00e1s Barata en Fort Worth"},"content":{"rendered":"<p><span style=\"font-weight: 400;\"><\/span><\/p>\n<p><span style=\"font-weight: 400;\">Vivir en Fort Worth es caro. Entonces, \u00bfd\u00f3nde haces un corte? \u00bfPreferir\u00edas tener calidad o un excelente precio? Con Pronto Power, puedes tener ambos. \u00bfC\u00f3mo? Simple: Pronto Power ofrece la energ\u00eda prepaga m\u00e1s baja en Fort Worth. Tenga la seguridad de que est\u00e1 pagando la menor cantidad por su servicio el\u00e9ctrico sin la molestia de comparar precios y planes de uso.<\/span><\/p>\n<p>&nbsp;<\/p>\n<h2><b>Sin Contratos ni Letra Peque\u00f1a<\/b><\/h2>\n<p><span style=\"font-weight: 400;\">Tenga mucho cuidado al comparar Pronto Power con cualquier otro proveedor de energ\u00eda. Lea la letra peque\u00f1a; la mayor\u00eda de las otras compa\u00f1\u00edas el\u00e9ctricas requieren una verificaci\u00f3n de cr\u00e9dito y un dep\u00f3sito basado en su historial crediticio. Otro truco es reducir la cantidad que paga por kilovatio-hora durante los primeros meses de servicio y luego aumentar repentinamente la tarifa. Desgraciadamente, para entonces, por lo general ya est\u00e1s sujeto a un contrato y no puedes cambiar de compa\u00f1\u00eda el\u00e9ctrica.<\/span><\/p>\n<p>&nbsp;<\/p>\n<p><span style=\"font-weight: 400;\">Pronto Power no es una de esas empresas. Cuando decimos que tenemos la energ\u00eda prepaga m\u00e1s barata de Fort Worth, lo decimos en serio. Usted nunca paga un dep\u00f3sito, no realizamos una verificaci\u00f3n de cr\u00e9dito y no obligamos a nuestros clientes a firmar contratos.<\/span><\/p>\n<p>&nbsp;<\/p>\n<h2><b>Sin Dep\u00f3sitos ni Tarifas Ocultas<\/b><\/h2>\n<p><span style=\"font-weight: 400;\">Una vez que decida unirse al creciente n\u00famero de clientes de Pronto Power, se dar\u00e1 cuenta del excelente servicio que ofrecemos. No solo tenemos la energ\u00eda prepaga m\u00e1s barata en Fort Worth, sino que a los nuevos clientes nunca se les cobrar\u00e1 un dep\u00f3sito en Pronto Power. Para empezar, paga una peque\u00f1a cantidad por adelantado. Esta cantidad no es un dep\u00f3sito. Es tu dinero y lo utilizas para pagar tu electricidad.<\/span><\/p>\n<p>&nbsp;<\/p>\n<p><span style=\"font-weight: 400;\">A medida que usas energ\u00eda, la cantidad de dinero en tu cuenta disminuye. Todas las ma\u00f1anas recibe un mensaje de texto o correo electr\u00f3nico inform\u00e1ndole cu\u00e1nto dinero queda en su cuenta. Depende de usted agregar dinero en ese momento o esperar hasta que su cuenta bancaria est\u00e9 un poco m\u00e1s estable.<\/span><\/p>\n<p>&nbsp;<\/p>\n<h2><b>Planes de Pago Diferido<\/b><\/h2>\n<p><span style=\"font-weight: 400;\">\u00bfTienes problemas este mes con un gasto imprevisto? Llame a Pronto Power de inmediato. Nuestro equipo de servicio al cliente puede diferir su pago hasta su pr\u00f3ximo cheque de pago o configurar un plan de pago que funcione mejor para usted. Sabemos que los costos de electricidad son elevados y creemos que todos merecen un excelente servicio y la energ\u00eda prepaga m\u00e1s barata en Fort Worth.<\/span><\/p>\n<p>&nbsp;<\/p>\n<p><span style=\"font-weight: 400;\">Sabemos que puede elegir entre proveedores de electricidad, por lo que nos esforzamos por brindarle el mejor servicio posible. Con gusto responderemos sus preguntas sobre c\u00f3mo ahorrar dinero en su factura de electricidad, le explicaremos c\u00f3mo leer su medidor usando una aplicaci\u00f3n en su tel\u00e9fono o cualquier otra pregunta relacionada con Pronto Power. \u00a1Podemos ayudar! Esperamos ser su compa\u00f1\u00eda de energ\u00eda prepaga en Fort Worth. Ll\u00e1manos hoy; Estamos listos para brindarle el mejor servicio.<\/span><\/p>\n<p class=\"p1\"><\/p>","protected":false},"excerpt":{"rendered":"<p>Vivir en Fort Worth es caro. Entonces, \u00bfd\u00f3nde haces un corte? \u00bfPreferir\u00edas tener calidad o un excelente precio? Con Pronto Power, puedes tener ambos. \u00bfC\u00f3mo? Simple: Pronto Power ofrece la energ\u00eda prepaga m\u00e1s baja en Fort Worth. Tenga la seguridad de que est\u00e1 pagando la menor cantidad por su servicio el\u00e9ctrico sin la molestia de &hellip; <a href=\"https:\/\/powermepronto.com\/es\/save-more-with-the-cheapest-prepaid-power-in-fort-worth\/\" class=\"more-link\">Continue reading <span class=\"screen-reader-text\">Ahorre M\u00e1s Con La Energ\u00eda Prepaga M\u00e1s Barata en Fort Worth<\/span><\/a><\/p>\n","protected":false},"author":1,"featured_media":0,"parent":0,"menu_order":0,"comment_status":"closed","ping_status":"closed","template":"","meta":{"_acf_changed":false,"_glsr_average":0,"_glsr_ranking":0,"_glsr_reviews":0,"footnotes":"","_links_to":"","_links_to_target":""},"class_list":["post-3951","page","type-page","status-publish","hentry"],"acf":[],"yoast_head":"<!-- This site is optimized with the Yoast SEO plugin v27.5 - https:\/\/yoast.com\/product\/yoast-seo-wordpress\/ -->\n<title>Ahorre M\u00e1s Con La Energ\u00eda Prepaga M\u00e1s Barata en Fort Worth - Pronto Power<\/title>\n<meta name=\"description\" content=\"We look forward to being your prepaid power company in Fort Worth. Give us a call today; we are ready to provide you with the best service ever.\" \/>\n<meta name=\"robots\" content=\"index, follow, max-snippet:-1, max-image-preview:large, max-video-preview:-1\" \/>\n<link rel=\"canonical\" href=\"https:\/\/powermepronto.com\/save-more-with-the-cheapest-prepaid-power-in-fort-worth\/\" \/>\n<meta property=\"og:locale\" content=\"es_ES\" \/>\n<meta property=\"og:type\" content=\"article\" \/>\n<meta property=\"og:title\" content=\"[:en]Save More with the Cheapest Prepaid Power in Fort Worth[:es]Ahorre M\u00e1s Con La Energ\u00eda Prepaga M\u00e1s Barata en Fort Worth[:] - Pronto Power\" \/>\n<meta property=\"og:description\" content=\"We look forward to being your prepaid power company in Fort Worth. Give us a call today; we are ready to provide you with the best service ever.\" \/>\n<meta property=\"og:url\" content=\"https:\/\/powermepronto.com\/save-more-with-the-cheapest-prepaid-power-in-fort-worth\/\" \/>\n<meta property=\"og:site_name\" content=\"Pronto Power\" \/>\n<meta name=\"twitter:card\" content=\"summary_large_image\" \/>\n<meta name=\"twitter:label1\" content=\"Tiempo de lectura\" \/>\n\t<meta name=\"twitter:data1\" content=\"5 minutos\" \/>\n<script type=\"application\/ld+json\" class=\"yoast-schema-graph\">{\"@context\":\"https:\\\/\\\/schema.org\",\"@graph\":[{\"@type\":\"WebPage\",\"@id\":\"https:\\\/\\\/powermepronto.com\\\/save-more-with-the-cheapest-prepaid-power-in-fort-worth\\\/\",\"url\":\"https:\\\/\\\/powermepronto.com\\\/save-more-with-the-cheapest-prepaid-power-in-fort-worth\\\/\",\"name\":\"[:en]Save More with the Cheapest Prepaid Power in Fort Worth[:es]Ahorre M\u00e1s Con La Energ\u00eda Prepaga M\u00e1s Barata en Fort Worth[:] - Pronto Power\",\"isPartOf\":{\"@id\":\"https:\\\/\\\/powermepronto.com\\\/en\\\/#website\"},\"datePublished\":\"2023-12-11T19:41:35+00:00\",\"description\":\"We look forward to being your prepaid power company in Fort Worth. Give us a call today; we are ready to provide you with the best service ever.\",\"breadcrumb\":{\"@id\":\"https:\\\/\\\/powermepronto.com\\\/save-more-with-the-cheapest-prepaid-power-in-fort-worth\\\/#breadcrumb\"},\"inLanguage\":\"es\",\"potentialAction\":[{\"@type\":\"ReadAction\",\"target\":[\"https:\\\/\\\/powermepronto.com\\\/save-more-with-the-cheapest-prepaid-power-in-fort-worth\\\/\"]}]},{\"@type\":\"BreadcrumbList\",\"@id\":\"https:\\\/\\\/powermepronto.com\\\/save-more-with-the-cheapest-prepaid-power-in-fort-worth\\\/#breadcrumb\",\"itemListElement\":[{\"@type\":\"ListItem\",\"position\":1,\"name\":\"Home\",\"item\":\"https:\\\/\\\/powermepronto.com\\\/en\\\/\"},{\"@type\":\"ListItem\",\"position\":2,\"name\":\"Save More with the Cheapest Prepaid Power in Fort Worth\"}]},{\"@type\":\"WebSite\",\"@id\":\"https:\\\/\\\/powermepronto.com\\\/en\\\/#website\",\"url\":\"https:\\\/\\\/powermepronto.com\\\/en\\\/\",\"name\":\"Pronto Power\",\"description\":\"\",\"potentialAction\":[{\"@type\":\"SearchAction\",\"target\":{\"@type\":\"EntryPoint\",\"urlTemplate\":\"https:\\\/\\\/powermepronto.com\\\/en\\\/?s={search_term_string}\"},\"query-input\":{\"@type\":\"PropertyValueSpecification\",\"valueRequired\":true,\"valueName\":\"search_term_string\"}}],\"inLanguage\":\"es\"}]}<\/script>\n<!-- \/ Yoast SEO plugin. -->","yoast_head_json":{"title":"[:en]Save More with the Cheapest Prepaid Power in Fort Worth[:es]Ahorre M\u00e1s Con La Energ\u00eda Prepaga M\u00e1s Barata en Fort Worth[:] - Pronto Power","description":"We look forward to being your prepaid power company in Fort Worth. Give us a call today; we are ready to provide you with the best service ever.","robots":{"index":"index","follow":"follow","max-snippet":"max-snippet:-1","max-image-preview":"max-image-preview:large","max-video-preview":"max-video-preview:-1"},"canonical":"https:\/\/powermepronto.com\/save-more-with-the-cheapest-prepaid-power-in-fort-worth\/","og_locale":"es_ES","og_type":"article","og_title":"[:en]Save More with the Cheapest Prepaid Power in Fort Worth[:es]Ahorre M\u00e1s Con La Energ\u00eda Prepaga M\u00e1s Barata en Fort Worth[:] - Pronto Power","og_description":"We look forward to being your prepaid power company in Fort Worth. Give us a call today; we are ready to provide you with the best service ever.","og_url":"https:\/\/powermepronto.com\/save-more-with-the-cheapest-prepaid-power-in-fort-worth\/","og_site_name":"Pronto Power","twitter_card":"summary_large_image","twitter_misc":{"Tiempo de lectura":"5 minutos"},"schema":{"@context":"https:\/\/schema.org","@graph":[{"@type":"WebPage","@id":"https:\/\/powermepronto.com\/save-more-with-the-cheapest-prepaid-power-in-fort-worth\/","url":"https:\/\/powermepronto.com\/save-more-with-the-cheapest-prepaid-power-in-fort-worth\/","name":"[:en]Save More with the Cheapest Prepaid Power in Fort Worth[:es]Ahorre M\u00e1s Con La Energ\u00eda Prepaga M\u00e1s Barata en Fort Worth[:] - Pronto Power","isPartOf":{"@id":"https:\/\/powermepronto.com\/en\/#website"},"datePublished":"2023-12-11T19:41:35+00:00","description":"We look forward to being your prepaid power company in Fort Worth. Give us a call today; we are ready to provide you with the best service ever.","breadcrumb":{"@id":"https:\/\/powermepronto.com\/save-more-with-the-cheapest-prepaid-power-in-fort-worth\/#breadcrumb"},"inLanguage":"es","potentialAction":[{"@type":"ReadAction","target":["https:\/\/powermepronto.com\/save-more-with-the-cheapest-prepaid-power-in-fort-worth\/"]}]},{"@type":"BreadcrumbList","@id":"https:\/\/powermepronto.com\/save-more-with-the-cheapest-prepaid-power-in-fort-worth\/#breadcrumb","itemListElement":[{"@type":"ListItem","position":1,"name":"Home","item":"https:\/\/powermepronto.com\/en\/"},{"@type":"ListItem","position":2,"name":"Save More with the Cheapest Prepaid Power in Fort Worth"}]},{"@type":"WebSite","@id":"https:\/\/powermepronto.com\/en\/#website","url":"https:\/\/powermepronto.com\/en\/","name":"Pronto Power","description":"","potentialAction":[{"@type":"SearchAction","target":{"@type":"EntryPoint","urlTemplate":"https:\/\/powermepronto.com\/en\/?s={search_term_string}"},"query-input":{"@type":"PropertyValueSpecification","valueRequired":true,"valueName":"search_term_string"}}],"inLanguage":"es"}]}},"_links":{"self":[{"href":"https:\/\/powermepronto.com\/es\/wp-json\/wp\/v2\/pages\/3951","targetHints":{"allow":["GET"]}}],"collection":[{"href":"https:\/\/powermepronto.com\/es\/wp-json\/wp\/v2\/pages"}],"about":[{"href":"https:\/\/powermepronto.com\/es\/wp-json\/wp\/v2\/types\/page"}],"author":[{"embeddable":true,"href":"https:\/\/powermepronto.com\/es\/wp-json\/wp\/v2\/users\/1"}],"replies":[{"embeddable":true,"href":"https:\/\/powermepronto.com\/es\/wp-json\/wp\/v2\/comments?post=3951"}],"version-history":[{"count":1,"href":"https:\/\/powermepronto.com\/es\/wp-json\/wp\/v2\/pages\/3951\/revisions"}],"predecessor-version":[{"id":3952,"href":"https:\/\/powermepronto.com\/es\/wp-json\/wp\/v2\/pages\/3951\/revisions\/3952"}],"wp:attachment":[{"href":"https:\/\/powermepronto.com\/es\/wp-json\/wp\/v2\/media?parent=3951"}],"curies":[{"name":"wp","href":"https:\/\/api.w.org\/{rel}","templated":true}]}}