{"id":3949,"date":"2023-12-11T13:38:10","date_gmt":"2023-12-11T19:38:10","guid":{"rendered":"https:\/\/powermepronto.com\/?page_id=3949"},"modified":"2023-12-11T13:38:10","modified_gmt":"2023-12-11T19:38:10","slug":"unlock-affordable-power-now-with-austin-no-deposit-electricity-plans","status":"publish","type":"page","link":"https:\/\/powermepronto.com\/es\/unlock-affordable-power-now-with-austin-no-deposit-electricity-plans\/","title":{"rendered":"Desbloquee Energ\u00eda Asequible Con Los Planes De Electricidad Sin Dep\u00f3sito de Austin"},"content":{"rendered":"<p><span style=\"font-weight: 400;\"><\/span><\/p>\n<p>&nbsp;<\/p>\n<p><span style=\"font-weight: 400;\">En 2002, Texas facilit\u00f3 a los clientes el acceso a energ\u00eda de calidad cuando la desregulaci\u00f3n energ\u00e9tica se hizo realidad. La desregulaci\u00f3n gener\u00f3 competencia para todos los clientes de energ\u00eda en Texas. Para usted, esto significa que podr\u00e1 trabajar con una compa\u00f1\u00eda de electricidad sin dep\u00f3sito de Austin que ayuda a sus clientes a pagar la energ\u00eda.<\/span><\/p>\n<p>&nbsp;<\/p>\n<h2><b>Tarifas Electricas<\/b><\/h2>\n<p><span style=\"font-weight: 400;\">Eche un vistazo a las tarifas de la mayor\u00eda de las compa\u00f1\u00edas el\u00e9ctricas y encontrar\u00e1 una amplia gama de precios para tarifas en horas pico, horas valle, tarifas iniciales, dep\u00f3sitos y tarifas ocultas. Conf\u00ede en Pronto Power cuando decimos que tenemos las tarifas el\u00e9ctricas m\u00e1s bajas de Austin&#8230; de hecho, \u00a1somos las tarifas m\u00e1s bajas de todo el estado de Texas!<\/span><\/p>\n<p>&nbsp;<\/p>\n<h2><b>C\u00f3mo Acceder al Mejor Proveedor de Electricidad Prepago de Austin<\/b><\/h2>\n<p><span style=\"font-weight: 400;\">La capacidad de Pronto Power para activar su cuenta sin dep\u00f3sito le deja libre para disfrutar de la vida sin preocuparse por los altos costos generales. Cuando te registras como cliente de Pronto Power, pagas una peque\u00f1a cantidad por adelantado que va directamente a tu cuenta. Este es su dinero y, a medida que usa energ\u00eda en su hogar, estos son los fondos que mantienen el flujo de electricidad. Esa es la promesa de su compa\u00f1\u00eda de electricidad sin dep\u00f3sito de Austin a cada uno de nuestros clientes.<\/span><\/p>\n<p>&nbsp;<\/p>\n<h2><b>El Excelente Servicio al Cliente de Pronto Power<\/b><\/h2>\n<p><span style=\"font-weight: 400;\">En Pronto Power no creemos en trucos. Ofrecemos excelentes tarifas el\u00e9ctricas con un excelente servicio al cliente. Nuestro equipo est\u00e1 listo para ayudarle, sin importar su situaci\u00f3n financiera. Sabemos que el dinero es escaso para muchos de nuestros clientes, como estudiantes universitarios, personas mayores, ciudadanos discapacitados y cualquiera que tenga dificultades para llegar a fin de mes. Entendemos sus necesidades y nos esforzamos por brindarle el servicio que se merece a un precio que se ajuste a su presupuesto.<\/span><\/p>\n<p>&nbsp;<\/p>\n<h2><b>Sin Verificaci\u00f3n De Cr\u00e9dito, Sin Dep\u00f3sito<\/b><\/h2>\n<p><span style=\"font-weight: 400;\">\u00bfC\u00f3mo es posible que otras compa\u00f1\u00edas el\u00e9ctricas realicen una verificaci\u00f3n de cr\u00e9dito sobre usted y exijan un dep\u00f3sito, y Pronto Power anuncia que nosotros no lo hacemos? Es sencillo; Nunca realizamos una verificaci\u00f3n de cr\u00e9dito sobre usted. \u00a1Sin verificaci\u00f3n de cr\u00e9dito no hay raz\u00f3n para esperar un dep\u00f3sito, nunca! Y sin dep\u00f3sito, eres libre de irte cuando quieras. Pero no querr\u00e1 irse sabiendo lo bien que lo trata el personal de Pronto Power.<\/span><\/p>\n<p>&nbsp;<\/p>\n<h2><b>C\u00f3mo Controlas Tu Factura De Luz<\/b><\/h2>\n<p><span style=\"font-weight: 400;\">Como usted est\u00e1 a cargo de su factura (paga sobre la marcha), controla c\u00f3mo usa su electricidad. Puede consultar su factura en cualquier momento desde su tel\u00e9fono y Pronto Power le enviar\u00e1 un mensaje de texto o un correo electr\u00f3nico todas las ma\u00f1anas con una actualizaci\u00f3n de su uso. T\u00fa decides cu\u00e1nto pagar, y mientras tengas m\u00e1s de un centavo en tu factura, tu electricidad fluir\u00e1.<\/span><\/p>\n<p>&nbsp;<\/p>\n<p><span style=\"font-weight: 400;\">\u00bfQu\u00e9 pasa si tienes dificultades? No hay problema: llame a nuestro equipo de atenci\u00f3n al cliente para obtener ayuda. Puede diferir su pago hasta su pr\u00f3ximo cheque de pago sin cargos adicionales. El plan de pago diferido tambi\u00e9n te permite devolver lo que puedas pagar. Llame hoy a su proveedor de electricidad sin dep\u00f3sito de Austin, Pronto Power. Estaras contento de haberlo hecho.<\/span><\/p>\n<p class=\"p1\"><\/p>","protected":false},"excerpt":{"rendered":"<p>&nbsp; En 2002, Texas facilit\u00f3 a los clientes el acceso a energ\u00eda de calidad cuando la desregulaci\u00f3n energ\u00e9tica se hizo realidad. La desregulaci\u00f3n gener\u00f3 competencia para todos los clientes de energ\u00eda en Texas. Para usted, esto significa que podr\u00e1 trabajar con una compa\u00f1\u00eda de electricidad sin dep\u00f3sito de Austin que ayuda a sus clientes a &hellip; <a href=\"https:\/\/powermepronto.com\/es\/unlock-affordable-power-now-with-austin-no-deposit-electricity-plans\/\" class=\"more-link\">Continue reading <span class=\"screen-reader-text\">Desbloquee Energ\u00eda Asequible Con Los Planes De Electricidad Sin Dep\u00f3sito de Austin<\/span><\/a><\/p>\n","protected":false},"author":1,"featured_media":0,"parent":0,"menu_order":0,"comment_status":"closed","ping_status":"closed","template":"","meta":{"_acf_changed":false,"_glsr_average":0,"_glsr_ranking":0,"_glsr_reviews":0,"footnotes":"","_links_to":"","_links_to_target":""},"class_list":["post-3949","page","type-page","status-publish","hentry"],"acf":[],"yoast_head":"<!-- This site is optimized with the Yoast SEO plugin v27.4 - https:\/\/yoast.com\/product\/yoast-seo-wordpress\/ -->\n<title>Desbloquee Energ\u00eda Asequible Con Los Planes De Electricidad Sin Dep\u00f3sito de Austin - Pronto Power<\/title>\n<meta name=\"description\" content=\"Call your Austin no-deposit electricity provider, Pronto Power, today. You\u2019ll be glad you did.\" \/>\n<meta name=\"robots\" content=\"index, follow, max-snippet:-1, max-image-preview:large, max-video-preview:-1\" \/>\n<link rel=\"canonical\" href=\"https:\/\/powermepronto.com\/unlock-affordable-power-now-with-austin-no-deposit-electricity-plans\/\" \/>\n<meta property=\"og:locale\" content=\"es_ES\" \/>\n<meta property=\"og:type\" content=\"article\" \/>\n<meta property=\"og:title\" content=\"[:en]Unlock Affordable Power Now with Austin No Deposit Electricity Plans[:es]Desbloquee Energ\u00eda Asequible Con Los Planes De Electricidad Sin Dep\u00f3sito de Austin[:] - Pronto Power\" \/>\n<meta property=\"og:description\" content=\"Call your Austin no-deposit electricity provider, Pronto Power, today. You\u2019ll be glad you did.\" \/>\n<meta property=\"og:url\" content=\"https:\/\/powermepronto.com\/unlock-affordable-power-now-with-austin-no-deposit-electricity-plans\/\" \/>\n<meta property=\"og:site_name\" content=\"Pronto Power\" \/>\n<meta name=\"twitter:card\" content=\"summary_large_image\" \/>\n<meta name=\"twitter:label1\" content=\"Tiempo de lectura\" \/>\n\t<meta name=\"twitter:data1\" content=\"5 minutos\" \/>\n<script type=\"application\/ld+json\" class=\"yoast-schema-graph\">{\"@context\":\"https:\\\/\\\/schema.org\",\"@graph\":[{\"@type\":\"WebPage\",\"@id\":\"https:\\\/\\\/powermepronto.com\\\/unlock-affordable-power-now-with-austin-no-deposit-electricity-plans\\\/\",\"url\":\"https:\\\/\\\/powermepronto.com\\\/unlock-affordable-power-now-with-austin-no-deposit-electricity-plans\\\/\",\"name\":\"[:en]Unlock Affordable Power Now with Austin No Deposit Electricity Plans[:es]Desbloquee Energ\u00eda Asequible Con Los Planes De Electricidad Sin Dep\u00f3sito de Austin[:] - Pronto Power\",\"isPartOf\":{\"@id\":\"https:\\\/\\\/powermepronto.com\\\/en\\\/#website\"},\"datePublished\":\"2023-12-11T19:38:10+00:00\",\"description\":\"Call your Austin no-deposit electricity provider, Pronto Power, today. You\u2019ll be glad you did.\",\"breadcrumb\":{\"@id\":\"https:\\\/\\\/powermepronto.com\\\/unlock-affordable-power-now-with-austin-no-deposit-electricity-plans\\\/#breadcrumb\"},\"inLanguage\":\"es\",\"potentialAction\":[{\"@type\":\"ReadAction\",\"target\":[\"https:\\\/\\\/powermepronto.com\\\/unlock-affordable-power-now-with-austin-no-deposit-electricity-plans\\\/\"]}]},{\"@type\":\"BreadcrumbList\",\"@id\":\"https:\\\/\\\/powermepronto.com\\\/unlock-affordable-power-now-with-austin-no-deposit-electricity-plans\\\/#breadcrumb\",\"itemListElement\":[{\"@type\":\"ListItem\",\"position\":1,\"name\":\"Home\",\"item\":\"https:\\\/\\\/powermepronto.com\\\/en\\\/\"},{\"@type\":\"ListItem\",\"position\":2,\"name\":\"Unlock Affordable Power Now with Austin No Deposit Electricity Plans\"}]},{\"@type\":\"WebSite\",\"@id\":\"https:\\\/\\\/powermepronto.com\\\/en\\\/#website\",\"url\":\"https:\\\/\\\/powermepronto.com\\\/en\\\/\",\"name\":\"Pronto Power\",\"description\":\"\",\"potentialAction\":[{\"@type\":\"SearchAction\",\"target\":{\"@type\":\"EntryPoint\",\"urlTemplate\":\"https:\\\/\\\/powermepronto.com\\\/en\\\/?s={search_term_string}\"},\"query-input\":{\"@type\":\"PropertyValueSpecification\",\"valueRequired\":true,\"valueName\":\"search_term_string\"}}],\"inLanguage\":\"es\"}]}<\/script>\n<!-- \/ Yoast SEO plugin. -->","yoast_head_json":{"title":"[:en]Unlock Affordable Power Now with Austin No Deposit Electricity Plans[:es]Desbloquee Energ\u00eda Asequible Con Los Planes De Electricidad Sin Dep\u00f3sito de Austin[:] - Pronto Power","description":"Call your Austin no-deposit electricity provider, Pronto Power, today. You\u2019ll be glad you did.","robots":{"index":"index","follow":"follow","max-snippet":"max-snippet:-1","max-image-preview":"max-image-preview:large","max-video-preview":"max-video-preview:-1"},"canonical":"https:\/\/powermepronto.com\/unlock-affordable-power-now-with-austin-no-deposit-electricity-plans\/","og_locale":"es_ES","og_type":"article","og_title":"[:en]Unlock Affordable Power Now with Austin No Deposit Electricity Plans[:es]Desbloquee Energ\u00eda Asequible Con Los Planes De Electricidad Sin Dep\u00f3sito de Austin[:] - Pronto Power","og_description":"Call your Austin no-deposit electricity provider, Pronto Power, today. You\u2019ll be glad you did.","og_url":"https:\/\/powermepronto.com\/unlock-affordable-power-now-with-austin-no-deposit-electricity-plans\/","og_site_name":"Pronto Power","twitter_card":"summary_large_image","twitter_misc":{"Tiempo de lectura":"5 minutos"},"schema":{"@context":"https:\/\/schema.org","@graph":[{"@type":"WebPage","@id":"https:\/\/powermepronto.com\/unlock-affordable-power-now-with-austin-no-deposit-electricity-plans\/","url":"https:\/\/powermepronto.com\/unlock-affordable-power-now-with-austin-no-deposit-electricity-plans\/","name":"[:en]Unlock Affordable Power Now with Austin No Deposit Electricity Plans[:es]Desbloquee Energ\u00eda Asequible Con Los Planes De Electricidad Sin Dep\u00f3sito de Austin[:] - Pronto Power","isPartOf":{"@id":"https:\/\/powermepronto.com\/en\/#website"},"datePublished":"2023-12-11T19:38:10+00:00","description":"Call your Austin no-deposit electricity provider, Pronto Power, today. You\u2019ll be glad you did.","breadcrumb":{"@id":"https:\/\/powermepronto.com\/unlock-affordable-power-now-with-austin-no-deposit-electricity-plans\/#breadcrumb"},"inLanguage":"es","potentialAction":[{"@type":"ReadAction","target":["https:\/\/powermepronto.com\/unlock-affordable-power-now-with-austin-no-deposit-electricity-plans\/"]}]},{"@type":"BreadcrumbList","@id":"https:\/\/powermepronto.com\/unlock-affordable-power-now-with-austin-no-deposit-electricity-plans\/#breadcrumb","itemListElement":[{"@type":"ListItem","position":1,"name":"Home","item":"https:\/\/powermepronto.com\/en\/"},{"@type":"ListItem","position":2,"name":"Unlock Affordable Power Now with Austin No Deposit Electricity Plans"}]},{"@type":"WebSite","@id":"https:\/\/powermepronto.com\/en\/#website","url":"https:\/\/powermepronto.com\/en\/","name":"Pronto Power","description":"","potentialAction":[{"@type":"SearchAction","target":{"@type":"EntryPoint","urlTemplate":"https:\/\/powermepronto.com\/en\/?s={search_term_string}"},"query-input":{"@type":"PropertyValueSpecification","valueRequired":true,"valueName":"search_term_string"}}],"inLanguage":"es"}]}},"_links":{"self":[{"href":"https:\/\/powermepronto.com\/es\/wp-json\/wp\/v2\/pages\/3949","targetHints":{"allow":["GET"]}}],"collection":[{"href":"https:\/\/powermepronto.com\/es\/wp-json\/wp\/v2\/pages"}],"about":[{"href":"https:\/\/powermepronto.com\/es\/wp-json\/wp\/v2\/types\/page"}],"author":[{"embeddable":true,"href":"https:\/\/powermepronto.com\/es\/wp-json\/wp\/v2\/users\/1"}],"replies":[{"embeddable":true,"href":"https:\/\/powermepronto.com\/es\/wp-json\/wp\/v2\/comments?post=3949"}],"version-history":[{"count":1,"href":"https:\/\/powermepronto.com\/es\/wp-json\/wp\/v2\/pages\/3949\/revisions"}],"predecessor-version":[{"id":3950,"href":"https:\/\/powermepronto.com\/es\/wp-json\/wp\/v2\/pages\/3949\/revisions\/3950"}],"wp:attachment":[{"href":"https:\/\/powermepronto.com\/es\/wp-json\/wp\/v2\/media?parent=3949"}],"curies":[{"name":"wp","href":"https:\/\/api.w.org\/{rel}","templated":true}]}}