{"id":3927,"date":"2023-11-06T10:02:04","date_gmt":"2023-11-06T16:02:04","guid":{"rendered":"https:\/\/powermepronto.com\/?page_id=3927"},"modified":"2023-11-06T10:02:04","modified_gmt":"2023-11-06T16:02:04","slug":"get-affordable-prepaid-energy-in-farmers-branch","status":"publish","type":"page","link":"https:\/\/powermepronto.com\/es\/get-affordable-prepaid-energy-in-farmers-branch\/","title":{"rendered":"Obtenga Energ\u00eda Prepaga Asequible en Farmers Branch"},"content":{"rendered":"<p><span style=\"font-weight: 400;\"><\/span><\/p>\n<p>&nbsp;<\/p>\n<p><span style=\"font-weight: 400;\">\u00bfEst\u00e1 cansado de las elevadas facturas de electricidad, los contratos vinculantes y los grandes dep\u00f3sitos? Pronto Power est\u00e1 aqu\u00ed para ayudar. Nuestro servicio de energ\u00eda prepago en Farmers Branch y en todo Texas le brinda el control. Con tarifas bajas, excelente servicio al cliente y opciones de pago flexibles, estamos redefiniendo soluciones energ\u00e9ticas asequibles y convenientes.<\/span><\/p>\n<h2><b>Cambie a Pronto Power y Ahorre<\/b><\/h2>\n<p><span style=\"font-weight: 400;\">Con los crecientes costos de la energ\u00eda, ahorrar dinero en sus facturas de electricidad es ahora m\u00e1s importante que nunca. Ofrecemos algunas de las tarifas m\u00e1s bajas del mercado para ayudarle a mantener sus costos bajos. Con nuestra estructura de precios transparente, puede aprovechar tarifas competitivas que no le dejar\u00e1n sorpresas desagradables. Al optar por energ\u00eda prepaga, puede controlar su uso y ajustarlo en consecuencia, \u00a1lo que le permitir\u00e1 ahorrar a\u00fan m\u00e1s!<\/span><\/p>\n<h2><b>Excelente Servicio al Cliente<\/b><\/h2>\n<p><span style=\"font-weight: 400;\">Nos enorgullecemos de brindar un servicio al cliente superior. Nuestro equipo informado y amigable est\u00e1 disponible para ayudarlo con cualquier pregunta o inquietud. Ya sea que necesite ayuda para comprender su uso de energ\u00eda o tenga preguntas sobre nuestras opciones de pago, nuestros expertos est\u00e1n a solo una llamada de distancia. Creemos en construir relaciones s\u00f3lidas con nuestros clientes y garantizar su satisfacci\u00f3n.<\/span><\/p>\n<h2><b>Opciones de Pago Flexibles<\/b><\/h2>\n<p><span style=\"font-weight: 400;\">Pronto Power ofrece una flexibilidad inigualable a la hora de pagar su electricidad. Hemos hecho que el proceso sea f\u00e1cil y conveniente para que usted pueda concentrarse en lo que le importa. Con nuestra opci\u00f3n de pago por mensaje de texto, simplemente puede enviar un mensaje de texto y realizar pagos sin ning\u00fan problema. Nuestra opci\u00f3n de pago r\u00e1pido en l\u00ednea le permite pagar sus facturas en cualquier momento y lugar, con solo unos pocos clics. Experimente la libertad de elegir c\u00f3mo y cu\u00e1ndo pagar, sin estar sujeto a ning\u00fan contrato.<\/span><\/p>\n<h2><b>Sin Contrato y Sin Dep\u00f3sito<\/b><\/h2>\n<p><span style=\"font-weight: 400;\">Atr\u00e1s quedaron los d\u00edas en los que est\u00e1bamos atados a contratos y dep\u00f3sitos a largo plazo. Pronto Power elimina todas estas molestias y le brinda la m\u00e1xima libertad para administrar su uso y gastos de energ\u00eda. No requerimos contratos ni verificaciones de cr\u00e9dito, lo que significa que no tiene que preocuparse por asumir compromisos innecesarios. Adem\u00e1s, no necesita preocuparse por pagar un dep\u00f3sito, ya que creemos que todos merecen acceso a energ\u00eda prepaga asequible sin la carga financiera adicional.<\/span><\/p>\n<p><span style=\"font-weight: 400;\">Al elegir Pronto Power como su proveedor de energ\u00eda prepago, usted se convierte en parte de una pr\u00f3spera comunidad de tejanos preocupados por la energ\u00eda. Estamos constantemente mejorando y evolucionando nuestros servicios para satisfacer las necesidades y expectativas de nuestros clientes. Con nuestra avanzada tecnolog\u00eda prepago, puede realizar un seguimiento f\u00e1cil de su consumo de energ\u00eda, configurar alertas de presupuesto y obtener informaci\u00f3n sobre sus patrones de uso. Tome el control de su consumo de energ\u00eda y disfrute de los beneficios de ser parte de la familia Pronto Power. Ll\u00e1menos hoy al 1-844-621-2852 o cont\u00e1ctenos en l\u00ednea para comenzar.<\/span><\/p>","protected":false},"excerpt":{"rendered":"<p>&nbsp; \u00bfEst\u00e1 cansado de las elevadas facturas de electricidad, los contratos vinculantes y los grandes dep\u00f3sitos? Pronto Power est\u00e1 aqu\u00ed para ayudar. Nuestro servicio de energ\u00eda prepago en Farmers Branch y en todo Texas le brinda el control. Con tarifas bajas, excelente servicio al cliente y opciones de pago flexibles, estamos redefiniendo soluciones energ\u00e9ticas asequibles &hellip; <a href=\"https:\/\/powermepronto.com\/es\/get-affordable-prepaid-energy-in-farmers-branch\/\" class=\"more-link\">Continue reading <span class=\"screen-reader-text\">Obtenga Energ\u00eda Prepaga Asequible en Farmers Branch<\/span><\/a><\/p>\n","protected":false},"author":1,"featured_media":0,"parent":0,"menu_order":0,"comment_status":"closed","ping_status":"closed","template":"","meta":{"_acf_changed":false,"_glsr_average":0,"_glsr_ranking":0,"_glsr_reviews":0,"footnotes":"","_links_to":"","_links_to_target":""},"class_list":["post-3927","page","type-page","status-publish","hentry"],"acf":[],"yoast_head":"<!-- This site is optimized with the Yoast SEO plugin v27.6 - https:\/\/yoast.com\/product\/yoast-seo-wordpress\/ -->\n<title>Obtenga Energ\u00eda Prepaga Asequible en Farmers Branch - Pronto Power<\/title>\n<meta name=\"description\" content=\"Our prepaid power service in Farmers Branch gives you control with low rates, outstanding customer service, and flexible payment options.\" \/>\n<meta name=\"robots\" content=\"index, follow, max-snippet:-1, max-image-preview:large, max-video-preview:-1\" \/>\n<link rel=\"canonical\" href=\"https:\/\/powermepronto.com\/get-affordable-prepaid-energy-in-farmers-branch\/\" \/>\n<meta property=\"og:locale\" content=\"es_ES\" \/>\n<meta property=\"og:type\" content=\"article\" \/>\n<meta property=\"og:title\" content=\"[:en]Get Affordable Prepaid Energy in Farmers Branch[:es]Obtenga Energ\u00eda Prepaga Asequible en Farmers Branch[:] - Pronto Power\" \/>\n<meta property=\"og:description\" content=\"Our prepaid power service in Farmers Branch gives you control with low rates, outstanding customer service, and flexible payment options.\" \/>\n<meta property=\"og:url\" content=\"https:\/\/powermepronto.com\/get-affordable-prepaid-energy-in-farmers-branch\/\" \/>\n<meta property=\"og:site_name\" content=\"Pronto Power\" \/>\n<meta name=\"twitter:card\" content=\"summary_large_image\" \/>\n<meta name=\"twitter:label1\" content=\"Tiempo de lectura\" \/>\n\t<meta name=\"twitter:data1\" content=\"4 minutos\" \/>\n<script type=\"application\/ld+json\" class=\"yoast-schema-graph\">{\"@context\":\"https:\\\/\\\/schema.org\",\"@graph\":[{\"@type\":\"WebPage\",\"@id\":\"https:\\\/\\\/powermepronto.com\\\/get-affordable-prepaid-energy-in-farmers-branch\\\/\",\"url\":\"https:\\\/\\\/powermepronto.com\\\/get-affordable-prepaid-energy-in-farmers-branch\\\/\",\"name\":\"[:en]Get Affordable Prepaid Energy in Farmers Branch[:es]Obtenga Energ\u00eda Prepaga Asequible en Farmers Branch[:] - Pronto Power\",\"isPartOf\":{\"@id\":\"https:\\\/\\\/powermepronto.com\\\/en\\\/#website\"},\"datePublished\":\"2023-11-06T16:02:04+00:00\",\"description\":\"Our prepaid power service in Farmers Branch gives you control with low rates, outstanding customer service, and flexible payment options.\",\"breadcrumb\":{\"@id\":\"https:\\\/\\\/powermepronto.com\\\/get-affordable-prepaid-energy-in-farmers-branch\\\/#breadcrumb\"},\"inLanguage\":\"es\",\"potentialAction\":[{\"@type\":\"ReadAction\",\"target\":[\"https:\\\/\\\/powermepronto.com\\\/get-affordable-prepaid-energy-in-farmers-branch\\\/\"]}]},{\"@type\":\"BreadcrumbList\",\"@id\":\"https:\\\/\\\/powermepronto.com\\\/get-affordable-prepaid-energy-in-farmers-branch\\\/#breadcrumb\",\"itemListElement\":[{\"@type\":\"ListItem\",\"position\":1,\"name\":\"Home\",\"item\":\"https:\\\/\\\/powermepronto.com\\\/en\\\/\"},{\"@type\":\"ListItem\",\"position\":2,\"name\":\"Get Affordable Prepaid Energy in Farmers Branch\"}]},{\"@type\":\"WebSite\",\"@id\":\"https:\\\/\\\/powermepronto.com\\\/en\\\/#website\",\"url\":\"https:\\\/\\\/powermepronto.com\\\/en\\\/\",\"name\":\"Pronto Power\",\"description\":\"\",\"potentialAction\":[{\"@type\":\"SearchAction\",\"target\":{\"@type\":\"EntryPoint\",\"urlTemplate\":\"https:\\\/\\\/powermepronto.com\\\/en\\\/?s={search_term_string}\"},\"query-input\":{\"@type\":\"PropertyValueSpecification\",\"valueRequired\":true,\"valueName\":\"search_term_string\"}}],\"inLanguage\":\"es\"}]}<\/script>\n<!-- \/ Yoast SEO plugin. -->","yoast_head_json":{"title":"[:en]Get Affordable Prepaid Energy in Farmers Branch[:es]Obtenga Energ\u00eda Prepaga Asequible en Farmers Branch[:] - Pronto Power","description":"Our prepaid power service in Farmers Branch gives you control with low rates, outstanding customer service, and flexible payment options.","robots":{"index":"index","follow":"follow","max-snippet":"max-snippet:-1","max-image-preview":"max-image-preview:large","max-video-preview":"max-video-preview:-1"},"canonical":"https:\/\/powermepronto.com\/get-affordable-prepaid-energy-in-farmers-branch\/","og_locale":"es_ES","og_type":"article","og_title":"[:en]Get Affordable Prepaid Energy in Farmers Branch[:es]Obtenga Energ\u00eda Prepaga Asequible en Farmers Branch[:] - Pronto Power","og_description":"Our prepaid power service in Farmers Branch gives you control with low rates, outstanding customer service, and flexible payment options.","og_url":"https:\/\/powermepronto.com\/get-affordable-prepaid-energy-in-farmers-branch\/","og_site_name":"Pronto Power","twitter_card":"summary_large_image","twitter_misc":{"Tiempo de lectura":"4 minutos"},"schema":{"@context":"https:\/\/schema.org","@graph":[{"@type":"WebPage","@id":"https:\/\/powermepronto.com\/get-affordable-prepaid-energy-in-farmers-branch\/","url":"https:\/\/powermepronto.com\/get-affordable-prepaid-energy-in-farmers-branch\/","name":"[:en]Get Affordable Prepaid Energy in Farmers Branch[:es]Obtenga Energ\u00eda Prepaga Asequible en Farmers Branch[:] - Pronto Power","isPartOf":{"@id":"https:\/\/powermepronto.com\/en\/#website"},"datePublished":"2023-11-06T16:02:04+00:00","description":"Our prepaid power service in Farmers Branch gives you control with low rates, outstanding customer service, and flexible payment options.","breadcrumb":{"@id":"https:\/\/powermepronto.com\/get-affordable-prepaid-energy-in-farmers-branch\/#breadcrumb"},"inLanguage":"es","potentialAction":[{"@type":"ReadAction","target":["https:\/\/powermepronto.com\/get-affordable-prepaid-energy-in-farmers-branch\/"]}]},{"@type":"BreadcrumbList","@id":"https:\/\/powermepronto.com\/get-affordable-prepaid-energy-in-farmers-branch\/#breadcrumb","itemListElement":[{"@type":"ListItem","position":1,"name":"Home","item":"https:\/\/powermepronto.com\/en\/"},{"@type":"ListItem","position":2,"name":"Get Affordable Prepaid Energy in Farmers Branch"}]},{"@type":"WebSite","@id":"https:\/\/powermepronto.com\/en\/#website","url":"https:\/\/powermepronto.com\/en\/","name":"Pronto Power","description":"","potentialAction":[{"@type":"SearchAction","target":{"@type":"EntryPoint","urlTemplate":"https:\/\/powermepronto.com\/en\/?s={search_term_string}"},"query-input":{"@type":"PropertyValueSpecification","valueRequired":true,"valueName":"search_term_string"}}],"inLanguage":"es"}]}},"_links":{"self":[{"href":"https:\/\/powermepronto.com\/es\/wp-json\/wp\/v2\/pages\/3927","targetHints":{"allow":["GET"]}}],"collection":[{"href":"https:\/\/powermepronto.com\/es\/wp-json\/wp\/v2\/pages"}],"about":[{"href":"https:\/\/powermepronto.com\/es\/wp-json\/wp\/v2\/types\/page"}],"author":[{"embeddable":true,"href":"https:\/\/powermepronto.com\/es\/wp-json\/wp\/v2\/users\/1"}],"replies":[{"embeddable":true,"href":"https:\/\/powermepronto.com\/es\/wp-json\/wp\/v2\/comments?post=3927"}],"version-history":[{"count":1,"href":"https:\/\/powermepronto.com\/es\/wp-json\/wp\/v2\/pages\/3927\/revisions"}],"predecessor-version":[{"id":3928,"href":"https:\/\/powermepronto.com\/es\/wp-json\/wp\/v2\/pages\/3927\/revisions\/3928"}],"wp:attachment":[{"href":"https:\/\/powermepronto.com\/es\/wp-json\/wp\/v2\/media?parent=3927"}],"curies":[{"name":"wp","href":"https:\/\/api.w.org\/{rel}","templated":true}]}}