{"id":3900,"date":"2023-10-19T08:13:51","date_gmt":"2023-10-19T13:13:51","guid":{"rendered":"https:\/\/powermepronto.com\/?page_id=3900"},"modified":"2023-10-19T08:13:51","modified_gmt":"2023-10-19T13:13:51","slug":"unlock-affordable-power-now-with-fort-worth-no-deposit-electricity-plans","status":"publish","type":"page","link":"https:\/\/powermepronto.com\/es\/unlock-affordable-power-now-with-fort-worth-no-deposit-electricity-plans\/","title":{"rendered":"Desbloquee Energ\u00eda Asequible Ahora Con Planes De Electricidad Sin Dep\u00f3sito en Fort Worth"},"content":{"rendered":"<p><span style=\"font-weight: 400;\"><\/span><\/p>\n<p>&nbsp;<\/p>\n<p><span style=\"font-weight: 400;\">Pronto Power es su soluci\u00f3n para obtener electricidad asequible y sin complicaciones en Fort Worth, Texas. Si est\u00e1 cansado de contratos costosos, dep\u00f3sitos elevados y tarifas ocultas, ha venido al lugar correcto. Con nuestros planes de electricidad prepagos sin contrato, sin dep\u00f3sito y sin cargos ocultos, puedes disfrutar de la energ\u00eda que necesitas sin la carga innecesaria en tu billetera.<\/span><\/p>\n<h2><b>Opciones de pago flexibles para m\u00e1xima comodidad<\/b><\/h2>\n<p><span style=\"font-weight: 400;\">Puede realizar pagos en l\u00ednea f\u00e1cilmente a trav\u00e9s de nuestra plataforma f\u00e1cil de usar, lo que le brinda la libertad de administrar su cuenta de electricidad desde la comodidad de su hogar. \u00bfPrefieres la simplicidad de una llamada telef\u00f3nica? Nuestro dedicado equipo de atenci\u00f3n al cliente est\u00e1 siempre listo para ayudarlo y procesar sus pagos sin ning\u00fan problema.<\/span><\/p>\n<p><span style=\"font-weight: 400;\">Para las personas conocedoras de la tecnolog\u00eda, ofrecemos la opci\u00f3n de pagar mediante mensaje de texto. Simplemente env\u00ede un mensaje de texto con sus detalles de pago y nosotros nos encargaremos del resto. \u00bfAgenda ocupada o en movimiento? \u00a1Ning\u00fan problema! Pronto Power se ha asociado con MoneyGram, lo que le permite realizar pagos en sus ubicaciones convenientes en todo Fort Worth.<\/span><\/p>\n<h2><b>Servicio al cliente excepcional, solo un mensaje o una llamada<\/b><\/h2>\n<p><span style=\"font-weight: 400;\">Hemos simplificado la comunicaci\u00f3n con nuestro equipo de atenci\u00f3n al cliente amigable y bien informado. Ya sea que prefiera enviar mensajes de texto, mensajes en l\u00ednea o una buena llamada telef\u00f3nica a la antigua, estamos aqu\u00ed para ayudarlo en cada paso del camino.<\/span><\/p>\n<p><span style=\"font-weight: 400;\">\u00bfNecesita consultar sobre su cuenta o actualizar su informaci\u00f3n de pago? Simplemente env\u00edenos un mensaje de texto y nuestro equipo abordar\u00e1 sus inquietudes de inmediato. \u00bfPrefieres la comodidad de la mensajer\u00eda en l\u00ednea? No dude en comunicarse a trav\u00e9s de nuestro sitio web y nos comunicaremos con usted lo antes posible. Y, por supuesto, nuestros dedicados representantes de servicio al cliente est\u00e1n disponibles por tel\u00e9fono, lo que garantiza que pueda hablar directamente con una persona siempre que necesite ayuda.<\/span><\/p>\n<h2><b>Sin contrato, sin dep\u00f3sito: solo energ\u00eda asequible<\/b><\/h2>\n<p><span style=\"font-weight: 400;\">En Pronto Power, creemos que todos merecen acceso a electricidad asequible, independientemente de su historial crediticio o situaci\u00f3n financiera. Por eso hemos eliminado la necesidad de contratos y dep\u00f3sitos. Confiamos en nuestros clientes y creemos que al ofrecer opciones de pago flexibles, podemos crear una situaci\u00f3n beneficiosa para ambas partes.<\/span><\/p>\n<p><span style=\"font-weight: 400;\">Para comenzar, simplemente visite nuestro sitio web o ll\u00e1menos. Lo guiaremos a trav\u00e9s del proceso, lo ayudaremos a elegir el plan perfecto para sus necesidades y nos aseguraremos de que tenga la energ\u00eda que necesita cuando la necesita, sin complicaciones innecesarias. En Pronto Power, estamos aqu\u00ed para hacerle la vida m\u00e1s f\u00e1cil y asequible.<\/span><\/p>","protected":false},"excerpt":{"rendered":"<p>&nbsp; Pronto Power es su soluci\u00f3n para obtener electricidad asequible y sin complicaciones en Fort Worth, Texas. Si est\u00e1 cansado de contratos costosos, dep\u00f3sitos elevados y tarifas ocultas, ha venido al lugar correcto. Con nuestros planes de electricidad prepagos sin contrato, sin dep\u00f3sito y sin cargos ocultos, puedes disfrutar de la energ\u00eda que necesitas sin &hellip; <a href=\"https:\/\/powermepronto.com\/es\/unlock-affordable-power-now-with-fort-worth-no-deposit-electricity-plans\/\" class=\"more-link\">Continue reading <span class=\"screen-reader-text\">Desbloquee Energ\u00eda Asequible Ahora Con Planes De Electricidad Sin Dep\u00f3sito en Fort Worth<\/span><\/a><\/p>\n","protected":false},"author":1,"featured_media":0,"parent":0,"menu_order":0,"comment_status":"closed","ping_status":"closed","template":"","meta":{"_acf_changed":false,"_glsr_average":0,"_glsr_ranking":0,"_glsr_reviews":0,"footnotes":"","_links_to":"","_links_to_target":""},"class_list":["post-3900","page","type-page","status-publish","hentry"],"acf":[],"yoast_head":"<!-- This site is optimized with the Yoast SEO plugin v27.5 - https:\/\/yoast.com\/product\/yoast-seo-wordpress\/ -->\n<title>Desbloquee Energ\u00eda Asequible Ahora Con Planes De Electricidad Sin Dep\u00f3sito en Fort Worth - Pronto Power<\/title>\n<meta name=\"description\" content=\"With our no contract, no deposit, and no hidden fees prepaid electricity plans, you can enjoy the power you need without the burden on your wallet.\" \/>\n<meta name=\"robots\" content=\"index, follow, max-snippet:-1, max-image-preview:large, max-video-preview:-1\" \/>\n<link rel=\"canonical\" href=\"https:\/\/powermepronto.com\/unlock-affordable-power-now-with-fort-worth-no-deposit-electricity-plans\/\" \/>\n<meta property=\"og:locale\" content=\"es_ES\" \/>\n<meta property=\"og:type\" content=\"article\" \/>\n<meta property=\"og:title\" content=\"[:en]Unlock Affordable Power Now with Fort Worth No Deposit Electricity Plans[:es]Desbloquee Energ\u00eda Asequible Ahora Con Planes De Electricidad Sin Dep\u00f3sito en Fort Worth[:] - Pronto Power\" \/>\n<meta property=\"og:description\" content=\"With our no contract, no deposit, and no hidden fees prepaid electricity plans, you can enjoy the power you need without the burden on your wallet.\" \/>\n<meta property=\"og:url\" content=\"https:\/\/powermepronto.com\/unlock-affordable-power-now-with-fort-worth-no-deposit-electricity-plans\/\" \/>\n<meta property=\"og:site_name\" content=\"Pronto Power\" \/>\n<meta name=\"twitter:card\" content=\"summary_large_image\" \/>\n<meta name=\"twitter:label1\" content=\"Tiempo de lectura\" \/>\n\t<meta name=\"twitter:data1\" content=\"4 minutos\" \/>\n<script type=\"application\/ld+json\" class=\"yoast-schema-graph\">{\"@context\":\"https:\\\/\\\/schema.org\",\"@graph\":[{\"@type\":\"WebPage\",\"@id\":\"https:\\\/\\\/powermepronto.com\\\/unlock-affordable-power-now-with-fort-worth-no-deposit-electricity-plans\\\/\",\"url\":\"https:\\\/\\\/powermepronto.com\\\/unlock-affordable-power-now-with-fort-worth-no-deposit-electricity-plans\\\/\",\"name\":\"[:en]Unlock Affordable Power Now with Fort Worth No Deposit Electricity Plans[:es]Desbloquee Energ\u00eda Asequible Ahora Con Planes De Electricidad Sin Dep\u00f3sito en Fort Worth[:] - Pronto Power\",\"isPartOf\":{\"@id\":\"https:\\\/\\\/powermepronto.com\\\/en\\\/#website\"},\"datePublished\":\"2023-10-19T13:13:51+00:00\",\"description\":\"With our no contract, no deposit, and no hidden fees prepaid electricity plans, you can enjoy the power you need without the burden on your wallet.\",\"breadcrumb\":{\"@id\":\"https:\\\/\\\/powermepronto.com\\\/unlock-affordable-power-now-with-fort-worth-no-deposit-electricity-plans\\\/#breadcrumb\"},\"inLanguage\":\"es\",\"potentialAction\":[{\"@type\":\"ReadAction\",\"target\":[\"https:\\\/\\\/powermepronto.com\\\/unlock-affordable-power-now-with-fort-worth-no-deposit-electricity-plans\\\/\"]}]},{\"@type\":\"BreadcrumbList\",\"@id\":\"https:\\\/\\\/powermepronto.com\\\/unlock-affordable-power-now-with-fort-worth-no-deposit-electricity-plans\\\/#breadcrumb\",\"itemListElement\":[{\"@type\":\"ListItem\",\"position\":1,\"name\":\"Home\",\"item\":\"https:\\\/\\\/powermepronto.com\\\/en\\\/\"},{\"@type\":\"ListItem\",\"position\":2,\"name\":\"Unlock Affordable Power Now with Fort Worth No Deposit Electricity Plans\"}]},{\"@type\":\"WebSite\",\"@id\":\"https:\\\/\\\/powermepronto.com\\\/en\\\/#website\",\"url\":\"https:\\\/\\\/powermepronto.com\\\/en\\\/\",\"name\":\"Pronto Power\",\"description\":\"\",\"potentialAction\":[{\"@type\":\"SearchAction\",\"target\":{\"@type\":\"EntryPoint\",\"urlTemplate\":\"https:\\\/\\\/powermepronto.com\\\/en\\\/?s={search_term_string}\"},\"query-input\":{\"@type\":\"PropertyValueSpecification\",\"valueRequired\":true,\"valueName\":\"search_term_string\"}}],\"inLanguage\":\"es\"}]}<\/script>\n<!-- \/ Yoast SEO plugin. -->","yoast_head_json":{"title":"[:en]Unlock Affordable Power Now with Fort Worth No Deposit Electricity Plans[:es]Desbloquee Energ\u00eda Asequible Ahora Con Planes De Electricidad Sin Dep\u00f3sito en Fort Worth[:] - Pronto Power","description":"With our no contract, no deposit, and no hidden fees prepaid electricity plans, you can enjoy the power you need without the burden on your wallet.","robots":{"index":"index","follow":"follow","max-snippet":"max-snippet:-1","max-image-preview":"max-image-preview:large","max-video-preview":"max-video-preview:-1"},"canonical":"https:\/\/powermepronto.com\/unlock-affordable-power-now-with-fort-worth-no-deposit-electricity-plans\/","og_locale":"es_ES","og_type":"article","og_title":"[:en]Unlock Affordable Power Now with Fort Worth No Deposit Electricity Plans[:es]Desbloquee Energ\u00eda Asequible Ahora Con Planes De Electricidad Sin Dep\u00f3sito en Fort Worth[:] - Pronto Power","og_description":"With our no contract, no deposit, and no hidden fees prepaid electricity plans, you can enjoy the power you need without the burden on your wallet.","og_url":"https:\/\/powermepronto.com\/unlock-affordable-power-now-with-fort-worth-no-deposit-electricity-plans\/","og_site_name":"Pronto Power","twitter_card":"summary_large_image","twitter_misc":{"Tiempo de lectura":"4 minutos"},"schema":{"@context":"https:\/\/schema.org","@graph":[{"@type":"WebPage","@id":"https:\/\/powermepronto.com\/unlock-affordable-power-now-with-fort-worth-no-deposit-electricity-plans\/","url":"https:\/\/powermepronto.com\/unlock-affordable-power-now-with-fort-worth-no-deposit-electricity-plans\/","name":"[:en]Unlock Affordable Power Now with Fort Worth No Deposit Electricity Plans[:es]Desbloquee Energ\u00eda Asequible Ahora Con Planes De Electricidad Sin Dep\u00f3sito en Fort Worth[:] - Pronto Power","isPartOf":{"@id":"https:\/\/powermepronto.com\/en\/#website"},"datePublished":"2023-10-19T13:13:51+00:00","description":"With our no contract, no deposit, and no hidden fees prepaid electricity plans, you can enjoy the power you need without the burden on your wallet.","breadcrumb":{"@id":"https:\/\/powermepronto.com\/unlock-affordable-power-now-with-fort-worth-no-deposit-electricity-plans\/#breadcrumb"},"inLanguage":"es","potentialAction":[{"@type":"ReadAction","target":["https:\/\/powermepronto.com\/unlock-affordable-power-now-with-fort-worth-no-deposit-electricity-plans\/"]}]},{"@type":"BreadcrumbList","@id":"https:\/\/powermepronto.com\/unlock-affordable-power-now-with-fort-worth-no-deposit-electricity-plans\/#breadcrumb","itemListElement":[{"@type":"ListItem","position":1,"name":"Home","item":"https:\/\/powermepronto.com\/en\/"},{"@type":"ListItem","position":2,"name":"Unlock Affordable Power Now with Fort Worth No Deposit Electricity Plans"}]},{"@type":"WebSite","@id":"https:\/\/powermepronto.com\/en\/#website","url":"https:\/\/powermepronto.com\/en\/","name":"Pronto Power","description":"","potentialAction":[{"@type":"SearchAction","target":{"@type":"EntryPoint","urlTemplate":"https:\/\/powermepronto.com\/en\/?s={search_term_string}"},"query-input":{"@type":"PropertyValueSpecification","valueRequired":true,"valueName":"search_term_string"}}],"inLanguage":"es"}]}},"_links":{"self":[{"href":"https:\/\/powermepronto.com\/es\/wp-json\/wp\/v2\/pages\/3900","targetHints":{"allow":["GET"]}}],"collection":[{"href":"https:\/\/powermepronto.com\/es\/wp-json\/wp\/v2\/pages"}],"about":[{"href":"https:\/\/powermepronto.com\/es\/wp-json\/wp\/v2\/types\/page"}],"author":[{"embeddable":true,"href":"https:\/\/powermepronto.com\/es\/wp-json\/wp\/v2\/users\/1"}],"replies":[{"embeddable":true,"href":"https:\/\/powermepronto.com\/es\/wp-json\/wp\/v2\/comments?post=3900"}],"version-history":[{"count":1,"href":"https:\/\/powermepronto.com\/es\/wp-json\/wp\/v2\/pages\/3900\/revisions"}],"predecessor-version":[{"id":3901,"href":"https:\/\/powermepronto.com\/es\/wp-json\/wp\/v2\/pages\/3900\/revisions\/3901"}],"wp:attachment":[{"href":"https:\/\/powermepronto.com\/es\/wp-json\/wp\/v2\/media?parent=3900"}],"curies":[{"name":"wp","href":"https:\/\/api.w.org\/{rel}","templated":true}]}}