{"id":3870,"date":"2023-09-20T13:50:56","date_gmt":"2023-09-20T18:50:56","guid":{"rendered":"https:\/\/powermepronto.com\/?page_id=3870"},"modified":"2023-09-20T13:50:56","modified_gmt":"2023-09-20T18:50:56","slug":"get-the-cheapest-addison-prepaid-power-plan","status":"publish","type":"page","link":"https:\/\/powermepronto.com\/es\/get-the-cheapest-addison-prepaid-power-plan\/","title":{"rendered":"Obtenga el Plan De Energ\u00eda Prepago De Addison M\u00e1s Econ\u00f3mico"},"content":{"rendered":"<p><span style=\"font-weight: 400;\"><\/span><\/p>\n<p>&nbsp;<\/p>\n<p><span style=\"font-weight: 400;\">Con los crecientes costos de todo lo dem\u00e1s, no es necesario pagar de m\u00e1s por la electricidad. Pronto Power est\u00e1 aqu\u00ed para ofrecerle el plan de energ\u00eda prepago m\u00e1s econ\u00f3mico en Addison, Texas, sin dep\u00f3sito y sin contrato. Con opciones de pago flexibles y un servicio al cliente excepcional, nos aseguramos de que tenga una experiencia sin complicaciones mientras disfruta de los beneficios de una electricidad asequible<\/span><\/p>\n<h2><b>Deje De Pagar Demasiado<\/b><\/h2>\n<p><span style=\"font-weight: 400;\">Las elevadas facturas de electricidad pueden imponer una carga financiera a cualquier hogar. Es por eso que ofrecemos el plan de energ\u00eda m\u00e1s econ\u00f3mico disponible en Addison. Creemos que todos deber\u00edan tener acceso a electricidad asequible sin comprometer la calidad y la confiabilidad.<\/span><\/p>\n<h2><b>Sin Dep\u00f3sito Ni Verificaci\u00f3n de Cr\u00e9dito<\/b><\/h2>\n<p><span style=\"font-weight: 400;\">Una de las ventajas importantes de nuestro plan de energ\u00eda prepago es que no requiere dep\u00f3sito ni verificaci\u00f3n de cr\u00e9dito. A diferencia de los proveedores de electricidad tradicionales, Pronto Power no exige un dep\u00f3sito por adelantado si tiene problemas crediticios. Tienes total libertad y flexibilidad para gestionar tu consumo de electricidad seg\u00fan tus necesidades, sin contratos a largo plazo.<\/span><\/p>\n<h2><b>Opciones de Pago Flexibles<\/b><\/h2>\n<p><span style=\"font-weight: 400;\">Hacemos que sea c\u00f3modo para usted pagar su factura de electricidad de la manera que se adapte a su estilo de vida. Puede optar por pagar por tel\u00e9fono, mensaje de texto o en l\u00ednea a trav\u00e9s de nuestro portal f\u00e1cil de usar. O, si lo prefieres, puedes pagar en una sucursal de MoneyGram. Puede manejar f\u00e1cilmente sus facturas desde la comodidad de su hogar o mientras viaja. Entendemos que su tiempo es valioso, por lo que nos esforzamos para que el proceso de pago sea lo m\u00e1s fluido posible.<\/span><\/p>\n<h2><b>Servicio al Cliente Util<\/b><\/h2>\n<p><span style=\"font-weight: 400;\">Un servicio al cliente excepcional es el n\u00facleo de nuestro compromiso. Entendemos que contar con soporte confiable es esencial cuando se trata de sus necesidades de electricidad. Es por eso que Pronto Power ofrece servicio al cliente a trav\u00e9s de varios canales, incluso por tel\u00e9fono, en l\u00ednea y mediante mensajes de texto.<\/span><\/p>\n<h2><b>\u00bfPor Qu\u00e9 Energ\u00eda Prepago?<\/b><\/h2>\n<p><span style=\"font-weight: 400;\">La energ\u00eda prepaga ha ganado una inmensa popularidad, y con raz\u00f3n. Estos planes brindan un mayor control y transparencia sobre tu consumo el\u00e9ctrico. Al tener informaci\u00f3n en tiempo real sobre su consumo de energ\u00eda, puede tomar decisiones informadas sobre c\u00f3mo administrar su presupuesto de electricidad de manera eficiente.<\/span><\/p>\n<p><span style=\"font-weight: 400;\">\u00bfPor qu\u00e9 gastar m\u00e1s en electricidad cuando puedes disfrutar del plan de energ\u00eda m\u00e1s econ\u00f3mico en Addison, Texas? Hazte cargo de tus facturas de electricidad y toma la decisi\u00f3n inteligente. Comience hoy y disfrute de electricidad asequible como nunca antes con Pronto Power, su socio confiable para brindarle el plan de energ\u00eda m\u00e1s econ\u00f3mico en Addison. Ll\u00e1menos al 844-621-2852 para comenzar hoy.<\/span><\/p>","protected":false},"excerpt":{"rendered":"<p>&nbsp; Con los crecientes costos de todo lo dem\u00e1s, no es necesario pagar de m\u00e1s por la electricidad. Pronto Power est\u00e1 aqu\u00ed para ofrecerle el plan de energ\u00eda prepago m\u00e1s econ\u00f3mico en Addison, Texas, sin dep\u00f3sito y sin contrato. Con opciones de pago flexibles y un servicio al cliente excepcional, nos aseguramos de que tenga &hellip; <a href=\"https:\/\/powermepronto.com\/es\/get-the-cheapest-addison-prepaid-power-plan\/\" class=\"more-link\">Continue reading <span class=\"screen-reader-text\">Obtenga el Plan De Energ\u00eda Prepago De Addison M\u00e1s Econ\u00f3mico<\/span><\/a><\/p>\n","protected":false},"author":1,"featured_media":0,"parent":0,"menu_order":0,"comment_status":"closed","ping_status":"closed","template":"","meta":{"_acf_changed":false,"_glsr_average":0,"_glsr_ranking":0,"_glsr_reviews":0,"footnotes":"","_links_to":"","_links_to_target":""},"class_list":["post-3870","page","type-page","status-publish","hentry"],"acf":[],"yoast_head":"<!-- This site is optimized with the Yoast SEO plugin v27.4 - https:\/\/yoast.com\/product\/yoast-seo-wordpress\/ -->\n<title>Obtenga el Plan De Energ\u00eda Prepago De Addison M\u00e1s Econ\u00f3mico - Pronto Power<\/title>\n<meta name=\"description\" content=\"Why spend more on electricity when you can enjoy the cheapest power plan in Addison, Texas? Take charge of your electricity bills and make the smart choice.\" \/>\n<meta name=\"robots\" content=\"index, follow, max-snippet:-1, max-image-preview:large, max-video-preview:-1\" \/>\n<link rel=\"canonical\" href=\"https:\/\/powermepronto.com\/get-the-cheapest-addison-prepaid-power-plan\/\" \/>\n<meta property=\"og:locale\" content=\"es_ES\" \/>\n<meta property=\"og:type\" content=\"article\" \/>\n<meta property=\"og:title\" content=\"[:en]Get the Cheapest Addison Prepaid Power Plan[:es]Obtenga el Plan De Energ\u00eda Prepago De Addison M\u00e1s Econ\u00f3mico[:] - Pronto Power\" \/>\n<meta property=\"og:description\" content=\"Why spend more on electricity when you can enjoy the cheapest power plan in Addison, Texas? Take charge of your electricity bills and make the smart choice.\" \/>\n<meta property=\"og:url\" content=\"https:\/\/powermepronto.com\/get-the-cheapest-addison-prepaid-power-plan\/\" \/>\n<meta property=\"og:site_name\" content=\"Pronto Power\" \/>\n<meta name=\"twitter:card\" content=\"summary_large_image\" \/>\n<meta name=\"twitter:label1\" content=\"Tiempo de lectura\" \/>\n\t<meta name=\"twitter:data1\" content=\"4 minutos\" \/>\n<script type=\"application\/ld+json\" class=\"yoast-schema-graph\">{\"@context\":\"https:\\\/\\\/schema.org\",\"@graph\":[{\"@type\":\"WebPage\",\"@id\":\"https:\\\/\\\/powermepronto.com\\\/get-the-cheapest-addison-prepaid-power-plan\\\/\",\"url\":\"https:\\\/\\\/powermepronto.com\\\/get-the-cheapest-addison-prepaid-power-plan\\\/\",\"name\":\"[:en]Get the Cheapest Addison Prepaid Power Plan[:es]Obtenga el Plan De Energ\u00eda Prepago De Addison M\u00e1s Econ\u00f3mico[:] - Pronto Power\",\"isPartOf\":{\"@id\":\"https:\\\/\\\/powermepronto.com\\\/en\\\/#website\"},\"datePublished\":\"2023-09-20T18:50:56+00:00\",\"description\":\"Why spend more on electricity when you can enjoy the cheapest power plan in Addison, Texas? Take charge of your electricity bills and make the smart choice.\",\"breadcrumb\":{\"@id\":\"https:\\\/\\\/powermepronto.com\\\/get-the-cheapest-addison-prepaid-power-plan\\\/#breadcrumb\"},\"inLanguage\":\"es\",\"potentialAction\":[{\"@type\":\"ReadAction\",\"target\":[\"https:\\\/\\\/powermepronto.com\\\/get-the-cheapest-addison-prepaid-power-plan\\\/\"]}]},{\"@type\":\"BreadcrumbList\",\"@id\":\"https:\\\/\\\/powermepronto.com\\\/get-the-cheapest-addison-prepaid-power-plan\\\/#breadcrumb\",\"itemListElement\":[{\"@type\":\"ListItem\",\"position\":1,\"name\":\"Home\",\"item\":\"https:\\\/\\\/powermepronto.com\\\/en\\\/\"},{\"@type\":\"ListItem\",\"position\":2,\"name\":\"Get the Cheapest Addison Prepaid Power Plan\"}]},{\"@type\":\"WebSite\",\"@id\":\"https:\\\/\\\/powermepronto.com\\\/en\\\/#website\",\"url\":\"https:\\\/\\\/powermepronto.com\\\/en\\\/\",\"name\":\"Pronto Power\",\"description\":\"\",\"potentialAction\":[{\"@type\":\"SearchAction\",\"target\":{\"@type\":\"EntryPoint\",\"urlTemplate\":\"https:\\\/\\\/powermepronto.com\\\/en\\\/?s={search_term_string}\"},\"query-input\":{\"@type\":\"PropertyValueSpecification\",\"valueRequired\":true,\"valueName\":\"search_term_string\"}}],\"inLanguage\":\"es\"}]}<\/script>\n<!-- \/ Yoast SEO plugin. -->","yoast_head_json":{"title":"[:en]Get the Cheapest Addison Prepaid Power Plan[:es]Obtenga el Plan De Energ\u00eda Prepago De Addison M\u00e1s Econ\u00f3mico[:] - Pronto Power","description":"Why spend more on electricity when you can enjoy the cheapest power plan in Addison, Texas? Take charge of your electricity bills and make the smart choice.","robots":{"index":"index","follow":"follow","max-snippet":"max-snippet:-1","max-image-preview":"max-image-preview:large","max-video-preview":"max-video-preview:-1"},"canonical":"https:\/\/powermepronto.com\/get-the-cheapest-addison-prepaid-power-plan\/","og_locale":"es_ES","og_type":"article","og_title":"[:en]Get the Cheapest Addison Prepaid Power Plan[:es]Obtenga el Plan De Energ\u00eda Prepago De Addison M\u00e1s Econ\u00f3mico[:] - Pronto Power","og_description":"Why spend more on electricity when you can enjoy the cheapest power plan in Addison, Texas? Take charge of your electricity bills and make the smart choice.","og_url":"https:\/\/powermepronto.com\/get-the-cheapest-addison-prepaid-power-plan\/","og_site_name":"Pronto Power","twitter_card":"summary_large_image","twitter_misc":{"Tiempo de lectura":"4 minutos"},"schema":{"@context":"https:\/\/schema.org","@graph":[{"@type":"WebPage","@id":"https:\/\/powermepronto.com\/get-the-cheapest-addison-prepaid-power-plan\/","url":"https:\/\/powermepronto.com\/get-the-cheapest-addison-prepaid-power-plan\/","name":"[:en]Get the Cheapest Addison Prepaid Power Plan[:es]Obtenga el Plan De Energ\u00eda Prepago De Addison M\u00e1s Econ\u00f3mico[:] - Pronto Power","isPartOf":{"@id":"https:\/\/powermepronto.com\/en\/#website"},"datePublished":"2023-09-20T18:50:56+00:00","description":"Why spend more on electricity when you can enjoy the cheapest power plan in Addison, Texas? Take charge of your electricity bills and make the smart choice.","breadcrumb":{"@id":"https:\/\/powermepronto.com\/get-the-cheapest-addison-prepaid-power-plan\/#breadcrumb"},"inLanguage":"es","potentialAction":[{"@type":"ReadAction","target":["https:\/\/powermepronto.com\/get-the-cheapest-addison-prepaid-power-plan\/"]}]},{"@type":"BreadcrumbList","@id":"https:\/\/powermepronto.com\/get-the-cheapest-addison-prepaid-power-plan\/#breadcrumb","itemListElement":[{"@type":"ListItem","position":1,"name":"Home","item":"https:\/\/powermepronto.com\/en\/"},{"@type":"ListItem","position":2,"name":"Get the Cheapest Addison Prepaid Power Plan"}]},{"@type":"WebSite","@id":"https:\/\/powermepronto.com\/en\/#website","url":"https:\/\/powermepronto.com\/en\/","name":"Pronto Power","description":"","potentialAction":[{"@type":"SearchAction","target":{"@type":"EntryPoint","urlTemplate":"https:\/\/powermepronto.com\/en\/?s={search_term_string}"},"query-input":{"@type":"PropertyValueSpecification","valueRequired":true,"valueName":"search_term_string"}}],"inLanguage":"es"}]}},"_links":{"self":[{"href":"https:\/\/powermepronto.com\/es\/wp-json\/wp\/v2\/pages\/3870","targetHints":{"allow":["GET"]}}],"collection":[{"href":"https:\/\/powermepronto.com\/es\/wp-json\/wp\/v2\/pages"}],"about":[{"href":"https:\/\/powermepronto.com\/es\/wp-json\/wp\/v2\/types\/page"}],"author":[{"embeddable":true,"href":"https:\/\/powermepronto.com\/es\/wp-json\/wp\/v2\/users\/1"}],"replies":[{"embeddable":true,"href":"https:\/\/powermepronto.com\/es\/wp-json\/wp\/v2\/comments?post=3870"}],"version-history":[{"count":1,"href":"https:\/\/powermepronto.com\/es\/wp-json\/wp\/v2\/pages\/3870\/revisions"}],"predecessor-version":[{"id":3871,"href":"https:\/\/powermepronto.com\/es\/wp-json\/wp\/v2\/pages\/3870\/revisions\/3871"}],"wp:attachment":[{"href":"https:\/\/powermepronto.com\/es\/wp-json\/wp\/v2\/media?parent=3870"}],"curies":[{"name":"wp","href":"https:\/\/api.w.org\/{rel}","templated":true}]}}