{"id":3863,"date":"2023-09-20T13:37:49","date_gmt":"2023-09-20T18:37:49","guid":{"rendered":"https:\/\/powermepronto.com\/?page_id=3863"},"modified":"2023-09-20T13:37:49","modified_gmt":"2023-09-20T18:37:49","slug":"switch-to-balch-springs-no-deposit-electricity-and-save-money","status":"publish","type":"page","link":"https:\/\/powermepronto.com\/es\/switch-to-balch-springs-no-deposit-electricity-and-save-money\/","title":{"rendered":"Cambie a Balch Springs Sin Dep\u00f3sito de Electricidad y Ahorre Dinero"},"content":{"rendered":"<p class=\"p1\"><\/p>\n<p><span style=\"font-weight: 400;\">\u00bfEst\u00e1 cansado de pagar de m\u00e1s por la electricidad o de que le pidan grandes dep\u00f3sitos por adelantado? No busque m\u00e1s: Pronto Power, la compa\u00f1\u00eda el\u00e9ctrica prepaga l\u00edder en Texas. Ofrecemos la electricidad m\u00e1s barata en Texas sin dep\u00f3sito ni verificaci\u00f3n de cr\u00e9dito, junto con opciones de pago convenientes y un servicio al cliente amigable que est\u00e1 disponible para ayudarlo a trav\u00e9s de varios canales.<\/span><\/p>\n<h2><b>No Se Necesita Verificaci\u00f3n De Cr\u00e9dito Ni Dep\u00f3sito<\/b><\/h2>\n<p><span style=\"font-weight: 400;\">A diferencia de los proveedores de energ\u00eda convencionales, no solicitamos dinero por adelantado ni ejecutamos su cr\u00e9dito antes de comenzar el servicio. Todo el mundo merece acceso a electricidad asequible sin tener que preocuparse por grandes sumas de dinero incluso antes de empezar a utilizar el servicio. Con Pronto Power, puedes cambiar a energ\u00eda prepago sin obst\u00e1culos ni limitaciones financieras.<\/span><\/p>\n<h2><b>La Electricidad M\u00e1s Barata En Texas<\/b><\/h2>\n<p><span style=\"font-weight: 400;\">Hemos dise\u00f1ado nuestros planes y estructuras de precios para garantizar que nunca pague m\u00e1s de lo necesario. Al eliminar tarifas y gastos generales innecesarios, trasladamos los ahorros a nuestros clientes, haciendo que nuestras tarifas sean las m\u00e1s competitivas del mercado. Con Pronto Power disfrutar\u00e1s de importantes ahorros en tus gastos de electricidad sin comprometer la calidad del servicio.<\/span><\/p>\n<h2><b>Opciones De Pago Convenientes<\/b><\/h2>\n<p><span style=\"font-weight: 400;\">Pagar su factura de electricidad deber\u00eda ser c\u00f3modo y sin complicaciones. Nuestro portal en l\u00ednea f\u00e1cil de usar le permite realizar pagos f\u00e1cilmente desde la comodidad de su hogar. Con solo unos pocos clics, puede pagar su factura sin necesidad de cheques en papel o correo postal. Adem\u00e1s, ofrecemos la comodidad de pagar mediante mensaje de texto o en una ubicaci\u00f3n de MoneyGram, lo que lo hace r\u00e1pido y sin esfuerzo.<\/span><\/p>\n<h2><b>Servicio de Atenci\u00f3n al Cliente Util a Su Alcance<\/b><\/h2>\n<p><span style=\"font-weight: 400;\">Creemos que cada interacci\u00f3n con nuestros clientes debe ser placentera, \u00fatil y significativa. Es por eso que contamos con un equipo dedicado de representantes de servicio al cliente disponibles para ayudarlo a trav\u00e9s de varios canales. Ya sea que prefiera ponerse en contacto por tel\u00e9fono, chat en l\u00ednea o incluso mediante mensajes de texto, estamos aqu\u00ed para ayudarlo en cada paso del camino.<\/span><\/p>\n<p><span style=\"font-weight: 400;\">No permita que los dep\u00f3sitos elevados y los contratos inflexibles le impidan disfrutar de electricidad a un precio asequible. C\u00e1mbiese a Pronto Power, la compa\u00f1\u00eda el\u00e9ctrica prepaga l\u00edder en Texas, y comience a ahorrar dinero en sus facturas mensuales de energ\u00eda. Sin dep\u00f3sito ni contrato, junto con opciones de pago convenientes y un servicio al cliente excepcional, le facilitamos el control de sus gastos de electricidad. \u00a1\u00danase a Pronto Power hoy y experimente el poder del ahorro! Ll\u00e1menos al 844-621-2852 para comenzar.<\/span><\/p>\n<p class=\"p1\"><\/p>","protected":false},"excerpt":{"rendered":"<p>\u00bfEst\u00e1 cansado de pagar de m\u00e1s por la electricidad o de que le pidan grandes dep\u00f3sitos por adelantado? No busque m\u00e1s: Pronto Power, la compa\u00f1\u00eda el\u00e9ctrica prepaga l\u00edder en Texas. Ofrecemos la electricidad m\u00e1s barata en Texas sin dep\u00f3sito ni verificaci\u00f3n de cr\u00e9dito, junto con opciones de pago convenientes y un servicio al cliente amigable &hellip; <a href=\"https:\/\/powermepronto.com\/es\/switch-to-balch-springs-no-deposit-electricity-and-save-money\/\" class=\"more-link\">Continue reading <span class=\"screen-reader-text\">Cambie a Balch Springs Sin Dep\u00f3sito de Electricidad y Ahorre Dinero<\/span><\/a><\/p>\n","protected":false},"author":1,"featured_media":0,"parent":0,"menu_order":0,"comment_status":"closed","ping_status":"closed","template":"","meta":{"_acf_changed":false,"_glsr_average":0,"_glsr_ranking":0,"_glsr_reviews":0,"footnotes":"","_links_to":"","_links_to_target":""},"class_list":["post-3863","page","type-page","status-publish","hentry"],"acf":[],"yoast_head":"<!-- This site is optimized with the Yoast SEO plugin v27.5 - https:\/\/yoast.com\/product\/yoast-seo-wordpress\/ -->\n<title>Cambie a Balch Springs Sin Dep\u00f3sito de Electricidad y Ahorre Dinero - Pronto Power<\/title>\n<meta name=\"description\" content=\"Switch to Pronto Power, the leading prepaid electric company in Texas, and start saving money on your monthly energy bills.\" \/>\n<meta name=\"robots\" content=\"index, follow, max-snippet:-1, max-image-preview:large, max-video-preview:-1\" \/>\n<link rel=\"canonical\" href=\"https:\/\/powermepronto.com\/switch-to-balch-springs-no-deposit-electricity-and-save-money\/\" \/>\n<meta property=\"og:locale\" content=\"es_ES\" \/>\n<meta property=\"og:type\" content=\"article\" \/>\n<meta property=\"og:title\" content=\"[:en]Switch to Balch Springs No Deposit Electricity and Save Money[:es]Cambie a Balch Springs Sin Dep\u00f3sito de Electricidad y Ahorre Dinero[:] - Pronto Power\" \/>\n<meta property=\"og:description\" content=\"Switch to Pronto Power, the leading prepaid electric company in Texas, and start saving money on your monthly energy bills.\" \/>\n<meta property=\"og:url\" content=\"https:\/\/powermepronto.com\/switch-to-balch-springs-no-deposit-electricity-and-save-money\/\" \/>\n<meta property=\"og:site_name\" content=\"Pronto Power\" \/>\n<meta name=\"twitter:card\" content=\"summary_large_image\" \/>\n<meta name=\"twitter:label1\" content=\"Tiempo de lectura\" \/>\n\t<meta name=\"twitter:data1\" content=\"4 minutos\" \/>\n<script type=\"application\/ld+json\" class=\"yoast-schema-graph\">{\"@context\":\"https:\\\/\\\/schema.org\",\"@graph\":[{\"@type\":\"WebPage\",\"@id\":\"https:\\\/\\\/powermepronto.com\\\/switch-to-balch-springs-no-deposit-electricity-and-save-money\\\/\",\"url\":\"https:\\\/\\\/powermepronto.com\\\/switch-to-balch-springs-no-deposit-electricity-and-save-money\\\/\",\"name\":\"[:en]Switch to Balch Springs No Deposit Electricity and Save Money[:es]Cambie a Balch Springs Sin Dep\u00f3sito de Electricidad y Ahorre Dinero[:] - Pronto Power\",\"isPartOf\":{\"@id\":\"https:\\\/\\\/powermepronto.com\\\/en\\\/#website\"},\"datePublished\":\"2023-09-20T18:37:49+00:00\",\"description\":\"Switch to Pronto Power, the leading prepaid electric company in Texas, and start saving money on your monthly energy bills.\",\"breadcrumb\":{\"@id\":\"https:\\\/\\\/powermepronto.com\\\/switch-to-balch-springs-no-deposit-electricity-and-save-money\\\/#breadcrumb\"},\"inLanguage\":\"es\",\"potentialAction\":[{\"@type\":\"ReadAction\",\"target\":[\"https:\\\/\\\/powermepronto.com\\\/switch-to-balch-springs-no-deposit-electricity-and-save-money\\\/\"]}]},{\"@type\":\"BreadcrumbList\",\"@id\":\"https:\\\/\\\/powermepronto.com\\\/switch-to-balch-springs-no-deposit-electricity-and-save-money\\\/#breadcrumb\",\"itemListElement\":[{\"@type\":\"ListItem\",\"position\":1,\"name\":\"Home\",\"item\":\"https:\\\/\\\/powermepronto.com\\\/en\\\/\"},{\"@type\":\"ListItem\",\"position\":2,\"name\":\"Switch to Balch Springs No Deposit Electricity and Save Money\"}]},{\"@type\":\"WebSite\",\"@id\":\"https:\\\/\\\/powermepronto.com\\\/en\\\/#website\",\"url\":\"https:\\\/\\\/powermepronto.com\\\/en\\\/\",\"name\":\"Pronto Power\",\"description\":\"\",\"potentialAction\":[{\"@type\":\"SearchAction\",\"target\":{\"@type\":\"EntryPoint\",\"urlTemplate\":\"https:\\\/\\\/powermepronto.com\\\/en\\\/?s={search_term_string}\"},\"query-input\":{\"@type\":\"PropertyValueSpecification\",\"valueRequired\":true,\"valueName\":\"search_term_string\"}}],\"inLanguage\":\"es\"}]}<\/script>\n<!-- \/ Yoast SEO plugin. -->","yoast_head_json":{"title":"[:en]Switch to Balch Springs No Deposit Electricity and Save Money[:es]Cambie a Balch Springs Sin Dep\u00f3sito de Electricidad y Ahorre Dinero[:] - Pronto Power","description":"Switch to Pronto Power, the leading prepaid electric company in Texas, and start saving money on your monthly energy bills.","robots":{"index":"index","follow":"follow","max-snippet":"max-snippet:-1","max-image-preview":"max-image-preview:large","max-video-preview":"max-video-preview:-1"},"canonical":"https:\/\/powermepronto.com\/switch-to-balch-springs-no-deposit-electricity-and-save-money\/","og_locale":"es_ES","og_type":"article","og_title":"[:en]Switch to Balch Springs No Deposit Electricity and Save Money[:es]Cambie a Balch Springs Sin Dep\u00f3sito de Electricidad y Ahorre Dinero[:] - Pronto Power","og_description":"Switch to Pronto Power, the leading prepaid electric company in Texas, and start saving money on your monthly energy bills.","og_url":"https:\/\/powermepronto.com\/switch-to-balch-springs-no-deposit-electricity-and-save-money\/","og_site_name":"Pronto Power","twitter_card":"summary_large_image","twitter_misc":{"Tiempo de lectura":"4 minutos"},"schema":{"@context":"https:\/\/schema.org","@graph":[{"@type":"WebPage","@id":"https:\/\/powermepronto.com\/switch-to-balch-springs-no-deposit-electricity-and-save-money\/","url":"https:\/\/powermepronto.com\/switch-to-balch-springs-no-deposit-electricity-and-save-money\/","name":"[:en]Switch to Balch Springs No Deposit Electricity and Save Money[:es]Cambie a Balch Springs Sin Dep\u00f3sito de Electricidad y Ahorre Dinero[:] - Pronto Power","isPartOf":{"@id":"https:\/\/powermepronto.com\/en\/#website"},"datePublished":"2023-09-20T18:37:49+00:00","description":"Switch to Pronto Power, the leading prepaid electric company in Texas, and start saving money on your monthly energy bills.","breadcrumb":{"@id":"https:\/\/powermepronto.com\/switch-to-balch-springs-no-deposit-electricity-and-save-money\/#breadcrumb"},"inLanguage":"es","potentialAction":[{"@type":"ReadAction","target":["https:\/\/powermepronto.com\/switch-to-balch-springs-no-deposit-electricity-and-save-money\/"]}]},{"@type":"BreadcrumbList","@id":"https:\/\/powermepronto.com\/switch-to-balch-springs-no-deposit-electricity-and-save-money\/#breadcrumb","itemListElement":[{"@type":"ListItem","position":1,"name":"Home","item":"https:\/\/powermepronto.com\/en\/"},{"@type":"ListItem","position":2,"name":"Switch to Balch Springs No Deposit Electricity and Save Money"}]},{"@type":"WebSite","@id":"https:\/\/powermepronto.com\/en\/#website","url":"https:\/\/powermepronto.com\/en\/","name":"Pronto Power","description":"","potentialAction":[{"@type":"SearchAction","target":{"@type":"EntryPoint","urlTemplate":"https:\/\/powermepronto.com\/en\/?s={search_term_string}"},"query-input":{"@type":"PropertyValueSpecification","valueRequired":true,"valueName":"search_term_string"}}],"inLanguage":"es"}]}},"_links":{"self":[{"href":"https:\/\/powermepronto.com\/es\/wp-json\/wp\/v2\/pages\/3863","targetHints":{"allow":["GET"]}}],"collection":[{"href":"https:\/\/powermepronto.com\/es\/wp-json\/wp\/v2\/pages"}],"about":[{"href":"https:\/\/powermepronto.com\/es\/wp-json\/wp\/v2\/types\/page"}],"author":[{"embeddable":true,"href":"https:\/\/powermepronto.com\/es\/wp-json\/wp\/v2\/users\/1"}],"replies":[{"embeddable":true,"href":"https:\/\/powermepronto.com\/es\/wp-json\/wp\/v2\/comments?post=3863"}],"version-history":[{"count":1,"href":"https:\/\/powermepronto.com\/es\/wp-json\/wp\/v2\/pages\/3863\/revisions"}],"predecessor-version":[{"id":3864,"href":"https:\/\/powermepronto.com\/es\/wp-json\/wp\/v2\/pages\/3863\/revisions\/3864"}],"wp:attachment":[{"href":"https:\/\/powermepronto.com\/es\/wp-json\/wp\/v2\/media?parent=3863"}],"curies":[{"name":"wp","href":"https:\/\/api.w.org\/{rel}","templated":true}]}}