{"id":3849,"date":"2023-08-10T08:12:26","date_gmt":"2023-08-10T13:12:26","guid":{"rendered":"https:\/\/powermepronto.com\/?page_id=3849"},"modified":"2023-08-10T08:12:26","modified_gmt":"2023-08-10T13:12:26","slug":"cheaper-than-all-other-royse-city-prepaid-electric-companies","status":"publish","type":"page","link":"https:\/\/powermepronto.com\/es\/cheaper-than-all-other-royse-city-prepaid-electric-companies\/","title":{"rendered":"M\u00e1s Barato Que Todas las Dem\u00e1s Compa\u00f1\u00edas El\u00e9ctricas Prepagas de Royse City"},"content":{"rendered":"<p><span style=\"font-weight: 400;\"><\/span><\/p>\n<p>&nbsp;<\/p>\n<p><span style=\"font-weight: 400;\">\u00bfEst\u00e1 cansado de pagar de m\u00e1s por la electricidad en Royse City, Texas? Pronto Power es la respuesta: ofrecemos a los residentes de Royse City tarifas econ\u00f3micas de energ\u00eda prepaga sin dep\u00f3sito, sin verificaci\u00f3n de cr\u00e9dito y sin contrato. Tambi\u00e9n contamos con un excelente servicio al cliente, y nuestros representantes pueden ayudarlo en l\u00ednea, por tel\u00e9fono o por mensaje de texto.<\/span><\/p>\n<p>&nbsp;<\/p>\n<h2><b>\u00bfPor Qu\u00e9 Cambiar de Empresa?<\/b><\/h2>\n<p><span style=\"font-weight: 400;\">\u00bfEst\u00e1 buscando un plan de electricidad que sea confiable y rentable? Con Pronto Power, puede obtener tarifas competitivas, sin dep\u00f3sito, sin verificaci\u00f3n de cr\u00e9dito y sin contrato. Adem\u00e1s, nuestros agentes de servicio al cliente lo ayudar\u00e1n a navegar su plan de electricidad para que obtenga los mejores ahorros posibles.<\/span><\/p>\n<p>&nbsp;<\/p>\n<h2><b>Sin Dep\u00f3sito Ni Verificaci\u00f3n de Cr\u00e9dito<\/b><\/h2>\n<p><span style=\"font-weight: 400;\">Ya no tendr\u00e1s que preocuparte por pagar grandes dep\u00f3sitos o revisar tu cr\u00e9dito. En Pronto Power, no necesita una verificaci\u00f3n de cr\u00e9dito o un dep\u00f3sito para registrarse. Obtenga la energ\u00eda que necesita sin la inconveniencia de dep\u00f3sitos costosos o una verificaci\u00f3n de cr\u00e9dito. Pronto Power tampoco requiere contratos a largo plazo. Estamos seguros de que querr\u00e1 quedarse con nosotros, por lo que no lo obligaremos a cumplir un contrato.<\/span><\/p>\n<p>&nbsp;<\/p>\n<h2><b>Gran Servicio Al Cliente<\/b><\/h2>\n<p><span style=\"font-weight: 400;\">En Pronto Power, creemos en brindar a nuestros clientes el mejor servicio posible. Nuestros amigables agentes de servicio al cliente est\u00e1n disponibles para responder cualquier pregunta que pueda tener sobre su plan de electricidad. Puede comunicarse con nosotros en l\u00ednea, por tel\u00e9fono o por mensaje de texto, y nuestros representantes lo ayudar\u00e1n a configurarlo de manera r\u00e1pida y eficiente.<\/span><\/p>\n<p>&nbsp;<\/p>\n<h2><b>Tarifas Competitivas<\/b><\/h2>\n<p><span style=\"font-weight: 400;\">Con Pronto Power, puede obtener algunas de las tarifas el\u00e9ctricas m\u00e1s bajas disponibles en Royse City. Nuestras tarifas competitivas ayudan a garantizar que obtenga el mayor ahorro de costos posible.<\/span><\/p>\n<p>&nbsp;<\/p>\n<p><span style=\"font-weight: 400;\">No espere, reg\u00edstrese hoy con Pronto Power para obtener las tarifas econ\u00f3micas de energ\u00eda prepaga que se merece. No se requiere verificaci\u00f3n de cr\u00e9dito ni dep\u00f3sito, y puede disfrutar de opciones de pago flexibles. Adem\u00e1s, nuestros agentes de servicio al cliente lo ayudar\u00e1n a aprovechar al m\u00e1ximo su plan de electricidad. Si tiene alguna pregunta sobre c\u00f3mo Pronto Power puede ayudarlo a obtener el ahorro de costos que est\u00e1 buscando en su factura de electricidad, no dude en contactarnos. Siempre estamos aqu\u00ed para ayudar<\/span><\/p>","protected":false},"excerpt":{"rendered":"<p>&nbsp; \u00bfEst\u00e1 cansado de pagar de m\u00e1s por la electricidad en Royse City, Texas? Pronto Power es la respuesta: ofrecemos a los residentes de Royse City tarifas econ\u00f3micas de energ\u00eda prepaga sin dep\u00f3sito, sin verificaci\u00f3n de cr\u00e9dito y sin contrato. Tambi\u00e9n contamos con un excelente servicio al cliente, y nuestros representantes pueden ayudarlo en l\u00ednea, &hellip; <a href=\"https:\/\/powermepronto.com\/es\/cheaper-than-all-other-royse-city-prepaid-electric-companies\/\" class=\"more-link\">Continue reading <span class=\"screen-reader-text\">M\u00e1s Barato Que Todas las Dem\u00e1s Compa\u00f1\u00edas El\u00e9ctricas Prepagas de Royse City<\/span><\/a><\/p>\n","protected":false},"author":1,"featured_media":0,"parent":0,"menu_order":0,"comment_status":"closed","ping_status":"closed","template":"","meta":{"_acf_changed":false,"_glsr_average":0,"_glsr_ranking":0,"_glsr_reviews":0,"footnotes":"","_links_to":"","_links_to_target":""},"class_list":["post-3849","page","type-page","status-publish","hentry"],"acf":[],"yoast_head":"<!-- This site is optimized with the Yoast SEO plugin v27.5 - https:\/\/yoast.com\/product\/yoast-seo-wordpress\/ -->\n<title>M\u00e1s Barato Que Todas las Dem\u00e1s Compa\u00f1\u00edas El\u00e9ctricas Prepagas de Royse City - Pronto Power<\/title>\n<meta name=\"robots\" content=\"index, follow, max-snippet:-1, max-image-preview:large, max-video-preview:-1\" \/>\n<link rel=\"canonical\" href=\"https:\/\/powermepronto.com\/cheaper-than-all-other-royse-city-prepaid-electric-companies\/\" \/>\n<meta property=\"og:locale\" content=\"es_ES\" \/>\n<meta property=\"og:type\" content=\"article\" \/>\n<meta property=\"og:title\" content=\"[:en]Cheaper Than All Other Royse City Prepaid Electric Companies[:es]M\u00e1s Barato Que Todas las Dem\u00e1s Compa\u00f1\u00edas El\u00e9ctricas Prepagas de Royse City[:] - Pronto Power\" \/>\n<meta property=\"og:description\" content=\"&nbsp; \u00bfEst\u00e1 cansado de pagar de m\u00e1s por la electricidad en Royse City, Texas? Pronto Power es la respuesta: ofrecemos a los residentes de Royse City tarifas econ\u00f3micas de energ\u00eda prepaga sin dep\u00f3sito, sin verificaci\u00f3n de cr\u00e9dito y sin contrato. Tambi\u00e9n contamos con un excelente servicio al cliente, y nuestros representantes pueden ayudarlo en l\u00ednea, &hellip; Continue reading M\u00e1s Barato Que Todas las Dem\u00e1s Compa\u00f1\u00edas El\u00e9ctricas Prepagas de Royse City\" \/>\n<meta property=\"og:url\" content=\"https:\/\/powermepronto.com\/cheaper-than-all-other-royse-city-prepaid-electric-companies\/\" \/>\n<meta property=\"og:site_name\" content=\"Pronto Power\" \/>\n<meta name=\"twitter:card\" content=\"summary_large_image\" \/>\n<meta name=\"twitter:label1\" content=\"Tiempo de lectura\" \/>\n\t<meta name=\"twitter:data1\" content=\"4 minutos\" \/>\n<script type=\"application\/ld+json\" class=\"yoast-schema-graph\">{\"@context\":\"https:\\\/\\\/schema.org\",\"@graph\":[{\"@type\":\"WebPage\",\"@id\":\"https:\\\/\\\/powermepronto.com\\\/cheaper-than-all-other-royse-city-prepaid-electric-companies\\\/\",\"url\":\"https:\\\/\\\/powermepronto.com\\\/cheaper-than-all-other-royse-city-prepaid-electric-companies\\\/\",\"name\":\"[:en]Cheaper Than All Other Royse City Prepaid Electric Companies[:es]M\u00e1s Barato Que Todas las Dem\u00e1s Compa\u00f1\u00edas El\u00e9ctricas Prepagas de Royse City[:] - Pronto Power\",\"isPartOf\":{\"@id\":\"https:\\\/\\\/powermepronto.com\\\/en\\\/#website\"},\"datePublished\":\"2023-08-10T13:12:26+00:00\",\"breadcrumb\":{\"@id\":\"https:\\\/\\\/powermepronto.com\\\/cheaper-than-all-other-royse-city-prepaid-electric-companies\\\/#breadcrumb\"},\"inLanguage\":\"es\",\"potentialAction\":[{\"@type\":\"ReadAction\",\"target\":[\"https:\\\/\\\/powermepronto.com\\\/cheaper-than-all-other-royse-city-prepaid-electric-companies\\\/\"]}]},{\"@type\":\"BreadcrumbList\",\"@id\":\"https:\\\/\\\/powermepronto.com\\\/cheaper-than-all-other-royse-city-prepaid-electric-companies\\\/#breadcrumb\",\"itemListElement\":[{\"@type\":\"ListItem\",\"position\":1,\"name\":\"Home\",\"item\":\"https:\\\/\\\/powermepronto.com\\\/en\\\/\"},{\"@type\":\"ListItem\",\"position\":2,\"name\":\"Cheaper Than All Other Royse City Prepaid Electric Companies\"}]},{\"@type\":\"WebSite\",\"@id\":\"https:\\\/\\\/powermepronto.com\\\/en\\\/#website\",\"url\":\"https:\\\/\\\/powermepronto.com\\\/en\\\/\",\"name\":\"Pronto Power\",\"description\":\"\",\"potentialAction\":[{\"@type\":\"SearchAction\",\"target\":{\"@type\":\"EntryPoint\",\"urlTemplate\":\"https:\\\/\\\/powermepronto.com\\\/en\\\/?s={search_term_string}\"},\"query-input\":{\"@type\":\"PropertyValueSpecification\",\"valueRequired\":true,\"valueName\":\"search_term_string\"}}],\"inLanguage\":\"es\"}]}<\/script>\n<!-- \/ Yoast SEO plugin. -->","yoast_head_json":{"title":"[:en]Cheaper Than All Other Royse City Prepaid Electric Companies[:es]M\u00e1s Barato Que Todas las Dem\u00e1s Compa\u00f1\u00edas El\u00e9ctricas Prepagas de Royse City[:] - Pronto Power","robots":{"index":"index","follow":"follow","max-snippet":"max-snippet:-1","max-image-preview":"max-image-preview:large","max-video-preview":"max-video-preview:-1"},"canonical":"https:\/\/powermepronto.com\/cheaper-than-all-other-royse-city-prepaid-electric-companies\/","og_locale":"es_ES","og_type":"article","og_title":"[:en]Cheaper Than All Other Royse City Prepaid Electric Companies[:es]M\u00e1s Barato Que Todas las Dem\u00e1s Compa\u00f1\u00edas El\u00e9ctricas Prepagas de Royse City[:] - Pronto Power","og_description":"&nbsp; \u00bfEst\u00e1 cansado de pagar de m\u00e1s por la electricidad en Royse City, Texas? Pronto Power es la respuesta: ofrecemos a los residentes de Royse City tarifas econ\u00f3micas de energ\u00eda prepaga sin dep\u00f3sito, sin verificaci\u00f3n de cr\u00e9dito y sin contrato. Tambi\u00e9n contamos con un excelente servicio al cliente, y nuestros representantes pueden ayudarlo en l\u00ednea, &hellip; Continue reading M\u00e1s Barato Que Todas las Dem\u00e1s Compa\u00f1\u00edas El\u00e9ctricas Prepagas de Royse City","og_url":"https:\/\/powermepronto.com\/cheaper-than-all-other-royse-city-prepaid-electric-companies\/","og_site_name":"Pronto Power","twitter_card":"summary_large_image","twitter_misc":{"Tiempo de lectura":"4 minutos"},"schema":{"@context":"https:\/\/schema.org","@graph":[{"@type":"WebPage","@id":"https:\/\/powermepronto.com\/cheaper-than-all-other-royse-city-prepaid-electric-companies\/","url":"https:\/\/powermepronto.com\/cheaper-than-all-other-royse-city-prepaid-electric-companies\/","name":"[:en]Cheaper Than All Other Royse City Prepaid Electric Companies[:es]M\u00e1s Barato Que Todas las Dem\u00e1s Compa\u00f1\u00edas El\u00e9ctricas Prepagas de Royse City[:] - Pronto Power","isPartOf":{"@id":"https:\/\/powermepronto.com\/en\/#website"},"datePublished":"2023-08-10T13:12:26+00:00","breadcrumb":{"@id":"https:\/\/powermepronto.com\/cheaper-than-all-other-royse-city-prepaid-electric-companies\/#breadcrumb"},"inLanguage":"es","potentialAction":[{"@type":"ReadAction","target":["https:\/\/powermepronto.com\/cheaper-than-all-other-royse-city-prepaid-electric-companies\/"]}]},{"@type":"BreadcrumbList","@id":"https:\/\/powermepronto.com\/cheaper-than-all-other-royse-city-prepaid-electric-companies\/#breadcrumb","itemListElement":[{"@type":"ListItem","position":1,"name":"Home","item":"https:\/\/powermepronto.com\/en\/"},{"@type":"ListItem","position":2,"name":"Cheaper Than All Other Royse City Prepaid Electric Companies"}]},{"@type":"WebSite","@id":"https:\/\/powermepronto.com\/en\/#website","url":"https:\/\/powermepronto.com\/en\/","name":"Pronto Power","description":"","potentialAction":[{"@type":"SearchAction","target":{"@type":"EntryPoint","urlTemplate":"https:\/\/powermepronto.com\/en\/?s={search_term_string}"},"query-input":{"@type":"PropertyValueSpecification","valueRequired":true,"valueName":"search_term_string"}}],"inLanguage":"es"}]}},"_links":{"self":[{"href":"https:\/\/powermepronto.com\/es\/wp-json\/wp\/v2\/pages\/3849","targetHints":{"allow":["GET"]}}],"collection":[{"href":"https:\/\/powermepronto.com\/es\/wp-json\/wp\/v2\/pages"}],"about":[{"href":"https:\/\/powermepronto.com\/es\/wp-json\/wp\/v2\/types\/page"}],"author":[{"embeddable":true,"href":"https:\/\/powermepronto.com\/es\/wp-json\/wp\/v2\/users\/1"}],"replies":[{"embeddable":true,"href":"https:\/\/powermepronto.com\/es\/wp-json\/wp\/v2\/comments?post=3849"}],"version-history":[{"count":1,"href":"https:\/\/powermepronto.com\/es\/wp-json\/wp\/v2\/pages\/3849\/revisions"}],"predecessor-version":[{"id":3850,"href":"https:\/\/powermepronto.com\/es\/wp-json\/wp\/v2\/pages\/3849\/revisions\/3850"}],"wp:attachment":[{"href":"https:\/\/powermepronto.com\/es\/wp-json\/wp\/v2\/media?parent=3849"}],"curies":[{"name":"wp","href":"https:\/\/api.w.org\/{rel}","templated":true}]}}